{"id":20660,"date":"2022-06-18T13:42:15","date_gmt":"2022-06-18T13:42:15","guid":{"rendered":"https:\/\/gegokids.ee\/?post_type=product&#038;p=20660"},"modified":"2026-03-19T21:33:13","modified_gmt":"2026-03-19T18:33:13","slug":"mm-lekkimiskindel-joogitops","status":"publish","type":"product","link":"https:\/\/gegokids.ee\/en\/product\/mm-lekkimiskindel-joogitops\/","title":{"rendered":"Marcus &amp; Marcus 2-astmeline lekkimiskindel joogitops"},"content":{"rendered":"<p><span style=\"font-size: 12pt; color: #000000;\">Omadused:<\/span><\/p>\n<ul>\n<li><span style=\"font-size: 12pt; color: #000000;\">BPA\/ftalaatide vaba<\/span><\/li>\n<li><span style=\"font-size: 12pt; color: #000000;\">H\u00fcgieeniline v\u00e4ljaulatuv k\u00f5rs<\/span><\/li>\n<li><span style=\"font-size: 12pt; color: #000000;\">Pehme ja mugav k\u00f5rs<\/span><\/li>\n<li><span style=\"font-size: 12pt; color: #000000;\">Purunemiskindlast materjalist pudel<\/span><\/li>\n<li><span style=\"font-size: 12pt; color: #000000;\">Lekkimiskindel disain<\/span><\/li>\n<li><span style=\"font-size: 12pt; color: #000000;\">Libisemisvastane pind<\/span><\/li>\n<li><span style=\"font-size: 12pt; color: #000000;\">1-aste: k\u00e4epidemetega<\/span><\/li>\n<li><span style=\"font-size: 12pt; color: #000000;\">2-aste: paelaga<\/span><\/li>\n<\/ul>\n<p><span style=\"font-size: 12pt; color: #000000;\">Puhastamine ja hooldus:<\/span><\/p>\n<ul>\n<li><span style=\"font-size: 12pt; color: #000000;\">Pestav n\u00f5udepesumasinas \u00fclemisel riiulil,\u00a0<\/span><span style=\"color: #000000; font-size: 12pt;\">soovituslik on k\u00e4sipesu parima tulemuse saavutamiseks<\/span><\/li>\n<li><span style=\"font-size: 12pt; color: #000000;\">\u00c4rge peske pleegitavate pesuvahenditega<\/span><\/li>\n<li><span style=\"font-size: 12pt; color: #000000;\">\u00c4rge keetke ega steriliseerige<\/span><\/li>\n<\/ul>\n<p><span style=\"font-size: 12pt; color: #000000;\">M\u00f5\u00f5dud:<\/span><br \/>\n<span style=\"font-size: 12pt; color: #000000;\">125 x 132 x 170 mm<\/span><\/p>\n<p><span style=\"font-size: 12pt; color: #000000;\">Materjal:<\/span><br \/>\n<span style=\"font-size: 12pt; color: #000000;\">Pudel: tritan kaas, k\u00e4epide &amp; p\u00f5hi: PP<\/span><br \/>\n<span style=\"font-size: 12pt; color: #000000;\">K\u00f5rs: toidusilikoon TPR<\/span><\/p>\n<p><span style=\"font-size: 12pt; color: #000000;\">Vastupidavus temperatuurid:<\/span><br \/>\n<span style=\"font-size: 12pt; color: #000000;\">-5\u00b0C kuni 90\u00b0C<\/span><\/p>","protected":false},"excerpt":{"rendered":"<p><span style=\"font-size: 12pt; color: #000000;\">J\u00e4ta vahele k\u00f5ik vahepealsed joogitopsid ja vali koheselt &#8220;suurte laste&#8221; pudel. Marcus &amp; Marcus tugevast tritanist k\u00f5rrega joogitops aitab muuta \u00fclemineku lihtsamaks. Lihtsasti k\u00e4sitletav pudel on BPA ja ftalaatide vabast plastikust, mis on kergekaaluline ja vastupidav. Pudelil on v\u00e4lja h\u00fcppav k\u00f5rs ja sisseehitatud k\u00e4epidemed, mis muudavad v\u00e4ikestele k\u00e4tele pudeli kasutamise mugavaks. Pudelil on spetsiaalne lekkimiskindel k\u00f5rs, millele on sisseehitatud stopper ning millest tuleb vedelikku v\u00e4lja vaid k\u00f5rrest imedes ning kokku surudes. Mugav kasutamine on garanteeritud. Toode on BPA ja ftalaatide vaba!\u00a0<\/span><\/p>\n<p><span style=\"color: #000000; font-size: 12pt;\">Komplekt sisaldab kahte erinevat kasutusviisi: sangadega variant ja paelaga variant. Pudel on v\u00e4ga pika kasutusajaga ning vastupidav. <\/span><\/p>\n<p><span style=\"color: #000000; font-size: 12pt;\">PS! Siiski toode ei ole m\u00f5eldud maha viskamiseks. Maha viskamise ohu korral kasuta paelaga varianti.<\/span><\/p>\n<p><span style=\"font-size: 12pt; color: #000000;\"><strong>Tarne 3-8 t\u00f6\u00f6p\u00e4eva!<\/strong><\/span><\/p>","protected":false},"featured_media":21724,"comment_status":"closed","ping_status":"closed","template":"","meta":[],"product_brand":[455],"product_cat":[285,422],"product_tag":[446,474,457,458],"class_list":{"0":"post-20660","1":"product","2":"type-product","3":"status-publish","4":"has-post-thumbnail","6":"product_brand-marcus-marcus","7":"product_cat-koik","8":"product_cat-laste-soogikomplektid","9":"product_tag-joogipudelid","10":"product_tag-soomistarvikud","11":"product_tag-beebidele-0-1-a","12":"product_tag-vaikelastele-1-3-a","14":"first","15":"instock","16":"shipping-taxable","17":"purchasable","18":"product-type-variable"},"yoast_head":"<!-- This site is optimized with the Yoast SEO plugin v26.9 - https:\/\/yoast.com\/product\/yoast-seo-wordpress\/ -->\n<title>Marcus &amp; Marcus 2-astmeline lekkimiskindel joogitops | Gegokids<\/title>\n<meta name=\"description\" content=\"K\u00f5rrega joogipudel lastele, mis aitab \u00fcleminekul lutipudelist tassile. Marcus &amp; Marcus Tritan pudel on lekkevaba ja seda on v\u00e4ikelapsel mugav k\u00e4es hoida.\" \/>\n<meta name=\"robots\" content=\"index, follow, max-snippet:-1, max-image-preview:large, max-video-preview:-1\" \/>\n<link rel=\"canonical\" href=\"https:\/\/gegokids.ee\/en\/product\/mm-lekkimiskindel-joogitops\/\" \/>\n<meta property=\"og:locale\" content=\"en_US\" \/>\n<meta property=\"og:type\" content=\"article\" \/>\n<meta property=\"og:title\" content=\"Marcus &amp; Marcus 2-astmeline lekkimiskindel joogitops | Gegokids\" \/>\n<meta property=\"og:description\" content=\"K\u00f5rrega joogipudel lastele, mis aitab \u00fcleminekul lutipudelist tassile. Marcus &amp; Marcus Tritan pudel on lekkevaba ja seda on v\u00e4ikelapsel mugav k\u00e4es hoida.\" \/>\n<meta property=\"og:url\" content=\"https:\/\/gegokids.ee\/en\/product\/mm-lekkimiskindel-joogitops\/\" \/>\n<meta property=\"og:site_name\" content=\"Gegokids\" \/>\n<meta property=\"article:publisher\" content=\"https:\/\/www.facebook.com\/GegoKids\" \/>\n<meta property=\"article:modified_time\" content=\"2026-03-19T18:33:13+00:00\" \/>\n<meta property=\"og:image\" content=\"https:\/\/gegokids.ee\/wp-content\/uploads\/2022\/06\/MM-2-Astmeline-Lekkimiskindel-Joogitops-foto.png\" \/>\n\t<meta property=\"og:image:width\" content=\"800\" \/>\n\t<meta property=\"og:image:height\" content=\"533\" \/>\n\t<meta property=\"og:image:type\" content=\"image\/png\" \/>\n<meta name=\"twitter:card\" content=\"summary_large_image\" \/>\n<meta name=\"twitter:label1\" content=\"Est. reading time\" \/>\n\t<meta name=\"twitter:data1\" content=\"1 minute\" \/>\n<script type=\"application\/ld+json\" class=\"yoast-schema-graph\">{\"@context\":\"https:\/\/schema.org\",\"@graph\":[{\"@type\":\"WebPage\",\"@id\":\"https:\/\/gegokids.ee\/toode\/mm-lekkimiskindel-joogitops\/\",\"url\":\"https:\/\/gegokids.ee\/toode\/mm-lekkimiskindel-joogitops\/\",\"name\":\"Marcus &amp; Marcus 2-astmeline lekkimiskindel joogitops | Gegokids\",\"isPartOf\":{\"@id\":\"https:\/\/gegokids.ee\/#website\"},\"primaryImageOfPage\":{\"@id\":\"https:\/\/gegokids.ee\/toode\/mm-lekkimiskindel-joogitops\/#primaryimage\"},\"image\":{\"@id\":\"https:\/\/gegokids.ee\/toode\/mm-lekkimiskindel-joogitops\/#primaryimage\"},\"thumbnailUrl\":\"https:\/\/gegokids.ee\/wp-content\/uploads\/2022\/06\/MM-2-Astmeline-Lekkimiskindel-Joogitops-sinine.png\",\"datePublished\":\"2022-06-18T13:42:15+00:00\",\"dateModified\":\"2026-03-19T18:33:13+00:00\",\"description\":\"K\u00f5rrega joogipudel lastele, mis aitab \u00fcleminekul lutipudelist tassile. Marcus & Marcus Tritan pudel on lekkevaba ja seda on v\u00e4ikelapsel mugav k\u00e4es hoida.\",\"breadcrumb\":{\"@id\":\"https:\/\/gegokids.ee\/toode\/mm-lekkimiskindel-joogitops\/#breadcrumb\"},\"inLanguage\":\"en-US\",\"potentialAction\":[{\"@type\":\"ReadAction\",\"target\":[\"https:\/\/gegokids.ee\/toode\/mm-lekkimiskindel-joogitops\/\"]}]},{\"@type\":\"ImageObject\",\"inLanguage\":\"en-US\",\"@id\":\"https:\/\/gegokids.ee\/toode\/mm-lekkimiskindel-joogitops\/#primaryimage\",\"url\":\"https:\/\/gegokids.ee\/wp-content\/uploads\/2022\/06\/MM-2-Astmeline-Lekkimiskindel-Joogitops-sinine.png\",\"contentUrl\":\"https:\/\/gegokids.ee\/wp-content\/uploads\/2022\/06\/MM-2-Astmeline-Lekkimiskindel-Joogitops-sinine.png\",\"width\":800,\"height\":533},{\"@type\":\"BreadcrumbList\",\"@id\":\"https:\/\/gegokids.ee\/toode\/mm-lekkimiskindel-joogitops\/#breadcrumb\",\"itemListElement\":[{\"@type\":\"ListItem\",\"position\":1,\"name\":\"Home\",\"item\":\"https:\/\/gegokids.ee\/en\/\"},{\"@type\":\"ListItem\",\"position\":2,\"name\":\"E-pood\",\"item\":\"https:\/\/gegokids.ee\/e-pood\/\"},{\"@type\":\"ListItem\",\"position\":3,\"name\":\"Marcus &amp; Marcus 2-astmeline lekkimiskindel joogitops\"}]},{\"@type\":\"WebSite\",\"@id\":\"https:\/\/gegokids.ee\/#website\",\"url\":\"https:\/\/gegokids.ee\/\",\"name\":\"Gegokids\",\"description\":\"Kvaliteetsed ja turvalised laste m\u00e4nguasjad.\",\"publisher\":{\"@id\":\"https:\/\/gegokids.ee\/#organization\"},\"potentialAction\":[{\"@type\":\"SearchAction\",\"target\":{\"@type\":\"EntryPoint\",\"urlTemplate\":\"https:\/\/gegokids.ee\/?s={search_term_string}\"},\"query-input\":{\"@type\":\"PropertyValueSpecification\",\"valueRequired\":true,\"valueName\":\"search_term_string\"}}],\"inLanguage\":\"en-US\"},{\"@type\":\"Organization\",\"@id\":\"https:\/\/gegokids.ee\/#organization\",\"name\":\"Gegokids\",\"url\":\"https:\/\/gegokids.ee\/\",\"logo\":{\"@type\":\"ImageObject\",\"inLanguage\":\"en-US\",\"@id\":\"https:\/\/gegokids.ee\/#\/schema\/logo\/image\/\",\"url\":\"https:\/\/gegokids.ee\/wp-content\/uploads\/2022\/06\/logo2.png\",\"contentUrl\":\"https:\/\/gegokids.ee\/wp-content\/uploads\/2022\/06\/logo2.png\",\"width\":358,\"height\":104,\"caption\":\"Gegokids\"},\"image\":{\"@id\":\"https:\/\/gegokids.ee\/#\/schema\/logo\/image\/\"},\"sameAs\":[\"https:\/\/www.facebook.com\/GegoKids\",\"https:\/\/www.instagram.com\/gegokids.ee\/\"]}]}<\/script>\n<!-- \/ Yoast SEO plugin. -->","yoast_head_json":{"title":"Marcus &amp; Marcus 2-astmeline lekkimiskindel joogitops | Gegokids","description":"K\u00f5rrega joogipudel lastele, mis aitab \u00fcleminekul lutipudelist tassile. Marcus & Marcus Tritan pudel on lekkevaba ja seda on v\u00e4ikelapsel mugav k\u00e4es hoida.","robots":{"index":"index","follow":"follow","max-snippet":"max-snippet:-1","max-image-preview":"max-image-preview:large","max-video-preview":"max-video-preview:-1"},"canonical":"https:\/\/gegokids.ee\/en\/product\/mm-lekkimiskindel-joogitops\/","og_locale":"en_US","og_type":"article","og_title":"Marcus &amp; Marcus 2-astmeline lekkimiskindel joogitops | Gegokids","og_description":"K\u00f5rrega joogipudel lastele, mis aitab \u00fcleminekul lutipudelist tassile. Marcus & Marcus Tritan pudel on lekkevaba ja seda on v\u00e4ikelapsel mugav k\u00e4es hoida.","og_url":"https:\/\/gegokids.ee\/en\/product\/mm-lekkimiskindel-joogitops\/","og_site_name":"Gegokids","article_publisher":"https:\/\/www.facebook.com\/GegoKids","article_modified_time":"2026-03-19T18:33:13+00:00","og_image":[{"width":800,"height":533,"url":"https:\/\/gegokids.ee\/wp-content\/uploads\/2022\/06\/MM-2-Astmeline-Lekkimiskindel-Joogitops-foto.png","type":"image\/png"}],"twitter_card":"summary_large_image","twitter_misc":{"Est. reading time":"1 minute"},"schema":{"@context":"https:\/\/schema.org","@graph":[{"@type":"WebPage","@id":"https:\/\/gegokids.ee\/toode\/mm-lekkimiskindel-joogitops\/","url":"https:\/\/gegokids.ee\/toode\/mm-lekkimiskindel-joogitops\/","name":"Marcus &amp; Marcus 2-astmeline lekkimiskindel joogitops | Gegokids","isPartOf":{"@id":"https:\/\/gegokids.ee\/#website"},"primaryImageOfPage":{"@id":"https:\/\/gegokids.ee\/toode\/mm-lekkimiskindel-joogitops\/#primaryimage"},"image":{"@id":"https:\/\/gegokids.ee\/toode\/mm-lekkimiskindel-joogitops\/#primaryimage"},"thumbnailUrl":"https:\/\/gegokids.ee\/wp-content\/uploads\/2022\/06\/MM-2-Astmeline-Lekkimiskindel-Joogitops-sinine.png","datePublished":"2022-06-18T13:42:15+00:00","dateModified":"2026-03-19T18:33:13+00:00","description":"K\u00f5rrega joogipudel lastele, mis aitab \u00fcleminekul lutipudelist tassile. Marcus & Marcus Tritan pudel on lekkevaba ja seda on v\u00e4ikelapsel mugav k\u00e4es hoida.","breadcrumb":{"@id":"https:\/\/gegokids.ee\/toode\/mm-lekkimiskindel-joogitops\/#breadcrumb"},"inLanguage":"en-US","potentialAction":[{"@type":"ReadAction","target":["https:\/\/gegokids.ee\/toode\/mm-lekkimiskindel-joogitops\/"]}]},{"@type":"ImageObject","inLanguage":"en-US","@id":"https:\/\/gegokids.ee\/toode\/mm-lekkimiskindel-joogitops\/#primaryimage","url":"https:\/\/gegokids.ee\/wp-content\/uploads\/2022\/06\/MM-2-Astmeline-Lekkimiskindel-Joogitops-sinine.png","contentUrl":"https:\/\/gegokids.ee\/wp-content\/uploads\/2022\/06\/MM-2-Astmeline-Lekkimiskindel-Joogitops-sinine.png","width":800,"height":533},{"@type":"BreadcrumbList","@id":"https:\/\/gegokids.ee\/toode\/mm-lekkimiskindel-joogitops\/#breadcrumb","itemListElement":[{"@type":"ListItem","position":1,"name":"Home","item":"https:\/\/gegokids.ee\/en\/"},{"@type":"ListItem","position":2,"name":"E-pood","item":"https:\/\/gegokids.ee\/e-pood\/"},{"@type":"ListItem","position":3,"name":"Marcus &amp; Marcus 2-astmeline lekkimiskindel joogitops"}]},{"@type":"WebSite","@id":"https:\/\/gegokids.ee\/#website","url":"https:\/\/gegokids.ee\/","name":"Gegokids","description":"Kvaliteetsed ja turvalised laste m\u00e4nguasjad.","publisher":{"@id":"https:\/\/gegokids.ee\/#organization"},"potentialAction":[{"@type":"SearchAction","target":{"@type":"EntryPoint","urlTemplate":"https:\/\/gegokids.ee\/?s={search_term_string}"},"query-input":{"@type":"PropertyValueSpecification","valueRequired":true,"valueName":"search_term_string"}}],"inLanguage":"en-US"},{"@type":"Organization","@id":"https:\/\/gegokids.ee\/#organization","name":"Gegokids","url":"https:\/\/gegokids.ee\/","logo":{"@type":"ImageObject","inLanguage":"en-US","@id":"https:\/\/gegokids.ee\/#\/schema\/logo\/image\/","url":"https:\/\/gegokids.ee\/wp-content\/uploads\/2022\/06\/logo2.png","contentUrl":"https:\/\/gegokids.ee\/wp-content\/uploads\/2022\/06\/logo2.png","width":358,"height":104,"caption":"Gegokids"},"image":{"@id":"https:\/\/gegokids.ee\/#\/schema\/logo\/image\/"},"sameAs":["https:\/\/www.facebook.com\/GegoKids","https:\/\/www.instagram.com\/gegokids.ee\/"]}]}},"_links":{"self":[{"href":"https:\/\/gegokids.ee\/en\/wp-json\/wp\/v2\/product\/20660","targetHints":{"allow":["GET"]}}],"collection":[{"href":"https:\/\/gegokids.ee\/en\/wp-json\/wp\/v2\/product"}],"about":[{"href":"https:\/\/gegokids.ee\/en\/wp-json\/wp\/v2\/types\/product"}],"replies":[{"embeddable":true,"href":"https:\/\/gegokids.ee\/en\/wp-json\/wp\/v2\/comments?post=20660"}],"version-history":[{"count":5,"href":"https:\/\/gegokids.ee\/en\/wp-json\/wp\/v2\/product\/20660\/revisions"}],"predecessor-version":[{"id":29067,"href":"https:\/\/gegokids.ee\/en\/wp-json\/wp\/v2\/product\/20660\/revisions\/29067"}],"wp:featuredmedia":[{"embeddable":true,"href":"https:\/\/gegokids.ee\/en\/wp-json\/wp\/v2\/media\/21724"}],"wp:attachment":[{"href":"https:\/\/gegokids.ee\/en\/wp-json\/wp\/v2\/media?parent=20660"}],"wp:term":[{"taxonomy":"product_brand","embeddable":true,"href":"https:\/\/gegokids.ee\/en\/wp-json\/wp\/v2\/product_brand?post=20660"},{"taxonomy":"product_cat","embeddable":true,"href":"https:\/\/gegokids.ee\/en\/wp-json\/wp\/v2\/product_cat?post=20660"},{"taxonomy":"product_tag","embeddable":true,"href":"https:\/\/gegokids.ee\/en\/wp-json\/wp\/v2\/product_tag?post=20660"}],"curies":[{"name":"wp","href":"https:\/\/api.w.org\/{rel}","templated":true}]}}