{"id":20651,"date":"2022-06-18T13:42:15","date_gmt":"2022-06-18T13:42:15","guid":{"rendered":"https:\/\/gegokids.ee\/?post_type=product&#038;p=20651"},"modified":"2026-02-08T18:33:11","modified_gmt":"2026-02-08T15:33:11","slug":"mm-reisipoll","status":"publish","type":"product","link":"https:\/\/gegokids.ee\/en\/product\/mm-reisipoll\/","title":{"rendered":"Marcus &amp; Marcus reisip\u00f5ll"},"content":{"rendered":"<p><span style=\"font-size: 12pt; color: #000000;\"><strong>Omadused:<\/strong><\/span><\/p>\n<ul>\n<li><span style=\"font-size: 12pt; color: #000000;\">BPA \/ Ftalaatide vaba<\/span><\/li>\n<li><span style=\"font-size: 12pt; color: #000000;\">Toidusilikoonist valmistatud<\/span><\/li>\n<li><span style=\"font-size: 12pt; color: #000000;\">Eriti suur kogumistasku<\/span><\/li>\n<li><span style=\"font-size: 12pt; color: #000000;\">Reguleeritav kinnitus<\/span><\/li>\n<li><span style=\"font-size: 12pt; color: #000000;\">Tasku saab turvaliselt sulgeda<\/span><\/li>\n<\/ul>\n<p><span style=\"font-size: 12pt; color: #000000;\"><strong>Puhastus ja hooldus:<br \/>\n<\/strong><\/span><\/p>\n<p><span style=\"font-size: 12pt; color: #000000;\">Tasku:<\/span><\/p>\n<ul>\n<li><span style=\"font-size: 12pt; color: #000000;\">Pestav n\u00f5udepesumasinas \u00fclemisel riiulil<\/span><\/li>\n<li><span style=\"font-size: 12pt; color: #000000;\">Auruga steriliseeritav<\/span><\/li>\n<li><span style=\"font-size: 12pt; color: #000000;\">Hoiustada kuivas kohas<\/span><\/li>\n<li><span style=\"font-size: 12pt; color: #000000;\">Pesta enne ja peale igat kasutust<\/span><\/li>\n<li><span style=\"font-size: 12pt; color: #000000;\">Plekid on eemaldatavad sooja seebiveega<\/span><\/li>\n<\/ul>\n<p><span style=\"font-size: 12pt; color: #000000;\">P\u00f5ll:<\/span><\/p>\n<ul>\n<li><span style=\"font-size: 12pt; color: #000000;\">\u00c4rge j\u00e4tke otsese p\u00e4ikesevalguse k\u00e4tte<\/span><\/li>\n<\/ul>\n<p><span style=\"font-size: 12pt; color: #000000;\"><strong>M\u00f5\u00f5dud:<\/strong><\/span><br \/>\n<span style=\"font-size: 12pt; color: #000000;\">210 x 38 x 320 mm<\/span><\/p>\n<p><span style=\"font-size: 12pt; color: #000000;\"><strong>Materjal:<\/strong><\/span><br \/>\n<span style=\"font-size: 12pt; color: #000000;\">Tasku: Toidusilikoon<\/span><br \/>\n<span style=\"font-size: 12pt; color: #000000;\">P\u00f5ll: Pol\u00fcester<\/span><\/p>\n<p><span style=\"font-size: 12pt; color: #000000;\"><strong>Vastupidavus temperatuurid:<\/strong><\/span><br \/>\n<span style=\"font-size: 12pt; color: #000000;\">-20\u00b0C kuni 220\u00b0C<\/span><\/p>\n<p><span style=\"font-size: 12pt; color: #000000;\"><strong>Vanus:<\/strong><\/span><br \/>\n<span style=\"font-size: 12pt; color: #000000;\">6 kuud+<\/span><\/p>","protected":false},"excerpt":{"rendered":"<p><span style=\"font-size: 12pt; color: #000000;\">Marcus &amp; Marcus on kolmeosaline komplekt, kus on kaks vekindlat p\u00f5lle, mille k\u00fclge saab kinnitada kogumistasku. Kogumistaskut saab kasutada p\u00f5lle k\u00fcljest eemaldatuna s\u00f6\u00f6giriistade ning p\u00f5llede hoiustamiseks. Kaks \u00fches tasku on n\u00f6\u00f6pidega suletav ning pestav n\u00f5udepesumasinas. Lapsega ringi liikudes on reisip\u00f5ll asendamatuks abiliseks. Kaelus on reguleeritav vastavalt lapse vajadustele ja kaela m\u00f5\u00f5tudele. Lihtne puhastada, pehme ja tasku on piisavalt suur, et p\u00fc\u00fcda kinni kukkuv toit.\u00a0<\/span><\/p>\n<p><span style=\"font-size: 12pt; color: #000000;\"><strong>Tarne 2-5 t\u00f6\u00f6p\u00e4eva!<\/strong><\/span><\/p>","protected":false},"featured_media":21730,"comment_status":"closed","ping_status":"closed","template":"","meta":[],"product_brand":[455],"product_cat":[285,422],"product_tag":[453,474,457,458],"class_list":{"0":"post-20651","1":"product","2":"type-product","3":"status-publish","4":"has-post-thumbnail","6":"product_brand-marcus-marcus","7":"product_cat-koik","8":"product_cat-laste-soogikomplektid","9":"product_tag-soogipolled-taskuga","10":"product_tag-soomistarvikud","11":"product_tag-beebidele-0-1-a","12":"product_tag-vaikelastele-1-3-a","14":"first","15":"instock","16":"shipping-taxable","17":"purchasable","18":"product-type-variable"},"yoast_head":"<!-- This site is optimized with the Yoast SEO plugin v26.9 - https:\/\/yoast.com\/product\/yoast-seo-wordpress\/ -->\n<title>Marcus &amp; Marcus reisip\u00f5ll | Gegokids<\/title>\n<meta name=\"description\" content=\"Marcus &amp; Marcus on kolmeosaline komplekt, kus on kaks vekindlat p\u00f5lle, mille k\u00fclge saab kinnitada kogumistasku. Kogumistaskut saab kasutada p\u00f5lle k\u00fcljest eemaldatuna s\u00f6\u00f6giriistade ning p\u00f5llede hoiustamiseks. Kaks \u00fches tasku on n\u00f6\u00f6pidega suletav ning pestav n\u00f5udepesumasinas. Lapsega ringi liikudes on reisip\u00f5ll asendamatuks abiliseks. Kaelus on reguleeritav vastavalt lapse vajadustele ja kaela m\u00f5\u00f5tudele. Lihtne puhastada, pehme ja tasku on piisavalt suur, et p\u00fc\u00fcda kinni kukkuv toit.\u00a0\" \/>\n<meta name=\"robots\" content=\"index, follow, max-snippet:-1, max-image-preview:large, max-video-preview:-1\" \/>\n<link rel=\"canonical\" href=\"https:\/\/gegokids.ee\/en\/product\/mm-reisipoll\/\" \/>\n<meta property=\"og:locale\" content=\"en_US\" \/>\n<meta property=\"og:type\" content=\"article\" \/>\n<meta property=\"og:title\" content=\"Marcus &amp; Marcus reisip\u00f5ll | Gegokids\" \/>\n<meta property=\"og:description\" content=\"Marcus &amp; Marcus on kolmeosaline komplekt, kus on kaks vekindlat p\u00f5lle, mille k\u00fclge saab kinnitada kogumistasku. Kogumistaskut saab kasutada p\u00f5lle k\u00fcljest eemaldatuna s\u00f6\u00f6giriistade ning p\u00f5llede hoiustamiseks. Kaks \u00fches tasku on n\u00f6\u00f6pidega suletav ning pestav n\u00f5udepesumasinas. Lapsega ringi liikudes on reisip\u00f5ll asendamatuks abiliseks. Kaelus on reguleeritav vastavalt lapse vajadustele ja kaela m\u00f5\u00f5tudele. Lihtne puhastada, pehme ja tasku on piisavalt suur, et p\u00fc\u00fcda kinni kukkuv toit.\u00a0\" \/>\n<meta property=\"og:url\" content=\"https:\/\/gegokids.ee\/en\/product\/mm-reisipoll\/\" \/>\n<meta property=\"og:site_name\" content=\"Gegokids\" \/>\n<meta property=\"article:publisher\" content=\"https:\/\/www.facebook.com\/GegoKids\" \/>\n<meta property=\"article:modified_time\" content=\"2026-02-08T15:33:11+00:00\" \/>\n<meta property=\"og:image\" content=\"https:\/\/gegokids.ee\/wp-content\/uploads\/2022\/06\/MM-Reisipoll-Roosa-1.png\" \/>\n\t<meta property=\"og:image:width\" content=\"800\" \/>\n\t<meta property=\"og:image:height\" content=\"533\" \/>\n\t<meta property=\"og:image:type\" content=\"image\/png\" \/>\n<meta name=\"twitter:card\" content=\"summary_large_image\" \/>\n<meta name=\"twitter:label1\" content=\"Est. reading time\" \/>\n\t<meta name=\"twitter:data1\" content=\"1 minute\" \/>\n<script type=\"application\/ld+json\" class=\"yoast-schema-graph\">{\"@context\":\"https:\/\/schema.org\",\"@graph\":[{\"@type\":\"WebPage\",\"@id\":\"https:\/\/gegokids.ee\/toode\/mm-reisipoll\/\",\"url\":\"https:\/\/gegokids.ee\/toode\/mm-reisipoll\/\",\"name\":\"Marcus &amp; Marcus reisip\u00f5ll | Gegokids\",\"isPartOf\":{\"@id\":\"https:\/\/gegokids.ee\/#website\"},\"primaryImageOfPage\":{\"@id\":\"https:\/\/gegokids.ee\/toode\/mm-reisipoll\/#primaryimage\"},\"image\":{\"@id\":\"https:\/\/gegokids.ee\/toode\/mm-reisipoll\/#primaryimage\"},\"thumbnailUrl\":\"https:\/\/gegokids.ee\/wp-content\/uploads\/2022\/06\/MM-Reisipoll-Roosa-1.png\",\"datePublished\":\"2022-06-18T13:42:15+00:00\",\"dateModified\":\"2026-02-08T15:33:11+00:00\",\"description\":\"Marcus & Marcus on kolmeosaline komplekt, kus on kaks vekindlat p\u00f5lle, mille k\u00fclge saab kinnitada kogumistasku. Kogumistaskut saab kasutada p\u00f5lle k\u00fcljest eemaldatuna s\u00f6\u00f6giriistade ning p\u00f5llede hoiustamiseks. Kaks \u00fches tasku on n\u00f6\u00f6pidega suletav ning pestav n\u00f5udepesumasinas. Lapsega ringi liikudes on reisip\u00f5ll asendamatuks abiliseks. Kaelus on reguleeritav vastavalt lapse vajadustele ja kaela m\u00f5\u00f5tudele. Lihtne puhastada, pehme ja tasku on piisavalt suur, et p\u00fc\u00fcda kinni kukkuv toit.\u00a0\",\"breadcrumb\":{\"@id\":\"https:\/\/gegokids.ee\/toode\/mm-reisipoll\/#breadcrumb\"},\"inLanguage\":\"en-US\",\"potentialAction\":[{\"@type\":\"ReadAction\",\"target\":[\"https:\/\/gegokids.ee\/toode\/mm-reisipoll\/\"]}]},{\"@type\":\"ImageObject\",\"inLanguage\":\"en-US\",\"@id\":\"https:\/\/gegokids.ee\/toode\/mm-reisipoll\/#primaryimage\",\"url\":\"https:\/\/gegokids.ee\/wp-content\/uploads\/2022\/06\/MM-Reisipoll-Roosa-1.png\",\"contentUrl\":\"https:\/\/gegokids.ee\/wp-content\/uploads\/2022\/06\/MM-Reisipoll-Roosa-1.png\",\"width\":800,\"height\":533},{\"@type\":\"BreadcrumbList\",\"@id\":\"https:\/\/gegokids.ee\/toode\/mm-reisipoll\/#breadcrumb\",\"itemListElement\":[{\"@type\":\"ListItem\",\"position\":1,\"name\":\"Home\",\"item\":\"https:\/\/gegokids.ee\/en\/\"},{\"@type\":\"ListItem\",\"position\":2,\"name\":\"E-pood\",\"item\":\"https:\/\/gegokids.ee\/e-pood\/\"},{\"@type\":\"ListItem\",\"position\":3,\"name\":\"Marcus &amp; Marcus reisip\u00f5ll\"}]},{\"@type\":\"WebSite\",\"@id\":\"https:\/\/gegokids.ee\/#website\",\"url\":\"https:\/\/gegokids.ee\/\",\"name\":\"Gegokids\",\"description\":\"Kvaliteetsed ja turvalised laste m\u00e4nguasjad.\",\"publisher\":{\"@id\":\"https:\/\/gegokids.ee\/#organization\"},\"potentialAction\":[{\"@type\":\"SearchAction\",\"target\":{\"@type\":\"EntryPoint\",\"urlTemplate\":\"https:\/\/gegokids.ee\/?s={search_term_string}\"},\"query-input\":{\"@type\":\"PropertyValueSpecification\",\"valueRequired\":true,\"valueName\":\"search_term_string\"}}],\"inLanguage\":\"en-US\"},{\"@type\":\"Organization\",\"@id\":\"https:\/\/gegokids.ee\/#organization\",\"name\":\"Gegokids\",\"url\":\"https:\/\/gegokids.ee\/\",\"logo\":{\"@type\":\"ImageObject\",\"inLanguage\":\"en-US\",\"@id\":\"https:\/\/gegokids.ee\/#\/schema\/logo\/image\/\",\"url\":\"https:\/\/gegokids.ee\/wp-content\/uploads\/2022\/06\/logo2.png\",\"contentUrl\":\"https:\/\/gegokids.ee\/wp-content\/uploads\/2022\/06\/logo2.png\",\"width\":358,\"height\":104,\"caption\":\"Gegokids\"},\"image\":{\"@id\":\"https:\/\/gegokids.ee\/#\/schema\/logo\/image\/\"},\"sameAs\":[\"https:\/\/www.facebook.com\/GegoKids\",\"https:\/\/www.instagram.com\/gegokids.ee\/\"]}]}<\/script>\n<!-- \/ Yoast SEO plugin. -->","yoast_head_json":{"title":"Marcus &amp; Marcus reisip\u00f5ll | Gegokids","description":"Marcus & Marcus on kolmeosaline komplekt, kus on kaks vekindlat p\u00f5lle, mille k\u00fclge saab kinnitada kogumistasku. Kogumistaskut saab kasutada p\u00f5lle k\u00fcljest eemaldatuna s\u00f6\u00f6giriistade ning p\u00f5llede hoiustamiseks. Kaks \u00fches tasku on n\u00f6\u00f6pidega suletav ning pestav n\u00f5udepesumasinas. Lapsega ringi liikudes on reisip\u00f5ll asendamatuks abiliseks. Kaelus on reguleeritav vastavalt lapse vajadustele ja kaela m\u00f5\u00f5tudele. Lihtne puhastada, pehme ja tasku on piisavalt suur, et p\u00fc\u00fcda kinni kukkuv toit.\u00a0","robots":{"index":"index","follow":"follow","max-snippet":"max-snippet:-1","max-image-preview":"max-image-preview:large","max-video-preview":"max-video-preview:-1"},"canonical":"https:\/\/gegokids.ee\/en\/product\/mm-reisipoll\/","og_locale":"en_US","og_type":"article","og_title":"Marcus &amp; Marcus reisip\u00f5ll | Gegokids","og_description":"Marcus & Marcus on kolmeosaline komplekt, kus on kaks vekindlat p\u00f5lle, mille k\u00fclge saab kinnitada kogumistasku. Kogumistaskut saab kasutada p\u00f5lle k\u00fcljest eemaldatuna s\u00f6\u00f6giriistade ning p\u00f5llede hoiustamiseks. Kaks \u00fches tasku on n\u00f6\u00f6pidega suletav ning pestav n\u00f5udepesumasinas. Lapsega ringi liikudes on reisip\u00f5ll asendamatuks abiliseks. Kaelus on reguleeritav vastavalt lapse vajadustele ja kaela m\u00f5\u00f5tudele. Lihtne puhastada, pehme ja tasku on piisavalt suur, et p\u00fc\u00fcda kinni kukkuv toit.\u00a0","og_url":"https:\/\/gegokids.ee\/en\/product\/mm-reisipoll\/","og_site_name":"Gegokids","article_publisher":"https:\/\/www.facebook.com\/GegoKids","article_modified_time":"2026-02-08T15:33:11+00:00","og_image":[{"width":800,"height":533,"url":"https:\/\/gegokids.ee\/wp-content\/uploads\/2022\/06\/MM-Reisipoll-Roosa-1.png","type":"image\/png"}],"twitter_card":"summary_large_image","twitter_misc":{"Est. reading time":"1 minute"},"schema":{"@context":"https:\/\/schema.org","@graph":[{"@type":"WebPage","@id":"https:\/\/gegokids.ee\/toode\/mm-reisipoll\/","url":"https:\/\/gegokids.ee\/toode\/mm-reisipoll\/","name":"Marcus &amp; Marcus reisip\u00f5ll | Gegokids","isPartOf":{"@id":"https:\/\/gegokids.ee\/#website"},"primaryImageOfPage":{"@id":"https:\/\/gegokids.ee\/toode\/mm-reisipoll\/#primaryimage"},"image":{"@id":"https:\/\/gegokids.ee\/toode\/mm-reisipoll\/#primaryimage"},"thumbnailUrl":"https:\/\/gegokids.ee\/wp-content\/uploads\/2022\/06\/MM-Reisipoll-Roosa-1.png","datePublished":"2022-06-18T13:42:15+00:00","dateModified":"2026-02-08T15:33:11+00:00","description":"Marcus & Marcus on kolmeosaline komplekt, kus on kaks vekindlat p\u00f5lle, mille k\u00fclge saab kinnitada kogumistasku. Kogumistaskut saab kasutada p\u00f5lle k\u00fcljest eemaldatuna s\u00f6\u00f6giriistade ning p\u00f5llede hoiustamiseks. Kaks \u00fches tasku on n\u00f6\u00f6pidega suletav ning pestav n\u00f5udepesumasinas. Lapsega ringi liikudes on reisip\u00f5ll asendamatuks abiliseks. Kaelus on reguleeritav vastavalt lapse vajadustele ja kaela m\u00f5\u00f5tudele. Lihtne puhastada, pehme ja tasku on piisavalt suur, et p\u00fc\u00fcda kinni kukkuv toit.\u00a0","breadcrumb":{"@id":"https:\/\/gegokids.ee\/toode\/mm-reisipoll\/#breadcrumb"},"inLanguage":"en-US","potentialAction":[{"@type":"ReadAction","target":["https:\/\/gegokids.ee\/toode\/mm-reisipoll\/"]}]},{"@type":"ImageObject","inLanguage":"en-US","@id":"https:\/\/gegokids.ee\/toode\/mm-reisipoll\/#primaryimage","url":"https:\/\/gegokids.ee\/wp-content\/uploads\/2022\/06\/MM-Reisipoll-Roosa-1.png","contentUrl":"https:\/\/gegokids.ee\/wp-content\/uploads\/2022\/06\/MM-Reisipoll-Roosa-1.png","width":800,"height":533},{"@type":"BreadcrumbList","@id":"https:\/\/gegokids.ee\/toode\/mm-reisipoll\/#breadcrumb","itemListElement":[{"@type":"ListItem","position":1,"name":"Home","item":"https:\/\/gegokids.ee\/en\/"},{"@type":"ListItem","position":2,"name":"E-pood","item":"https:\/\/gegokids.ee\/e-pood\/"},{"@type":"ListItem","position":3,"name":"Marcus &amp; Marcus reisip\u00f5ll"}]},{"@type":"WebSite","@id":"https:\/\/gegokids.ee\/#website","url":"https:\/\/gegokids.ee\/","name":"Gegokids","description":"Kvaliteetsed ja turvalised laste m\u00e4nguasjad.","publisher":{"@id":"https:\/\/gegokids.ee\/#organization"},"potentialAction":[{"@type":"SearchAction","target":{"@type":"EntryPoint","urlTemplate":"https:\/\/gegokids.ee\/?s={search_term_string}"},"query-input":{"@type":"PropertyValueSpecification","valueRequired":true,"valueName":"search_term_string"}}],"inLanguage":"en-US"},{"@type":"Organization","@id":"https:\/\/gegokids.ee\/#organization","name":"Gegokids","url":"https:\/\/gegokids.ee\/","logo":{"@type":"ImageObject","inLanguage":"en-US","@id":"https:\/\/gegokids.ee\/#\/schema\/logo\/image\/","url":"https:\/\/gegokids.ee\/wp-content\/uploads\/2022\/06\/logo2.png","contentUrl":"https:\/\/gegokids.ee\/wp-content\/uploads\/2022\/06\/logo2.png","width":358,"height":104,"caption":"Gegokids"},"image":{"@id":"https:\/\/gegokids.ee\/#\/schema\/logo\/image\/"},"sameAs":["https:\/\/www.facebook.com\/GegoKids","https:\/\/www.instagram.com\/gegokids.ee\/"]}]}},"_links":{"self":[{"href":"https:\/\/gegokids.ee\/en\/wp-json\/wp\/v2\/product\/20651","targetHints":{"allow":["GET"]}}],"collection":[{"href":"https:\/\/gegokids.ee\/en\/wp-json\/wp\/v2\/product"}],"about":[{"href":"https:\/\/gegokids.ee\/en\/wp-json\/wp\/v2\/types\/product"}],"replies":[{"embeddable":true,"href":"https:\/\/gegokids.ee\/en\/wp-json\/wp\/v2\/comments?post=20651"}],"version-history":[{"count":5,"href":"https:\/\/gegokids.ee\/en\/wp-json\/wp\/v2\/product\/20651\/revisions"}],"predecessor-version":[{"id":28821,"href":"https:\/\/gegokids.ee\/en\/wp-json\/wp\/v2\/product\/20651\/revisions\/28821"}],"wp:featuredmedia":[{"embeddable":true,"href":"https:\/\/gegokids.ee\/en\/wp-json\/wp\/v2\/media\/21730"}],"wp:attachment":[{"href":"https:\/\/gegokids.ee\/en\/wp-json\/wp\/v2\/media?parent=20651"}],"wp:term":[{"taxonomy":"product_brand","embeddable":true,"href":"https:\/\/gegokids.ee\/en\/wp-json\/wp\/v2\/product_brand?post=20651"},{"taxonomy":"product_cat","embeddable":true,"href":"https:\/\/gegokids.ee\/en\/wp-json\/wp\/v2\/product_cat?post=20651"},{"taxonomy":"product_tag","embeddable":true,"href":"https:\/\/gegokids.ee\/en\/wp-json\/wp\/v2\/product_tag?post=20651"}],"curies":[{"name":"wp","href":"https:\/\/api.w.org\/{rel}","templated":true}]}}