{"id":20620,"date":"2022-06-18T13:41:55","date_gmt":"2022-06-18T13:41:55","guid":{"rendered":"https:\/\/gegokids.ee\/?post_type=product&#038;p=20620"},"modified":"2026-02-16T11:51:23","modified_gmt":"2026-02-16T08:51:23","slug":"mm-soogiriistade-komplekt","status":"publish","type":"product","link":"https:\/\/gegokids.ee\/en\/product\/mm-soogiriistade-komplekt\/","title":{"rendered":"Marcus &amp; Marcus s\u00f6\u00f6giriistade komplekt"},"content":{"rendered":"<p><span style=\"font-size: 12pt; color: #000000;\"><strong>Omadused:<\/strong><\/span><\/p>\n<ul>\n<li><span style=\"font-size: 12pt; color: #000000;\">BPA\/ftalaatide vaba<\/span><\/li>\n<li><span style=\"font-size: 12pt; color: #000000;\">Teravate \u00e4\u00e4rteta<\/span><\/li>\n<li><span style=\"font-size: 12pt; color: #000000;\">Ambidextrous design<\/span><\/li>\n<li><span style=\"font-size: 12pt; color: #000000;\">Silikoonist k\u00e4epide on libisemisvastane<\/span><\/li>\n<li><span style=\"font-size: 12pt; color: #000000;\">Julgustab iseseisvalt s\u00f6\u00f6ma<\/span><\/li>\n<\/ul>\n<p><span style=\"font-size: 12pt; color: #000000;\"><strong>Puhastamine ja hooldus:<\/strong><\/span><\/p>\n<ul>\n<li><span style=\"font-size: 12pt; color: #000000;\">Pestavad n\u00f5udepesumasinas AINULT \u00fclemisel riiulil<\/span><\/li>\n<li><span style=\"font-size: 12pt; color: #000000;\">Aurutamiseks sobiv<\/span><\/li>\n<li><span style=\"font-size: 12pt; color: #000000;\">Ei sobi kasutamiseks mikrouunis<\/span><\/li>\n<\/ul>\n<p><span style=\"font-family: georgia, palatino, serif; font-size: 12pt; color: #000000;\"><strong>M\u00f5\u00f5dud:<\/strong><br \/>\nKahvel: 15,7 x 1,4 x 3,2 cm<\/span><\/p>\n<p><span style=\"font-family: georgia, palatino, serif; font-size: 12pt; color: #000000;\">Lusikas: 15,5 x 1,4 x 3,2 cm\u00a0<\/span><\/p>\n<p><span style=\"color: #000000; font-size: 12pt;\">Nuga:\u00a015.8 x 1.2 x 2.8 cm\u00a0<\/span><\/p>\n<p><span style=\"font-family: georgia, palatino, serif; font-size: 12pt; color: #000000;\"><strong>Materjal:<\/strong><\/span><\/p>\n<p><span style=\"font-family: georgia, palatino, serif; font-size: 12pt; color: #000000;\">Kemikaalide vaba toidusilikoon ja roostevaba teras<\/span><\/p>","protected":false},"excerpt":{"rendered":"<p><span style=\"font-family: georgia, palatino, serif; font-size: 12pt; color: #000000;\">Marcus &amp; Marcus s\u00f6\u00f6giriistad on perioodiks mil v\u00e4ikesed lapsed tahavad s\u00fc\u00fca nagu t\u00e4iskasvanud, aga ei m\u00f5ista veel s\u00f6\u00f6giriistade teravust. V\u00e4ikesem\u00f5\u00f5dulised ja kergesti kasutavad s\u00f6\u00f6giriistad on disainitud spetsiaalselt v\u00e4ikelaste jaoks. Sobivad kasutamiseks nii parema- kui vasakuk\u00e4elistele. Otsikud on n\u00e4rimiskindlad, seega sobivad ka igemete s\u00fcgamiseks. Nuga on piisavalt terav, et l\u00f5igata toitu, kuid samas n\u00fcri, et mitte vigastada last.<\/span><\/p>\n<p><span style=\"font-family: georgia, palatino, serif; font-size: 12pt; color: #000000;\"><strong>Tarne 3-8 t\u00f6\u00f6p\u00e4eva!<\/strong><\/span><\/p>","protected":false},"featured_media":21736,"comment_status":"closed","ping_status":"closed","template":"","meta":[],"product_brand":[455],"product_cat":[285,422],"product_tag":[474,458,459],"class_list":{"0":"post-20620","1":"product","2":"type-product","3":"status-publish","4":"has-post-thumbnail","6":"product_brand-marcus-marcus","7":"product_cat-koik","8":"product_cat-laste-soogikomplektid","9":"product_tag-soomistarvikud","10":"product_tag-vaikelastele-1-3-a","11":"product_tag-koolieelikutele-3","13":"first","14":"instock","15":"shipping-taxable","16":"purchasable","17":"product-type-variable"},"yoast_head":"<!-- This site is optimized with the Yoast SEO plugin v26.9 - https:\/\/yoast.com\/product\/yoast-seo-wordpress\/ -->\n<title>Marcus &amp; Marcus s\u00f6\u00f6giriistade komplekt | Gegokids<\/title>\n<meta name=\"description\" content=\"Marcus &amp; Marcus s\u00f6\u00f6giriistad on perioodiks mil v\u00e4ikesed lapsed tahavad s\u00fc\u00fca nagu t\u00e4iskasvanud, aga ei m\u00f5ista veel s\u00f6\u00f6giriistade teravust. V\u00e4ikesem\u00f5\u00f5dulised ja kergesti kasutavad s\u00f6\u00f6giriistad on disainitud spetsiaalselt v\u00e4ikelaste jaoks. Sobivad kasutamiseks nii parema- kui vasakuk\u00e4elistele. Otsikud on n\u00e4rimiskindlad, seega sobivad ka igemete s\u00fcgamiseks. Nuga on piisavalt terav, et l\u00f5igata toitu, kuid samas n\u00fcri, et mitte vigastada last.\" \/>\n<meta name=\"robots\" content=\"index, follow, max-snippet:-1, max-image-preview:large, max-video-preview:-1\" \/>\n<link rel=\"canonical\" href=\"https:\/\/gegokids.ee\/en\/product\/mm-soogiriistade-komplekt\/\" \/>\n<meta property=\"og:locale\" content=\"en_US\" \/>\n<meta property=\"og:type\" content=\"article\" \/>\n<meta property=\"og:title\" content=\"Marcus &amp; Marcus s\u00f6\u00f6giriistade komplekt | Gegokids\" \/>\n<meta property=\"og:description\" content=\"Marcus &amp; Marcus s\u00f6\u00f6giriistad on perioodiks mil v\u00e4ikesed lapsed tahavad s\u00fc\u00fca nagu t\u00e4iskasvanud, aga ei m\u00f5ista veel s\u00f6\u00f6giriistade teravust. V\u00e4ikesem\u00f5\u00f5dulised ja kergesti kasutavad s\u00f6\u00f6giriistad on disainitud spetsiaalselt v\u00e4ikelaste jaoks. Sobivad kasutamiseks nii parema- kui vasakuk\u00e4elistele. Otsikud on n\u00e4rimiskindlad, seega sobivad ka igemete s\u00fcgamiseks. Nuga on piisavalt terav, et l\u00f5igata toitu, kuid samas n\u00fcri, et mitte vigastada last.\" \/>\n<meta property=\"og:url\" content=\"https:\/\/gegokids.ee\/en\/product\/mm-soogiriistade-komplekt\/\" \/>\n<meta property=\"og:site_name\" content=\"Gegokids\" \/>\n<meta property=\"article:publisher\" content=\"https:\/\/www.facebook.com\/GegoKids\" \/>\n<meta property=\"article:modified_time\" content=\"2026-02-16T08:51:23+00:00\" \/>\n<meta property=\"og:image\" content=\"https:\/\/gegokids.ee\/wp-content\/uploads\/2022\/06\/MM-Soogiriistade-Komplekt-Sinine.png\" \/>\n\t<meta property=\"og:image:width\" content=\"800\" \/>\n\t<meta property=\"og:image:height\" content=\"533\" \/>\n\t<meta property=\"og:image:type\" content=\"image\/png\" \/>\n<meta name=\"twitter:card\" content=\"summary_large_image\" \/>\n<meta name=\"twitter:label1\" content=\"Est. reading time\" \/>\n\t<meta name=\"twitter:data1\" content=\"1 minute\" \/>\n<script type=\"application\/ld+json\" class=\"yoast-schema-graph\">{\"@context\":\"https:\/\/schema.org\",\"@graph\":[{\"@type\":\"WebPage\",\"@id\":\"https:\/\/gegokids.ee\/toode\/mm-soogiriistade-komplekt\/\",\"url\":\"https:\/\/gegokids.ee\/toode\/mm-soogiriistade-komplekt\/\",\"name\":\"Marcus &amp; Marcus s\u00f6\u00f6giriistade komplekt | Gegokids\",\"isPartOf\":{\"@id\":\"https:\/\/gegokids.ee\/#website\"},\"primaryImageOfPage\":{\"@id\":\"https:\/\/gegokids.ee\/toode\/mm-soogiriistade-komplekt\/#primaryimage\"},\"image\":{\"@id\":\"https:\/\/gegokids.ee\/toode\/mm-soogiriistade-komplekt\/#primaryimage\"},\"thumbnailUrl\":\"https:\/\/gegokids.ee\/wp-content\/uploads\/2022\/06\/MM-Soogiriistade-Komplekt-Sinine.png\",\"datePublished\":\"2022-06-18T13:41:55+00:00\",\"dateModified\":\"2026-02-16T08:51:23+00:00\",\"description\":\"Marcus & Marcus s\u00f6\u00f6giriistad on perioodiks mil v\u00e4ikesed lapsed tahavad s\u00fc\u00fca nagu t\u00e4iskasvanud, aga ei m\u00f5ista veel s\u00f6\u00f6giriistade teravust. V\u00e4ikesem\u00f5\u00f5dulised ja kergesti kasutavad s\u00f6\u00f6giriistad on disainitud spetsiaalselt v\u00e4ikelaste jaoks. Sobivad kasutamiseks nii parema- kui vasakuk\u00e4elistele. Otsikud on n\u00e4rimiskindlad, seega sobivad ka igemete s\u00fcgamiseks. Nuga on piisavalt terav, et l\u00f5igata toitu, kuid samas n\u00fcri, et mitte vigastada last.\",\"breadcrumb\":{\"@id\":\"https:\/\/gegokids.ee\/toode\/mm-soogiriistade-komplekt\/#breadcrumb\"},\"inLanguage\":\"en-US\",\"potentialAction\":[{\"@type\":\"ReadAction\",\"target\":[\"https:\/\/gegokids.ee\/toode\/mm-soogiriistade-komplekt\/\"]}]},{\"@type\":\"ImageObject\",\"inLanguage\":\"en-US\",\"@id\":\"https:\/\/gegokids.ee\/toode\/mm-soogiriistade-komplekt\/#primaryimage\",\"url\":\"https:\/\/gegokids.ee\/wp-content\/uploads\/2022\/06\/MM-Soogiriistade-Komplekt-Sinine.png\",\"contentUrl\":\"https:\/\/gegokids.ee\/wp-content\/uploads\/2022\/06\/MM-Soogiriistade-Komplekt-Sinine.png\",\"width\":800,\"height\":533},{\"@type\":\"BreadcrumbList\",\"@id\":\"https:\/\/gegokids.ee\/toode\/mm-soogiriistade-komplekt\/#breadcrumb\",\"itemListElement\":[{\"@type\":\"ListItem\",\"position\":1,\"name\":\"Home\",\"item\":\"https:\/\/gegokids.ee\/en\/\"},{\"@type\":\"ListItem\",\"position\":2,\"name\":\"E-pood\",\"item\":\"https:\/\/gegokids.ee\/e-pood\/\"},{\"@type\":\"ListItem\",\"position\":3,\"name\":\"Marcus &amp; Marcus s\u00f6\u00f6giriistade komplekt\"}]},{\"@type\":\"WebSite\",\"@id\":\"https:\/\/gegokids.ee\/#website\",\"url\":\"https:\/\/gegokids.ee\/\",\"name\":\"Gegokids\",\"description\":\"Kvaliteetsed ja turvalised laste m\u00e4nguasjad.\",\"publisher\":{\"@id\":\"https:\/\/gegokids.ee\/#organization\"},\"potentialAction\":[{\"@type\":\"SearchAction\",\"target\":{\"@type\":\"EntryPoint\",\"urlTemplate\":\"https:\/\/gegokids.ee\/?s={search_term_string}\"},\"query-input\":{\"@type\":\"PropertyValueSpecification\",\"valueRequired\":true,\"valueName\":\"search_term_string\"}}],\"inLanguage\":\"en-US\"},{\"@type\":\"Organization\",\"@id\":\"https:\/\/gegokids.ee\/#organization\",\"name\":\"Gegokids\",\"url\":\"https:\/\/gegokids.ee\/\",\"logo\":{\"@type\":\"ImageObject\",\"inLanguage\":\"en-US\",\"@id\":\"https:\/\/gegokids.ee\/#\/schema\/logo\/image\/\",\"url\":\"https:\/\/gegokids.ee\/wp-content\/uploads\/2022\/06\/logo2.png\",\"contentUrl\":\"https:\/\/gegokids.ee\/wp-content\/uploads\/2022\/06\/logo2.png\",\"width\":358,\"height\":104,\"caption\":\"Gegokids\"},\"image\":{\"@id\":\"https:\/\/gegokids.ee\/#\/schema\/logo\/image\/\"},\"sameAs\":[\"https:\/\/www.facebook.com\/GegoKids\",\"https:\/\/www.instagram.com\/gegokids.ee\/\"]}]}<\/script>\n<!-- \/ Yoast SEO plugin. -->","yoast_head_json":{"title":"Marcus &amp; Marcus s\u00f6\u00f6giriistade komplekt | Gegokids","description":"Marcus & Marcus s\u00f6\u00f6giriistad on perioodiks mil v\u00e4ikesed lapsed tahavad s\u00fc\u00fca nagu t\u00e4iskasvanud, aga ei m\u00f5ista veel s\u00f6\u00f6giriistade teravust. V\u00e4ikesem\u00f5\u00f5dulised ja kergesti kasutavad s\u00f6\u00f6giriistad on disainitud spetsiaalselt v\u00e4ikelaste jaoks. Sobivad kasutamiseks nii parema- kui vasakuk\u00e4elistele. Otsikud on n\u00e4rimiskindlad, seega sobivad ka igemete s\u00fcgamiseks. Nuga on piisavalt terav, et l\u00f5igata toitu, kuid samas n\u00fcri, et mitte vigastada last.","robots":{"index":"index","follow":"follow","max-snippet":"max-snippet:-1","max-image-preview":"max-image-preview:large","max-video-preview":"max-video-preview:-1"},"canonical":"https:\/\/gegokids.ee\/en\/product\/mm-soogiriistade-komplekt\/","og_locale":"en_US","og_type":"article","og_title":"Marcus &amp; Marcus s\u00f6\u00f6giriistade komplekt | Gegokids","og_description":"Marcus & Marcus s\u00f6\u00f6giriistad on perioodiks mil v\u00e4ikesed lapsed tahavad s\u00fc\u00fca nagu t\u00e4iskasvanud, aga ei m\u00f5ista veel s\u00f6\u00f6giriistade teravust. V\u00e4ikesem\u00f5\u00f5dulised ja kergesti kasutavad s\u00f6\u00f6giriistad on disainitud spetsiaalselt v\u00e4ikelaste jaoks. Sobivad kasutamiseks nii parema- kui vasakuk\u00e4elistele. Otsikud on n\u00e4rimiskindlad, seega sobivad ka igemete s\u00fcgamiseks. Nuga on piisavalt terav, et l\u00f5igata toitu, kuid samas n\u00fcri, et mitte vigastada last.","og_url":"https:\/\/gegokids.ee\/en\/product\/mm-soogiriistade-komplekt\/","og_site_name":"Gegokids","article_publisher":"https:\/\/www.facebook.com\/GegoKids","article_modified_time":"2026-02-16T08:51:23+00:00","og_image":[{"width":800,"height":533,"url":"https:\/\/gegokids.ee\/wp-content\/uploads\/2022\/06\/MM-Soogiriistade-Komplekt-Sinine.png","type":"image\/png"}],"twitter_card":"summary_large_image","twitter_misc":{"Est. reading time":"1 minute"},"schema":{"@context":"https:\/\/schema.org","@graph":[{"@type":"WebPage","@id":"https:\/\/gegokids.ee\/toode\/mm-soogiriistade-komplekt\/","url":"https:\/\/gegokids.ee\/toode\/mm-soogiriistade-komplekt\/","name":"Marcus &amp; Marcus s\u00f6\u00f6giriistade komplekt | Gegokids","isPartOf":{"@id":"https:\/\/gegokids.ee\/#website"},"primaryImageOfPage":{"@id":"https:\/\/gegokids.ee\/toode\/mm-soogiriistade-komplekt\/#primaryimage"},"image":{"@id":"https:\/\/gegokids.ee\/toode\/mm-soogiriistade-komplekt\/#primaryimage"},"thumbnailUrl":"https:\/\/gegokids.ee\/wp-content\/uploads\/2022\/06\/MM-Soogiriistade-Komplekt-Sinine.png","datePublished":"2022-06-18T13:41:55+00:00","dateModified":"2026-02-16T08:51:23+00:00","description":"Marcus & Marcus s\u00f6\u00f6giriistad on perioodiks mil v\u00e4ikesed lapsed tahavad s\u00fc\u00fca nagu t\u00e4iskasvanud, aga ei m\u00f5ista veel s\u00f6\u00f6giriistade teravust. V\u00e4ikesem\u00f5\u00f5dulised ja kergesti kasutavad s\u00f6\u00f6giriistad on disainitud spetsiaalselt v\u00e4ikelaste jaoks. Sobivad kasutamiseks nii parema- kui vasakuk\u00e4elistele. Otsikud on n\u00e4rimiskindlad, seega sobivad ka igemete s\u00fcgamiseks. Nuga on piisavalt terav, et l\u00f5igata toitu, kuid samas n\u00fcri, et mitte vigastada last.","breadcrumb":{"@id":"https:\/\/gegokids.ee\/toode\/mm-soogiriistade-komplekt\/#breadcrumb"},"inLanguage":"en-US","potentialAction":[{"@type":"ReadAction","target":["https:\/\/gegokids.ee\/toode\/mm-soogiriistade-komplekt\/"]}]},{"@type":"ImageObject","inLanguage":"en-US","@id":"https:\/\/gegokids.ee\/toode\/mm-soogiriistade-komplekt\/#primaryimage","url":"https:\/\/gegokids.ee\/wp-content\/uploads\/2022\/06\/MM-Soogiriistade-Komplekt-Sinine.png","contentUrl":"https:\/\/gegokids.ee\/wp-content\/uploads\/2022\/06\/MM-Soogiriistade-Komplekt-Sinine.png","width":800,"height":533},{"@type":"BreadcrumbList","@id":"https:\/\/gegokids.ee\/toode\/mm-soogiriistade-komplekt\/#breadcrumb","itemListElement":[{"@type":"ListItem","position":1,"name":"Home","item":"https:\/\/gegokids.ee\/en\/"},{"@type":"ListItem","position":2,"name":"E-pood","item":"https:\/\/gegokids.ee\/e-pood\/"},{"@type":"ListItem","position":3,"name":"Marcus &amp; Marcus s\u00f6\u00f6giriistade komplekt"}]},{"@type":"WebSite","@id":"https:\/\/gegokids.ee\/#website","url":"https:\/\/gegokids.ee\/","name":"Gegokids","description":"Kvaliteetsed ja turvalised laste m\u00e4nguasjad.","publisher":{"@id":"https:\/\/gegokids.ee\/#organization"},"potentialAction":[{"@type":"SearchAction","target":{"@type":"EntryPoint","urlTemplate":"https:\/\/gegokids.ee\/?s={search_term_string}"},"query-input":{"@type":"PropertyValueSpecification","valueRequired":true,"valueName":"search_term_string"}}],"inLanguage":"en-US"},{"@type":"Organization","@id":"https:\/\/gegokids.ee\/#organization","name":"Gegokids","url":"https:\/\/gegokids.ee\/","logo":{"@type":"ImageObject","inLanguage":"en-US","@id":"https:\/\/gegokids.ee\/#\/schema\/logo\/image\/","url":"https:\/\/gegokids.ee\/wp-content\/uploads\/2022\/06\/logo2.png","contentUrl":"https:\/\/gegokids.ee\/wp-content\/uploads\/2022\/06\/logo2.png","width":358,"height":104,"caption":"Gegokids"},"image":{"@id":"https:\/\/gegokids.ee\/#\/schema\/logo\/image\/"},"sameAs":["https:\/\/www.facebook.com\/GegoKids","https:\/\/www.instagram.com\/gegokids.ee\/"]}]}},"_links":{"self":[{"href":"https:\/\/gegokids.ee\/en\/wp-json\/wp\/v2\/product\/20620","targetHints":{"allow":["GET"]}}],"collection":[{"href":"https:\/\/gegokids.ee\/en\/wp-json\/wp\/v2\/product"}],"about":[{"href":"https:\/\/gegokids.ee\/en\/wp-json\/wp\/v2\/types\/product"}],"replies":[{"embeddable":true,"href":"https:\/\/gegokids.ee\/en\/wp-json\/wp\/v2\/comments?post=20620"}],"version-history":[{"count":5,"href":"https:\/\/gegokids.ee\/en\/wp-json\/wp\/v2\/product\/20620\/revisions"}],"predecessor-version":[{"id":29107,"href":"https:\/\/gegokids.ee\/en\/wp-json\/wp\/v2\/product\/20620\/revisions\/29107"}],"wp:featuredmedia":[{"embeddable":true,"href":"https:\/\/gegokids.ee\/en\/wp-json\/wp\/v2\/media\/21736"}],"wp:attachment":[{"href":"https:\/\/gegokids.ee\/en\/wp-json\/wp\/v2\/media?parent=20620"}],"wp:term":[{"taxonomy":"product_brand","embeddable":true,"href":"https:\/\/gegokids.ee\/en\/wp-json\/wp\/v2\/product_brand?post=20620"},{"taxonomy":"product_cat","embeddable":true,"href":"https:\/\/gegokids.ee\/en\/wp-json\/wp\/v2\/product_cat?post=20620"},{"taxonomy":"product_tag","embeddable":true,"href":"https:\/\/gegokids.ee\/en\/wp-json\/wp\/v2\/product_tag?post=20620"}],"curies":[{"name":"wp","href":"https:\/\/api.w.org\/{rel}","templated":true}]}}