{"id":20588,"date":"2022-06-18T13:41:24","date_gmt":"2022-06-18T13:41:24","guid":{"rendered":"https:\/\/gegokids.ee\/?post_type=product&#038;p=20588"},"modified":"2026-02-08T18:35:12","modified_gmt":"2026-02-08T15:35:12","slug":"mm-iminapaga-kauss-kaanega","status":"publish","type":"product","link":"https:\/\/gegokids.ee\/en\/product\/mm-iminapaga-kauss-kaanega\/","title":{"rendered":"Marcus &amp; Marcus iminapaga kauss kaanega"},"content":{"rendered":"<div class=\"wpb_text_column wpb_content_element\">\n<div class=\"wpb_wrapper\">\n<div class=\"page\" title=\"Page 38\">\n<div class=\"section\">\n<div class=\"layoutArea\">\n<div class=\"column\">\n<div class=\"page\" title=\"Page 39\">\n<div class=\"section\">\n<div class=\"layoutArea\">\n<div class=\"column\">\n<p><span style=\"font-size: 12pt; color: #000000;\"><strong>Omadused:<\/strong><\/span><\/p>\n<\/div>\n<\/div>\n<\/div>\n<\/div>\n<\/div>\n<\/div>\n<\/div>\n<\/div>\n<\/div>\n<\/div>\n<div class=\"wpb_text_column wpb_content_element\">\n<div class=\"wpb_wrapper\">\n<ul>\n<li><span style=\"font-size: 12pt; color: #000000;\">BPA\/Ftalaatide vaba<\/span><\/li>\n<li><span style=\"font-size: 12pt; color: #000000;\">V\u00e4ga tugev iminapaga kinnitus<\/span><\/li>\n<li><span style=\"font-size: 12pt; color: #000000;\">Laua k\u00fcljest eemaldamiseks spetsiaalne lapats<\/span><\/li>\n<li><span style=\"font-size: 12pt; color: #000000;\">Kaks kergesti haaratavad sanga<\/span><\/li>\n<li><span style=\"font-size: 12pt; color: #000000;\">Kaas toidu hoiustamiseks<\/span><\/li>\n<\/ul>\n<p><span style=\"font-size: 12pt; color: #000000;\"><strong>Puhastamine ja hooldus:<\/strong><\/span><\/p>\n<ul>\n<li><span style=\"font-size: 12pt; color: #000000;\">Pestav n\u00f5udepesumasinas, AINULT \u00fclemisel restil<\/span><\/li>\n<li><span style=\"font-size: 12pt; color: #000000;\">S\u00fcgavk\u00fclmas kasutatav<\/span><\/li>\n<li><span style=\"font-size: 12pt; color: #000000;\">Mikrolaineahjus kasutatav<\/span><\/li>\n<li><span style=\"font-size: 12pt; color: #000000;\">Auruga steriliseerituav<\/span><\/li>\n<li><span style=\"font-size: 12pt; color: #000000;\">Plekid lihtsasti eemaldatavad sooja seebiveega<\/span><\/li>\n<\/ul>\n<p><span style=\"font-size: 12pt; color: #000000;\"><strong>M\u00f5\u00f5dud:<\/strong><\/span><br \/>\n<span style=\"font-size: 12pt; color: #000000;\">171 x 141 x 6 mm, mahutavus 450 ml<\/span><\/p>\n<p><span style=\"font-size: 12pt; color: #000000;\"><strong>Materjal:<\/strong><\/span><br \/>\n<span style=\"font-size: 12pt; color: #000000;\">Toidusilikoon<\/span><\/p>\n<p><span style=\"font-size: 12pt; color: #000000;\"><strong>Vastupidavus temperatuurid:<\/strong><\/span><br \/>\n<span style=\"font-size: 12pt; color: #000000;\">-20\u00b0C kuni 220\u00b0C<\/span><\/p>\n<p><span style=\"font-size: 12pt; color: #000000;\"><strong>Vanus:<\/strong><\/span><br \/>\n<span style=\"font-size: 12pt; color: #000000;\">12 kuud+<\/span><\/p>\n<\/div>\n<\/div>","protected":false},"excerpt":{"rendered":"<div class=\"woocommerce-product-details__short-description\">\n<p><span style=\"font-size: 12pt; color: #000000;\">Iminapaga tugevalt s\u00f6\u00f6gilaua k\u00fclge kinnitatav kauss annab lastevanematele v\u00e4ikelapse s\u00f6\u00f6mise ajal s\u00fcdamerahu, et kauss on kindlalt oma kohal paigal. Unustage laualt lendavad n\u00f5ud, kauss on kinnitatav ka spoonitud lauale. Kausi p\u00f5hjas olev iminapp kinnitub turvaliselt v\u00e4ga k\u00f5vasti s\u00f6\u00f6gilaua k\u00fclge ning laps ei saa kaussi oma kohalt liigutada. Kauss eemaldub lihtsalt vaakumist vastavast sildikesest t\u00f5mmates. Lisaks on kausil kaas, mist\u00f5ttu on t\u00f5itu mugav hoiustada n\u00e4iteks k\u00fclmkapis.<\/span><\/p>\n<p><span style=\"font-size: 12pt; color: #000000;\"><strong>Tarne 2-5 t\u00f6\u00f6p\u00e4eva!<\/strong><\/span><\/p>\n<\/div>","protected":false},"featured_media":21751,"comment_status":"closed","ping_status":"closed","template":"","meta":[],"product_brand":[455],"product_cat":[285,422],"product_tag":[474,458],"class_list":{"0":"post-20588","1":"product","2":"type-product","3":"status-publish","4":"has-post-thumbnail","6":"product_brand-marcus-marcus","7":"product_cat-koik","8":"product_cat-laste-soogikomplektid","9":"product_tag-soomistarvikud","10":"product_tag-vaikelastele-1-3-a","12":"first","13":"instock","14":"shipping-taxable","15":"purchasable","16":"product-type-variable"},"yoast_head":"<!-- This site is optimized with the Yoast SEO plugin v26.9 - https:\/\/yoast.com\/product\/yoast-seo-wordpress\/ -->\n<title>Marcus &amp; Marcus iminapaga kauss kaanega | Gegokids<\/title>\n<meta name=\"description\" content=\"Iminapaga tugevalt s\u00f6\u00f6gilaua k\u00fclge kinnitatav kauss annab lastevanematele v\u00e4ikelapse s\u00f6\u00f6mise ajal s\u00fcdamerahu, et kauss on kindlalt oma kohal paigal. Unustage laualt lendavad n\u00f5ud, kauss on kinnitatav ka spoonitud lauale. Kausi p\u00f5hjas olev iminapp kinnitub turvaliselt v\u00e4ga k\u00f5vasti s\u00f6\u00f6gilaua k\u00fclge ning laps ei saa kaussi oma kohalt liigutada. Kauss eemaldub lihtsalt vaakumist vastavast sildikesest t\u00f5mmates. Lisaks on kausil kaas, mist\u00f5ttu on t\u00f5itu mugav hoiustada n\u00e4iteks k\u00fclmkapis.\" \/>\n<meta name=\"robots\" content=\"index, follow, max-snippet:-1, max-image-preview:large, max-video-preview:-1\" \/>\n<link rel=\"canonical\" href=\"https:\/\/gegokids.ee\/en\/product\/mm-iminapaga-kauss-kaanega\/\" \/>\n<meta property=\"og:locale\" content=\"en_US\" \/>\n<meta property=\"og:type\" content=\"article\" \/>\n<meta property=\"og:title\" content=\"Marcus &amp; Marcus iminapaga kauss kaanega | Gegokids\" \/>\n<meta property=\"og:description\" content=\"Iminapaga tugevalt s\u00f6\u00f6gilaua k\u00fclge kinnitatav kauss annab lastevanematele v\u00e4ikelapse s\u00f6\u00f6mise ajal s\u00fcdamerahu, et kauss on kindlalt oma kohal paigal. Unustage laualt lendavad n\u00f5ud, kauss on kinnitatav ka spoonitud lauale. Kausi p\u00f5hjas olev iminapp kinnitub turvaliselt v\u00e4ga k\u00f5vasti s\u00f6\u00f6gilaua k\u00fclge ning laps ei saa kaussi oma kohalt liigutada. Kauss eemaldub lihtsalt vaakumist vastavast sildikesest t\u00f5mmates. Lisaks on kausil kaas, mist\u00f5ttu on t\u00f5itu mugav hoiustada n\u00e4iteks k\u00fclmkapis.\" \/>\n<meta property=\"og:url\" content=\"https:\/\/gegokids.ee\/en\/product\/mm-iminapaga-kauss-kaanega\/\" \/>\n<meta property=\"og:site_name\" content=\"Gegokids\" \/>\n<meta property=\"article:publisher\" content=\"https:\/\/www.facebook.com\/GegoKids\" \/>\n<meta property=\"article:modified_time\" content=\"2026-02-08T15:35:12+00:00\" \/>\n<meta property=\"og:image\" content=\"https:\/\/gegokids.ee\/wp-content\/uploads\/2022\/06\/MM-Iminapaga-Kauss-Roosa.png\" \/>\n\t<meta property=\"og:image:width\" content=\"800\" \/>\n\t<meta property=\"og:image:height\" content=\"533\" \/>\n\t<meta property=\"og:image:type\" content=\"image\/png\" \/>\n<meta name=\"twitter:card\" content=\"summary_large_image\" \/>\n<meta name=\"twitter:label1\" content=\"Est. reading time\" \/>\n\t<meta name=\"twitter:data1\" content=\"1 minute\" \/>\n<script type=\"application\/ld+json\" class=\"yoast-schema-graph\">{\"@context\":\"https:\/\/schema.org\",\"@graph\":[{\"@type\":\"WebPage\",\"@id\":\"https:\/\/gegokids.ee\/toode\/mm-iminapaga-kauss-kaanega\/\",\"url\":\"https:\/\/gegokids.ee\/toode\/mm-iminapaga-kauss-kaanega\/\",\"name\":\"Marcus &amp; Marcus iminapaga kauss kaanega | Gegokids\",\"isPartOf\":{\"@id\":\"https:\/\/gegokids.ee\/#website\"},\"primaryImageOfPage\":{\"@id\":\"https:\/\/gegokids.ee\/toode\/mm-iminapaga-kauss-kaanega\/#primaryimage\"},\"image\":{\"@id\":\"https:\/\/gegokids.ee\/toode\/mm-iminapaga-kauss-kaanega\/#primaryimage\"},\"thumbnailUrl\":\"https:\/\/gegokids.ee\/wp-content\/uploads\/2022\/06\/MM-Iminapaga-Kauss-Kaanega-Punane-1.png\",\"datePublished\":\"2022-06-18T13:41:24+00:00\",\"dateModified\":\"2026-02-08T15:35:12+00:00\",\"description\":\"Iminapaga tugevalt s\u00f6\u00f6gilaua k\u00fclge kinnitatav kauss annab lastevanematele v\u00e4ikelapse s\u00f6\u00f6mise ajal s\u00fcdamerahu, et kauss on kindlalt oma kohal paigal. Unustage laualt lendavad n\u00f5ud, kauss on kinnitatav ka spoonitud lauale. Kausi p\u00f5hjas olev iminapp kinnitub turvaliselt v\u00e4ga k\u00f5vasti s\u00f6\u00f6gilaua k\u00fclge ning laps ei saa kaussi oma kohalt liigutada. Kauss eemaldub lihtsalt vaakumist vastavast sildikesest t\u00f5mmates. Lisaks on kausil kaas, mist\u00f5ttu on t\u00f5itu mugav hoiustada n\u00e4iteks k\u00fclmkapis.\",\"breadcrumb\":{\"@id\":\"https:\/\/gegokids.ee\/toode\/mm-iminapaga-kauss-kaanega\/#breadcrumb\"},\"inLanguage\":\"en-US\",\"potentialAction\":[{\"@type\":\"ReadAction\",\"target\":[\"https:\/\/gegokids.ee\/toode\/mm-iminapaga-kauss-kaanega\/\"]}]},{\"@type\":\"ImageObject\",\"inLanguage\":\"en-US\",\"@id\":\"https:\/\/gegokids.ee\/toode\/mm-iminapaga-kauss-kaanega\/#primaryimage\",\"url\":\"https:\/\/gegokids.ee\/wp-content\/uploads\/2022\/06\/MM-Iminapaga-Kauss-Kaanega-Punane-1.png\",\"contentUrl\":\"https:\/\/gegokids.ee\/wp-content\/uploads\/2022\/06\/MM-Iminapaga-Kauss-Kaanega-Punane-1.png\",\"width\":800,\"height\":533},{\"@type\":\"BreadcrumbList\",\"@id\":\"https:\/\/gegokids.ee\/toode\/mm-iminapaga-kauss-kaanega\/#breadcrumb\",\"itemListElement\":[{\"@type\":\"ListItem\",\"position\":1,\"name\":\"Home\",\"item\":\"https:\/\/gegokids.ee\/en\/\"},{\"@type\":\"ListItem\",\"position\":2,\"name\":\"E-pood\",\"item\":\"https:\/\/gegokids.ee\/e-pood\/\"},{\"@type\":\"ListItem\",\"position\":3,\"name\":\"Marcus &amp; Marcus iminapaga kauss kaanega\"}]},{\"@type\":\"WebSite\",\"@id\":\"https:\/\/gegokids.ee\/#website\",\"url\":\"https:\/\/gegokids.ee\/\",\"name\":\"Gegokids\",\"description\":\"Kvaliteetsed ja turvalised laste m\u00e4nguasjad.\",\"publisher\":{\"@id\":\"https:\/\/gegokids.ee\/#organization\"},\"potentialAction\":[{\"@type\":\"SearchAction\",\"target\":{\"@type\":\"EntryPoint\",\"urlTemplate\":\"https:\/\/gegokids.ee\/?s={search_term_string}\"},\"query-input\":{\"@type\":\"PropertyValueSpecification\",\"valueRequired\":true,\"valueName\":\"search_term_string\"}}],\"inLanguage\":\"en-US\"},{\"@type\":\"Organization\",\"@id\":\"https:\/\/gegokids.ee\/#organization\",\"name\":\"Gegokids\",\"url\":\"https:\/\/gegokids.ee\/\",\"logo\":{\"@type\":\"ImageObject\",\"inLanguage\":\"en-US\",\"@id\":\"https:\/\/gegokids.ee\/#\/schema\/logo\/image\/\",\"url\":\"https:\/\/gegokids.ee\/wp-content\/uploads\/2022\/06\/logo2.png\",\"contentUrl\":\"https:\/\/gegokids.ee\/wp-content\/uploads\/2022\/06\/logo2.png\",\"width\":358,\"height\":104,\"caption\":\"Gegokids\"},\"image\":{\"@id\":\"https:\/\/gegokids.ee\/#\/schema\/logo\/image\/\"},\"sameAs\":[\"https:\/\/www.facebook.com\/GegoKids\",\"https:\/\/www.instagram.com\/gegokids.ee\/\"]}]}<\/script>\n<!-- \/ Yoast SEO plugin. -->","yoast_head_json":{"title":"Marcus &amp; Marcus iminapaga kauss kaanega | Gegokids","description":"Iminapaga tugevalt s\u00f6\u00f6gilaua k\u00fclge kinnitatav kauss annab lastevanematele v\u00e4ikelapse s\u00f6\u00f6mise ajal s\u00fcdamerahu, et kauss on kindlalt oma kohal paigal. Unustage laualt lendavad n\u00f5ud, kauss on kinnitatav ka spoonitud lauale. Kausi p\u00f5hjas olev iminapp kinnitub turvaliselt v\u00e4ga k\u00f5vasti s\u00f6\u00f6gilaua k\u00fclge ning laps ei saa kaussi oma kohalt liigutada. Kauss eemaldub lihtsalt vaakumist vastavast sildikesest t\u00f5mmates. Lisaks on kausil kaas, mist\u00f5ttu on t\u00f5itu mugav hoiustada n\u00e4iteks k\u00fclmkapis.","robots":{"index":"index","follow":"follow","max-snippet":"max-snippet:-1","max-image-preview":"max-image-preview:large","max-video-preview":"max-video-preview:-1"},"canonical":"https:\/\/gegokids.ee\/en\/product\/mm-iminapaga-kauss-kaanega\/","og_locale":"en_US","og_type":"article","og_title":"Marcus &amp; Marcus iminapaga kauss kaanega | Gegokids","og_description":"Iminapaga tugevalt s\u00f6\u00f6gilaua k\u00fclge kinnitatav kauss annab lastevanematele v\u00e4ikelapse s\u00f6\u00f6mise ajal s\u00fcdamerahu, et kauss on kindlalt oma kohal paigal. Unustage laualt lendavad n\u00f5ud, kauss on kinnitatav ka spoonitud lauale. Kausi p\u00f5hjas olev iminapp kinnitub turvaliselt v\u00e4ga k\u00f5vasti s\u00f6\u00f6gilaua k\u00fclge ning laps ei saa kaussi oma kohalt liigutada. Kauss eemaldub lihtsalt vaakumist vastavast sildikesest t\u00f5mmates. Lisaks on kausil kaas, mist\u00f5ttu on t\u00f5itu mugav hoiustada n\u00e4iteks k\u00fclmkapis.","og_url":"https:\/\/gegokids.ee\/en\/product\/mm-iminapaga-kauss-kaanega\/","og_site_name":"Gegokids","article_publisher":"https:\/\/www.facebook.com\/GegoKids","article_modified_time":"2026-02-08T15:35:12+00:00","og_image":[{"width":800,"height":533,"url":"https:\/\/gegokids.ee\/wp-content\/uploads\/2022\/06\/MM-Iminapaga-Kauss-Roosa.png","type":"image\/png"}],"twitter_card":"summary_large_image","twitter_misc":{"Est. reading time":"1 minute"},"schema":{"@context":"https:\/\/schema.org","@graph":[{"@type":"WebPage","@id":"https:\/\/gegokids.ee\/toode\/mm-iminapaga-kauss-kaanega\/","url":"https:\/\/gegokids.ee\/toode\/mm-iminapaga-kauss-kaanega\/","name":"Marcus &amp; Marcus iminapaga kauss kaanega | Gegokids","isPartOf":{"@id":"https:\/\/gegokids.ee\/#website"},"primaryImageOfPage":{"@id":"https:\/\/gegokids.ee\/toode\/mm-iminapaga-kauss-kaanega\/#primaryimage"},"image":{"@id":"https:\/\/gegokids.ee\/toode\/mm-iminapaga-kauss-kaanega\/#primaryimage"},"thumbnailUrl":"https:\/\/gegokids.ee\/wp-content\/uploads\/2022\/06\/MM-Iminapaga-Kauss-Kaanega-Punane-1.png","datePublished":"2022-06-18T13:41:24+00:00","dateModified":"2026-02-08T15:35:12+00:00","description":"Iminapaga tugevalt s\u00f6\u00f6gilaua k\u00fclge kinnitatav kauss annab lastevanematele v\u00e4ikelapse s\u00f6\u00f6mise ajal s\u00fcdamerahu, et kauss on kindlalt oma kohal paigal. Unustage laualt lendavad n\u00f5ud, kauss on kinnitatav ka spoonitud lauale. Kausi p\u00f5hjas olev iminapp kinnitub turvaliselt v\u00e4ga k\u00f5vasti s\u00f6\u00f6gilaua k\u00fclge ning laps ei saa kaussi oma kohalt liigutada. Kauss eemaldub lihtsalt vaakumist vastavast sildikesest t\u00f5mmates. Lisaks on kausil kaas, mist\u00f5ttu on t\u00f5itu mugav hoiustada n\u00e4iteks k\u00fclmkapis.","breadcrumb":{"@id":"https:\/\/gegokids.ee\/toode\/mm-iminapaga-kauss-kaanega\/#breadcrumb"},"inLanguage":"en-US","potentialAction":[{"@type":"ReadAction","target":["https:\/\/gegokids.ee\/toode\/mm-iminapaga-kauss-kaanega\/"]}]},{"@type":"ImageObject","inLanguage":"en-US","@id":"https:\/\/gegokids.ee\/toode\/mm-iminapaga-kauss-kaanega\/#primaryimage","url":"https:\/\/gegokids.ee\/wp-content\/uploads\/2022\/06\/MM-Iminapaga-Kauss-Kaanega-Punane-1.png","contentUrl":"https:\/\/gegokids.ee\/wp-content\/uploads\/2022\/06\/MM-Iminapaga-Kauss-Kaanega-Punane-1.png","width":800,"height":533},{"@type":"BreadcrumbList","@id":"https:\/\/gegokids.ee\/toode\/mm-iminapaga-kauss-kaanega\/#breadcrumb","itemListElement":[{"@type":"ListItem","position":1,"name":"Home","item":"https:\/\/gegokids.ee\/en\/"},{"@type":"ListItem","position":2,"name":"E-pood","item":"https:\/\/gegokids.ee\/e-pood\/"},{"@type":"ListItem","position":3,"name":"Marcus &amp; Marcus iminapaga kauss kaanega"}]},{"@type":"WebSite","@id":"https:\/\/gegokids.ee\/#website","url":"https:\/\/gegokids.ee\/","name":"Gegokids","description":"Kvaliteetsed ja turvalised laste m\u00e4nguasjad.","publisher":{"@id":"https:\/\/gegokids.ee\/#organization"},"potentialAction":[{"@type":"SearchAction","target":{"@type":"EntryPoint","urlTemplate":"https:\/\/gegokids.ee\/?s={search_term_string}"},"query-input":{"@type":"PropertyValueSpecification","valueRequired":true,"valueName":"search_term_string"}}],"inLanguage":"en-US"},{"@type":"Organization","@id":"https:\/\/gegokids.ee\/#organization","name":"Gegokids","url":"https:\/\/gegokids.ee\/","logo":{"@type":"ImageObject","inLanguage":"en-US","@id":"https:\/\/gegokids.ee\/#\/schema\/logo\/image\/","url":"https:\/\/gegokids.ee\/wp-content\/uploads\/2022\/06\/logo2.png","contentUrl":"https:\/\/gegokids.ee\/wp-content\/uploads\/2022\/06\/logo2.png","width":358,"height":104,"caption":"Gegokids"},"image":{"@id":"https:\/\/gegokids.ee\/#\/schema\/logo\/image\/"},"sameAs":["https:\/\/www.facebook.com\/GegoKids","https:\/\/www.instagram.com\/gegokids.ee\/"]}]}},"_links":{"self":[{"href":"https:\/\/gegokids.ee\/en\/wp-json\/wp\/v2\/product\/20588","targetHints":{"allow":["GET"]}}],"collection":[{"href":"https:\/\/gegokids.ee\/en\/wp-json\/wp\/v2\/product"}],"about":[{"href":"https:\/\/gegokids.ee\/en\/wp-json\/wp\/v2\/types\/product"}],"replies":[{"embeddable":true,"href":"https:\/\/gegokids.ee\/en\/wp-json\/wp\/v2\/comments?post=20588"}],"version-history":[{"count":4,"href":"https:\/\/gegokids.ee\/en\/wp-json\/wp\/v2\/product\/20588\/revisions"}],"predecessor-version":[{"id":28748,"href":"https:\/\/gegokids.ee\/en\/wp-json\/wp\/v2\/product\/20588\/revisions\/28748"}],"wp:featuredmedia":[{"embeddable":true,"href":"https:\/\/gegokids.ee\/en\/wp-json\/wp\/v2\/media\/21751"}],"wp:attachment":[{"href":"https:\/\/gegokids.ee\/en\/wp-json\/wp\/v2\/media?parent=20588"}],"wp:term":[{"taxonomy":"product_brand","embeddable":true,"href":"https:\/\/gegokids.ee\/en\/wp-json\/wp\/v2\/product_brand?post=20588"},{"taxonomy":"product_cat","embeddable":true,"href":"https:\/\/gegokids.ee\/en\/wp-json\/wp\/v2\/product_cat?post=20588"},{"taxonomy":"product_tag","embeddable":true,"href":"https:\/\/gegokids.ee\/en\/wp-json\/wp\/v2\/product_tag?post=20588"}],"curies":[{"name":"wp","href":"https:\/\/api.w.org\/{rel}","templated":true}]}}