{"id":20541,"date":"2022-06-18T13:40:37","date_gmt":"2022-06-18T13:40:37","guid":{"rendered":"https:\/\/gegokids.ee\/?post_type=product&#038;p=20541"},"modified":"2026-02-08T11:32:53","modified_gmt":"2026-02-08T08:32:53","slug":"mm-toidukuubikute-rest","status":"publish","type":"product","link":"https:\/\/gegokids.ee\/en\/product\/mm-toidukuubikute-rest\/","title":{"rendered":"Marcus &amp; Marcus toidukuubikute rest"},"content":{"rendered":"<p><span style=\"font-size: 12pt; color: #000000;\"><strong>Omadused:<\/strong><\/span><\/p>\n<ul>\n<li><span style=\"font-size: 12pt; color: #000000;\">BPA\/Ftalaatide vaba<\/span><\/li>\n<li><span style=\"font-size: 12pt; color: #000000;\">Mugav kodune ja maitsev imikutoit<\/span><\/li>\n<li><span style=\"font-size: 12pt; color: #000000;\">Kasutatav s\u00fcgavk\u00fclmas ja mikrouunis<\/span><\/li>\n<li><span style=\"font-size: 12pt; color: #000000;\">Kaas v\u00f5imaldab \u00fcksteise otsa hoiustamist<\/span><\/li>\n<li><span style=\"font-size: 12pt; color: #000000;\">Kaas aitab v\u00e4ltida toitude segunemist<\/span><\/li>\n<li><span style=\"font-size: 12pt; color: #000000;\">M\u00f5\u00f5tmiseks jooned 30ml ja 60 ml juures<\/span><\/li>\n<li><span style=\"font-size: 12pt; color: #000000;\">Pehmest silikoonist, lihtne kuubikuid v\u00e4lja v\u00f5tta<\/span><\/li>\n<li><span style=\"font-size: 12pt; color: #000000;\">Kustutatav materjal (v\u00f5imalik peale kirjutada)<\/span><\/li>\n<li><span style=\"font-size: 12pt; color: #000000;\">6 x 60 ml. \u00fche portsjoni suurus<\/span><\/li>\n<\/ul>\n<p><span style=\"font-size: 12pt; color: #000000;\"><strong>Pesemine ja hooldus:<\/strong><\/span><\/p>\n<ul>\n<li><span style=\"font-size: 12pt; color: #000000;\">Pestav n\u00f5udepesumasinas AINULT \u00fclemisel restil<\/span><\/li>\n<li><span style=\"font-size: 12pt; color: #000000;\">S\u00fcgavk\u00fclmas kasutatav<\/span><\/li>\n<li><span style=\"font-size: 12pt; color: #000000;\">Mikrouunis kasutatav<\/span><\/li>\n<li><span style=\"font-size: 12pt; color: #000000;\">Auruga steriliseeritav<\/span><\/li>\n<li><span style=\"font-size: 12pt; color: #000000;\">Plekid on eemaldatavad sooja seebiveega<\/span><\/li>\n<\/ul>\n<p><span style=\"font-size: 12pt; color: #000000;\"><strong>M\u00f5\u00f5dud:<\/strong><\/span><br \/>\n<span style=\"font-size: 12pt; color: #000000;\">124 x 44 x 188 mm<\/span><br \/>\n<span style=\"font-size: 12pt; color: #000000;\">(Mahutavus:<\/span><br \/>\n<span style=\"font-size: 12pt; color: #000000;\">60 ml x 6 portsjon)<\/span><\/p>\n<p><span style=\"font-size: 12pt; color: #000000;\"><strong>Materjal:<\/strong><\/span><br \/>\n<span style=\"font-size: 12pt; color: #000000;\">Toidusilikoon<\/span><\/p>\n<p><span style=\"font-size: 12pt; color: #000000;\"><strong>Vastupidavus temperatuurid:<\/strong><\/span><br \/>\n<span style=\"font-size: 12pt; color: #000000;\">-20\u00b0C kuni 220\u00b0C<\/span><\/p>","protected":false},"excerpt":{"rendered":"<p><span style=\"font-size: 12pt; color: #000000;\">Marcus &amp; Marcus toidukuubikute rest on m\u00f5eldud tavap\u00e4rasest suuremate kuubikute k\u00fclmutamiseks, et toitu ettevalmistamine oleks mugav ja lihtne. Sinna saab valmistada 6 portsjonit, millest \u00fche portsjoni suurus on kuni 60 ml. Restil on sees ka eraldusjoon, juhuks, kui on soov valmistada v\u00e4iksemaid portsjone (30 ml, 60ml), nii saate kindlad olla ilma \u00fchegi lisaliigutuseta, kui suured on portsjonid, mis beebi s\u00f6\u00f6b. Toidukuubikute restil on ka silikoonist kaas, n\u00fc\u00fcdsest ei pea te enam j\u00e4\u00e4kuubikute reste kiletama! Rest on valmistatud temperatuurikindlast toidusilikoonist ning sobib s\u00fcgavk\u00fclmas kasutamiseks, mikrouunis kasutamiseks ning n\u00f5udepesumasinas \u00fclemisel restil pesemiseks.\u00a0<\/span><\/p>\n<p>&nbsp;<\/p>\n<p><strong><span style=\"font-size: 12pt; color: #000000;\">Tarne 2-5 t\u00f6\u00f6p\u00e4eva!<\/span><\/strong><\/p>","protected":false},"featured_media":21761,"comment_status":"closed","ping_status":"closed","template":"","meta":[],"product_brand":[455],"product_cat":[285,422],"product_tag":[474,457,458,461],"class_list":{"0":"post-20541","1":"product","2":"type-product","3":"status-publish","4":"has-post-thumbnail","6":"product_brand-marcus-marcus","7":"product_cat-koik","8":"product_cat-laste-soogikomplektid","9":"product_tag-soomistarvikud","10":"product_tag-beebidele-0-1-a","11":"product_tag-vaikelastele-1-3-a","12":"product_tag-461","14":"first","15":"instock","16":"shipping-taxable","17":"purchasable","18":"product-type-variable"},"yoast_head":"<!-- This site is optimized with the Yoast SEO plugin v26.9 - https:\/\/yoast.com\/product\/yoast-seo-wordpress\/ -->\n<title>Marcus &amp; Marcus toidukuubikute rest | Gegokids<\/title>\n<meta name=\"description\" content=\"Marcus &amp; Marcus toidukuubikute rest on m\u00f5eldud tavap\u00e4rasest suuremate kuubikute k\u00fclmutamiseks, et toitu ettevalmistamine oleks mugav ja lihtne. Sinna saab valmistada 6 portsjonit, millest \u00fche portsjoni suurus on kuni 60 ml. Restil on sees ka eraldusjoon, juhuks, kui on soov valmistada v\u00e4iksemaid portsjone (30 ml, 60ml), nii saate kindlad olla ilma \u00fchegi lisaliigutuseta, kui suured on portsjonid, mis beebi s\u00f6\u00f6b. Toidukuubikute restil on ka silikoonist kaas, n\u00fc\u00fcdsest ei pea te enam j\u00e4\u00e4kuubikute reste kiletama! Rest on valmistatud temperatuurikindlast toidusilikoonist ning sobib s\u00fcgavk\u00fclmas kasutamiseks, mikrouunis kasutamiseks ning n\u00f5udepesumasinas \u00fclemisel restil pesemiseks.\u00a0\" \/>\n<meta name=\"robots\" content=\"index, follow, max-snippet:-1, max-image-preview:large, max-video-preview:-1\" \/>\n<link rel=\"canonical\" href=\"https:\/\/gegokids.ee\/en\/product\/mm-toidukuubikute-rest\/\" \/>\n<meta property=\"og:locale\" content=\"en_US\" \/>\n<meta property=\"og:type\" content=\"article\" \/>\n<meta property=\"og:title\" content=\"Marcus &amp; Marcus toidukuubikute rest | Gegokids\" \/>\n<meta property=\"og:description\" content=\"Marcus &amp; Marcus toidukuubikute rest on m\u00f5eldud tavap\u00e4rasest suuremate kuubikute k\u00fclmutamiseks, et toitu ettevalmistamine oleks mugav ja lihtne. Sinna saab valmistada 6 portsjonit, millest \u00fche portsjoni suurus on kuni 60 ml. Restil on sees ka eraldusjoon, juhuks, kui on soov valmistada v\u00e4iksemaid portsjone (30 ml, 60ml), nii saate kindlad olla ilma \u00fchegi lisaliigutuseta, kui suured on portsjonid, mis beebi s\u00f6\u00f6b. Toidukuubikute restil on ka silikoonist kaas, n\u00fc\u00fcdsest ei pea te enam j\u00e4\u00e4kuubikute reste kiletama! Rest on valmistatud temperatuurikindlast toidusilikoonist ning sobib s\u00fcgavk\u00fclmas kasutamiseks, mikrouunis kasutamiseks ning n\u00f5udepesumasinas \u00fclemisel restil pesemiseks.\u00a0\" \/>\n<meta property=\"og:url\" content=\"https:\/\/gegokids.ee\/en\/product\/mm-toidukuubikute-rest\/\" \/>\n<meta property=\"og:site_name\" content=\"Gegokids\" \/>\n<meta property=\"article:publisher\" content=\"https:\/\/www.facebook.com\/GegoKids\" \/>\n<meta property=\"article:modified_time\" content=\"2026-02-08T08:32:53+00:00\" \/>\n<meta property=\"og:image\" content=\"https:\/\/gegokids.ee\/wp-content\/uploads\/2022\/06\/MM-Toidukuubikute-Rest.png\" \/>\n\t<meta property=\"og:image:width\" content=\"800\" \/>\n\t<meta property=\"og:image:height\" content=\"533\" \/>\n\t<meta property=\"og:image:type\" content=\"image\/png\" \/>\n<meta name=\"twitter:card\" content=\"summary_large_image\" \/>\n<meta name=\"twitter:label1\" content=\"Est. reading time\" \/>\n\t<meta name=\"twitter:data1\" content=\"1 minute\" \/>\n<script type=\"application\/ld+json\" class=\"yoast-schema-graph\">{\"@context\":\"https:\/\/schema.org\",\"@graph\":[{\"@type\":\"WebPage\",\"@id\":\"https:\/\/gegokids.ee\/toode\/mm-toidukuubikute-rest\/\",\"url\":\"https:\/\/gegokids.ee\/toode\/mm-toidukuubikute-rest\/\",\"name\":\"Marcus &amp; Marcus toidukuubikute rest | Gegokids\",\"isPartOf\":{\"@id\":\"https:\/\/gegokids.ee\/#website\"},\"primaryImageOfPage\":{\"@id\":\"https:\/\/gegokids.ee\/toode\/mm-toidukuubikute-rest\/#primaryimage\"},\"image\":{\"@id\":\"https:\/\/gegokids.ee\/toode\/mm-toidukuubikute-rest\/#primaryimage\"},\"thumbnailUrl\":\"https:\/\/gegokids.ee\/wp-content\/uploads\/2022\/06\/MM-Toidukuubikute-Rest-Lilla.png\",\"datePublished\":\"2022-06-18T13:40:37+00:00\",\"dateModified\":\"2026-02-08T08:32:53+00:00\",\"description\":\"Marcus & Marcus toidukuubikute rest on m\u00f5eldud tavap\u00e4rasest suuremate kuubikute k\u00fclmutamiseks, et toitu ettevalmistamine oleks mugav ja lihtne. Sinna saab valmistada 6 portsjonit, millest \u00fche portsjoni suurus on kuni 60 ml. Restil on sees ka eraldusjoon, juhuks, kui on soov valmistada v\u00e4iksemaid portsjone (30 ml, 60ml), nii saate kindlad olla ilma \u00fchegi lisaliigutuseta, kui suured on portsjonid, mis beebi s\u00f6\u00f6b. Toidukuubikute restil on ka silikoonist kaas, n\u00fc\u00fcdsest ei pea te enam j\u00e4\u00e4kuubikute reste kiletama! Rest on valmistatud temperatuurikindlast toidusilikoonist ning sobib s\u00fcgavk\u00fclmas kasutamiseks, mikrouunis kasutamiseks ning n\u00f5udepesumasinas \u00fclemisel restil pesemiseks.\u00a0\",\"breadcrumb\":{\"@id\":\"https:\/\/gegokids.ee\/toode\/mm-toidukuubikute-rest\/#breadcrumb\"},\"inLanguage\":\"en-US\",\"potentialAction\":[{\"@type\":\"ReadAction\",\"target\":[\"https:\/\/gegokids.ee\/toode\/mm-toidukuubikute-rest\/\"]}]},{\"@type\":\"ImageObject\",\"inLanguage\":\"en-US\",\"@id\":\"https:\/\/gegokids.ee\/toode\/mm-toidukuubikute-rest\/#primaryimage\",\"url\":\"https:\/\/gegokids.ee\/wp-content\/uploads\/2022\/06\/MM-Toidukuubikute-Rest-Lilla.png\",\"contentUrl\":\"https:\/\/gegokids.ee\/wp-content\/uploads\/2022\/06\/MM-Toidukuubikute-Rest-Lilla.png\",\"width\":800,\"height\":533},{\"@type\":\"BreadcrumbList\",\"@id\":\"https:\/\/gegokids.ee\/toode\/mm-toidukuubikute-rest\/#breadcrumb\",\"itemListElement\":[{\"@type\":\"ListItem\",\"position\":1,\"name\":\"Home\",\"item\":\"https:\/\/gegokids.ee\/en\/\"},{\"@type\":\"ListItem\",\"position\":2,\"name\":\"E-pood\",\"item\":\"https:\/\/gegokids.ee\/e-pood\/\"},{\"@type\":\"ListItem\",\"position\":3,\"name\":\"Marcus &amp; Marcus toidukuubikute rest\"}]},{\"@type\":\"WebSite\",\"@id\":\"https:\/\/gegokids.ee\/#website\",\"url\":\"https:\/\/gegokids.ee\/\",\"name\":\"Gegokids\",\"description\":\"Kvaliteetsed ja turvalised laste m\u00e4nguasjad.\",\"publisher\":{\"@id\":\"https:\/\/gegokids.ee\/#organization\"},\"potentialAction\":[{\"@type\":\"SearchAction\",\"target\":{\"@type\":\"EntryPoint\",\"urlTemplate\":\"https:\/\/gegokids.ee\/?s={search_term_string}\"},\"query-input\":{\"@type\":\"PropertyValueSpecification\",\"valueRequired\":true,\"valueName\":\"search_term_string\"}}],\"inLanguage\":\"en-US\"},{\"@type\":\"Organization\",\"@id\":\"https:\/\/gegokids.ee\/#organization\",\"name\":\"Gegokids\",\"url\":\"https:\/\/gegokids.ee\/\",\"logo\":{\"@type\":\"ImageObject\",\"inLanguage\":\"en-US\",\"@id\":\"https:\/\/gegokids.ee\/#\/schema\/logo\/image\/\",\"url\":\"https:\/\/gegokids.ee\/wp-content\/uploads\/2022\/06\/logo2.png\",\"contentUrl\":\"https:\/\/gegokids.ee\/wp-content\/uploads\/2022\/06\/logo2.png\",\"width\":358,\"height\":104,\"caption\":\"Gegokids\"},\"image\":{\"@id\":\"https:\/\/gegokids.ee\/#\/schema\/logo\/image\/\"},\"sameAs\":[\"https:\/\/www.facebook.com\/GegoKids\",\"https:\/\/www.instagram.com\/gegokids.ee\/\"]}]}<\/script>\n<!-- \/ Yoast SEO plugin. -->","yoast_head_json":{"title":"Marcus &amp; Marcus toidukuubikute rest | Gegokids","description":"Marcus & Marcus toidukuubikute rest on m\u00f5eldud tavap\u00e4rasest suuremate kuubikute k\u00fclmutamiseks, et toitu ettevalmistamine oleks mugav ja lihtne. Sinna saab valmistada 6 portsjonit, millest \u00fche portsjoni suurus on kuni 60 ml. Restil on sees ka eraldusjoon, juhuks, kui on soov valmistada v\u00e4iksemaid portsjone (30 ml, 60ml), nii saate kindlad olla ilma \u00fchegi lisaliigutuseta, kui suured on portsjonid, mis beebi s\u00f6\u00f6b. Toidukuubikute restil on ka silikoonist kaas, n\u00fc\u00fcdsest ei pea te enam j\u00e4\u00e4kuubikute reste kiletama! Rest on valmistatud temperatuurikindlast toidusilikoonist ning sobib s\u00fcgavk\u00fclmas kasutamiseks, mikrouunis kasutamiseks ning n\u00f5udepesumasinas \u00fclemisel restil pesemiseks.\u00a0","robots":{"index":"index","follow":"follow","max-snippet":"max-snippet:-1","max-image-preview":"max-image-preview:large","max-video-preview":"max-video-preview:-1"},"canonical":"https:\/\/gegokids.ee\/en\/product\/mm-toidukuubikute-rest\/","og_locale":"en_US","og_type":"article","og_title":"Marcus &amp; Marcus toidukuubikute rest | Gegokids","og_description":"Marcus & Marcus toidukuubikute rest on m\u00f5eldud tavap\u00e4rasest suuremate kuubikute k\u00fclmutamiseks, et toitu ettevalmistamine oleks mugav ja lihtne. Sinna saab valmistada 6 portsjonit, millest \u00fche portsjoni suurus on kuni 60 ml. Restil on sees ka eraldusjoon, juhuks, kui on soov valmistada v\u00e4iksemaid portsjone (30 ml, 60ml), nii saate kindlad olla ilma \u00fchegi lisaliigutuseta, kui suured on portsjonid, mis beebi s\u00f6\u00f6b. Toidukuubikute restil on ka silikoonist kaas, n\u00fc\u00fcdsest ei pea te enam j\u00e4\u00e4kuubikute reste kiletama! Rest on valmistatud temperatuurikindlast toidusilikoonist ning sobib s\u00fcgavk\u00fclmas kasutamiseks, mikrouunis kasutamiseks ning n\u00f5udepesumasinas \u00fclemisel restil pesemiseks.\u00a0","og_url":"https:\/\/gegokids.ee\/en\/product\/mm-toidukuubikute-rest\/","og_site_name":"Gegokids","article_publisher":"https:\/\/www.facebook.com\/GegoKids","article_modified_time":"2026-02-08T08:32:53+00:00","og_image":[{"width":800,"height":533,"url":"https:\/\/gegokids.ee\/wp-content\/uploads\/2022\/06\/MM-Toidukuubikute-Rest.png","type":"image\/png"}],"twitter_card":"summary_large_image","twitter_misc":{"Est. reading time":"1 minute"},"schema":{"@context":"https:\/\/schema.org","@graph":[{"@type":"WebPage","@id":"https:\/\/gegokids.ee\/toode\/mm-toidukuubikute-rest\/","url":"https:\/\/gegokids.ee\/toode\/mm-toidukuubikute-rest\/","name":"Marcus &amp; Marcus toidukuubikute rest | Gegokids","isPartOf":{"@id":"https:\/\/gegokids.ee\/#website"},"primaryImageOfPage":{"@id":"https:\/\/gegokids.ee\/toode\/mm-toidukuubikute-rest\/#primaryimage"},"image":{"@id":"https:\/\/gegokids.ee\/toode\/mm-toidukuubikute-rest\/#primaryimage"},"thumbnailUrl":"https:\/\/gegokids.ee\/wp-content\/uploads\/2022\/06\/MM-Toidukuubikute-Rest-Lilla.png","datePublished":"2022-06-18T13:40:37+00:00","dateModified":"2026-02-08T08:32:53+00:00","description":"Marcus & Marcus toidukuubikute rest on m\u00f5eldud tavap\u00e4rasest suuremate kuubikute k\u00fclmutamiseks, et toitu ettevalmistamine oleks mugav ja lihtne. Sinna saab valmistada 6 portsjonit, millest \u00fche portsjoni suurus on kuni 60 ml. Restil on sees ka eraldusjoon, juhuks, kui on soov valmistada v\u00e4iksemaid portsjone (30 ml, 60ml), nii saate kindlad olla ilma \u00fchegi lisaliigutuseta, kui suured on portsjonid, mis beebi s\u00f6\u00f6b. Toidukuubikute restil on ka silikoonist kaas, n\u00fc\u00fcdsest ei pea te enam j\u00e4\u00e4kuubikute reste kiletama! Rest on valmistatud temperatuurikindlast toidusilikoonist ning sobib s\u00fcgavk\u00fclmas kasutamiseks, mikrouunis kasutamiseks ning n\u00f5udepesumasinas \u00fclemisel restil pesemiseks.\u00a0","breadcrumb":{"@id":"https:\/\/gegokids.ee\/toode\/mm-toidukuubikute-rest\/#breadcrumb"},"inLanguage":"en-US","potentialAction":[{"@type":"ReadAction","target":["https:\/\/gegokids.ee\/toode\/mm-toidukuubikute-rest\/"]}]},{"@type":"ImageObject","inLanguage":"en-US","@id":"https:\/\/gegokids.ee\/toode\/mm-toidukuubikute-rest\/#primaryimage","url":"https:\/\/gegokids.ee\/wp-content\/uploads\/2022\/06\/MM-Toidukuubikute-Rest-Lilla.png","contentUrl":"https:\/\/gegokids.ee\/wp-content\/uploads\/2022\/06\/MM-Toidukuubikute-Rest-Lilla.png","width":800,"height":533},{"@type":"BreadcrumbList","@id":"https:\/\/gegokids.ee\/toode\/mm-toidukuubikute-rest\/#breadcrumb","itemListElement":[{"@type":"ListItem","position":1,"name":"Home","item":"https:\/\/gegokids.ee\/en\/"},{"@type":"ListItem","position":2,"name":"E-pood","item":"https:\/\/gegokids.ee\/e-pood\/"},{"@type":"ListItem","position":3,"name":"Marcus &amp; Marcus toidukuubikute rest"}]},{"@type":"WebSite","@id":"https:\/\/gegokids.ee\/#website","url":"https:\/\/gegokids.ee\/","name":"Gegokids","description":"Kvaliteetsed ja turvalised laste m\u00e4nguasjad.","publisher":{"@id":"https:\/\/gegokids.ee\/#organization"},"potentialAction":[{"@type":"SearchAction","target":{"@type":"EntryPoint","urlTemplate":"https:\/\/gegokids.ee\/?s={search_term_string}"},"query-input":{"@type":"PropertyValueSpecification","valueRequired":true,"valueName":"search_term_string"}}],"inLanguage":"en-US"},{"@type":"Organization","@id":"https:\/\/gegokids.ee\/#organization","name":"Gegokids","url":"https:\/\/gegokids.ee\/","logo":{"@type":"ImageObject","inLanguage":"en-US","@id":"https:\/\/gegokids.ee\/#\/schema\/logo\/image\/","url":"https:\/\/gegokids.ee\/wp-content\/uploads\/2022\/06\/logo2.png","contentUrl":"https:\/\/gegokids.ee\/wp-content\/uploads\/2022\/06\/logo2.png","width":358,"height":104,"caption":"Gegokids"},"image":{"@id":"https:\/\/gegokids.ee\/#\/schema\/logo\/image\/"},"sameAs":["https:\/\/www.facebook.com\/GegoKids","https:\/\/www.instagram.com\/gegokids.ee\/"]}]}},"_links":{"self":[{"href":"https:\/\/gegokids.ee\/en\/wp-json\/wp\/v2\/product\/20541","targetHints":{"allow":["GET"]}}],"collection":[{"href":"https:\/\/gegokids.ee\/en\/wp-json\/wp\/v2\/product"}],"about":[{"href":"https:\/\/gegokids.ee\/en\/wp-json\/wp\/v2\/types\/product"}],"replies":[{"embeddable":true,"href":"https:\/\/gegokids.ee\/en\/wp-json\/wp\/v2\/comments?post=20541"}],"version-history":[{"count":5,"href":"https:\/\/gegokids.ee\/en\/wp-json\/wp\/v2\/product\/20541\/revisions"}],"predecessor-version":[{"id":28734,"href":"https:\/\/gegokids.ee\/en\/wp-json\/wp\/v2\/product\/20541\/revisions\/28734"}],"wp:featuredmedia":[{"embeddable":true,"href":"https:\/\/gegokids.ee\/en\/wp-json\/wp\/v2\/media\/21761"}],"wp:attachment":[{"href":"https:\/\/gegokids.ee\/en\/wp-json\/wp\/v2\/media?parent=20541"}],"wp:term":[{"taxonomy":"product_brand","embeddable":true,"href":"https:\/\/gegokids.ee\/en\/wp-json\/wp\/v2\/product_brand?post=20541"},{"taxonomy":"product_cat","embeddable":true,"href":"https:\/\/gegokids.ee\/en\/wp-json\/wp\/v2\/product_cat?post=20541"},{"taxonomy":"product_tag","embeddable":true,"href":"https:\/\/gegokids.ee\/en\/wp-json\/wp\/v2\/product_tag?post=20541"}],"curies":[{"name":"wp","href":"https:\/\/api.w.org\/{rel}","templated":true}]}}