{"id":20486,"date":"2022-06-18T13:39:46","date_gmt":"2022-06-18T13:39:46","guid":{"rendered":"https:\/\/gegokids.ee\/?post_type=product&#038;p=20486"},"modified":"2026-02-15T18:07:33","modified_gmt":"2026-02-15T15:07:33","slug":"mm-pureelusikaga-komplekt","status":"publish","type":"product","link":"https:\/\/gegokids.ee\/en\/product\/mm-pureelusikaga-komplekt\/","title":{"rendered":"Marcus &amp; Marcus p\u00fcreelusikaga komplekt"},"content":{"rendered":"<div class=\"wpb_text_column wpb_content_element\">\n<div class=\"wpb_wrapper\">\n<p><span style=\"font-size: 12pt; color: #000000;\"><strong>Omadused:<\/strong><\/span><\/p>\n<ul>\n<li><span style=\"font-size: 12pt; color: #000000;\">BPA\/Ftalaatide vaba<\/span><\/li>\n<li><span style=\"font-size: 12pt; color: #000000;\">Koduste p\u00fcreede lihtsaks ettevalmistuseks<\/span><\/li>\n<li><span style=\"font-size: 12pt; color: #000000;\">Lusikas \u2013 pehmetipuline \u00f5rnadele igemetele<\/span><\/li>\n<li><span style=\"font-size: 12pt; color: #000000;\">2-\u00fches tampija ja lusikas<\/span><\/li>\n<\/ul>\n<p>&nbsp;<\/p>\n<p><span style=\"font-size: 12pt; color: #000000;\"><strong>Puhastamine ja hooldus:<\/strong><\/span><\/p>\n<ul>\n<li><span style=\"font-size: 12pt; color: #000000;\">Pestav n\u00f5udepesumasinas AINULT \u00fclemisel restil<\/span><\/li>\n<li><span style=\"font-size: 12pt; color: #000000;\">Sobib s\u00fcgavk\u00fclmas kasutamiseks<\/span><\/li>\n<li><span style=\"font-size: 12pt; color: #000000;\">Mikrolaineahjus kasutatav (ainult taldrik)<\/span><\/li>\n<li><span style=\"font-size: 12pt; color: #000000;\">Auruga steriliseeritav<\/span><\/li>\n<li><span style=\"font-size: 12pt; color: #000000;\">Plekid on lihtsasti eemaldatavad sooja seebiveega<\/span><\/li>\n<\/ul>\n<p><span style=\"font-size: 12pt; color: #000000;\"><strong>M\u00f5\u00f5dud:<\/strong><\/span><br \/>\n<span style=\"font-size: 12pt; color: #000000;\">Lusikas: 110 x 28 x 19 mm<\/span><br \/>\n<span style=\"font-size: 12pt; color: #000000;\">Kauss: 103 x 97 x 36.5 mm<\/span><\/p>\n<p>&nbsp;<\/p>\n<p><span style=\"font-size: 12pt; color: #000000;\"><strong>Materjal:<br \/>\n<\/strong>Lusikas: toidusilikoon ja mangaanteras<\/span><br \/>\n<span style=\"font-size: 12pt; color: #000000;\">Kauss:toidusilikoon<\/span><\/p>\n<p>&nbsp;<\/p>\n<p><span style=\"font-size: 12pt; color: #000000;\"><strong>Vastupidavus temperatuurid:<\/strong><\/span><br \/>\n<span style=\"font-size: 12pt; color: #000000;\">-20\u00b0C kuni 120\u00b0C<\/span><\/p>\n<p><span style=\"font-size: 12pt; color: #000000;\"><strong>Vanus:<\/strong><\/span><br \/>\n<span style=\"font-size: 12pt; color: #000000;\">6 kuud+<\/span><\/p>\n<\/div>\n<\/div>","protected":false},"excerpt":{"rendered":"<div class=\"wpb_text_column wpb_content_element\">\n<div class=\"wpb_wrapper\">\n<div class=\"page\" title=\"Page 24\">\n<div class=\"section\">\n<div class=\"layoutArea\">\n<div class=\"column\">\n<p><span style=\"font-size: 12pt; color: #000000;\">Marcus and Marcus tambiga p\u00fcreelusikas ja kausi komplekti kuulub 2-\u00fches lusikat, mille \u00fches otsas on pehmetipuline lusika otsik ja teises otsas p\u00fcreestaja, millega saab pehmeks keedetud\/aurutatud toidu p\u00fcreeks purustada. Komplekt sobib imeliselt esimesteks v\u00e4ikesteks ampsudeks, pakkudes sealjuures beebile v\u00e4rskeimat ja parimat toitu. Kausi p\u00f5hi on disainitud nii, et toidu purustamine oleks kiire ja lihtne. Lusikas on eriti pehme tipuga, et hoida \u00f5rnasid igemeid. Komplekt on valmistatud BPA ning ftalaatide vabast toidusilikoonist.\u00a0 Valikus on roosat ning sinist v\u00e4rvitooni.<\/span><\/p>\n<\/div>\n<p><strong><span style=\"font-size: 12pt; color: #000000;\">Tarne 3-8 t\u00f6\u00f6p\u00e4eva!<\/span><\/strong><\/p>\n<\/div>\n<\/div>\n<\/div>\n<\/div>\n<\/div>","protected":false},"featured_media":21772,"comment_status":"closed","ping_status":"closed","template":"","meta":[],"product_brand":[455],"product_cat":[285,422],"product_tag":[474,457,458],"class_list":{"0":"post-20486","1":"product","2":"type-product","3":"status-publish","4":"has-post-thumbnail","6":"product_brand-marcus-marcus","7":"product_cat-koik","8":"product_cat-laste-soogikomplektid","9":"product_tag-soomistarvikud","10":"product_tag-beebidele-0-1-a","11":"product_tag-vaikelastele-1-3-a","13":"first","14":"instock","15":"shipping-taxable","16":"purchasable","17":"product-type-variable"},"yoast_head":"<!-- This site is optimized with the Yoast SEO plugin v26.9 - https:\/\/yoast.com\/product\/yoast-seo-wordpress\/ -->\n<title>Marcus &amp; Marcus p\u00fcreelusikaga komplekt | Gegokids<\/title>\n<meta name=\"description\" content=\"P\u00fcreelusika ja -kausi komplekt beebidele, mis v\u00f5imaldab toidu purustamist ja s\u00f6\u00f6tmist \u00fche tootega. Marcus &amp; Marcus p\u00fcreelusikakomplekt sobib alates 6.kuust.\" \/>\n<meta name=\"robots\" content=\"index, follow, max-snippet:-1, max-image-preview:large, max-video-preview:-1\" \/>\n<link rel=\"canonical\" href=\"https:\/\/gegokids.ee\/en\/product\/mm-pureelusikaga-komplekt\/\" \/>\n<meta property=\"og:locale\" content=\"en_US\" \/>\n<meta property=\"og:type\" content=\"article\" \/>\n<meta property=\"og:title\" content=\"Marcus &amp; Marcus p\u00fcreelusikaga komplekt | Gegokids\" \/>\n<meta property=\"og:description\" content=\"P\u00fcreelusika ja -kausi komplekt beebidele, mis v\u00f5imaldab toidu purustamist ja s\u00f6\u00f6tmist \u00fche tootega. Marcus &amp; Marcus p\u00fcreelusikakomplekt sobib alates 6.kuust.\" \/>\n<meta property=\"og:url\" content=\"https:\/\/gegokids.ee\/en\/product\/mm-pureelusikaga-komplekt\/\" \/>\n<meta property=\"og:site_name\" content=\"Gegokids\" \/>\n<meta property=\"article:publisher\" content=\"https:\/\/www.facebook.com\/GegoKids\" \/>\n<meta property=\"article:modified_time\" content=\"2026-02-15T15:07:33+00:00\" \/>\n<meta property=\"og:image\" content=\"https:\/\/gegokids.ee\/wp-content\/uploads\/2022\/06\/MM-Pureelusikaga-Komplekt-Roosa.png\" \/>\n\t<meta property=\"og:image:width\" content=\"800\" \/>\n\t<meta property=\"og:image:height\" content=\"533\" \/>\n\t<meta property=\"og:image:type\" content=\"image\/png\" \/>\n<meta name=\"twitter:card\" content=\"summary_large_image\" \/>\n<meta name=\"twitter:label1\" content=\"Est. reading time\" \/>\n\t<meta name=\"twitter:data1\" content=\"1 minute\" \/>\n<script type=\"application\/ld+json\" class=\"yoast-schema-graph\">{\"@context\":\"https:\/\/schema.org\",\"@graph\":[{\"@type\":\"WebPage\",\"@id\":\"https:\/\/gegokids.ee\/toode\/mm-pureelusikaga-komplekt\/\",\"url\":\"https:\/\/gegokids.ee\/toode\/mm-pureelusikaga-komplekt\/\",\"name\":\"Marcus &amp; Marcus p\u00fcreelusikaga komplekt | Gegokids\",\"isPartOf\":{\"@id\":\"https:\/\/gegokids.ee\/#website\"},\"primaryImageOfPage\":{\"@id\":\"https:\/\/gegokids.ee\/toode\/mm-pureelusikaga-komplekt\/#primaryimage\"},\"image\":{\"@id\":\"https:\/\/gegokids.ee\/toode\/mm-pureelusikaga-komplekt\/#primaryimage\"},\"thumbnailUrl\":\"https:\/\/gegokids.ee\/wp-content\/uploads\/2022\/06\/MM-Pureelusikaga-Komplekt-Roosa.png\",\"datePublished\":\"2022-06-18T13:39:46+00:00\",\"dateModified\":\"2026-02-15T15:07:33+00:00\",\"description\":\"P\u00fcreelusika ja -kausi komplekt beebidele, mis v\u00f5imaldab toidu purustamist ja s\u00f6\u00f6tmist \u00fche tootega. Marcus & Marcus p\u00fcreelusikakomplekt sobib alates 6.kuust.\",\"breadcrumb\":{\"@id\":\"https:\/\/gegokids.ee\/toode\/mm-pureelusikaga-komplekt\/#breadcrumb\"},\"inLanguage\":\"en-US\",\"potentialAction\":[{\"@type\":\"ReadAction\",\"target\":[\"https:\/\/gegokids.ee\/toode\/mm-pureelusikaga-komplekt\/\"]}]},{\"@type\":\"ImageObject\",\"inLanguage\":\"en-US\",\"@id\":\"https:\/\/gegokids.ee\/toode\/mm-pureelusikaga-komplekt\/#primaryimage\",\"url\":\"https:\/\/gegokids.ee\/wp-content\/uploads\/2022\/06\/MM-Pureelusikaga-Komplekt-Roosa.png\",\"contentUrl\":\"https:\/\/gegokids.ee\/wp-content\/uploads\/2022\/06\/MM-Pureelusikaga-Komplekt-Roosa.png\",\"width\":800,\"height\":533},{\"@type\":\"BreadcrumbList\",\"@id\":\"https:\/\/gegokids.ee\/toode\/mm-pureelusikaga-komplekt\/#breadcrumb\",\"itemListElement\":[{\"@type\":\"ListItem\",\"position\":1,\"name\":\"Home\",\"item\":\"https:\/\/gegokids.ee\/en\/\"},{\"@type\":\"ListItem\",\"position\":2,\"name\":\"E-pood\",\"item\":\"https:\/\/gegokids.ee\/e-pood\/\"},{\"@type\":\"ListItem\",\"position\":3,\"name\":\"Marcus &amp; Marcus p\u00fcreelusikaga komplekt\"}]},{\"@type\":\"WebSite\",\"@id\":\"https:\/\/gegokids.ee\/#website\",\"url\":\"https:\/\/gegokids.ee\/\",\"name\":\"Gegokids\",\"description\":\"Kvaliteetsed ja turvalised laste m\u00e4nguasjad.\",\"publisher\":{\"@id\":\"https:\/\/gegokids.ee\/#organization\"},\"potentialAction\":[{\"@type\":\"SearchAction\",\"target\":{\"@type\":\"EntryPoint\",\"urlTemplate\":\"https:\/\/gegokids.ee\/?s={search_term_string}\"},\"query-input\":{\"@type\":\"PropertyValueSpecification\",\"valueRequired\":true,\"valueName\":\"search_term_string\"}}],\"inLanguage\":\"en-US\"},{\"@type\":\"Organization\",\"@id\":\"https:\/\/gegokids.ee\/#organization\",\"name\":\"Gegokids\",\"url\":\"https:\/\/gegokids.ee\/\",\"logo\":{\"@type\":\"ImageObject\",\"inLanguage\":\"en-US\",\"@id\":\"https:\/\/gegokids.ee\/#\/schema\/logo\/image\/\",\"url\":\"https:\/\/gegokids.ee\/wp-content\/uploads\/2022\/06\/logo2.png\",\"contentUrl\":\"https:\/\/gegokids.ee\/wp-content\/uploads\/2022\/06\/logo2.png\",\"width\":358,\"height\":104,\"caption\":\"Gegokids\"},\"image\":{\"@id\":\"https:\/\/gegokids.ee\/#\/schema\/logo\/image\/\"},\"sameAs\":[\"https:\/\/www.facebook.com\/GegoKids\",\"https:\/\/www.instagram.com\/gegokids.ee\/\"]}]}<\/script>\n<!-- \/ Yoast SEO plugin. -->","yoast_head_json":{"title":"Marcus &amp; Marcus p\u00fcreelusikaga komplekt | Gegokids","description":"P\u00fcreelusika ja -kausi komplekt beebidele, mis v\u00f5imaldab toidu purustamist ja s\u00f6\u00f6tmist \u00fche tootega. Marcus & Marcus p\u00fcreelusikakomplekt sobib alates 6.kuust.","robots":{"index":"index","follow":"follow","max-snippet":"max-snippet:-1","max-image-preview":"max-image-preview:large","max-video-preview":"max-video-preview:-1"},"canonical":"https:\/\/gegokids.ee\/en\/product\/mm-pureelusikaga-komplekt\/","og_locale":"en_US","og_type":"article","og_title":"Marcus &amp; Marcus p\u00fcreelusikaga komplekt | Gegokids","og_description":"P\u00fcreelusika ja -kausi komplekt beebidele, mis v\u00f5imaldab toidu purustamist ja s\u00f6\u00f6tmist \u00fche tootega. Marcus & Marcus p\u00fcreelusikakomplekt sobib alates 6.kuust.","og_url":"https:\/\/gegokids.ee\/en\/product\/mm-pureelusikaga-komplekt\/","og_site_name":"Gegokids","article_publisher":"https:\/\/www.facebook.com\/GegoKids","article_modified_time":"2026-02-15T15:07:33+00:00","og_image":[{"width":800,"height":533,"url":"https:\/\/gegokids.ee\/wp-content\/uploads\/2022\/06\/MM-Pureelusikaga-Komplekt-Roosa.png","type":"image\/png"}],"twitter_card":"summary_large_image","twitter_misc":{"Est. reading time":"1 minute"},"schema":{"@context":"https:\/\/schema.org","@graph":[{"@type":"WebPage","@id":"https:\/\/gegokids.ee\/toode\/mm-pureelusikaga-komplekt\/","url":"https:\/\/gegokids.ee\/toode\/mm-pureelusikaga-komplekt\/","name":"Marcus &amp; Marcus p\u00fcreelusikaga komplekt | Gegokids","isPartOf":{"@id":"https:\/\/gegokids.ee\/#website"},"primaryImageOfPage":{"@id":"https:\/\/gegokids.ee\/toode\/mm-pureelusikaga-komplekt\/#primaryimage"},"image":{"@id":"https:\/\/gegokids.ee\/toode\/mm-pureelusikaga-komplekt\/#primaryimage"},"thumbnailUrl":"https:\/\/gegokids.ee\/wp-content\/uploads\/2022\/06\/MM-Pureelusikaga-Komplekt-Roosa.png","datePublished":"2022-06-18T13:39:46+00:00","dateModified":"2026-02-15T15:07:33+00:00","description":"P\u00fcreelusika ja -kausi komplekt beebidele, mis v\u00f5imaldab toidu purustamist ja s\u00f6\u00f6tmist \u00fche tootega. Marcus & Marcus p\u00fcreelusikakomplekt sobib alates 6.kuust.","breadcrumb":{"@id":"https:\/\/gegokids.ee\/toode\/mm-pureelusikaga-komplekt\/#breadcrumb"},"inLanguage":"en-US","potentialAction":[{"@type":"ReadAction","target":["https:\/\/gegokids.ee\/toode\/mm-pureelusikaga-komplekt\/"]}]},{"@type":"ImageObject","inLanguage":"en-US","@id":"https:\/\/gegokids.ee\/toode\/mm-pureelusikaga-komplekt\/#primaryimage","url":"https:\/\/gegokids.ee\/wp-content\/uploads\/2022\/06\/MM-Pureelusikaga-Komplekt-Roosa.png","contentUrl":"https:\/\/gegokids.ee\/wp-content\/uploads\/2022\/06\/MM-Pureelusikaga-Komplekt-Roosa.png","width":800,"height":533},{"@type":"BreadcrumbList","@id":"https:\/\/gegokids.ee\/toode\/mm-pureelusikaga-komplekt\/#breadcrumb","itemListElement":[{"@type":"ListItem","position":1,"name":"Home","item":"https:\/\/gegokids.ee\/en\/"},{"@type":"ListItem","position":2,"name":"E-pood","item":"https:\/\/gegokids.ee\/e-pood\/"},{"@type":"ListItem","position":3,"name":"Marcus &amp; Marcus p\u00fcreelusikaga komplekt"}]},{"@type":"WebSite","@id":"https:\/\/gegokids.ee\/#website","url":"https:\/\/gegokids.ee\/","name":"Gegokids","description":"Kvaliteetsed ja turvalised laste m\u00e4nguasjad.","publisher":{"@id":"https:\/\/gegokids.ee\/#organization"},"potentialAction":[{"@type":"SearchAction","target":{"@type":"EntryPoint","urlTemplate":"https:\/\/gegokids.ee\/?s={search_term_string}"},"query-input":{"@type":"PropertyValueSpecification","valueRequired":true,"valueName":"search_term_string"}}],"inLanguage":"en-US"},{"@type":"Organization","@id":"https:\/\/gegokids.ee\/#organization","name":"Gegokids","url":"https:\/\/gegokids.ee\/","logo":{"@type":"ImageObject","inLanguage":"en-US","@id":"https:\/\/gegokids.ee\/#\/schema\/logo\/image\/","url":"https:\/\/gegokids.ee\/wp-content\/uploads\/2022\/06\/logo2.png","contentUrl":"https:\/\/gegokids.ee\/wp-content\/uploads\/2022\/06\/logo2.png","width":358,"height":104,"caption":"Gegokids"},"image":{"@id":"https:\/\/gegokids.ee\/#\/schema\/logo\/image\/"},"sameAs":["https:\/\/www.facebook.com\/GegoKids","https:\/\/www.instagram.com\/gegokids.ee\/"]}]}},"_links":{"self":[{"href":"https:\/\/gegokids.ee\/en\/wp-json\/wp\/v2\/product\/20486","targetHints":{"allow":["GET"]}}],"collection":[{"href":"https:\/\/gegokids.ee\/en\/wp-json\/wp\/v2\/product"}],"about":[{"href":"https:\/\/gegokids.ee\/en\/wp-json\/wp\/v2\/types\/product"}],"replies":[{"embeddable":true,"href":"https:\/\/gegokids.ee\/en\/wp-json\/wp\/v2\/comments?post=20486"}],"version-history":[{"count":5,"href":"https:\/\/gegokids.ee\/en\/wp-json\/wp\/v2\/product\/20486\/revisions"}],"predecessor-version":[{"id":29092,"href":"https:\/\/gegokids.ee\/en\/wp-json\/wp\/v2\/product\/20486\/revisions\/29092"}],"wp:featuredmedia":[{"embeddable":true,"href":"https:\/\/gegokids.ee\/en\/wp-json\/wp\/v2\/media\/21772"}],"wp:attachment":[{"href":"https:\/\/gegokids.ee\/en\/wp-json\/wp\/v2\/media?parent=20486"}],"wp:term":[{"taxonomy":"product_brand","embeddable":true,"href":"https:\/\/gegokids.ee\/en\/wp-json\/wp\/v2\/product_brand?post=20486"},{"taxonomy":"product_cat","embeddable":true,"href":"https:\/\/gegokids.ee\/en\/wp-json\/wp\/v2\/product_cat?post=20486"},{"taxonomy":"product_tag","embeddable":true,"href":"https:\/\/gegokids.ee\/en\/wp-json\/wp\/v2\/product_tag?post=20486"}],"curies":[{"name":"wp","href":"https:\/\/api.w.org\/{rel}","templated":true}]}}