{"id":20464,"date":"2022-06-18T13:39:23","date_gmt":"2022-06-18T13:39:23","guid":{"rendered":"https:\/\/gegokids.ee\/?post_type=product&#038;p=20464"},"modified":"2026-02-07T23:47:40","modified_gmt":"2026-02-07T20:47:40","slug":"mm-vaikeste-kate-lusikas","status":"publish","type":"product","link":"https:\/\/gegokids.ee\/en\/product\/mm-vaikeste-kate-lusikas\/","title":{"rendered":"Marcus &amp; Marcus v\u00e4ikeste k\u00e4te lusikas"},"content":{"rendered":"<p><span style=\"font-size: 12pt; color: #000000;\"><strong>Omadused:<\/strong><\/span><\/p>\n<ul>\n<li><span style=\"font-size: 12pt; color: #000000;\">BPA\/ Ftalaatide vaba<\/span><\/li>\n<li><span style=\"font-size: 12pt; color: #000000;\">Pehme tipuline otsik<\/span><\/li>\n<li><span style=\"font-size: 12pt; color: #000000;\">Lihtsasti haaratav <\/span><\/li>\n<li><span style=\"font-size: 12pt; color: #000000;\">Sobitub v\u00e4ikeste k\u00e4tega<\/span><\/li>\n<li><span style=\"font-size: 12pt; color: #000000;\">Kerge kaaluga<\/span><\/li>\n<\/ul>\n<p><span style=\"font-size: 12pt; color: #000000;\"><strong>Puhastamine ja hooldus:<\/strong><\/span><\/p>\n<ul>\n<li><span style=\"font-size: 12pt; color: #000000;\">Pestavad n\u00f5udepesumasinas AINULT \u00fclemisel riiulil<\/span><\/li>\n<li><span style=\"font-size: 12pt; color: #000000;\">Aurutamiseks sobiv<\/span><\/li>\n<li><span style=\"font-size: 12pt; color: #000000;\">Ei sobi kasutamiseks mikrouunis<\/span><\/li>\n<li><span style=\"font-size: 12pt; color: #000000;\">Plekid on eemaldatavad sooja seebiveega<\/span><\/li>\n<\/ul>\n<p><span style=\"font-size: 12pt; color: #000000;\"><strong>M\u00f5\u00f5dud:<\/strong><\/span><br \/>\n<span style=\"font-size: 12pt; color: #000000;\">29 x 22 x 90 mm<\/span><\/p>\n<p><span style=\"font-size: 12pt; color: #000000;\"><strong>Materjal:<\/strong><\/span><br \/>\n<span style=\"font-size: 12pt; color: #000000;\">Toidusilikoon<\/span><\/p>\n<p><span style=\"font-size: 12pt; color: #000000;\"><strong>Vastupidavus temperatuurid:<\/strong><\/span><br \/>\n<span style=\"font-size: 12pt; color: #000000;\">-20\u00b0C kuni 120\u00b0C<\/span><\/p>\n<p><span style=\"font-size: 12pt; color: #000000;\"><strong>Vanus:<\/strong><\/span><br \/>\n<span style=\"font-size: 12pt; color: #000000;\">12 kuud+<\/span><\/p>","protected":false},"excerpt":{"rendered":"<p><span style=\"font-size: 12pt; color: #000000;\">Marcus &amp; Marcus silikoonist valmistatud lusikas on disainitud just v\u00e4ikestele k\u00e4tele m\u00f5eldes. Iseseisvaks s\u00f6\u00f6miseks miniatuurne lusikas on ideaalne harjutamaks lusika kasutamist. Lusikas on valmistatud imepehmest toidusilikoonist, mis on hell lapse igemete vastu ning muudab kasutamise eriti meeldivaks. V\u00e4ikestele k\u00e4tele m\u00f5eldud lusikas sobib kasutamiseks nii paremak\u00e4elisetele, kui vasakuk\u00e4elistele. Anna lapsele v\u00f5imalus s\u00f6\u00f6mise protsessiga ise toimetulekuks, ta suudab seda!<\/span><\/p>\n<p>&nbsp;<\/p>\n<p><span style=\"font-size: 12pt; color: #000000;\"><strong>Tarne 2-5 t\u00f6\u00f6p\u00e4eva!<\/strong><\/span><\/p>","protected":false},"featured_media":21782,"comment_status":"closed","ping_status":"closed","template":"","meta":[],"product_brand":[455],"product_cat":[285,422],"product_tag":[474,457],"class_list":{"0":"post-20464","1":"product","2":"type-product","3":"status-publish","4":"has-post-thumbnail","6":"product_brand-marcus-marcus","7":"product_cat-koik","8":"product_cat-laste-soogikomplektid","9":"product_tag-soomistarvikud","10":"product_tag-beebidele-0-1-a","12":"first","13":"instock","14":"shipping-taxable","15":"purchasable","16":"product-type-variable"},"yoast_head":"<!-- This site is optimized with the Yoast SEO plugin v26.9 - https:\/\/yoast.com\/product\/yoast-seo-wordpress\/ -->\n<title>Marcus &amp; Marcus v\u00e4ikeste k\u00e4te lusikas | Gegokids<\/title>\n<meta name=\"description\" content=\"Marcus &amp; Marcus silikoonist valmistatud lusikas on disainitud just v\u00e4ikestele k\u00e4tele m\u00f5eldes. Iseseisvaks s\u00f6\u00f6miseks miniatuurne lusikas on ideaalne harjutamaks lusika kasutamist. Lusikas on valmistatud imepehmest toidusilikoonist, mis on hell lapse igemete vastu ning muudab kasutamise eriti meeldivaks. V\u00e4ikestele k\u00e4tele m\u00f5eldud lusikas sobib kasutamiseks nii paremak\u00e4elisetele, kui vasakuk\u00e4elistele. Anna lapsele v\u00f5imalus s\u00f6\u00f6mise protsessiga ise toimetulekuks, ta suudab seda!\" \/>\n<meta name=\"robots\" content=\"index, follow, max-snippet:-1, max-image-preview:large, max-video-preview:-1\" \/>\n<link rel=\"canonical\" href=\"https:\/\/gegokids.ee\/en\/product\/mm-vaikeste-kate-lusikas\/\" \/>\n<meta property=\"og:locale\" content=\"en_US\" \/>\n<meta property=\"og:type\" content=\"article\" \/>\n<meta property=\"og:title\" content=\"Marcus &amp; Marcus v\u00e4ikeste k\u00e4te lusikas | Gegokids\" \/>\n<meta property=\"og:description\" content=\"Marcus &amp; Marcus silikoonist valmistatud lusikas on disainitud just v\u00e4ikestele k\u00e4tele m\u00f5eldes. Iseseisvaks s\u00f6\u00f6miseks miniatuurne lusikas on ideaalne harjutamaks lusika kasutamist. Lusikas on valmistatud imepehmest toidusilikoonist, mis on hell lapse igemete vastu ning muudab kasutamise eriti meeldivaks. V\u00e4ikestele k\u00e4tele m\u00f5eldud lusikas sobib kasutamiseks nii paremak\u00e4elisetele, kui vasakuk\u00e4elistele. Anna lapsele v\u00f5imalus s\u00f6\u00f6mise protsessiga ise toimetulekuks, ta suudab seda!\" \/>\n<meta property=\"og:url\" content=\"https:\/\/gegokids.ee\/en\/product\/mm-vaikeste-kate-lusikas\/\" \/>\n<meta property=\"og:site_name\" content=\"Gegokids\" \/>\n<meta property=\"article:publisher\" content=\"https:\/\/www.facebook.com\/GegoKids\" \/>\n<meta property=\"article:modified_time\" content=\"2026-02-07T20:47:40+00:00\" \/>\n<meta property=\"og:image\" content=\"https:\/\/gegokids.ee\/wp-content\/uploads\/2022\/06\/MM-Vaikeste-Kate-Lusikas-Roheline.png\" \/>\n\t<meta property=\"og:image:width\" content=\"800\" \/>\n\t<meta property=\"og:image:height\" content=\"533\" \/>\n\t<meta property=\"og:image:type\" content=\"image\/png\" \/>\n<meta name=\"twitter:card\" content=\"summary_large_image\" \/>\n<meta name=\"twitter:label1\" content=\"Est. reading time\" \/>\n\t<meta name=\"twitter:data1\" content=\"1 minute\" \/>\n<script type=\"application\/ld+json\" class=\"yoast-schema-graph\">{\"@context\":\"https:\/\/schema.org\",\"@graph\":[{\"@type\":\"WebPage\",\"@id\":\"https:\/\/gegokids.ee\/toode\/mm-vaikeste-kate-lusikas\/\",\"url\":\"https:\/\/gegokids.ee\/toode\/mm-vaikeste-kate-lusikas\/\",\"name\":\"Marcus &amp; Marcus v\u00e4ikeste k\u00e4te lusikas | Gegokids\",\"isPartOf\":{\"@id\":\"https:\/\/gegokids.ee\/#website\"},\"primaryImageOfPage\":{\"@id\":\"https:\/\/gegokids.ee\/toode\/mm-vaikeste-kate-lusikas\/#primaryimage\"},\"image\":{\"@id\":\"https:\/\/gegokids.ee\/toode\/mm-vaikeste-kate-lusikas\/#primaryimage\"},\"thumbnailUrl\":\"https:\/\/gegokids.ee\/wp-content\/uploads\/2022\/06\/MM-Vaikeste-Kate-Lusikas-Roheline.png\",\"datePublished\":\"2022-06-18T13:39:23+00:00\",\"dateModified\":\"2026-02-07T20:47:40+00:00\",\"description\":\"Marcus & Marcus silikoonist valmistatud lusikas on disainitud just v\u00e4ikestele k\u00e4tele m\u00f5eldes. Iseseisvaks s\u00f6\u00f6miseks miniatuurne lusikas on ideaalne harjutamaks lusika kasutamist. Lusikas on valmistatud imepehmest toidusilikoonist, mis on hell lapse igemete vastu ning muudab kasutamise eriti meeldivaks. V\u00e4ikestele k\u00e4tele m\u00f5eldud lusikas sobib kasutamiseks nii paremak\u00e4elisetele, kui vasakuk\u00e4elistele. Anna lapsele v\u00f5imalus s\u00f6\u00f6mise protsessiga ise toimetulekuks, ta suudab seda!\",\"breadcrumb\":{\"@id\":\"https:\/\/gegokids.ee\/toode\/mm-vaikeste-kate-lusikas\/#breadcrumb\"},\"inLanguage\":\"en-US\",\"potentialAction\":[{\"@type\":\"ReadAction\",\"target\":[\"https:\/\/gegokids.ee\/toode\/mm-vaikeste-kate-lusikas\/\"]}]},{\"@type\":\"ImageObject\",\"inLanguage\":\"en-US\",\"@id\":\"https:\/\/gegokids.ee\/toode\/mm-vaikeste-kate-lusikas\/#primaryimage\",\"url\":\"https:\/\/gegokids.ee\/wp-content\/uploads\/2022\/06\/MM-Vaikeste-Kate-Lusikas-Roheline.png\",\"contentUrl\":\"https:\/\/gegokids.ee\/wp-content\/uploads\/2022\/06\/MM-Vaikeste-Kate-Lusikas-Roheline.png\",\"width\":800,\"height\":533},{\"@type\":\"BreadcrumbList\",\"@id\":\"https:\/\/gegokids.ee\/toode\/mm-vaikeste-kate-lusikas\/#breadcrumb\",\"itemListElement\":[{\"@type\":\"ListItem\",\"position\":1,\"name\":\"Home\",\"item\":\"https:\/\/gegokids.ee\/en\/\"},{\"@type\":\"ListItem\",\"position\":2,\"name\":\"E-pood\",\"item\":\"https:\/\/gegokids.ee\/e-pood\/\"},{\"@type\":\"ListItem\",\"position\":3,\"name\":\"Marcus &amp; Marcus v\u00e4ikeste k\u00e4te lusikas\"}]},{\"@type\":\"WebSite\",\"@id\":\"https:\/\/gegokids.ee\/#website\",\"url\":\"https:\/\/gegokids.ee\/\",\"name\":\"Gegokids\",\"description\":\"Kvaliteetsed ja turvalised laste m\u00e4nguasjad.\",\"publisher\":{\"@id\":\"https:\/\/gegokids.ee\/#organization\"},\"potentialAction\":[{\"@type\":\"SearchAction\",\"target\":{\"@type\":\"EntryPoint\",\"urlTemplate\":\"https:\/\/gegokids.ee\/?s={search_term_string}\"},\"query-input\":{\"@type\":\"PropertyValueSpecification\",\"valueRequired\":true,\"valueName\":\"search_term_string\"}}],\"inLanguage\":\"en-US\"},{\"@type\":\"Organization\",\"@id\":\"https:\/\/gegokids.ee\/#organization\",\"name\":\"Gegokids\",\"url\":\"https:\/\/gegokids.ee\/\",\"logo\":{\"@type\":\"ImageObject\",\"inLanguage\":\"en-US\",\"@id\":\"https:\/\/gegokids.ee\/#\/schema\/logo\/image\/\",\"url\":\"https:\/\/gegokids.ee\/wp-content\/uploads\/2022\/06\/logo2.png\",\"contentUrl\":\"https:\/\/gegokids.ee\/wp-content\/uploads\/2022\/06\/logo2.png\",\"width\":358,\"height\":104,\"caption\":\"Gegokids\"},\"image\":{\"@id\":\"https:\/\/gegokids.ee\/#\/schema\/logo\/image\/\"},\"sameAs\":[\"https:\/\/www.facebook.com\/GegoKids\",\"https:\/\/www.instagram.com\/gegokids.ee\/\"]}]}<\/script>\n<!-- \/ Yoast SEO plugin. -->","yoast_head_json":{"title":"Marcus &amp; Marcus v\u00e4ikeste k\u00e4te lusikas | Gegokids","description":"Marcus & Marcus silikoonist valmistatud lusikas on disainitud just v\u00e4ikestele k\u00e4tele m\u00f5eldes. Iseseisvaks s\u00f6\u00f6miseks miniatuurne lusikas on ideaalne harjutamaks lusika kasutamist. Lusikas on valmistatud imepehmest toidusilikoonist, mis on hell lapse igemete vastu ning muudab kasutamise eriti meeldivaks. V\u00e4ikestele k\u00e4tele m\u00f5eldud lusikas sobib kasutamiseks nii paremak\u00e4elisetele, kui vasakuk\u00e4elistele. Anna lapsele v\u00f5imalus s\u00f6\u00f6mise protsessiga ise toimetulekuks, ta suudab seda!","robots":{"index":"index","follow":"follow","max-snippet":"max-snippet:-1","max-image-preview":"max-image-preview:large","max-video-preview":"max-video-preview:-1"},"canonical":"https:\/\/gegokids.ee\/en\/product\/mm-vaikeste-kate-lusikas\/","og_locale":"en_US","og_type":"article","og_title":"Marcus &amp; Marcus v\u00e4ikeste k\u00e4te lusikas | Gegokids","og_description":"Marcus & Marcus silikoonist valmistatud lusikas on disainitud just v\u00e4ikestele k\u00e4tele m\u00f5eldes. Iseseisvaks s\u00f6\u00f6miseks miniatuurne lusikas on ideaalne harjutamaks lusika kasutamist. Lusikas on valmistatud imepehmest toidusilikoonist, mis on hell lapse igemete vastu ning muudab kasutamise eriti meeldivaks. V\u00e4ikestele k\u00e4tele m\u00f5eldud lusikas sobib kasutamiseks nii paremak\u00e4elisetele, kui vasakuk\u00e4elistele. Anna lapsele v\u00f5imalus s\u00f6\u00f6mise protsessiga ise toimetulekuks, ta suudab seda!","og_url":"https:\/\/gegokids.ee\/en\/product\/mm-vaikeste-kate-lusikas\/","og_site_name":"Gegokids","article_publisher":"https:\/\/www.facebook.com\/GegoKids","article_modified_time":"2026-02-07T20:47:40+00:00","og_image":[{"width":800,"height":533,"url":"https:\/\/gegokids.ee\/wp-content\/uploads\/2022\/06\/MM-Vaikeste-Kate-Lusikas-Roheline.png","type":"image\/png"}],"twitter_card":"summary_large_image","twitter_misc":{"Est. reading time":"1 minute"},"schema":{"@context":"https:\/\/schema.org","@graph":[{"@type":"WebPage","@id":"https:\/\/gegokids.ee\/toode\/mm-vaikeste-kate-lusikas\/","url":"https:\/\/gegokids.ee\/toode\/mm-vaikeste-kate-lusikas\/","name":"Marcus &amp; Marcus v\u00e4ikeste k\u00e4te lusikas | Gegokids","isPartOf":{"@id":"https:\/\/gegokids.ee\/#website"},"primaryImageOfPage":{"@id":"https:\/\/gegokids.ee\/toode\/mm-vaikeste-kate-lusikas\/#primaryimage"},"image":{"@id":"https:\/\/gegokids.ee\/toode\/mm-vaikeste-kate-lusikas\/#primaryimage"},"thumbnailUrl":"https:\/\/gegokids.ee\/wp-content\/uploads\/2022\/06\/MM-Vaikeste-Kate-Lusikas-Roheline.png","datePublished":"2022-06-18T13:39:23+00:00","dateModified":"2026-02-07T20:47:40+00:00","description":"Marcus & Marcus silikoonist valmistatud lusikas on disainitud just v\u00e4ikestele k\u00e4tele m\u00f5eldes. Iseseisvaks s\u00f6\u00f6miseks miniatuurne lusikas on ideaalne harjutamaks lusika kasutamist. Lusikas on valmistatud imepehmest toidusilikoonist, mis on hell lapse igemete vastu ning muudab kasutamise eriti meeldivaks. V\u00e4ikestele k\u00e4tele m\u00f5eldud lusikas sobib kasutamiseks nii paremak\u00e4elisetele, kui vasakuk\u00e4elistele. Anna lapsele v\u00f5imalus s\u00f6\u00f6mise protsessiga ise toimetulekuks, ta suudab seda!","breadcrumb":{"@id":"https:\/\/gegokids.ee\/toode\/mm-vaikeste-kate-lusikas\/#breadcrumb"},"inLanguage":"en-US","potentialAction":[{"@type":"ReadAction","target":["https:\/\/gegokids.ee\/toode\/mm-vaikeste-kate-lusikas\/"]}]},{"@type":"ImageObject","inLanguage":"en-US","@id":"https:\/\/gegokids.ee\/toode\/mm-vaikeste-kate-lusikas\/#primaryimage","url":"https:\/\/gegokids.ee\/wp-content\/uploads\/2022\/06\/MM-Vaikeste-Kate-Lusikas-Roheline.png","contentUrl":"https:\/\/gegokids.ee\/wp-content\/uploads\/2022\/06\/MM-Vaikeste-Kate-Lusikas-Roheline.png","width":800,"height":533},{"@type":"BreadcrumbList","@id":"https:\/\/gegokids.ee\/toode\/mm-vaikeste-kate-lusikas\/#breadcrumb","itemListElement":[{"@type":"ListItem","position":1,"name":"Home","item":"https:\/\/gegokids.ee\/en\/"},{"@type":"ListItem","position":2,"name":"E-pood","item":"https:\/\/gegokids.ee\/e-pood\/"},{"@type":"ListItem","position":3,"name":"Marcus &amp; Marcus v\u00e4ikeste k\u00e4te lusikas"}]},{"@type":"WebSite","@id":"https:\/\/gegokids.ee\/#website","url":"https:\/\/gegokids.ee\/","name":"Gegokids","description":"Kvaliteetsed ja turvalised laste m\u00e4nguasjad.","publisher":{"@id":"https:\/\/gegokids.ee\/#organization"},"potentialAction":[{"@type":"SearchAction","target":{"@type":"EntryPoint","urlTemplate":"https:\/\/gegokids.ee\/?s={search_term_string}"},"query-input":{"@type":"PropertyValueSpecification","valueRequired":true,"valueName":"search_term_string"}}],"inLanguage":"en-US"},{"@type":"Organization","@id":"https:\/\/gegokids.ee\/#organization","name":"Gegokids","url":"https:\/\/gegokids.ee\/","logo":{"@type":"ImageObject","inLanguage":"en-US","@id":"https:\/\/gegokids.ee\/#\/schema\/logo\/image\/","url":"https:\/\/gegokids.ee\/wp-content\/uploads\/2022\/06\/logo2.png","contentUrl":"https:\/\/gegokids.ee\/wp-content\/uploads\/2022\/06\/logo2.png","width":358,"height":104,"caption":"Gegokids"},"image":{"@id":"https:\/\/gegokids.ee\/#\/schema\/logo\/image\/"},"sameAs":["https:\/\/www.facebook.com\/GegoKids","https:\/\/www.instagram.com\/gegokids.ee\/"]}]}},"_links":{"self":[{"href":"https:\/\/gegokids.ee\/en\/wp-json\/wp\/v2\/product\/20464","targetHints":{"allow":["GET"]}}],"collection":[{"href":"https:\/\/gegokids.ee\/en\/wp-json\/wp\/v2\/product"}],"about":[{"href":"https:\/\/gegokids.ee\/en\/wp-json\/wp\/v2\/types\/product"}],"replies":[{"embeddable":true,"href":"https:\/\/gegokids.ee\/en\/wp-json\/wp\/v2\/comments?post=20464"}],"version-history":[{"count":5,"href":"https:\/\/gegokids.ee\/en\/wp-json\/wp\/v2\/product\/20464\/revisions"}],"predecessor-version":[{"id":28859,"href":"https:\/\/gegokids.ee\/en\/wp-json\/wp\/v2\/product\/20464\/revisions\/28859"}],"wp:featuredmedia":[{"embeddable":true,"href":"https:\/\/gegokids.ee\/en\/wp-json\/wp\/v2\/media\/21782"}],"wp:attachment":[{"href":"https:\/\/gegokids.ee\/en\/wp-json\/wp\/v2\/media?parent=20464"}],"wp:term":[{"taxonomy":"product_brand","embeddable":true,"href":"https:\/\/gegokids.ee\/en\/wp-json\/wp\/v2\/product_brand?post=20464"},{"taxonomy":"product_cat","embeddable":true,"href":"https:\/\/gegokids.ee\/en\/wp-json\/wp\/v2\/product_cat?post=20464"},{"taxonomy":"product_tag","embeddable":true,"href":"https:\/\/gegokids.ee\/en\/wp-json\/wp\/v2\/product_tag?post=20464"}],"curies":[{"name":"wp","href":"https:\/\/api.w.org\/{rel}","templated":true}]}}