{"id":20441,"date":"2022-06-18T13:38:58","date_gmt":"2022-06-18T13:38:58","guid":{"rendered":"https:\/\/gegokids.ee\/?post_type=product&#038;p=20441"},"modified":"2026-02-08T11:14:12","modified_gmt":"2026-02-08T08:14:12","slug":"mm-elektriline-hambahari-lastele","status":"publish","type":"product","link":"https:\/\/gegokids.ee\/en\/product\/mm-elektriline-hambahari-lastele\/","title":{"rendered":"Marcus &amp; Marcus elektriline hambahari lastele"},"content":{"rendered":"<div class=\"wpb_text_column wpb_content_element\">\n<div class=\"wpb_wrapper\">\n<p><span style=\"color: #000000; font-size: 12pt;\"><strong>Omadused:<\/strong><\/span><\/p>\n<ul>\n<li><span style=\"color: #000000; font-size: 12pt;\">2 minutiline taimer<\/span><\/li>\n<li><span style=\"color: #000000; font-size: 12pt;\">Iga 30 sekundi j\u00e4rel intensiivsem vibratsioon<\/span><\/li>\n<li><span style=\"color: #000000; font-size: 12pt;\">Ergonoomiline k\u00e4epide<\/span><\/li>\n<li><span style=\"color: #000000; font-size: 12pt;\">Eriti pehmed harjased<\/span><\/li>\n<li><span style=\"color: #000000; font-size: 12pt;\">Veekindlus IPX6- veekindel<\/span><\/li>\n<li><span style=\"color: #000000; font-size: 12pt;\">Efektiivsed kumerad harjased<\/span><\/li>\n<li><span style=\"color: #000000; font-size: 12pt;\">Hambaharjale v\u00f5imalik soetada uued otsikud<\/span><\/li>\n<\/ul>\n<p><span style=\"color: #000000; font-size: 12pt;\"><strong>Puhastamine ja hooldus:<\/strong><\/span><\/p>\n<ul>\n<li><span style=\"color: #000000; font-size: 12pt;\">\u00c4rge pleegitage, kasutage mikrouunis ega steriliseerige toodet<\/span><\/li>\n<li><span style=\"color: #000000; font-size: 12pt;\">Hambaarstid soovitavad hambaharja vahetada iga 3 kuu tagant<\/span><\/li>\n<li><span style=\"color: #000000; font-size: 12pt;\">T\u00f6\u00f6tab AAA patareidel<\/span>\n<div class=\"page\" title=\"Page 86\">\n<div class=\"section\">\n<div class=\"layoutArea\"><\/div>\n<\/div>\n<\/div>\n<\/li>\n<\/ul>\n<p><span style=\"color: #000000; font-size: 12pt;\"><strong>M\u00f5\u00f5dud:<br \/>\n<\/strong>22 x 22 x 19 mm<\/span><\/p>\n<p><span style=\"color: #000000; font-size: 12pt;\"><strong>Materjal:<br \/>\n<\/strong>ABS, PP, silikoonkumm, nailon<\/span><\/p>\n<p><span style=\"color: #000000; font-size: 12pt;\"><strong>Vanus:<\/strong><\/span><br \/>\n<span style=\"color: #000000; font-size: 12pt;\">36 kuud+<\/span><\/p>\n<\/div>\n<\/div>","protected":false},"excerpt":{"rendered":"<p><span style=\"font-size: 12pt; color: #000000;\">\u00d5petage oma pisikestele, et hammaste h\u00fcgieen on t\u00e4htis, kuid v\u00f5ib samal ajal olla ka l\u00f5bus! Marcus and Marcus laste elektriline hambahari sobib h\u00e4sti esimeseks p\u00f5risevaks hambaharjaks. Selle eriti pehmed harjased on kumerad, et tagada ligip\u00e4\u00e4s ka k\u00f5ige pisematesse vahedesse.\u00a0 30 sekundiliste intervallidega hakkab hari vibreerima, et puhastada ka k\u00f5ige keerukamad kohad suus. Vibratsioon on piisavalt tugev, et tagada s\u00fcgavam puhastus, samas piisavalt \u00f5rn pisikese suu jaoks. \u00dcmmarguse kujuga k\u00e4epide on v\u00e4ikese m\u00f5\u00f5duline, et lapsel oleks mugav seda hoida. Elektriline hambahari on veekindel ja harjased on vahetatavad. Hari t\u00f6\u00f6tab AAA patareidel.\u00a0<\/span><\/p>\n<p>&nbsp;<\/p>\n<p><span style=\"font-size: 12pt; color: #000000;\"><strong>Tarne 2-5 t\u00f6\u00f6p\u00e4eva!<\/strong><\/span><\/p>","protected":false},"featured_media":21792,"comment_status":"closed","ping_status":"closed","template":"","meta":[],"product_brand":[],"product_cat":[285],"product_tag":[452,457,458,459],"class_list":{"0":"post-20441","1":"product","2":"type-product","3":"status-publish","4":"has-post-thumbnail","6":"product_cat-koik","7":"product_tag-suuhooldus","8":"product_tag-beebidele-0-1-a","9":"product_tag-vaikelastele-1-3-a","10":"product_tag-koolieelikutele-3","12":"first","13":"instock","14":"shipping-taxable","15":"purchasable","16":"product-type-variable"},"yoast_head":"<!-- This site is optimized with the Yoast SEO plugin v26.9 - https:\/\/yoast.com\/product\/yoast-seo-wordpress\/ -->\n<title>Marcus &amp; Marcus elektriline hambahari lastele | Gegokids<\/title>\n<meta name=\"description\" content=\"\u00d5petage oma pisikestele, et hammaste h\u00fcgieen on t\u00e4htis, kuid v\u00f5ib samal ajal olla ka l\u00f5bus! Marcus and Marcus laste elektriline hambahari sobib h\u00e4sti esimeseks p\u00f5risevaks hambaharjaks. Selle eriti pehmed harjased on kumerad, et tagada ligip\u00e4\u00e4s ka k\u00f5ige pisematesse vahedesse.\u00a0 30 sekundiliste intervallidega hakkab hari vibreerima, et puhastada ka k\u00f5ige keerukamad kohad suus. Vibratsioon on piisavalt tugev, et tagada s\u00fcgavam puhastus, samas piisavalt \u00f5rn pisikese suu jaoks. \u00dcmmarguse kujuga k\u00e4epide on v\u00e4ikese m\u00f5\u00f5duline, et lapsel oleks mugav seda hoida. Elektriline hambahari on veekindel ja harjased on vahetatavad. Hari t\u00f6\u00f6tab AAA patareidel.\u00a0\" \/>\n<meta name=\"robots\" content=\"index, follow, max-snippet:-1, max-image-preview:large, max-video-preview:-1\" \/>\n<link rel=\"canonical\" href=\"https:\/\/gegokids.ee\/en\/product\/mm-elektriline-hambahari-lastele\/\" \/>\n<meta property=\"og:locale\" content=\"en_US\" \/>\n<meta property=\"og:type\" content=\"article\" \/>\n<meta property=\"og:title\" content=\"Marcus &amp; Marcus elektriline hambahari lastele | Gegokids\" \/>\n<meta property=\"og:description\" content=\"\u00d5petage oma pisikestele, et hammaste h\u00fcgieen on t\u00e4htis, kuid v\u00f5ib samal ajal olla ka l\u00f5bus! Marcus and Marcus laste elektriline hambahari sobib h\u00e4sti esimeseks p\u00f5risevaks hambaharjaks. Selle eriti pehmed harjased on kumerad, et tagada ligip\u00e4\u00e4s ka k\u00f5ige pisematesse vahedesse.\u00a0 30 sekundiliste intervallidega hakkab hari vibreerima, et puhastada ka k\u00f5ige keerukamad kohad suus. Vibratsioon on piisavalt tugev, et tagada s\u00fcgavam puhastus, samas piisavalt \u00f5rn pisikese suu jaoks. \u00dcmmarguse kujuga k\u00e4epide on v\u00e4ikese m\u00f5\u00f5duline, et lapsel oleks mugav seda hoida. Elektriline hambahari on veekindel ja harjased on vahetatavad. Hari t\u00f6\u00f6tab AAA patareidel.\u00a0\" \/>\n<meta property=\"og:url\" content=\"https:\/\/gegokids.ee\/en\/product\/mm-elektriline-hambahari-lastele\/\" \/>\n<meta property=\"og:site_name\" content=\"Gegokids\" \/>\n<meta property=\"article:publisher\" content=\"https:\/\/www.facebook.com\/GegoKids\" \/>\n<meta property=\"article:modified_time\" content=\"2026-02-08T08:14:12+00:00\" \/>\n<meta property=\"og:image\" content=\"https:\/\/gegokids.ee\/wp-content\/uploads\/2022\/06\/MM-Elektriline-Hambahari-Lastele-Foto.png\" \/>\n\t<meta property=\"og:image:width\" content=\"800\" \/>\n\t<meta property=\"og:image:height\" content=\"533\" \/>\n\t<meta property=\"og:image:type\" content=\"image\/png\" \/>\n<meta name=\"twitter:card\" content=\"summary_large_image\" \/>\n<meta name=\"twitter:label1\" content=\"Est. reading time\" \/>\n\t<meta name=\"twitter:data1\" content=\"1 minute\" \/>\n<script type=\"application\/ld+json\" class=\"yoast-schema-graph\">{\"@context\":\"https:\/\/schema.org\",\"@graph\":[{\"@type\":\"WebPage\",\"@id\":\"https:\/\/gegokids.ee\/toode\/mm-elektriline-hambahari-lastele\/\",\"url\":\"https:\/\/gegokids.ee\/toode\/mm-elektriline-hambahari-lastele\/\",\"name\":\"Marcus &amp; Marcus elektriline hambahari lastele | Gegokids\",\"isPartOf\":{\"@id\":\"https:\/\/gegokids.ee\/#website\"},\"primaryImageOfPage\":{\"@id\":\"https:\/\/gegokids.ee\/toode\/mm-elektriline-hambahari-lastele\/#primaryimage\"},\"image\":{\"@id\":\"https:\/\/gegokids.ee\/toode\/mm-elektriline-hambahari-lastele\/#primaryimage\"},\"thumbnailUrl\":\"https:\/\/gegokids.ee\/wp-content\/uploads\/2022\/06\/MM-Elektriline-Hambahari-Lastel.png\",\"datePublished\":\"2022-06-18T13:38:58+00:00\",\"dateModified\":\"2026-02-08T08:14:12+00:00\",\"description\":\"\u00d5petage oma pisikestele, et hammaste h\u00fcgieen on t\u00e4htis, kuid v\u00f5ib samal ajal olla ka l\u00f5bus! Marcus and Marcus laste elektriline hambahari sobib h\u00e4sti esimeseks p\u00f5risevaks hambaharjaks. Selle eriti pehmed harjased on kumerad, et tagada ligip\u00e4\u00e4s ka k\u00f5ige pisematesse vahedesse.\u00a0 30 sekundiliste intervallidega hakkab hari vibreerima, et puhastada ka k\u00f5ige keerukamad kohad suus. Vibratsioon on piisavalt tugev, et tagada s\u00fcgavam puhastus, samas piisavalt \u00f5rn pisikese suu jaoks. \u00dcmmarguse kujuga k\u00e4epide on v\u00e4ikese m\u00f5\u00f5duline, et lapsel oleks mugav seda hoida. Elektriline hambahari on veekindel ja harjased on vahetatavad. Hari t\u00f6\u00f6tab AAA patareidel.\u00a0\",\"breadcrumb\":{\"@id\":\"https:\/\/gegokids.ee\/toode\/mm-elektriline-hambahari-lastele\/#breadcrumb\"},\"inLanguage\":\"en-US\",\"potentialAction\":[{\"@type\":\"ReadAction\",\"target\":[\"https:\/\/gegokids.ee\/toode\/mm-elektriline-hambahari-lastele\/\"]}]},{\"@type\":\"ImageObject\",\"inLanguage\":\"en-US\",\"@id\":\"https:\/\/gegokids.ee\/toode\/mm-elektriline-hambahari-lastele\/#primaryimage\",\"url\":\"https:\/\/gegokids.ee\/wp-content\/uploads\/2022\/06\/MM-Elektriline-Hambahari-Lastel.png\",\"contentUrl\":\"https:\/\/gegokids.ee\/wp-content\/uploads\/2022\/06\/MM-Elektriline-Hambahari-Lastel.png\",\"width\":800,\"height\":533},{\"@type\":\"BreadcrumbList\",\"@id\":\"https:\/\/gegokids.ee\/toode\/mm-elektriline-hambahari-lastele\/#breadcrumb\",\"itemListElement\":[{\"@type\":\"ListItem\",\"position\":1,\"name\":\"Home\",\"item\":\"https:\/\/gegokids.ee\/en\/\"},{\"@type\":\"ListItem\",\"position\":2,\"name\":\"E-pood\",\"item\":\"https:\/\/gegokids.ee\/e-pood\/\"},{\"@type\":\"ListItem\",\"position\":3,\"name\":\"Marcus &amp; Marcus elektriline hambahari lastele\"}]},{\"@type\":\"WebSite\",\"@id\":\"https:\/\/gegokids.ee\/#website\",\"url\":\"https:\/\/gegokids.ee\/\",\"name\":\"Gegokids\",\"description\":\"Kvaliteetsed ja turvalised laste m\u00e4nguasjad.\",\"publisher\":{\"@id\":\"https:\/\/gegokids.ee\/#organization\"},\"potentialAction\":[{\"@type\":\"SearchAction\",\"target\":{\"@type\":\"EntryPoint\",\"urlTemplate\":\"https:\/\/gegokids.ee\/?s={search_term_string}\"},\"query-input\":{\"@type\":\"PropertyValueSpecification\",\"valueRequired\":true,\"valueName\":\"search_term_string\"}}],\"inLanguage\":\"en-US\"},{\"@type\":\"Organization\",\"@id\":\"https:\/\/gegokids.ee\/#organization\",\"name\":\"Gegokids\",\"url\":\"https:\/\/gegokids.ee\/\",\"logo\":{\"@type\":\"ImageObject\",\"inLanguage\":\"en-US\",\"@id\":\"https:\/\/gegokids.ee\/#\/schema\/logo\/image\/\",\"url\":\"https:\/\/gegokids.ee\/wp-content\/uploads\/2022\/06\/logo2.png\",\"contentUrl\":\"https:\/\/gegokids.ee\/wp-content\/uploads\/2022\/06\/logo2.png\",\"width\":358,\"height\":104,\"caption\":\"Gegokids\"},\"image\":{\"@id\":\"https:\/\/gegokids.ee\/#\/schema\/logo\/image\/\"},\"sameAs\":[\"https:\/\/www.facebook.com\/GegoKids\",\"https:\/\/www.instagram.com\/gegokids.ee\/\"]}]}<\/script>\n<!-- \/ Yoast SEO plugin. -->","yoast_head_json":{"title":"Marcus &amp; Marcus elektriline hambahari lastele | Gegokids","description":"\u00d5petage oma pisikestele, et hammaste h\u00fcgieen on t\u00e4htis, kuid v\u00f5ib samal ajal olla ka l\u00f5bus! Marcus and Marcus laste elektriline hambahari sobib h\u00e4sti esimeseks p\u00f5risevaks hambaharjaks. Selle eriti pehmed harjased on kumerad, et tagada ligip\u00e4\u00e4s ka k\u00f5ige pisematesse vahedesse.\u00a0 30 sekundiliste intervallidega hakkab hari vibreerima, et puhastada ka k\u00f5ige keerukamad kohad suus. Vibratsioon on piisavalt tugev, et tagada s\u00fcgavam puhastus, samas piisavalt \u00f5rn pisikese suu jaoks. \u00dcmmarguse kujuga k\u00e4epide on v\u00e4ikese m\u00f5\u00f5duline, et lapsel oleks mugav seda hoida. Elektriline hambahari on veekindel ja harjased on vahetatavad. Hari t\u00f6\u00f6tab AAA patareidel.\u00a0","robots":{"index":"index","follow":"follow","max-snippet":"max-snippet:-1","max-image-preview":"max-image-preview:large","max-video-preview":"max-video-preview:-1"},"canonical":"https:\/\/gegokids.ee\/en\/product\/mm-elektriline-hambahari-lastele\/","og_locale":"en_US","og_type":"article","og_title":"Marcus &amp; Marcus elektriline hambahari lastele | Gegokids","og_description":"\u00d5petage oma pisikestele, et hammaste h\u00fcgieen on t\u00e4htis, kuid v\u00f5ib samal ajal olla ka l\u00f5bus! Marcus and Marcus laste elektriline hambahari sobib h\u00e4sti esimeseks p\u00f5risevaks hambaharjaks. Selle eriti pehmed harjased on kumerad, et tagada ligip\u00e4\u00e4s ka k\u00f5ige pisematesse vahedesse.\u00a0 30 sekundiliste intervallidega hakkab hari vibreerima, et puhastada ka k\u00f5ige keerukamad kohad suus. Vibratsioon on piisavalt tugev, et tagada s\u00fcgavam puhastus, samas piisavalt \u00f5rn pisikese suu jaoks. \u00dcmmarguse kujuga k\u00e4epide on v\u00e4ikese m\u00f5\u00f5duline, et lapsel oleks mugav seda hoida. Elektriline hambahari on veekindel ja harjased on vahetatavad. Hari t\u00f6\u00f6tab AAA patareidel.\u00a0","og_url":"https:\/\/gegokids.ee\/en\/product\/mm-elektriline-hambahari-lastele\/","og_site_name":"Gegokids","article_publisher":"https:\/\/www.facebook.com\/GegoKids","article_modified_time":"2026-02-08T08:14:12+00:00","og_image":[{"width":800,"height":533,"url":"https:\/\/gegokids.ee\/wp-content\/uploads\/2022\/06\/MM-Elektriline-Hambahari-Lastele-Foto.png","type":"image\/png"}],"twitter_card":"summary_large_image","twitter_misc":{"Est. reading time":"1 minute"},"schema":{"@context":"https:\/\/schema.org","@graph":[{"@type":"WebPage","@id":"https:\/\/gegokids.ee\/toode\/mm-elektriline-hambahari-lastele\/","url":"https:\/\/gegokids.ee\/toode\/mm-elektriline-hambahari-lastele\/","name":"Marcus &amp; Marcus elektriline hambahari lastele | Gegokids","isPartOf":{"@id":"https:\/\/gegokids.ee\/#website"},"primaryImageOfPage":{"@id":"https:\/\/gegokids.ee\/toode\/mm-elektriline-hambahari-lastele\/#primaryimage"},"image":{"@id":"https:\/\/gegokids.ee\/toode\/mm-elektriline-hambahari-lastele\/#primaryimage"},"thumbnailUrl":"https:\/\/gegokids.ee\/wp-content\/uploads\/2022\/06\/MM-Elektriline-Hambahari-Lastel.png","datePublished":"2022-06-18T13:38:58+00:00","dateModified":"2026-02-08T08:14:12+00:00","description":"\u00d5petage oma pisikestele, et hammaste h\u00fcgieen on t\u00e4htis, kuid v\u00f5ib samal ajal olla ka l\u00f5bus! Marcus and Marcus laste elektriline hambahari sobib h\u00e4sti esimeseks p\u00f5risevaks hambaharjaks. Selle eriti pehmed harjased on kumerad, et tagada ligip\u00e4\u00e4s ka k\u00f5ige pisematesse vahedesse.\u00a0 30 sekundiliste intervallidega hakkab hari vibreerima, et puhastada ka k\u00f5ige keerukamad kohad suus. Vibratsioon on piisavalt tugev, et tagada s\u00fcgavam puhastus, samas piisavalt \u00f5rn pisikese suu jaoks. \u00dcmmarguse kujuga k\u00e4epide on v\u00e4ikese m\u00f5\u00f5duline, et lapsel oleks mugav seda hoida. Elektriline hambahari on veekindel ja harjased on vahetatavad. Hari t\u00f6\u00f6tab AAA patareidel.\u00a0","breadcrumb":{"@id":"https:\/\/gegokids.ee\/toode\/mm-elektriline-hambahari-lastele\/#breadcrumb"},"inLanguage":"en-US","potentialAction":[{"@type":"ReadAction","target":["https:\/\/gegokids.ee\/toode\/mm-elektriline-hambahari-lastele\/"]}]},{"@type":"ImageObject","inLanguage":"en-US","@id":"https:\/\/gegokids.ee\/toode\/mm-elektriline-hambahari-lastele\/#primaryimage","url":"https:\/\/gegokids.ee\/wp-content\/uploads\/2022\/06\/MM-Elektriline-Hambahari-Lastel.png","contentUrl":"https:\/\/gegokids.ee\/wp-content\/uploads\/2022\/06\/MM-Elektriline-Hambahari-Lastel.png","width":800,"height":533},{"@type":"BreadcrumbList","@id":"https:\/\/gegokids.ee\/toode\/mm-elektriline-hambahari-lastele\/#breadcrumb","itemListElement":[{"@type":"ListItem","position":1,"name":"Home","item":"https:\/\/gegokids.ee\/en\/"},{"@type":"ListItem","position":2,"name":"E-pood","item":"https:\/\/gegokids.ee\/e-pood\/"},{"@type":"ListItem","position":3,"name":"Marcus &amp; Marcus elektriline hambahari lastele"}]},{"@type":"WebSite","@id":"https:\/\/gegokids.ee\/#website","url":"https:\/\/gegokids.ee\/","name":"Gegokids","description":"Kvaliteetsed ja turvalised laste m\u00e4nguasjad.","publisher":{"@id":"https:\/\/gegokids.ee\/#organization"},"potentialAction":[{"@type":"SearchAction","target":{"@type":"EntryPoint","urlTemplate":"https:\/\/gegokids.ee\/?s={search_term_string}"},"query-input":{"@type":"PropertyValueSpecification","valueRequired":true,"valueName":"search_term_string"}}],"inLanguage":"en-US"},{"@type":"Organization","@id":"https:\/\/gegokids.ee\/#organization","name":"Gegokids","url":"https:\/\/gegokids.ee\/","logo":{"@type":"ImageObject","inLanguage":"en-US","@id":"https:\/\/gegokids.ee\/#\/schema\/logo\/image\/","url":"https:\/\/gegokids.ee\/wp-content\/uploads\/2022\/06\/logo2.png","contentUrl":"https:\/\/gegokids.ee\/wp-content\/uploads\/2022\/06\/logo2.png","width":358,"height":104,"caption":"Gegokids"},"image":{"@id":"https:\/\/gegokids.ee\/#\/schema\/logo\/image\/"},"sameAs":["https:\/\/www.facebook.com\/GegoKids","https:\/\/www.instagram.com\/gegokids.ee\/"]}]}},"_links":{"self":[{"href":"https:\/\/gegokids.ee\/en\/wp-json\/wp\/v2\/product\/20441","targetHints":{"allow":["GET"]}}],"collection":[{"href":"https:\/\/gegokids.ee\/en\/wp-json\/wp\/v2\/product"}],"about":[{"href":"https:\/\/gegokids.ee\/en\/wp-json\/wp\/v2\/types\/product"}],"replies":[{"embeddable":true,"href":"https:\/\/gegokids.ee\/en\/wp-json\/wp\/v2\/comments?post=20441"}],"version-history":[{"count":5,"href":"https:\/\/gegokids.ee\/en\/wp-json\/wp\/v2\/product\/20441\/revisions"}],"predecessor-version":[{"id":28858,"href":"https:\/\/gegokids.ee\/en\/wp-json\/wp\/v2\/product\/20441\/revisions\/28858"}],"wp:featuredmedia":[{"embeddable":true,"href":"https:\/\/gegokids.ee\/en\/wp-json\/wp\/v2\/media\/21792"}],"wp:attachment":[{"href":"https:\/\/gegokids.ee\/en\/wp-json\/wp\/v2\/media?parent=20441"}],"wp:term":[{"taxonomy":"product_brand","embeddable":true,"href":"https:\/\/gegokids.ee\/en\/wp-json\/wp\/v2\/product_brand?post=20441"},{"taxonomy":"product_cat","embeddable":true,"href":"https:\/\/gegokids.ee\/en\/wp-json\/wp\/v2\/product_cat?post=20441"},{"taxonomy":"product_tag","embeddable":true,"href":"https:\/\/gegokids.ee\/en\/wp-json\/wp\/v2\/product_tag?post=20441"}],"curies":[{"name":"wp","href":"https:\/\/api.w.org\/{rel}","templated":true}]}}