{"id":20438,"date":"2022-06-18T13:38:58","date_gmt":"2022-06-18T13:38:58","guid":{"rendered":"https:\/\/gegokids.ee\/?post_type=product&#038;p=20438"},"modified":"2026-02-08T11:17:11","modified_gmt":"2026-02-08T08:17:11","slug":"mm-vaikelapse-hambahari","status":"publish","type":"product","link":"https:\/\/gegokids.ee\/en\/product\/mm-vaikelapse-hambahari\/","title":{"rendered":"Marcus &amp; Marcus v\u00e4ikelapse hambahari"},"content":{"rendered":"<div class=\"wpb_text_column wpb_content_element\">\n<div class=\"wpb_wrapper\">\n<p><span style=\"font-size: 12pt; color: #000000;\"><strong>Omadused:<\/strong><\/span><\/p>\n<ul>\n<li><span style=\"font-size: 12pt; color: #000000;\">Mugav k\u00e4epide aitab lapsel harja paremini hoida ja kasutada<\/span><\/li>\n<li><span style=\"font-size: 12pt; color: #000000;\">Eemaldatav v\u00f5ru, mis kaitseb harja kurku sattumise eest<\/span><\/li>\n<li><span style=\"font-size: 12pt; color: #000000;\">Efektiivsed harjased sobituvad v\u00e4ikeste hammastega ning eemaldavad kogu mustuse<\/span><\/li>\n<li><span style=\"font-size: 12pt; color: #000000;\">Sobib kasutamiseks erinevates vanustes lastele<\/span><\/li>\n<\/ul>\n<p><span style=\"font-size: 12pt; color: #000000;\"><strong>Puhastamine ja hooldus:<\/strong><\/span><\/p>\n<ul>\n<li><span style=\"font-size: 12pt; color: #000000;\">\u00c4rge pleegitage, kasutage mikrouunis v\u00f5i steriliseerige<\/span><\/li>\n<li><span style=\"font-size: 12pt; color: #000000;\">Hambaarstid soovitavad hambaharja vahetada v\u00e4hemalt iga 3 kuu tagant<\/span><\/li>\n<\/ul>\n<p><span style=\"font-size: 12pt; color: #000000;\"><strong>M\u00f5\u00f5dud:<\/strong><\/span><br \/>\n<span style=\"font-size: 12pt; color: #000000;\">Hambahari: 26 x 24 x 90 mm, 26 x 24 x 10 mm<\/span><br \/>\n<span style=\"font-size: 12pt; color: #000000;\">V\u00f5ru harjasele: 54 x 43 x 12 mm<\/span><\/p>\n<p><span style=\"font-size: 12pt; color: #000000;\"><strong>Materjal:<br \/>\n<\/strong>Hambahari: PP, TPE, nailon<\/span><br \/>\n<span style=\"font-size: 12pt; color: #000000;\">V\u00f5ru harjasele: silikoon<\/span><\/p>\n<p><span style=\"font-size: 12pt; color: #000000;\"><strong>Vanus:<\/strong><\/span><br \/>\n<span style=\"font-size: 12pt; color: #000000;\">12 kuud+<\/span><\/p>\n<\/div>\n<\/div>","protected":false},"excerpt":{"rendered":"<p><span style=\"font-size: 12pt; color: #000000;\">Marcus &amp; Marcus 3-astmeline v\u00e4ikestele k\u00e4tele disainitud hambaharjade komplekt on loodud m\u00f5eldes v\u00e4ikesele ning alles harjamist iseseisvalt \u00f5ppivale v\u00e4ikelapsele. See komplekt sobib h\u00e4sti hammaste harjamise harjutamiseks ning hammaste hoolduse \u00f5ppimiseks. K\u00e4epide on loodud just v\u00e4ikestele k\u00e4tele, et harja haaramine ning kasutamine oleks mugav ja arusaadav. Harjasepea on sama miniatuurne, kui v\u00e4ikese hambaid harjava tegelase suukene. Eriliselt pehmed harjased on spetsiaalse<\/span><span style=\"font-size: 12pt; color: #000000;\">\u00a0kujuga ja v\u00e4ga pisikestest kiududest koosnev, et tagada ka k\u00f5ige pisematesse hambavahedesse ligip\u00e4\u00e4s! Hambaharjal on 3-astmeline s\u00fcsteem, mida saab reguleerida vastavalt lapse arengule ja eale. Esimene aste: L\u00fchikese varrega hambahari koos kaitsva v\u00f5ruga, mis takistab hambaharja kurku sattumist. Teine aste: Pika varrega hambahari koos kaitsva v\u00f5ruga, mis takistab hambaharja kurku sattumist. Kolmas aste: Pika varrega hambahari ilma kaitsva v\u00f5ruta. Hammastepesu seiklus v\u00f5ib alata!<\/span><\/p>\n<p>&nbsp;<\/p>\n<p><span style=\"font-size: 12pt; color: #000000;\"><strong>Tarne 2-5 t\u00f6\u00f6p\u00e4eva!<\/strong><\/span><\/p>","protected":false},"featured_media":21796,"comment_status":"closed","ping_status":"closed","template":"","meta":[],"product_brand":[455],"product_cat":[298,285],"product_tag":[452,457,458],"class_list":{"0":"post-20438","1":"product","2":"type-product","3":"status-publish","4":"has-post-thumbnail","6":"product_brand-marcus-marcus","7":"product_cat-laste-beebide-hambaharjad","8":"product_cat-koik","9":"product_tag-suuhooldus","10":"product_tag-beebidele-0-1-a","11":"product_tag-vaikelastele-1-3-a","13":"first","14":"instock","15":"shipping-taxable","16":"purchasable","17":"product-type-variable"},"yoast_head":"<!-- This site is optimized with the Yoast SEO plugin v26.9 - https:\/\/yoast.com\/product\/yoast-seo-wordpress\/ -->\n<title>Marcus &amp; Marcus v\u00e4ikelapse hambahari | Gegokids<\/title>\n<meta name=\"description\" content=\"Marcus &amp; Marcus 3-astmeline v\u00e4ikestele k\u00e4tele disainitud hambaharjade komplekt on loodud m\u00f5eldes v\u00e4ikesele ning alles harjamist iseseisvalt \u00f5ppivale v\u00e4ikelapsele. See komplekt sobib h\u00e4sti hammaste harjamise harjutamiseks ning hammaste hoolduse \u00f5ppimiseks. K\u00e4epide on loodud just v\u00e4ikestele k\u00e4tele, et harja haaramine ning kasutamine oleks mugav ja arusaadav. Harjasepea on sama miniatuurne, kui v\u00e4ikese hambaid harjava tegelase suukene. Eriliselt pehmed harjased on spetsiaalse\u00a0kujuga ja v\u00e4ga pisikestest kiududest koosnev, et tagada ka k\u00f5ige pisematesse hambavahedesse ligip\u00e4\u00e4s! Hambaharjal on 3-astmeline s\u00fcsteem, mida saab reguleerida vastavalt lapse arengule ja eale. Esimene aste: L\u00fchikese varrega hambahari koos kaitsva v\u00f5ruga, mis takistab hambaharja kurku sattumist. Teine aste: Pika varrega hambahari koos kaitsva v\u00f5ruga, mis takistab hambaharja kurku sattumist. Kolmas aste: Pika varrega hambahari ilma kaitsva v\u00f5ruta. Hammastepesu seiklus v\u00f5ib alata!\" \/>\n<meta name=\"robots\" content=\"index, follow, max-snippet:-1, max-image-preview:large, max-video-preview:-1\" \/>\n<link rel=\"canonical\" href=\"https:\/\/gegokids.ee\/en\/product\/mm-vaikelapse-hambahari\/\" \/>\n<meta property=\"og:locale\" content=\"en_US\" \/>\n<meta property=\"og:type\" content=\"article\" \/>\n<meta property=\"og:title\" content=\"Marcus &amp; Marcus v\u00e4ikelapse hambahari | Gegokids\" \/>\n<meta property=\"og:description\" content=\"Marcus &amp; Marcus 3-astmeline v\u00e4ikestele k\u00e4tele disainitud hambaharjade komplekt on loodud m\u00f5eldes v\u00e4ikesele ning alles harjamist iseseisvalt \u00f5ppivale v\u00e4ikelapsele. See komplekt sobib h\u00e4sti hammaste harjamise harjutamiseks ning hammaste hoolduse \u00f5ppimiseks. K\u00e4epide on loodud just v\u00e4ikestele k\u00e4tele, et harja haaramine ning kasutamine oleks mugav ja arusaadav. Harjasepea on sama miniatuurne, kui v\u00e4ikese hambaid harjava tegelase suukene. Eriliselt pehmed harjased on spetsiaalse\u00a0kujuga ja v\u00e4ga pisikestest kiududest koosnev, et tagada ka k\u00f5ige pisematesse hambavahedesse ligip\u00e4\u00e4s! Hambaharjal on 3-astmeline s\u00fcsteem, mida saab reguleerida vastavalt lapse arengule ja eale. Esimene aste: L\u00fchikese varrega hambahari koos kaitsva v\u00f5ruga, mis takistab hambaharja kurku sattumist. Teine aste: Pika varrega hambahari koos kaitsva v\u00f5ruga, mis takistab hambaharja kurku sattumist. Kolmas aste: Pika varrega hambahari ilma kaitsva v\u00f5ruta. Hammastepesu seiklus v\u00f5ib alata!\" \/>\n<meta property=\"og:url\" content=\"https:\/\/gegokids.ee\/en\/product\/mm-vaikelapse-hambahari\/\" \/>\n<meta property=\"og:site_name\" content=\"Gegokids\" \/>\n<meta property=\"article:publisher\" content=\"https:\/\/www.facebook.com\/GegoKids\" \/>\n<meta property=\"article:modified_time\" content=\"2026-02-08T08:17:11+00:00\" \/>\n<meta property=\"og:image\" content=\"https:\/\/gegokids.ee\/wp-content\/uploads\/2022\/06\/MM-Vaikelapse-Hambahari-Kaes.png\" \/>\n\t<meta property=\"og:image:width\" content=\"800\" \/>\n\t<meta property=\"og:image:height\" content=\"533\" \/>\n\t<meta property=\"og:image:type\" content=\"image\/png\" \/>\n<meta name=\"twitter:card\" content=\"summary_large_image\" \/>\n<meta name=\"twitter:label1\" content=\"Est. reading time\" \/>\n\t<meta name=\"twitter:data1\" content=\"1 minute\" \/>\n<script type=\"application\/ld+json\" class=\"yoast-schema-graph\">{\"@context\":\"https:\/\/schema.org\",\"@graph\":[{\"@type\":\"WebPage\",\"@id\":\"https:\/\/gegokids.ee\/toode\/mm-vaikelapse-hambahari\/\",\"url\":\"https:\/\/gegokids.ee\/toode\/mm-vaikelapse-hambahari\/\",\"name\":\"Marcus &amp; Marcus v\u00e4ikelapse hambahari | Gegokids\",\"isPartOf\":{\"@id\":\"https:\/\/gegokids.ee\/#website\"},\"primaryImageOfPage\":{\"@id\":\"https:\/\/gegokids.ee\/toode\/mm-vaikelapse-hambahari\/#primaryimage\"},\"image\":{\"@id\":\"https:\/\/gegokids.ee\/toode\/mm-vaikelapse-hambahari\/#primaryimage\"},\"thumbnailUrl\":\"https:\/\/gegokids.ee\/wp-content\/uploads\/2022\/06\/MM-Vaikelapse-Hambahari-Roheline.png\",\"datePublished\":\"2022-06-18T13:38:58+00:00\",\"dateModified\":\"2026-02-08T08:17:11+00:00\",\"description\":\"Marcus & Marcus 3-astmeline v\u00e4ikestele k\u00e4tele disainitud hambaharjade komplekt on loodud m\u00f5eldes v\u00e4ikesele ning alles harjamist iseseisvalt \u00f5ppivale v\u00e4ikelapsele. See komplekt sobib h\u00e4sti hammaste harjamise harjutamiseks ning hammaste hoolduse \u00f5ppimiseks. K\u00e4epide on loodud just v\u00e4ikestele k\u00e4tele, et harja haaramine ning kasutamine oleks mugav ja arusaadav. Harjasepea on sama miniatuurne, kui v\u00e4ikese hambaid harjava tegelase suukene. Eriliselt pehmed harjased on spetsiaalse\u00a0kujuga ja v\u00e4ga pisikestest kiududest koosnev, et tagada ka k\u00f5ige pisematesse hambavahedesse ligip\u00e4\u00e4s! Hambaharjal on 3-astmeline s\u00fcsteem, mida saab reguleerida vastavalt lapse arengule ja eale. Esimene aste: L\u00fchikese varrega hambahari koos kaitsva v\u00f5ruga, mis takistab hambaharja kurku sattumist. Teine aste: Pika varrega hambahari koos kaitsva v\u00f5ruga, mis takistab hambaharja kurku sattumist. Kolmas aste: Pika varrega hambahari ilma kaitsva v\u00f5ruta. Hammastepesu seiklus v\u00f5ib alata!\",\"breadcrumb\":{\"@id\":\"https:\/\/gegokids.ee\/toode\/mm-vaikelapse-hambahari\/#breadcrumb\"},\"inLanguage\":\"en-US\",\"potentialAction\":[{\"@type\":\"ReadAction\",\"target\":[\"https:\/\/gegokids.ee\/toode\/mm-vaikelapse-hambahari\/\"]}]},{\"@type\":\"ImageObject\",\"inLanguage\":\"en-US\",\"@id\":\"https:\/\/gegokids.ee\/toode\/mm-vaikelapse-hambahari\/#primaryimage\",\"url\":\"https:\/\/gegokids.ee\/wp-content\/uploads\/2022\/06\/MM-Vaikelapse-Hambahari-Roheline.png\",\"contentUrl\":\"https:\/\/gegokids.ee\/wp-content\/uploads\/2022\/06\/MM-Vaikelapse-Hambahari-Roheline.png\",\"width\":800,\"height\":533},{\"@type\":\"BreadcrumbList\",\"@id\":\"https:\/\/gegokids.ee\/toode\/mm-vaikelapse-hambahari\/#breadcrumb\",\"itemListElement\":[{\"@type\":\"ListItem\",\"position\":1,\"name\":\"Home\",\"item\":\"https:\/\/gegokids.ee\/en\/\"},{\"@type\":\"ListItem\",\"position\":2,\"name\":\"E-pood\",\"item\":\"https:\/\/gegokids.ee\/e-pood\/\"},{\"@type\":\"ListItem\",\"position\":3,\"name\":\"Marcus &amp; Marcus v\u00e4ikelapse hambahari\"}]},{\"@type\":\"WebSite\",\"@id\":\"https:\/\/gegokids.ee\/#website\",\"url\":\"https:\/\/gegokids.ee\/\",\"name\":\"Gegokids\",\"description\":\"Kvaliteetsed ja turvalised laste m\u00e4nguasjad.\",\"publisher\":{\"@id\":\"https:\/\/gegokids.ee\/#organization\"},\"potentialAction\":[{\"@type\":\"SearchAction\",\"target\":{\"@type\":\"EntryPoint\",\"urlTemplate\":\"https:\/\/gegokids.ee\/?s={search_term_string}\"},\"query-input\":{\"@type\":\"PropertyValueSpecification\",\"valueRequired\":true,\"valueName\":\"search_term_string\"}}],\"inLanguage\":\"en-US\"},{\"@type\":\"Organization\",\"@id\":\"https:\/\/gegokids.ee\/#organization\",\"name\":\"Gegokids\",\"url\":\"https:\/\/gegokids.ee\/\",\"logo\":{\"@type\":\"ImageObject\",\"inLanguage\":\"en-US\",\"@id\":\"https:\/\/gegokids.ee\/#\/schema\/logo\/image\/\",\"url\":\"https:\/\/gegokids.ee\/wp-content\/uploads\/2022\/06\/logo2.png\",\"contentUrl\":\"https:\/\/gegokids.ee\/wp-content\/uploads\/2022\/06\/logo2.png\",\"width\":358,\"height\":104,\"caption\":\"Gegokids\"},\"image\":{\"@id\":\"https:\/\/gegokids.ee\/#\/schema\/logo\/image\/\"},\"sameAs\":[\"https:\/\/www.facebook.com\/GegoKids\",\"https:\/\/www.instagram.com\/gegokids.ee\/\"]}]}<\/script>\n<!-- \/ Yoast SEO plugin. -->","yoast_head_json":{"title":"Marcus &amp; Marcus v\u00e4ikelapse hambahari | Gegokids","description":"Marcus & Marcus 3-astmeline v\u00e4ikestele k\u00e4tele disainitud hambaharjade komplekt on loodud m\u00f5eldes v\u00e4ikesele ning alles harjamist iseseisvalt \u00f5ppivale v\u00e4ikelapsele. See komplekt sobib h\u00e4sti hammaste harjamise harjutamiseks ning hammaste hoolduse \u00f5ppimiseks. K\u00e4epide on loodud just v\u00e4ikestele k\u00e4tele, et harja haaramine ning kasutamine oleks mugav ja arusaadav. Harjasepea on sama miniatuurne, kui v\u00e4ikese hambaid harjava tegelase suukene. Eriliselt pehmed harjased on spetsiaalse\u00a0kujuga ja v\u00e4ga pisikestest kiududest koosnev, et tagada ka k\u00f5ige pisematesse hambavahedesse ligip\u00e4\u00e4s! Hambaharjal on 3-astmeline s\u00fcsteem, mida saab reguleerida vastavalt lapse arengule ja eale. Esimene aste: L\u00fchikese varrega hambahari koos kaitsva v\u00f5ruga, mis takistab hambaharja kurku sattumist. Teine aste: Pika varrega hambahari koos kaitsva v\u00f5ruga, mis takistab hambaharja kurku sattumist. Kolmas aste: Pika varrega hambahari ilma kaitsva v\u00f5ruta. Hammastepesu seiklus v\u00f5ib alata!","robots":{"index":"index","follow":"follow","max-snippet":"max-snippet:-1","max-image-preview":"max-image-preview:large","max-video-preview":"max-video-preview:-1"},"canonical":"https:\/\/gegokids.ee\/en\/product\/mm-vaikelapse-hambahari\/","og_locale":"en_US","og_type":"article","og_title":"Marcus &amp; Marcus v\u00e4ikelapse hambahari | Gegokids","og_description":"Marcus & Marcus 3-astmeline v\u00e4ikestele k\u00e4tele disainitud hambaharjade komplekt on loodud m\u00f5eldes v\u00e4ikesele ning alles harjamist iseseisvalt \u00f5ppivale v\u00e4ikelapsele. See komplekt sobib h\u00e4sti hammaste harjamise harjutamiseks ning hammaste hoolduse \u00f5ppimiseks. K\u00e4epide on loodud just v\u00e4ikestele k\u00e4tele, et harja haaramine ning kasutamine oleks mugav ja arusaadav. Harjasepea on sama miniatuurne, kui v\u00e4ikese hambaid harjava tegelase suukene. Eriliselt pehmed harjased on spetsiaalse\u00a0kujuga ja v\u00e4ga pisikestest kiududest koosnev, et tagada ka k\u00f5ige pisematesse hambavahedesse ligip\u00e4\u00e4s! Hambaharjal on 3-astmeline s\u00fcsteem, mida saab reguleerida vastavalt lapse arengule ja eale. Esimene aste: L\u00fchikese varrega hambahari koos kaitsva v\u00f5ruga, mis takistab hambaharja kurku sattumist. Teine aste: Pika varrega hambahari koos kaitsva v\u00f5ruga, mis takistab hambaharja kurku sattumist. Kolmas aste: Pika varrega hambahari ilma kaitsva v\u00f5ruta. Hammastepesu seiklus v\u00f5ib alata!","og_url":"https:\/\/gegokids.ee\/en\/product\/mm-vaikelapse-hambahari\/","og_site_name":"Gegokids","article_publisher":"https:\/\/www.facebook.com\/GegoKids","article_modified_time":"2026-02-08T08:17:11+00:00","og_image":[{"width":800,"height":533,"url":"https:\/\/gegokids.ee\/wp-content\/uploads\/2022\/06\/MM-Vaikelapse-Hambahari-Kaes.png","type":"image\/png"}],"twitter_card":"summary_large_image","twitter_misc":{"Est. reading time":"1 minute"},"schema":{"@context":"https:\/\/schema.org","@graph":[{"@type":"WebPage","@id":"https:\/\/gegokids.ee\/toode\/mm-vaikelapse-hambahari\/","url":"https:\/\/gegokids.ee\/toode\/mm-vaikelapse-hambahari\/","name":"Marcus &amp; Marcus v\u00e4ikelapse hambahari | Gegokids","isPartOf":{"@id":"https:\/\/gegokids.ee\/#website"},"primaryImageOfPage":{"@id":"https:\/\/gegokids.ee\/toode\/mm-vaikelapse-hambahari\/#primaryimage"},"image":{"@id":"https:\/\/gegokids.ee\/toode\/mm-vaikelapse-hambahari\/#primaryimage"},"thumbnailUrl":"https:\/\/gegokids.ee\/wp-content\/uploads\/2022\/06\/MM-Vaikelapse-Hambahari-Roheline.png","datePublished":"2022-06-18T13:38:58+00:00","dateModified":"2026-02-08T08:17:11+00:00","description":"Marcus & Marcus 3-astmeline v\u00e4ikestele k\u00e4tele disainitud hambaharjade komplekt on loodud m\u00f5eldes v\u00e4ikesele ning alles harjamist iseseisvalt \u00f5ppivale v\u00e4ikelapsele. See komplekt sobib h\u00e4sti hammaste harjamise harjutamiseks ning hammaste hoolduse \u00f5ppimiseks. K\u00e4epide on loodud just v\u00e4ikestele k\u00e4tele, et harja haaramine ning kasutamine oleks mugav ja arusaadav. Harjasepea on sama miniatuurne, kui v\u00e4ikese hambaid harjava tegelase suukene. Eriliselt pehmed harjased on spetsiaalse\u00a0kujuga ja v\u00e4ga pisikestest kiududest koosnev, et tagada ka k\u00f5ige pisematesse hambavahedesse ligip\u00e4\u00e4s! Hambaharjal on 3-astmeline s\u00fcsteem, mida saab reguleerida vastavalt lapse arengule ja eale. Esimene aste: L\u00fchikese varrega hambahari koos kaitsva v\u00f5ruga, mis takistab hambaharja kurku sattumist. Teine aste: Pika varrega hambahari koos kaitsva v\u00f5ruga, mis takistab hambaharja kurku sattumist. Kolmas aste: Pika varrega hambahari ilma kaitsva v\u00f5ruta. Hammastepesu seiklus v\u00f5ib alata!","breadcrumb":{"@id":"https:\/\/gegokids.ee\/toode\/mm-vaikelapse-hambahari\/#breadcrumb"},"inLanguage":"en-US","potentialAction":[{"@type":"ReadAction","target":["https:\/\/gegokids.ee\/toode\/mm-vaikelapse-hambahari\/"]}]},{"@type":"ImageObject","inLanguage":"en-US","@id":"https:\/\/gegokids.ee\/toode\/mm-vaikelapse-hambahari\/#primaryimage","url":"https:\/\/gegokids.ee\/wp-content\/uploads\/2022\/06\/MM-Vaikelapse-Hambahari-Roheline.png","contentUrl":"https:\/\/gegokids.ee\/wp-content\/uploads\/2022\/06\/MM-Vaikelapse-Hambahari-Roheline.png","width":800,"height":533},{"@type":"BreadcrumbList","@id":"https:\/\/gegokids.ee\/toode\/mm-vaikelapse-hambahari\/#breadcrumb","itemListElement":[{"@type":"ListItem","position":1,"name":"Home","item":"https:\/\/gegokids.ee\/en\/"},{"@type":"ListItem","position":2,"name":"E-pood","item":"https:\/\/gegokids.ee\/e-pood\/"},{"@type":"ListItem","position":3,"name":"Marcus &amp; Marcus v\u00e4ikelapse hambahari"}]},{"@type":"WebSite","@id":"https:\/\/gegokids.ee\/#website","url":"https:\/\/gegokids.ee\/","name":"Gegokids","description":"Kvaliteetsed ja turvalised laste m\u00e4nguasjad.","publisher":{"@id":"https:\/\/gegokids.ee\/#organization"},"potentialAction":[{"@type":"SearchAction","target":{"@type":"EntryPoint","urlTemplate":"https:\/\/gegokids.ee\/?s={search_term_string}"},"query-input":{"@type":"PropertyValueSpecification","valueRequired":true,"valueName":"search_term_string"}}],"inLanguage":"en-US"},{"@type":"Organization","@id":"https:\/\/gegokids.ee\/#organization","name":"Gegokids","url":"https:\/\/gegokids.ee\/","logo":{"@type":"ImageObject","inLanguage":"en-US","@id":"https:\/\/gegokids.ee\/#\/schema\/logo\/image\/","url":"https:\/\/gegokids.ee\/wp-content\/uploads\/2022\/06\/logo2.png","contentUrl":"https:\/\/gegokids.ee\/wp-content\/uploads\/2022\/06\/logo2.png","width":358,"height":104,"caption":"Gegokids"},"image":{"@id":"https:\/\/gegokids.ee\/#\/schema\/logo\/image\/"},"sameAs":["https:\/\/www.facebook.com\/GegoKids","https:\/\/www.instagram.com\/gegokids.ee\/"]}]}},"_links":{"self":[{"href":"https:\/\/gegokids.ee\/en\/wp-json\/wp\/v2\/product\/20438","targetHints":{"allow":["GET"]}}],"collection":[{"href":"https:\/\/gegokids.ee\/en\/wp-json\/wp\/v2\/product"}],"about":[{"href":"https:\/\/gegokids.ee\/en\/wp-json\/wp\/v2\/types\/product"}],"replies":[{"embeddable":true,"href":"https:\/\/gegokids.ee\/en\/wp-json\/wp\/v2\/comments?post=20438"}],"version-history":[{"count":5,"href":"https:\/\/gegokids.ee\/en\/wp-json\/wp\/v2\/product\/20438\/revisions"}],"predecessor-version":[{"id":28729,"href":"https:\/\/gegokids.ee\/en\/wp-json\/wp\/v2\/product\/20438\/revisions\/28729"}],"wp:featuredmedia":[{"embeddable":true,"href":"https:\/\/gegokids.ee\/en\/wp-json\/wp\/v2\/media\/21796"}],"wp:attachment":[{"href":"https:\/\/gegokids.ee\/en\/wp-json\/wp\/v2\/media?parent=20438"}],"wp:term":[{"taxonomy":"product_brand","embeddable":true,"href":"https:\/\/gegokids.ee\/en\/wp-json\/wp\/v2\/product_brand?post=20438"},{"taxonomy":"product_cat","embeddable":true,"href":"https:\/\/gegokids.ee\/en\/wp-json\/wp\/v2\/product_cat?post=20438"},{"taxonomy":"product_tag","embeddable":true,"href":"https:\/\/gegokids.ee\/en\/wp-json\/wp\/v2\/product_tag?post=20438"}],"curies":[{"name":"wp","href":"https:\/\/api.w.org\/{rel}","templated":true}]}}