{"id":20431,"date":"2022-06-18T13:38:58","date_gmt":"2022-06-18T13:38:58","guid":{"rendered":"https:\/\/gegokids.ee\/?post_type=product&#038;p=20431"},"modified":"2026-05-01T13:15:01","modified_gmt":"2026-05-01T10:15:01","slug":"mm-hammaste-tuleku-hambahari","status":"publish","type":"product","link":"https:\/\/gegokids.ee\/en\/product\/mm-hammaste-tuleku-hambahari\/","title":{"rendered":"Marcus &amp; Marcus hammaste tuleku hambahari"},"content":{"rendered":"<p style=\"padding-left: 30px;\"><span style=\"font-size: 12pt; color: #000000;\"><strong>Omadused:<\/strong><\/span><\/p>\n<ul>\n<li><span style=\"font-size: 12pt; color: #000000;\">Pehmed ja paendlikud silikoonist harjased aitavad harjutada hammaste harjamisega<\/span><\/li>\n<li><span style=\"font-size: 12pt; color: #000000;\">Lihtsasti haaratav otsik sobitud lapse v\u00e4ikeste k\u00e4tega ning on piisavalt suured, et vanem saaks last mugavalt juhendada<\/span><\/li>\n<li><span style=\"font-size: 12pt; color: #000000;\">\u00dcheosaline konstruktsioon: puuduvad sooned ja avad, kuhu mustus v\u00f5iks sisse koguneda<\/span><\/li>\n<li><span style=\"font-size: 12pt; color: #000000;\">V\u00e4rvilised karakterid on lapsele jaoks paeluvad<\/span><\/li>\n<\/ul>\n<p><span style=\"font-size: 12pt; color: #000000;\"><strong>Puhastamine ja hooldus:<\/strong><\/span><\/p>\n<ul>\n<li><span style=\"font-size: 12pt; color: #000000;\">Aurutajaga steriliseeritavad<\/span><\/li>\n<li><span style=\"font-size: 12pt; color: #000000;\">Plekid on eemaldatavad sooja seebiveega<\/span><\/li>\n<\/ul>\n<p><span style=\"font-size: 12pt; color: #000000;\"><strong>M\u00f5\u00f5dud:<\/strong><\/span><br \/>\n<span style=\"font-size: 12pt; color: #000000;\">80 x 84 x 120 mm<\/span><\/p>\n<p><span style=\"font-size: 12pt; color: #000000;\"><strong>Materjal:<br \/>\n<\/strong>Toidusilikoon<\/span><\/p>\n<p><span style=\"font-size: 12pt; color: #000000;\"><strong>Vastupidavus temperatuur:<\/strong><\/span><br \/>\n<span style=\"font-size: 12pt; color: #000000;\">-20\u00b0C kuni 120\u00b0C<\/span><\/p>\n<p><span style=\"font-size: 12pt; color: #000000;\"><strong>Vanus:<\/strong><\/span><br \/>\n<span style=\"font-size: 12pt; color: #000000;\">6 kuud+<\/span><\/p>\n<p>&nbsp;<\/p>","protected":false},"excerpt":{"rendered":"<p><span style=\"font-size: 12pt; color: #000000;\">Hammaste tuleku ajal on eriti t\u00e4htis hammaste hooldus ning pesemine. Marcus &amp; Marcus hambahari on disainitud just v\u00e4ikestele k\u00e4tele, et hammaste harjamine oleks lapse jaoks mugav ning meeldiv tegevus. Pehmed ja paendlikud harjased puhastavad lapse hambaid ning samal ajal masseerivad pakitsevaid igemeid. Hambahari on disainitud \u00fches osas, et tagada t\u00f5eline h\u00fcgieenilisus ning turvalisus.\u00a0<\/span><\/p>","protected":false},"featured_media":21804,"comment_status":"closed","ping_status":"closed","template":"","meta":[],"product_brand":[455],"product_cat":[298,285],"product_tag":[452,457],"class_list":{"0":"post-20431","1":"product","2":"type-product","3":"status-publish","4":"has-post-thumbnail","6":"product_brand-marcus-marcus","7":"product_cat-laste-beebide-hambaharjad","8":"product_cat-koik","9":"product_tag-suuhooldus","10":"product_tag-beebidele-0-1-a","12":"first","13":"instock","14":"shipping-taxable","15":"purchasable","16":"product-type-variable"},"yoast_head":"<!-- This site is optimized with the Yoast SEO plugin v26.9 - https:\/\/yoast.com\/product\/yoast-seo-wordpress\/ -->\n<title>Marcus &amp; Marcus hammaste tuleku hambahari | Gegokids<\/title>\n<meta name=\"description\" content=\"Marcus &amp; Marcus hambumishambari aitab beebil harjuda hammaste pesemisega. Pehmed silikoonharjased puhastavad hambaid ja masseerivad igemeid. Sobib alates 6 kuust.\" \/>\n<meta name=\"robots\" content=\"index, follow, max-snippet:-1, max-image-preview:large, max-video-preview:-1\" \/>\n<link rel=\"canonical\" href=\"https:\/\/gegokids.ee\/en\/product\/mm-hammaste-tuleku-hambahari\/\" \/>\n<meta property=\"og:locale\" content=\"en_US\" \/>\n<meta property=\"og:type\" content=\"article\" \/>\n<meta property=\"og:title\" content=\"Marcus &amp; Marcus hammaste tuleku hambahari | Gegokids\" \/>\n<meta property=\"og:description\" content=\"Marcus &amp; Marcus hambumishambari aitab beebil harjuda hammaste pesemisega. Pehmed silikoonharjased puhastavad hambaid ja masseerivad igemeid. Sobib alates 6 kuust.\" \/>\n<meta property=\"og:url\" content=\"https:\/\/gegokids.ee\/en\/product\/mm-hammaste-tuleku-hambahari\/\" \/>\n<meta property=\"og:site_name\" content=\"Gegokids\" \/>\n<meta property=\"article:publisher\" content=\"https:\/\/www.facebook.com\/GegoKids\" \/>\n<meta property=\"article:modified_time\" content=\"2026-05-01T10:15:01+00:00\" \/>\n<meta property=\"og:image\" content=\"https:\/\/gegokids.ee\/wp-content\/uploads\/2022\/06\/MM-Hammaste-Tuleku-Hambahari-.png\" \/>\n\t<meta property=\"og:image:width\" content=\"800\" \/>\n\t<meta property=\"og:image:height\" content=\"533\" \/>\n\t<meta property=\"og:image:type\" content=\"image\/png\" \/>\n<meta name=\"twitter:card\" content=\"summary_large_image\" \/>\n<meta name=\"twitter:label1\" content=\"Est. reading time\" \/>\n\t<meta name=\"twitter:data1\" content=\"1 minute\" \/>\n<script type=\"application\/ld+json\" class=\"yoast-schema-graph\">{\"@context\":\"https:\/\/schema.org\",\"@graph\":[{\"@type\":\"WebPage\",\"@id\":\"https:\/\/gegokids.ee\/toode\/mm-hammaste-tuleku-hambahari\/\",\"url\":\"https:\/\/gegokids.ee\/toode\/mm-hammaste-tuleku-hambahari\/\",\"name\":\"Marcus &amp; Marcus hammaste tuleku hambahari | Gegokids\",\"isPartOf\":{\"@id\":\"https:\/\/gegokids.ee\/#website\"},\"primaryImageOfPage\":{\"@id\":\"https:\/\/gegokids.ee\/toode\/mm-hammaste-tuleku-hambahari\/#primaryimage\"},\"image\":{\"@id\":\"https:\/\/gegokids.ee\/toode\/mm-hammaste-tuleku-hambahari\/#primaryimage\"},\"thumbnailUrl\":\"https:\/\/gegokids.ee\/wp-content\/uploads\/2022\/06\/MM-Hammaste-Tuleku-Hambahari-Roheline.png\",\"datePublished\":\"2022-06-18T13:38:58+00:00\",\"dateModified\":\"2026-05-01T10:15:01+00:00\",\"description\":\"Marcus & Marcus hambumishambari aitab beebil harjuda hammaste pesemisega. Pehmed silikoonharjased puhastavad hambaid ja masseerivad igemeid. Sobib alates 6 kuust.\",\"breadcrumb\":{\"@id\":\"https:\/\/gegokids.ee\/toode\/mm-hammaste-tuleku-hambahari\/#breadcrumb\"},\"inLanguage\":\"en-US\",\"potentialAction\":[{\"@type\":\"ReadAction\",\"target\":[\"https:\/\/gegokids.ee\/toode\/mm-hammaste-tuleku-hambahari\/\"]}]},{\"@type\":\"ImageObject\",\"inLanguage\":\"en-US\",\"@id\":\"https:\/\/gegokids.ee\/toode\/mm-hammaste-tuleku-hambahari\/#primaryimage\",\"url\":\"https:\/\/gegokids.ee\/wp-content\/uploads\/2022\/06\/MM-Hammaste-Tuleku-Hambahari-Roheline.png\",\"contentUrl\":\"https:\/\/gegokids.ee\/wp-content\/uploads\/2022\/06\/MM-Hammaste-Tuleku-Hambahari-Roheline.png\",\"width\":800,\"height\":533},{\"@type\":\"BreadcrumbList\",\"@id\":\"https:\/\/gegokids.ee\/toode\/mm-hammaste-tuleku-hambahari\/#breadcrumb\",\"itemListElement\":[{\"@type\":\"ListItem\",\"position\":1,\"name\":\"Home\",\"item\":\"https:\/\/gegokids.ee\/en\/\"},{\"@type\":\"ListItem\",\"position\":2,\"name\":\"E-pood\",\"item\":\"https:\/\/gegokids.ee\/e-pood\/\"},{\"@type\":\"ListItem\",\"position\":3,\"name\":\"Marcus &amp; Marcus hammaste tuleku hambahari\"}]},{\"@type\":\"WebSite\",\"@id\":\"https:\/\/gegokids.ee\/#website\",\"url\":\"https:\/\/gegokids.ee\/\",\"name\":\"Gegokids\",\"description\":\"Kvaliteetsed ja turvalised laste m\u00e4nguasjad.\",\"publisher\":{\"@id\":\"https:\/\/gegokids.ee\/#organization\"},\"potentialAction\":[{\"@type\":\"SearchAction\",\"target\":{\"@type\":\"EntryPoint\",\"urlTemplate\":\"https:\/\/gegokids.ee\/?s={search_term_string}\"},\"query-input\":{\"@type\":\"PropertyValueSpecification\",\"valueRequired\":true,\"valueName\":\"search_term_string\"}}],\"inLanguage\":\"en-US\"},{\"@type\":\"Organization\",\"@id\":\"https:\/\/gegokids.ee\/#organization\",\"name\":\"Gegokids\",\"url\":\"https:\/\/gegokids.ee\/\",\"logo\":{\"@type\":\"ImageObject\",\"inLanguage\":\"en-US\",\"@id\":\"https:\/\/gegokids.ee\/#\/schema\/logo\/image\/\",\"url\":\"https:\/\/gegokids.ee\/wp-content\/uploads\/2022\/06\/logo2.png\",\"contentUrl\":\"https:\/\/gegokids.ee\/wp-content\/uploads\/2022\/06\/logo2.png\",\"width\":358,\"height\":104,\"caption\":\"Gegokids\"},\"image\":{\"@id\":\"https:\/\/gegokids.ee\/#\/schema\/logo\/image\/\"},\"sameAs\":[\"https:\/\/www.facebook.com\/GegoKids\",\"https:\/\/www.instagram.com\/gegokids.ee\/\"]}]}<\/script>\n<!-- \/ Yoast SEO plugin. -->","yoast_head_json":{"title":"Marcus &amp; Marcus hammaste tuleku hambahari | Gegokids","description":"Marcus & Marcus hambumishambari aitab beebil harjuda hammaste pesemisega. Pehmed silikoonharjased puhastavad hambaid ja masseerivad igemeid. Sobib alates 6 kuust.","robots":{"index":"index","follow":"follow","max-snippet":"max-snippet:-1","max-image-preview":"max-image-preview:large","max-video-preview":"max-video-preview:-1"},"canonical":"https:\/\/gegokids.ee\/en\/product\/mm-hammaste-tuleku-hambahari\/","og_locale":"en_US","og_type":"article","og_title":"Marcus &amp; Marcus hammaste tuleku hambahari | Gegokids","og_description":"Marcus & Marcus hambumishambari aitab beebil harjuda hammaste pesemisega. Pehmed silikoonharjased puhastavad hambaid ja masseerivad igemeid. Sobib alates 6 kuust.","og_url":"https:\/\/gegokids.ee\/en\/product\/mm-hammaste-tuleku-hambahari\/","og_site_name":"Gegokids","article_publisher":"https:\/\/www.facebook.com\/GegoKids","article_modified_time":"2026-05-01T10:15:01+00:00","og_image":[{"width":800,"height":533,"url":"https:\/\/gegokids.ee\/wp-content\/uploads\/2022\/06\/MM-Hammaste-Tuleku-Hambahari-.png","type":"image\/png"}],"twitter_card":"summary_large_image","twitter_misc":{"Est. reading time":"1 minute"},"schema":{"@context":"https:\/\/schema.org","@graph":[{"@type":"WebPage","@id":"https:\/\/gegokids.ee\/toode\/mm-hammaste-tuleku-hambahari\/","url":"https:\/\/gegokids.ee\/toode\/mm-hammaste-tuleku-hambahari\/","name":"Marcus &amp; Marcus hammaste tuleku hambahari | Gegokids","isPartOf":{"@id":"https:\/\/gegokids.ee\/#website"},"primaryImageOfPage":{"@id":"https:\/\/gegokids.ee\/toode\/mm-hammaste-tuleku-hambahari\/#primaryimage"},"image":{"@id":"https:\/\/gegokids.ee\/toode\/mm-hammaste-tuleku-hambahari\/#primaryimage"},"thumbnailUrl":"https:\/\/gegokids.ee\/wp-content\/uploads\/2022\/06\/MM-Hammaste-Tuleku-Hambahari-Roheline.png","datePublished":"2022-06-18T13:38:58+00:00","dateModified":"2026-05-01T10:15:01+00:00","description":"Marcus & Marcus hambumishambari aitab beebil harjuda hammaste pesemisega. Pehmed silikoonharjased puhastavad hambaid ja masseerivad igemeid. Sobib alates 6 kuust.","breadcrumb":{"@id":"https:\/\/gegokids.ee\/toode\/mm-hammaste-tuleku-hambahari\/#breadcrumb"},"inLanguage":"en-US","potentialAction":[{"@type":"ReadAction","target":["https:\/\/gegokids.ee\/toode\/mm-hammaste-tuleku-hambahari\/"]}]},{"@type":"ImageObject","inLanguage":"en-US","@id":"https:\/\/gegokids.ee\/toode\/mm-hammaste-tuleku-hambahari\/#primaryimage","url":"https:\/\/gegokids.ee\/wp-content\/uploads\/2022\/06\/MM-Hammaste-Tuleku-Hambahari-Roheline.png","contentUrl":"https:\/\/gegokids.ee\/wp-content\/uploads\/2022\/06\/MM-Hammaste-Tuleku-Hambahari-Roheline.png","width":800,"height":533},{"@type":"BreadcrumbList","@id":"https:\/\/gegokids.ee\/toode\/mm-hammaste-tuleku-hambahari\/#breadcrumb","itemListElement":[{"@type":"ListItem","position":1,"name":"Home","item":"https:\/\/gegokids.ee\/en\/"},{"@type":"ListItem","position":2,"name":"E-pood","item":"https:\/\/gegokids.ee\/e-pood\/"},{"@type":"ListItem","position":3,"name":"Marcus &amp; Marcus hammaste tuleku hambahari"}]},{"@type":"WebSite","@id":"https:\/\/gegokids.ee\/#website","url":"https:\/\/gegokids.ee\/","name":"Gegokids","description":"Kvaliteetsed ja turvalised laste m\u00e4nguasjad.","publisher":{"@id":"https:\/\/gegokids.ee\/#organization"},"potentialAction":[{"@type":"SearchAction","target":{"@type":"EntryPoint","urlTemplate":"https:\/\/gegokids.ee\/?s={search_term_string}"},"query-input":{"@type":"PropertyValueSpecification","valueRequired":true,"valueName":"search_term_string"}}],"inLanguage":"en-US"},{"@type":"Organization","@id":"https:\/\/gegokids.ee\/#organization","name":"Gegokids","url":"https:\/\/gegokids.ee\/","logo":{"@type":"ImageObject","inLanguage":"en-US","@id":"https:\/\/gegokids.ee\/#\/schema\/logo\/image\/","url":"https:\/\/gegokids.ee\/wp-content\/uploads\/2022\/06\/logo2.png","contentUrl":"https:\/\/gegokids.ee\/wp-content\/uploads\/2022\/06\/logo2.png","width":358,"height":104,"caption":"Gegokids"},"image":{"@id":"https:\/\/gegokids.ee\/#\/schema\/logo\/image\/"},"sameAs":["https:\/\/www.facebook.com\/GegoKids","https:\/\/www.instagram.com\/gegokids.ee\/"]}]}},"_links":{"self":[{"href":"https:\/\/gegokids.ee\/en\/wp-json\/wp\/v2\/product\/20431","targetHints":{"allow":["GET"]}}],"collection":[{"href":"https:\/\/gegokids.ee\/en\/wp-json\/wp\/v2\/product"}],"about":[{"href":"https:\/\/gegokids.ee\/en\/wp-json\/wp\/v2\/types\/product"}],"replies":[{"embeddable":true,"href":"https:\/\/gegokids.ee\/en\/wp-json\/wp\/v2\/comments?post=20431"}],"version-history":[{"count":5,"href":"https:\/\/gegokids.ee\/en\/wp-json\/wp\/v2\/product\/20431\/revisions"}],"predecessor-version":[{"id":29069,"href":"https:\/\/gegokids.ee\/en\/wp-json\/wp\/v2\/product\/20431\/revisions\/29069"}],"wp:featuredmedia":[{"embeddable":true,"href":"https:\/\/gegokids.ee\/en\/wp-json\/wp\/v2\/media\/21804"}],"wp:attachment":[{"href":"https:\/\/gegokids.ee\/en\/wp-json\/wp\/v2\/media?parent=20431"}],"wp:term":[{"taxonomy":"product_brand","embeddable":true,"href":"https:\/\/gegokids.ee\/en\/wp-json\/wp\/v2\/product_brand?post=20431"},{"taxonomy":"product_cat","embeddable":true,"href":"https:\/\/gegokids.ee\/en\/wp-json\/wp\/v2\/product_cat?post=20431"},{"taxonomy":"product_tag","embeddable":true,"href":"https:\/\/gegokids.ee\/en\/wp-json\/wp\/v2\/product_tag?post=20431"}],"curies":[{"name":"wp","href":"https:\/\/api.w.org\/{rel}","templated":true}]}}