{"id":20404,"date":"2022-06-18T13:38:38","date_gmt":"2022-06-18T13:38:38","guid":{"rendered":"https:\/\/gegokids.ee\/?post_type=product&#038;p=20404"},"modified":"2026-02-09T00:36:51","modified_gmt":"2026-02-08T21:36:51","slug":"mm-napuhambaharja-komplekt","status":"publish","type":"product","link":"https:\/\/gegokids.ee\/en\/product\/mm-napuhambaharja-komplekt\/","title":{"rendered":"Marcus &amp; Marcus n\u00e4puhambaharja komplekt"},"content":{"rendered":"<p><span style=\"font-size: 12pt; color: #000000;\"><strong>Omadused:<\/strong><\/span><\/p>\n<ul>\n<li><span style=\"font-size: 12pt; color: #000000;\">Pehmed ja paendlikud silikoonist harjased on hellad beebi igemete vastu<\/span><\/li>\n<li><span style=\"font-size: 12pt; color: #000000;\">Efektiivseks hammaste ja keele puhastuseks<\/span><\/li>\n<li><span style=\"font-size: 12pt; color: #000000;\">Hoiukarp tagab h\u00fcgieenilisuse<\/span><\/li>\n<li><span style=\"font-size: 12pt; color: #000000;\">Harjad kahepoolse otsikuga<\/span><\/li>\n<li><span style=\"font-size: 12pt; color: #000000;\">Sobitub kergesti vanema s\u00f5rme otsa<\/span><\/li>\n<\/ul>\n<p><span style=\"font-size: 12pt; color: #000000;\"><strong>Puhastamine ja hooldus:<\/strong><\/span><\/p>\n<ul>\n<li><span style=\"font-size: 12pt; color: #000000;\">Aurutajaga steriliseeritav<\/span><\/li>\n<li><span style=\"font-size: 12pt; color: #000000;\">K\u00fclmkapis jahutatav<\/span><\/li>\n<li><span style=\"color: #000000; font-size: 12pt;\">Plekid on eemaldatavad sooja vee ja seebiga<\/span><\/li>\n<\/ul>\n<p><span style=\"font-size: 12pt; color: #000000;\"><strong>M\u00f5\u00f5dud:<\/strong><\/span><\/p>\n<div class=\"page\" title=\"Page 82\">\n<div class=\"section\">\n<div class=\"layoutArea\">\n<div class=\"column\">\n<p><span style=\"font-size: 12pt; color: #000000;\">Karp: 81 x 86 x 27 mm<\/span><br \/>\n<span style=\"font-size: 12pt; color: #000000;\">N\u00e4puhari: 30 x 24 x 56 mm<\/span><br \/>\n<span style=\"font-size: 12pt; color: #000000;\">Igemete masseerija: 30 x 24 x 58 mm<\/span><\/p>\n<\/div>\n<\/div>\n<\/div>\n<\/div>\n<p><span style=\"font-size: 12pt; color: #000000;\"><strong>Materjal:<br \/>\n<\/strong><\/span><\/p>\n<div class=\"page\" title=\"Page 82\">\n<div class=\"section\">\n<div class=\"layoutArea\">\n<div class=\"column\">\n<p><span style=\"font-size: 12pt; color: #000000;\">N\u00f5puhari ja igemete masseerija: toidusilikoon<\/span><br \/>\n<span style=\"font-size: 12pt; color: #000000;\">Hoiukarp: PP<\/span><\/p>\n<\/div>\n<\/div>\n<\/div>\n<\/div>\n<p><span style=\"font-size: 12pt; color: #000000;\"><strong>Vanus:<\/strong><\/span><br \/>\n<span style=\"font-size: 12pt; color: #000000;\">0 kuud+<\/span><\/p>","protected":false},"excerpt":{"rendered":"<p><span style=\"color: #000000; font-size: 12pt;\">Hiljemalt 4 kuu vanuseks saamisest alates peaks lapsel olema harjumuseks hammaste pesemine nii hommikul, kui \u00f5htul. Marcus &amp; Marcus n\u00e4puharja ja igemete massazi komplekt on sobilik esimeseks hammaste hoolduse sammuks. \u00d5rnalt harjates lapse uusi hambaid ja masseerides pakitsevaid igemeid saate anda k\u00f5ik endast oleneva uute tugevate ja tervete hammaste jaoks. Pehmed ja eriti paendlikud silikoonist harjased on \u00f5rnad lapse suu vastu. Komplekti kuulub ka hoiustamiseks karp, millega on mugav harjaseid k\u00f5ikjale kaasa v\u00f5tta ning tagada alatine puhtus ja g\u00fcgieen harjadele.<\/span><\/p>\n<p><span style=\"color: #000000;\"><strong><span style=\"color: #000000; font-size: medium;\">Tarne 3-8 t\u00f6\u00f6p\u00e4eva!<\/span><\/strong><\/span><\/p>","protected":false},"featured_media":21816,"comment_status":"closed","ping_status":"closed","template":"","meta":[],"product_brand":[455],"product_cat":[298,285,476],"product_tag":[452,475,457],"class_list":{"0":"post-20404","1":"product","2":"type-product","3":"status-publish","4":"has-post-thumbnail","6":"product_brand-marcus-marcus","7":"product_cat-laste-beebide-hambaharjad","8":"product_cat-koik","9":"product_cat-lustakad-vannisobrad","10":"product_tag-suuhooldus","11":"product_tag-vannitamine","12":"product_tag-beebidele-0-1-a","14":"first","15":"instock","16":"shipping-taxable","17":"purchasable","18":"product-type-simple"},"yoast_head":"<!-- This site is optimized with the Yoast SEO plugin v26.9 - https:\/\/yoast.com\/product\/yoast-seo-wordpress\/ -->\n<title>Marcus &amp; Marcus n\u00e4puhambaharja komplekt | Gegokids<\/title>\n<meta name=\"description\" content=\"Marcus &amp; Marcus s\u00f5rmehambahari ja igememassaa\u017eikomplekt aitab alustada beebi suuhooldusega juba varakult. \u00d5rn silikoon puhastab igemeid ja hambaid. Sobib alates s\u00fcnnist.\" \/>\n<meta name=\"robots\" content=\"index, follow, max-snippet:-1, max-image-preview:large, max-video-preview:-1\" \/>\n<link rel=\"canonical\" href=\"https:\/\/gegokids.ee\/en\/product\/mm-napuhambaharja-komplekt\/\" \/>\n<meta property=\"og:locale\" content=\"en_US\" \/>\n<meta property=\"og:type\" content=\"article\" \/>\n<meta property=\"og:title\" content=\"Marcus &amp; Marcus n\u00e4puhambaharja komplekt | Gegokids\" \/>\n<meta property=\"og:description\" content=\"Marcus &amp; Marcus s\u00f5rmehambahari ja igememassaa\u017eikomplekt aitab alustada beebi suuhooldusega juba varakult. \u00d5rn silikoon puhastab igemeid ja hambaid. Sobib alates s\u00fcnnist.\" \/>\n<meta property=\"og:url\" content=\"https:\/\/gegokids.ee\/en\/product\/mm-napuhambaharja-komplekt\/\" \/>\n<meta property=\"og:site_name\" content=\"Gegokids\" \/>\n<meta property=\"article:publisher\" content=\"https:\/\/www.facebook.com\/GegoKids\" \/>\n<meta property=\"article:modified_time\" content=\"2026-02-08T21:36:51+00:00\" \/>\n<meta property=\"og:image\" content=\"https:\/\/gegokids.ee\/wp-content\/uploads\/2022\/06\/MM-Napuhambaharja-Komplekt-pilt.png\" \/>\n\t<meta property=\"og:image:width\" content=\"800\" \/>\n\t<meta property=\"og:image:height\" content=\"533\" \/>\n\t<meta property=\"og:image:type\" content=\"image\/png\" \/>\n<meta name=\"twitter:card\" content=\"summary_large_image\" \/>\n<meta name=\"twitter:label1\" content=\"Est. reading time\" \/>\n\t<meta name=\"twitter:data1\" content=\"1 minute\" \/>\n<script type=\"application\/ld+json\" class=\"yoast-schema-graph\">{\"@context\":\"https:\/\/schema.org\",\"@graph\":[{\"@type\":\"WebPage\",\"@id\":\"https:\/\/gegokids.ee\/toode\/mm-napuhambaharja-komplekt\/\",\"url\":\"https:\/\/gegokids.ee\/toode\/mm-napuhambaharja-komplekt\/\",\"name\":\"Marcus &amp; Marcus n\u00e4puhambaharja komplekt | Gegokids\",\"isPartOf\":{\"@id\":\"https:\/\/gegokids.ee\/#website\"},\"primaryImageOfPage\":{\"@id\":\"https:\/\/gegokids.ee\/toode\/mm-napuhambaharja-komplekt\/#primaryimage\"},\"image\":{\"@id\":\"https:\/\/gegokids.ee\/toode\/mm-napuhambaharja-komplekt\/#primaryimage\"},\"thumbnailUrl\":\"https:\/\/gegokids.ee\/wp-content\/uploads\/2022\/06\/MM-Napuhambaharja-Komplekt.png\",\"datePublished\":\"2022-06-18T13:38:38+00:00\",\"dateModified\":\"2026-02-08T21:36:51+00:00\",\"description\":\"Marcus & Marcus s\u00f5rmehambahari ja igememassaa\u017eikomplekt aitab alustada beebi suuhooldusega juba varakult. \u00d5rn silikoon puhastab igemeid ja hambaid. Sobib alates s\u00fcnnist.\",\"breadcrumb\":{\"@id\":\"https:\/\/gegokids.ee\/toode\/mm-napuhambaharja-komplekt\/#breadcrumb\"},\"inLanguage\":\"en-US\",\"potentialAction\":[{\"@type\":\"ReadAction\",\"target\":[\"https:\/\/gegokids.ee\/toode\/mm-napuhambaharja-komplekt\/\"]}]},{\"@type\":\"ImageObject\",\"inLanguage\":\"en-US\",\"@id\":\"https:\/\/gegokids.ee\/toode\/mm-napuhambaharja-komplekt\/#primaryimage\",\"url\":\"https:\/\/gegokids.ee\/wp-content\/uploads\/2022\/06\/MM-Napuhambaharja-Komplekt.png\",\"contentUrl\":\"https:\/\/gegokids.ee\/wp-content\/uploads\/2022\/06\/MM-Napuhambaharja-Komplekt.png\",\"width\":800,\"height\":533},{\"@type\":\"BreadcrumbList\",\"@id\":\"https:\/\/gegokids.ee\/toode\/mm-napuhambaharja-komplekt\/#breadcrumb\",\"itemListElement\":[{\"@type\":\"ListItem\",\"position\":1,\"name\":\"Home\",\"item\":\"https:\/\/gegokids.ee\/en\/\"},{\"@type\":\"ListItem\",\"position\":2,\"name\":\"E-pood\",\"item\":\"https:\/\/gegokids.ee\/e-pood\/\"},{\"@type\":\"ListItem\",\"position\":3,\"name\":\"Marcus &amp; Marcus n\u00e4puhambaharja komplekt\"}]},{\"@type\":\"WebSite\",\"@id\":\"https:\/\/gegokids.ee\/#website\",\"url\":\"https:\/\/gegokids.ee\/\",\"name\":\"Gegokids\",\"description\":\"Kvaliteetsed ja turvalised laste m\u00e4nguasjad.\",\"publisher\":{\"@id\":\"https:\/\/gegokids.ee\/#organization\"},\"potentialAction\":[{\"@type\":\"SearchAction\",\"target\":{\"@type\":\"EntryPoint\",\"urlTemplate\":\"https:\/\/gegokids.ee\/?s={search_term_string}\"},\"query-input\":{\"@type\":\"PropertyValueSpecification\",\"valueRequired\":true,\"valueName\":\"search_term_string\"}}],\"inLanguage\":\"en-US\"},{\"@type\":\"Organization\",\"@id\":\"https:\/\/gegokids.ee\/#organization\",\"name\":\"Gegokids\",\"url\":\"https:\/\/gegokids.ee\/\",\"logo\":{\"@type\":\"ImageObject\",\"inLanguage\":\"en-US\",\"@id\":\"https:\/\/gegokids.ee\/#\/schema\/logo\/image\/\",\"url\":\"https:\/\/gegokids.ee\/wp-content\/uploads\/2022\/06\/logo2.png\",\"contentUrl\":\"https:\/\/gegokids.ee\/wp-content\/uploads\/2022\/06\/logo2.png\",\"width\":358,\"height\":104,\"caption\":\"Gegokids\"},\"image\":{\"@id\":\"https:\/\/gegokids.ee\/#\/schema\/logo\/image\/\"},\"sameAs\":[\"https:\/\/www.facebook.com\/GegoKids\",\"https:\/\/www.instagram.com\/gegokids.ee\/\"]}]}<\/script>\n<!-- \/ Yoast SEO plugin. -->","yoast_head_json":{"title":"Marcus &amp; Marcus n\u00e4puhambaharja komplekt | Gegokids","description":"Marcus & Marcus s\u00f5rmehambahari ja igememassaa\u017eikomplekt aitab alustada beebi suuhooldusega juba varakult. \u00d5rn silikoon puhastab igemeid ja hambaid. Sobib alates s\u00fcnnist.","robots":{"index":"index","follow":"follow","max-snippet":"max-snippet:-1","max-image-preview":"max-image-preview:large","max-video-preview":"max-video-preview:-1"},"canonical":"https:\/\/gegokids.ee\/en\/product\/mm-napuhambaharja-komplekt\/","og_locale":"en_US","og_type":"article","og_title":"Marcus &amp; Marcus n\u00e4puhambaharja komplekt | Gegokids","og_description":"Marcus & Marcus s\u00f5rmehambahari ja igememassaa\u017eikomplekt aitab alustada beebi suuhooldusega juba varakult. \u00d5rn silikoon puhastab igemeid ja hambaid. Sobib alates s\u00fcnnist.","og_url":"https:\/\/gegokids.ee\/en\/product\/mm-napuhambaharja-komplekt\/","og_site_name":"Gegokids","article_publisher":"https:\/\/www.facebook.com\/GegoKids","article_modified_time":"2026-02-08T21:36:51+00:00","og_image":[{"width":800,"height":533,"url":"https:\/\/gegokids.ee\/wp-content\/uploads\/2022\/06\/MM-Napuhambaharja-Komplekt-pilt.png","type":"image\/png"}],"twitter_card":"summary_large_image","twitter_misc":{"Est. reading time":"1 minute"},"schema":{"@context":"https:\/\/schema.org","@graph":[{"@type":"WebPage","@id":"https:\/\/gegokids.ee\/toode\/mm-napuhambaharja-komplekt\/","url":"https:\/\/gegokids.ee\/toode\/mm-napuhambaharja-komplekt\/","name":"Marcus &amp; Marcus n\u00e4puhambaharja komplekt | Gegokids","isPartOf":{"@id":"https:\/\/gegokids.ee\/#website"},"primaryImageOfPage":{"@id":"https:\/\/gegokids.ee\/toode\/mm-napuhambaharja-komplekt\/#primaryimage"},"image":{"@id":"https:\/\/gegokids.ee\/toode\/mm-napuhambaharja-komplekt\/#primaryimage"},"thumbnailUrl":"https:\/\/gegokids.ee\/wp-content\/uploads\/2022\/06\/MM-Napuhambaharja-Komplekt.png","datePublished":"2022-06-18T13:38:38+00:00","dateModified":"2026-02-08T21:36:51+00:00","description":"Marcus & Marcus s\u00f5rmehambahari ja igememassaa\u017eikomplekt aitab alustada beebi suuhooldusega juba varakult. \u00d5rn silikoon puhastab igemeid ja hambaid. Sobib alates s\u00fcnnist.","breadcrumb":{"@id":"https:\/\/gegokids.ee\/toode\/mm-napuhambaharja-komplekt\/#breadcrumb"},"inLanguage":"en-US","potentialAction":[{"@type":"ReadAction","target":["https:\/\/gegokids.ee\/toode\/mm-napuhambaharja-komplekt\/"]}]},{"@type":"ImageObject","inLanguage":"en-US","@id":"https:\/\/gegokids.ee\/toode\/mm-napuhambaharja-komplekt\/#primaryimage","url":"https:\/\/gegokids.ee\/wp-content\/uploads\/2022\/06\/MM-Napuhambaharja-Komplekt.png","contentUrl":"https:\/\/gegokids.ee\/wp-content\/uploads\/2022\/06\/MM-Napuhambaharja-Komplekt.png","width":800,"height":533},{"@type":"BreadcrumbList","@id":"https:\/\/gegokids.ee\/toode\/mm-napuhambaharja-komplekt\/#breadcrumb","itemListElement":[{"@type":"ListItem","position":1,"name":"Home","item":"https:\/\/gegokids.ee\/en\/"},{"@type":"ListItem","position":2,"name":"E-pood","item":"https:\/\/gegokids.ee\/e-pood\/"},{"@type":"ListItem","position":3,"name":"Marcus &amp; Marcus n\u00e4puhambaharja komplekt"}]},{"@type":"WebSite","@id":"https:\/\/gegokids.ee\/#website","url":"https:\/\/gegokids.ee\/","name":"Gegokids","description":"Kvaliteetsed ja turvalised laste m\u00e4nguasjad.","publisher":{"@id":"https:\/\/gegokids.ee\/#organization"},"potentialAction":[{"@type":"SearchAction","target":{"@type":"EntryPoint","urlTemplate":"https:\/\/gegokids.ee\/?s={search_term_string}"},"query-input":{"@type":"PropertyValueSpecification","valueRequired":true,"valueName":"search_term_string"}}],"inLanguage":"en-US"},{"@type":"Organization","@id":"https:\/\/gegokids.ee\/#organization","name":"Gegokids","url":"https:\/\/gegokids.ee\/","logo":{"@type":"ImageObject","inLanguage":"en-US","@id":"https:\/\/gegokids.ee\/#\/schema\/logo\/image\/","url":"https:\/\/gegokids.ee\/wp-content\/uploads\/2022\/06\/logo2.png","contentUrl":"https:\/\/gegokids.ee\/wp-content\/uploads\/2022\/06\/logo2.png","width":358,"height":104,"caption":"Gegokids"},"image":{"@id":"https:\/\/gegokids.ee\/#\/schema\/logo\/image\/"},"sameAs":["https:\/\/www.facebook.com\/GegoKids","https:\/\/www.instagram.com\/gegokids.ee\/"]}]}},"_links":{"self":[{"href":"https:\/\/gegokids.ee\/en\/wp-json\/wp\/v2\/product\/20404","targetHints":{"allow":["GET"]}}],"collection":[{"href":"https:\/\/gegokids.ee\/en\/wp-json\/wp\/v2\/product"}],"about":[{"href":"https:\/\/gegokids.ee\/en\/wp-json\/wp\/v2\/types\/product"}],"replies":[{"embeddable":true,"href":"https:\/\/gegokids.ee\/en\/wp-json\/wp\/v2\/comments?post=20404"}],"version-history":[{"count":5,"href":"https:\/\/gegokids.ee\/en\/wp-json\/wp\/v2\/product\/20404\/revisions"}],"predecessor-version":[{"id":29057,"href":"https:\/\/gegokids.ee\/en\/wp-json\/wp\/v2\/product\/20404\/revisions\/29057"}],"wp:featuredmedia":[{"embeddable":true,"href":"https:\/\/gegokids.ee\/en\/wp-json\/wp\/v2\/media\/21816"}],"wp:attachment":[{"href":"https:\/\/gegokids.ee\/en\/wp-json\/wp\/v2\/media?parent=20404"}],"wp:term":[{"taxonomy":"product_brand","embeddable":true,"href":"https:\/\/gegokids.ee\/en\/wp-json\/wp\/v2\/product_brand?post=20404"},{"taxonomy":"product_cat","embeddable":true,"href":"https:\/\/gegokids.ee\/en\/wp-json\/wp\/v2\/product_cat?post=20404"},{"taxonomy":"product_tag","embeddable":true,"href":"https:\/\/gegokids.ee\/en\/wp-json\/wp\/v2\/product_tag?post=20404"}],"curies":[{"name":"wp","href":"https:\/\/api.w.org\/{rel}","templated":true}]}}