{"id":20401,"date":"2022-06-18T13:38:38","date_gmt":"2022-06-18T13:38:38","guid":{"rendered":"https:\/\/gegokids.ee\/?post_type=product&#038;p=20401"},"modified":"2026-02-09T00:17:10","modified_gmt":"2026-02-08T21:17:10","slug":"mm-orgaaniline-ilapoll-kinnitatava-lutiga","status":"publish","type":"product","link":"https:\/\/gegokids.ee\/en\/product\/mm-orgaaniline-ilapoll-kinnitatava-lutiga\/","title":{"rendered":"Marcus &#038; Marcus orgaaniline ilap\u00f5ll kinnitatava lutiga"},"content":{"rendered":"<p><span style=\"color: #000000; font-size: 12pt;\"><strong>Omadused:<\/strong><\/span><\/p>\n<ul>\n<li><span style=\"color: #000000; font-size: 12pt;\">BPA \/ ftalaatide vaba<\/span><\/li>\n<li><span style=\"color: #000000; font-size: 12pt;\">Toidusilikoonist valmistatud kummist<\/span><\/li>\n<li><span style=\"color: #000000; font-size: 12pt;\">\u00dcheosaliseks muudetav<\/span><\/li>\n<li><span style=\"color: #000000; font-size: 12pt;\">Kahjustusi tekitavatest kemikaalidest vaba<\/span><\/li>\n<li><span style=\"color: #000000; font-size: 12pt;\">2-\u00fches funktsiooniga<\/span><\/li>\n<li><span style=\"color: #000000; font-size: 12pt;\">H\u00e4sti imav kangas<\/span><\/li>\n<li><span style=\"color: #000000; font-size: 12pt;\">Reguleeritav kinnitus<\/span><\/li>\n<\/ul>\n<p><span style=\"color: #000000; font-size: 12pt;\"><strong>Hooldus ja puhastamine:<br \/>\n<\/strong><\/span><\/p>\n<p><span style=\"color: #000000; font-size: 12pt;\">P\u00f5ll:<\/span><\/p>\n<ul>\n<li><span style=\"color: #000000; font-size: 12pt;\">\u00c4rge pleegitage, triikige ega peske tsentrifuugiga<\/span><\/li>\n<li><span style=\"color: #000000; font-size: 12pt;\">Pesta enne kasutamist<\/span><\/li>\n<li><span style=\"color: #000000; font-size: 12pt;\">Pestav seebi ja veega<\/span><\/li>\n<\/ul>\n<p><span style=\"color: #000000; font-size: 12pt;\">Lutt:<\/span><\/p>\n<ul>\n<li><span style=\"color: #000000; font-size: 12pt;\">Auruga steriliseeritav<\/span><\/li>\n<li><span style=\"color: #000000; font-size: 12pt;\">Pesta ENNE ja P\u00c4RAST kasutamist<\/span><\/li>\n<li><span style=\"color: #000000; font-size: 12pt;\">Plekid on eemaldatavad sooja vee ja seebiga<\/span><\/li>\n<li><span style=\"color: #000000; font-size: 12pt;\">Hoiustada niiskuskindlas kohas<\/span><\/li>\n<li><span style=\"color: #000000; font-size: 12pt;\">Mitte j\u00e4tta otseses soojusallika l\u00e4hedusse<\/span><\/li>\n<\/ul>\n<p>&nbsp;<\/p>\n<p><span style=\"color: #000000; font-size: 12pt;\"><strong>M\u00f5\u00f5dud:<\/strong><\/span><br \/>\n<span style=\"color: #000000; font-size: 12pt;\">P\u00f5ll: 42.4 x 0.3 x 27.1 cm<\/span><\/p>\n<div class=\"page\" title=\"Page 1\">\n<div class=\"layoutArea\">\n<div class=\"column\">\n<p><span style=\"color: #000000; font-size: 12pt;\">Lutt: 5.1 x 4.6 x 5.2 cm (Punane), 5.5 x 4.6 x 5 cm (Sinine)<\/span><\/p>\n<\/div>\n<\/div>\n<\/div>\n<p><span style=\"color: #000000; font-size: 12pt;\"><strong>Materjal:<\/strong><\/span><br \/>\n<span style=\"color: #000000; font-size: 12pt;\">P\u00f5ll: 100% orgaaniline puuvill<\/span><br \/>\n<span style=\"color: #000000; font-size: 12pt;\">Lutt: Toidusilikoonist valmistatud kumm<\/span><\/p>\n<p><span style=\"color: #000000; font-size: 12pt;\"><strong>Vastupidavus temperatuurid:<\/strong><\/span><br \/>\n<span style=\"color: #000000; font-size: 12pt;\">-20\u00b0C kuni 120\u00b0C<\/span><\/p>\n<p><span style=\"color: #000000; font-size: 12pt;\"><strong>Vanus:<\/strong><\/span><br \/>\n<span style=\"color: #000000; font-size: 12pt;\">3 kuud+<\/span><\/p>","protected":false},"excerpt":{"rendered":"<p><span style=\"font-size: 12pt; color: #000000;\">Marcus &amp; Marcus orgaaniline ilap\u00f5ll koos lutiga on valmistatud h\u00e4sti imavast orgaanilisest puvillast, mis hoiab Sinu beebi kuivana ka k\u00f5ige suurema ila tilkumise ajal. Toode on valmistatud 100% orgaanilisest sertifitseeritud puvillast, mis on super pehme ja mugav. 3 reguleeritavat nuppu tagaseljal v\u00f5imaldavad p\u00f5lle suurust muuta vastavalt vajadusele. \u00a0Lutt on valmistatud k\u00f5rgkvaliteedilisest materjalist- platinum toiusilikoonist, ning on BPA ja ftalaatide vaba. \u00dcksteise k\u00fclge kinnitatav konstruktsioon aitab v\u00e4ltida mustuse ja bakterite ligip\u00e4\u00e4su lutile. Lutt on disainitud lihtsasti hoitava r\u00f5ngaga, mille k\u00fclge saab lihtsasti kinnitada ka p\u00f5llekese. Komplekti kuuluvad kaelasall ning aasaga lutt, mida on v\u00f5imalik kinnitada salli k\u00fclge, et lutt oleks alati k\u00e4ttesaadav beebile!<\/span><\/p>\n<p><span style=\"font-size: 12pt; color: #000000;\"><strong>Tarne 2-5 t\u00f6\u00f6p\u00e4eva!<\/strong><\/span><\/p>","protected":false},"featured_media":21824,"comment_status":"closed","ping_status":"closed","template":"","meta":[],"product_brand":[455],"product_cat":[298,285,422],"product_tag":[457],"class_list":{"0":"post-20401","1":"product","2":"type-product","3":"status-publish","4":"has-post-thumbnail","6":"product_brand-marcus-marcus","7":"product_cat-laste-beebide-hambaharjad","8":"product_cat-koik","9":"product_cat-laste-soogikomplektid","10":"product_tag-beebidele-0-1-a","12":"first","13":"instock","14":"shipping-taxable","15":"purchasable","16":"product-type-variable"},"yoast_head":"<!-- This site is optimized with the Yoast SEO plugin v26.9 - https:\/\/yoast.com\/product\/yoast-seo-wordpress\/ -->\n<title>Marcus &amp; Marcus orgaaniline ilap\u00f5ll kinnitatava lutiga | Gegokids<\/title>\n<meta name=\"description\" content=\"Marcus &amp; Marcus orgaaniline ilap\u00f5ll koos lutiga on valmistatud h\u00e4sti imavast orgaanilisest puvillast, mis hoiab Sinu beebi kuivana ka k\u00f5ige suurema ila tilkumise ajal. Toode on valmistatud 100% orgaanilisest sertifitseeritud puvillast, mis on super pehme ja mugav. 3 reguleeritavat nuppu tagaseljal v\u00f5imaldavad p\u00f5lle suurust muuta vastavalt vajadusele. \u00a0Lutt on valmistatud k\u00f5rgkvaliteedilisest materjalist- platinum toiusilikoonist, ning on BPA ja ftalaatide vaba. \u00dcksteise k\u00fclge kinnitatav konstruktsioon aitab v\u00e4ltida mustuse ja bakterite ligip\u00e4\u00e4su lutile. Lutt on disainitud lihtsasti hoitava r\u00f5ngaga, mille k\u00fclge saab lihtsasti kinnitada ka p\u00f5llekese. Komplekti kuuluvad kaelasall ning aasaga lutt, mida on v\u00f5imalik kinnitada salli k\u00fclge, et lutt oleks alati k\u00e4ttesaadav beebile!\" \/>\n<meta name=\"robots\" content=\"index, follow, max-snippet:-1, max-image-preview:large, max-video-preview:-1\" \/>\n<link rel=\"canonical\" href=\"https:\/\/gegokids.ee\/en\/product\/mm-orgaaniline-ilapoll-kinnitatava-lutiga\/\" \/>\n<meta property=\"og:locale\" content=\"en_US\" \/>\n<meta property=\"og:type\" content=\"article\" \/>\n<meta property=\"og:title\" content=\"Marcus &amp; Marcus orgaaniline ilap\u00f5ll kinnitatava lutiga | Gegokids\" \/>\n<meta property=\"og:description\" content=\"Marcus &amp; Marcus orgaaniline ilap\u00f5ll koos lutiga on valmistatud h\u00e4sti imavast orgaanilisest puvillast, mis hoiab Sinu beebi kuivana ka k\u00f5ige suurema ila tilkumise ajal. Toode on valmistatud 100% orgaanilisest sertifitseeritud puvillast, mis on super pehme ja mugav. 3 reguleeritavat nuppu tagaseljal v\u00f5imaldavad p\u00f5lle suurust muuta vastavalt vajadusele. \u00a0Lutt on valmistatud k\u00f5rgkvaliteedilisest materjalist- platinum toiusilikoonist, ning on BPA ja ftalaatide vaba. \u00dcksteise k\u00fclge kinnitatav konstruktsioon aitab v\u00e4ltida mustuse ja bakterite ligip\u00e4\u00e4su lutile. Lutt on disainitud lihtsasti hoitava r\u00f5ngaga, mille k\u00fclge saab lihtsasti kinnitada ka p\u00f5llekese. Komplekti kuuluvad kaelasall ning aasaga lutt, mida on v\u00f5imalik kinnitada salli k\u00fclge, et lutt oleks alati k\u00e4ttesaadav beebile!\" \/>\n<meta property=\"og:url\" content=\"https:\/\/gegokids.ee\/en\/product\/mm-orgaaniline-ilapoll-kinnitatava-lutiga\/\" \/>\n<meta property=\"og:site_name\" content=\"Gegokids\" \/>\n<meta property=\"article:publisher\" content=\"https:\/\/www.facebook.com\/GegoKids\" \/>\n<meta property=\"article:modified_time\" content=\"2026-02-08T21:17:10+00:00\" \/>\n<meta property=\"og:image\" content=\"https:\/\/gegokids.ee\/wp-content\/uploads\/2022\/06\/MM-Orgaaniline-Ilapoll-Kinnitatava-Lutiga-pilt2.png\" \/>\n\t<meta property=\"og:image:width\" content=\"800\" \/>\n\t<meta property=\"og:image:height\" content=\"533\" \/>\n\t<meta property=\"og:image:type\" content=\"image\/png\" \/>\n<meta name=\"twitter:card\" content=\"summary_large_image\" \/>\n<meta name=\"twitter:label1\" content=\"Est. reading time\" \/>\n\t<meta name=\"twitter:data1\" content=\"1 minute\" \/>\n<script type=\"application\/ld+json\" class=\"yoast-schema-graph\">{\"@context\":\"https:\/\/schema.org\",\"@graph\":[{\"@type\":\"WebPage\",\"@id\":\"https:\/\/gegokids.ee\/toode\/mm-orgaaniline-ilapoll-kinnitatava-lutiga\/\",\"url\":\"https:\/\/gegokids.ee\/toode\/mm-orgaaniline-ilapoll-kinnitatava-lutiga\/\",\"name\":\"Marcus & Marcus orgaaniline ilap\u00f5ll kinnitatava lutiga | Gegokids\",\"isPartOf\":{\"@id\":\"https:\/\/gegokids.ee\/#website\"},\"primaryImageOfPage\":{\"@id\":\"https:\/\/gegokids.ee\/toode\/mm-orgaaniline-ilapoll-kinnitatava-lutiga\/#primaryimage\"},\"image\":{\"@id\":\"https:\/\/gegokids.ee\/toode\/mm-orgaaniline-ilapoll-kinnitatava-lutiga\/#primaryimage\"},\"thumbnailUrl\":\"https:\/\/gegokids.ee\/wp-content\/uploads\/2022\/06\/MM-Orgaaniline-Ilapoll-Kinnitatava-Lutiga.png\",\"datePublished\":\"2022-06-18T13:38:38+00:00\",\"dateModified\":\"2026-02-08T21:17:10+00:00\",\"description\":\"Marcus & Marcus orgaaniline ilap\u00f5ll koos lutiga on valmistatud h\u00e4sti imavast orgaanilisest puvillast, mis hoiab Sinu beebi kuivana ka k\u00f5ige suurema ila tilkumise ajal. Toode on valmistatud 100% orgaanilisest sertifitseeritud puvillast, mis on super pehme ja mugav. 3 reguleeritavat nuppu tagaseljal v\u00f5imaldavad p\u00f5lle suurust muuta vastavalt vajadusele. \u00a0Lutt on valmistatud k\u00f5rgkvaliteedilisest materjalist- platinum toiusilikoonist, ning on BPA ja ftalaatide vaba. \u00dcksteise k\u00fclge kinnitatav konstruktsioon aitab v\u00e4ltida mustuse ja bakterite ligip\u00e4\u00e4su lutile. Lutt on disainitud lihtsasti hoitava r\u00f5ngaga, mille k\u00fclge saab lihtsasti kinnitada ka p\u00f5llekese. Komplekti kuuluvad kaelasall ning aasaga lutt, mida on v\u00f5imalik kinnitada salli k\u00fclge, et lutt oleks alati k\u00e4ttesaadav beebile!\",\"breadcrumb\":{\"@id\":\"https:\/\/gegokids.ee\/toode\/mm-orgaaniline-ilapoll-kinnitatava-lutiga\/#breadcrumb\"},\"inLanguage\":\"en-US\",\"potentialAction\":[{\"@type\":\"ReadAction\",\"target\":[\"https:\/\/gegokids.ee\/toode\/mm-orgaaniline-ilapoll-kinnitatava-lutiga\/\"]}]},{\"@type\":\"ImageObject\",\"inLanguage\":\"en-US\",\"@id\":\"https:\/\/gegokids.ee\/toode\/mm-orgaaniline-ilapoll-kinnitatava-lutiga\/#primaryimage\",\"url\":\"https:\/\/gegokids.ee\/wp-content\/uploads\/2022\/06\/MM-Orgaaniline-Ilapoll-Kinnitatava-Lutiga.png\",\"contentUrl\":\"https:\/\/gegokids.ee\/wp-content\/uploads\/2022\/06\/MM-Orgaaniline-Ilapoll-Kinnitatava-Lutiga.png\",\"width\":800,\"height\":533},{\"@type\":\"BreadcrumbList\",\"@id\":\"https:\/\/gegokids.ee\/toode\/mm-orgaaniline-ilapoll-kinnitatava-lutiga\/#breadcrumb\",\"itemListElement\":[{\"@type\":\"ListItem\",\"position\":1,\"name\":\"Home\",\"item\":\"https:\/\/gegokids.ee\/en\/\"},{\"@type\":\"ListItem\",\"position\":2,\"name\":\"E-pood\",\"item\":\"https:\/\/gegokids.ee\/e-pood\/\"},{\"@type\":\"ListItem\",\"position\":3,\"name\":\"Marcus &#038; Marcus orgaaniline ilap\u00f5ll kinnitatava lutiga\"}]},{\"@type\":\"WebSite\",\"@id\":\"https:\/\/gegokids.ee\/#website\",\"url\":\"https:\/\/gegokids.ee\/\",\"name\":\"Gegokids\",\"description\":\"Kvaliteetsed ja turvalised laste m\u00e4nguasjad.\",\"publisher\":{\"@id\":\"https:\/\/gegokids.ee\/#organization\"},\"potentialAction\":[{\"@type\":\"SearchAction\",\"target\":{\"@type\":\"EntryPoint\",\"urlTemplate\":\"https:\/\/gegokids.ee\/?s={search_term_string}\"},\"query-input\":{\"@type\":\"PropertyValueSpecification\",\"valueRequired\":true,\"valueName\":\"search_term_string\"}}],\"inLanguage\":\"en-US\"},{\"@type\":\"Organization\",\"@id\":\"https:\/\/gegokids.ee\/#organization\",\"name\":\"Gegokids\",\"url\":\"https:\/\/gegokids.ee\/\",\"logo\":{\"@type\":\"ImageObject\",\"inLanguage\":\"en-US\",\"@id\":\"https:\/\/gegokids.ee\/#\/schema\/logo\/image\/\",\"url\":\"https:\/\/gegokids.ee\/wp-content\/uploads\/2022\/06\/logo2.png\",\"contentUrl\":\"https:\/\/gegokids.ee\/wp-content\/uploads\/2022\/06\/logo2.png\",\"width\":358,\"height\":104,\"caption\":\"Gegokids\"},\"image\":{\"@id\":\"https:\/\/gegokids.ee\/#\/schema\/logo\/image\/\"},\"sameAs\":[\"https:\/\/www.facebook.com\/GegoKids\",\"https:\/\/www.instagram.com\/gegokids.ee\/\"]}]}<\/script>\n<!-- \/ Yoast SEO plugin. -->","yoast_head_json":{"title":"Marcus & Marcus orgaaniline ilap\u00f5ll kinnitatava lutiga | Gegokids","description":"Marcus & Marcus orgaaniline ilap\u00f5ll koos lutiga on valmistatud h\u00e4sti imavast orgaanilisest puvillast, mis hoiab Sinu beebi kuivana ka k\u00f5ige suurema ila tilkumise ajal. Toode on valmistatud 100% orgaanilisest sertifitseeritud puvillast, mis on super pehme ja mugav. 3 reguleeritavat nuppu tagaseljal v\u00f5imaldavad p\u00f5lle suurust muuta vastavalt vajadusele. \u00a0Lutt on valmistatud k\u00f5rgkvaliteedilisest materjalist- platinum toiusilikoonist, ning on BPA ja ftalaatide vaba. \u00dcksteise k\u00fclge kinnitatav konstruktsioon aitab v\u00e4ltida mustuse ja bakterite ligip\u00e4\u00e4su lutile. Lutt on disainitud lihtsasti hoitava r\u00f5ngaga, mille k\u00fclge saab lihtsasti kinnitada ka p\u00f5llekese. Komplekti kuuluvad kaelasall ning aasaga lutt, mida on v\u00f5imalik kinnitada salli k\u00fclge, et lutt oleks alati k\u00e4ttesaadav beebile!","robots":{"index":"index","follow":"follow","max-snippet":"max-snippet:-1","max-image-preview":"max-image-preview:large","max-video-preview":"max-video-preview:-1"},"canonical":"https:\/\/gegokids.ee\/en\/product\/mm-orgaaniline-ilapoll-kinnitatava-lutiga\/","og_locale":"en_US","og_type":"article","og_title":"Marcus & Marcus orgaaniline ilap\u00f5ll kinnitatava lutiga | Gegokids","og_description":"Marcus & Marcus orgaaniline ilap\u00f5ll koos lutiga on valmistatud h\u00e4sti imavast orgaanilisest puvillast, mis hoiab Sinu beebi kuivana ka k\u00f5ige suurema ila tilkumise ajal. Toode on valmistatud 100% orgaanilisest sertifitseeritud puvillast, mis on super pehme ja mugav. 3 reguleeritavat nuppu tagaseljal v\u00f5imaldavad p\u00f5lle suurust muuta vastavalt vajadusele. \u00a0Lutt on valmistatud k\u00f5rgkvaliteedilisest materjalist- platinum toiusilikoonist, ning on BPA ja ftalaatide vaba. \u00dcksteise k\u00fclge kinnitatav konstruktsioon aitab v\u00e4ltida mustuse ja bakterite ligip\u00e4\u00e4su lutile. Lutt on disainitud lihtsasti hoitava r\u00f5ngaga, mille k\u00fclge saab lihtsasti kinnitada ka p\u00f5llekese. Komplekti kuuluvad kaelasall ning aasaga lutt, mida on v\u00f5imalik kinnitada salli k\u00fclge, et lutt oleks alati k\u00e4ttesaadav beebile!","og_url":"https:\/\/gegokids.ee\/en\/product\/mm-orgaaniline-ilapoll-kinnitatava-lutiga\/","og_site_name":"Gegokids","article_publisher":"https:\/\/www.facebook.com\/GegoKids","article_modified_time":"2026-02-08T21:17:10+00:00","og_image":[{"width":800,"height":533,"url":"https:\/\/gegokids.ee\/wp-content\/uploads\/2022\/06\/MM-Orgaaniline-Ilapoll-Kinnitatava-Lutiga-pilt2.png","type":"image\/png"}],"twitter_card":"summary_large_image","twitter_misc":{"Est. reading time":"1 minute"},"schema":{"@context":"https:\/\/schema.org","@graph":[{"@type":"WebPage","@id":"https:\/\/gegokids.ee\/toode\/mm-orgaaniline-ilapoll-kinnitatava-lutiga\/","url":"https:\/\/gegokids.ee\/toode\/mm-orgaaniline-ilapoll-kinnitatava-lutiga\/","name":"Marcus & Marcus orgaaniline ilap\u00f5ll kinnitatava lutiga | Gegokids","isPartOf":{"@id":"https:\/\/gegokids.ee\/#website"},"primaryImageOfPage":{"@id":"https:\/\/gegokids.ee\/toode\/mm-orgaaniline-ilapoll-kinnitatava-lutiga\/#primaryimage"},"image":{"@id":"https:\/\/gegokids.ee\/toode\/mm-orgaaniline-ilapoll-kinnitatava-lutiga\/#primaryimage"},"thumbnailUrl":"https:\/\/gegokids.ee\/wp-content\/uploads\/2022\/06\/MM-Orgaaniline-Ilapoll-Kinnitatava-Lutiga.png","datePublished":"2022-06-18T13:38:38+00:00","dateModified":"2026-02-08T21:17:10+00:00","description":"Marcus & Marcus orgaaniline ilap\u00f5ll koos lutiga on valmistatud h\u00e4sti imavast orgaanilisest puvillast, mis hoiab Sinu beebi kuivana ka k\u00f5ige suurema ila tilkumise ajal. Toode on valmistatud 100% orgaanilisest sertifitseeritud puvillast, mis on super pehme ja mugav. 3 reguleeritavat nuppu tagaseljal v\u00f5imaldavad p\u00f5lle suurust muuta vastavalt vajadusele. \u00a0Lutt on valmistatud k\u00f5rgkvaliteedilisest materjalist- platinum toiusilikoonist, ning on BPA ja ftalaatide vaba. \u00dcksteise k\u00fclge kinnitatav konstruktsioon aitab v\u00e4ltida mustuse ja bakterite ligip\u00e4\u00e4su lutile. Lutt on disainitud lihtsasti hoitava r\u00f5ngaga, mille k\u00fclge saab lihtsasti kinnitada ka p\u00f5llekese. Komplekti kuuluvad kaelasall ning aasaga lutt, mida on v\u00f5imalik kinnitada salli k\u00fclge, et lutt oleks alati k\u00e4ttesaadav beebile!","breadcrumb":{"@id":"https:\/\/gegokids.ee\/toode\/mm-orgaaniline-ilapoll-kinnitatava-lutiga\/#breadcrumb"},"inLanguage":"en-US","potentialAction":[{"@type":"ReadAction","target":["https:\/\/gegokids.ee\/toode\/mm-orgaaniline-ilapoll-kinnitatava-lutiga\/"]}]},{"@type":"ImageObject","inLanguage":"en-US","@id":"https:\/\/gegokids.ee\/toode\/mm-orgaaniline-ilapoll-kinnitatava-lutiga\/#primaryimage","url":"https:\/\/gegokids.ee\/wp-content\/uploads\/2022\/06\/MM-Orgaaniline-Ilapoll-Kinnitatava-Lutiga.png","contentUrl":"https:\/\/gegokids.ee\/wp-content\/uploads\/2022\/06\/MM-Orgaaniline-Ilapoll-Kinnitatava-Lutiga.png","width":800,"height":533},{"@type":"BreadcrumbList","@id":"https:\/\/gegokids.ee\/toode\/mm-orgaaniline-ilapoll-kinnitatava-lutiga\/#breadcrumb","itemListElement":[{"@type":"ListItem","position":1,"name":"Home","item":"https:\/\/gegokids.ee\/en\/"},{"@type":"ListItem","position":2,"name":"E-pood","item":"https:\/\/gegokids.ee\/e-pood\/"},{"@type":"ListItem","position":3,"name":"Marcus &#038; Marcus orgaaniline ilap\u00f5ll kinnitatava lutiga"}]},{"@type":"WebSite","@id":"https:\/\/gegokids.ee\/#website","url":"https:\/\/gegokids.ee\/","name":"Gegokids","description":"Kvaliteetsed ja turvalised laste m\u00e4nguasjad.","publisher":{"@id":"https:\/\/gegokids.ee\/#organization"},"potentialAction":[{"@type":"SearchAction","target":{"@type":"EntryPoint","urlTemplate":"https:\/\/gegokids.ee\/?s={search_term_string}"},"query-input":{"@type":"PropertyValueSpecification","valueRequired":true,"valueName":"search_term_string"}}],"inLanguage":"en-US"},{"@type":"Organization","@id":"https:\/\/gegokids.ee\/#organization","name":"Gegokids","url":"https:\/\/gegokids.ee\/","logo":{"@type":"ImageObject","inLanguage":"en-US","@id":"https:\/\/gegokids.ee\/#\/schema\/logo\/image\/","url":"https:\/\/gegokids.ee\/wp-content\/uploads\/2022\/06\/logo2.png","contentUrl":"https:\/\/gegokids.ee\/wp-content\/uploads\/2022\/06\/logo2.png","width":358,"height":104,"caption":"Gegokids"},"image":{"@id":"https:\/\/gegokids.ee\/#\/schema\/logo\/image\/"},"sameAs":["https:\/\/www.facebook.com\/GegoKids","https:\/\/www.instagram.com\/gegokids.ee\/"]}]}},"_links":{"self":[{"href":"https:\/\/gegokids.ee\/en\/wp-json\/wp\/v2\/product\/20401","targetHints":{"allow":["GET"]}}],"collection":[{"href":"https:\/\/gegokids.ee\/en\/wp-json\/wp\/v2\/product"}],"about":[{"href":"https:\/\/gegokids.ee\/en\/wp-json\/wp\/v2\/types\/product"}],"replies":[{"embeddable":true,"href":"https:\/\/gegokids.ee\/en\/wp-json\/wp\/v2\/comments?post=20401"}],"version-history":[{"count":4,"href":"https:\/\/gegokids.ee\/en\/wp-json\/wp\/v2\/product\/20401\/revisions"}],"predecessor-version":[{"id":28989,"href":"https:\/\/gegokids.ee\/en\/wp-json\/wp\/v2\/product\/20401\/revisions\/28989"}],"wp:featuredmedia":[{"embeddable":true,"href":"https:\/\/gegokids.ee\/en\/wp-json\/wp\/v2\/media\/21824"}],"wp:attachment":[{"href":"https:\/\/gegokids.ee\/en\/wp-json\/wp\/v2\/media?parent=20401"}],"wp:term":[{"taxonomy":"product_brand","embeddable":true,"href":"https:\/\/gegokids.ee\/en\/wp-json\/wp\/v2\/product_brand?post=20401"},{"taxonomy":"product_cat","embeddable":true,"href":"https:\/\/gegokids.ee\/en\/wp-json\/wp\/v2\/product_cat?post=20401"},{"taxonomy":"product_tag","embeddable":true,"href":"https:\/\/gegokids.ee\/en\/wp-json\/wp\/v2\/product_tag?post=20401"}],"curies":[{"name":"wp","href":"https:\/\/api.w.org\/{rel}","templated":true}]}}