{"id":20400,"date":"2022-06-18T13:38:38","date_gmt":"2022-06-18T13:38:38","guid":{"rendered":"https:\/\/gegokids.ee\/?post_type=product&#038;p=20400"},"modified":"2026-04-17T08:30:17","modified_gmt":"2026-04-17T05:30:17","slug":"mm-taaskasutatavate-silikoonist-joogikorte-komplekt-pesuhari","status":"publish","type":"product","link":"https:\/\/gegokids.ee\/en\/product\/mm-taaskasutatavate-silikoonist-joogikorte-komplekt-pesuhari\/","title":{"rendered":"Marcus &amp; Marcus taaskasutatavate silikoonist joogik\u00f5rte komplekt+ pesuhari"},"content":{"rendered":"<p><span style=\"font-size: 12pt;\"><strong>Omadused:<\/strong><\/span><\/p>\n<ul>\n<li><span style=\"font-size: 12pt;\">BPA\/ftalaatide vaba<\/span><\/li>\n<li><span style=\"font-size: 12pt;\">Toidusilikoonist<\/span><\/li>\n<li><span style=\"font-size: 12pt;\">Taaskasutatavad<\/span><\/li>\n<li><span style=\"font-size: 12pt;\">Pestavad n\u00f5udepesumasinas<\/span><\/li>\n<\/ul>\n<p>&nbsp;<\/p>\n<p><span style=\"font-size: 12pt;\"><strong>Puhastamine ja hooldus:<\/strong><\/span><\/p>\n<ul>\n<li><span style=\"font-size: 12pt;\">Pestavad n\u00f5udepesumasinas AINULT \u00fclemisel riiulil<\/span><\/li>\n<li><span style=\"font-size: 12pt;\">Auruga steriliseeritavad<\/span><\/li>\n<li><span style=\"font-size: 12pt;\">Hoiustada kuivas kohas<\/span><\/li>\n<li><span style=\"font-size: 12pt;\">Igat k\u00f5rt tuleb harjaga puhastada eraldi<\/span><\/li>\n<li><span style=\"font-size: 12pt;\">Puhastada korralikult ENNE ja P\u00c4RAST kasutamist<\/span><\/li>\n<li><span style=\"font-size: 12pt;\">Plekid on eemaldatavad sooja vee ja seebiga<\/span><\/li>\n<li><span style=\"font-size: 12pt;\">Hoiustada kuivas kohas<\/span><\/li>\n<\/ul>\n<p><span style=\"font-size: 12pt;\"><strong>M\u00f5\u00f5dud:<\/strong><\/span><br \/>\n<span style=\"font-size: 12pt;\">K\u00f5rred: 0.9 x 0.9 x 17 cm<\/span><br \/>\n<span style=\"font-size: 12pt;\">Pesuhari: 0.6 x 0.6 x 20.5 cm<\/span><\/p>\n<p><span style=\"font-size: 12pt;\"><strong>Materjal:<\/strong><\/span><br \/>\n<span style=\"font-size: 12pt;\">K\u00f5rred: Toidusilikoon-kumm<\/span><br \/>\n<span style=\"font-size: 12pt;\">Pesuhari: 304 roostevaba teras, Nailon<\/span><\/p>\n<p><span style=\"font-size: 12pt;\"><strong>Vastupidavus temperatuurid:<\/strong><\/span><br \/>\n<span style=\"font-size: 12pt;\">-20\u00b0C kuni 120\u00b0C<\/span><\/p>","protected":false},"excerpt":{"rendered":"<div class=\"wpb_text_column wpb_content_element\">\n<div class=\"wpb_wrapper\">\n<div class=\"page\" title=\"Page 1\">\n<div class=\"layoutArea\">\n<div class=\"column\">\n<p><span style=\"font-size: 12pt;\">K\u00f5ik me teame, et \u00fchekordsete plastikk\u00f5rte lagunemine v\u00f5ib v\u00f5tta aega tuhandeid aastaid ning nende kasutamist on hakatud piirama \u00fcha rohkem. Kui Sinu pisikene soovib kasutada aga joomiseks k\u00f5rt, siis toidusilikoonist valmistatud taaskasutatavad k\u00f5rred pakuvad meeldiva lahenduse! K\u00f5rsi saab kasutada korduvalt ning need on puhastatavad komplektis oleva harjakesega. Komplekti kuulub 6 atraktiivses v\u00e4rvitoonis k\u00f5rt + puhastamiseks harjakene, millega saab k\u00f5rred seest puhtaks pesta.<\/span><\/p>\n<\/div>\n<p><span style=\"font-size: 12pt;\"><strong>Tarne 2-8 t\u00f6\u00f6p\u00e4eva!<\/strong><\/span><\/p>\n<\/div>\n<\/div>\n<\/div>\n<\/div>","protected":false},"featured_media":21830,"comment_status":"closed","ping_status":"closed","template":"","meta":[],"product_brand":[455],"product_cat":[285,422],"product_tag":[446,458],"class_list":{"0":"post-20400","1":"product","2":"type-product","3":"status-publish","4":"has-post-thumbnail","6":"product_brand-marcus-marcus","7":"product_cat-koik","8":"product_cat-laste-soogikomplektid","9":"product_tag-joogipudelid","10":"product_tag-vaikelastele-1-3-a","12":"first","13":"instock","14":"shipping-taxable","15":"purchasable","16":"product-type-simple"},"yoast_head":"<!-- This site is optimized with the Yoast SEO plugin v26.9 - https:\/\/yoast.com\/product\/yoast-seo-wordpress\/ -->\n<title>Marcus &amp; Marcus taaskasutatavate silikoonist joogik\u00f5rte komplekt+ pesuhari | Gegokids<\/title>\n<meta name=\"description\" content=\"K\u00f5ik me teame, et \u00fchekordsete plastikk\u00f5rte lagunemine v\u00f5ib v\u00f5tta aega tuhandeid aastaid ning nende kasutamist on hakatud piirama \u00fcha rohkem. Kui Sinu pisikene soovib kasutada aga joomiseks k\u00f5rt, siis toidusilikoonist valmistatud taaskasutatavad k\u00f5rred pakuvad meeldiva lahenduse! K\u00f5rsi saab kasutada korduvalt ning need on puhastatavad komplektis oleva harjakesega. Komplekti kuulub 6 atraktiivses v\u00e4rvitoonis k\u00f5rt + puhastamiseks harjakene, millega saab k\u00f5rred seest puhtaks pesta.\" \/>\n<meta name=\"robots\" content=\"index, follow, max-snippet:-1, max-image-preview:large, max-video-preview:-1\" \/>\n<link rel=\"canonical\" href=\"https:\/\/gegokids.ee\/en\/product\/mm-taaskasutatavate-silikoonist-joogikorte-komplekt-pesuhari\/\" \/>\n<meta property=\"og:locale\" content=\"en_US\" \/>\n<meta property=\"og:type\" content=\"article\" \/>\n<meta property=\"og:title\" content=\"Marcus &amp; Marcus taaskasutatavate silikoonist joogik\u00f5rte komplekt+ pesuhari | Gegokids\" \/>\n<meta property=\"og:description\" content=\"K\u00f5ik me teame, et \u00fchekordsete plastikk\u00f5rte lagunemine v\u00f5ib v\u00f5tta aega tuhandeid aastaid ning nende kasutamist on hakatud piirama \u00fcha rohkem. Kui Sinu pisikene soovib kasutada aga joomiseks k\u00f5rt, siis toidusilikoonist valmistatud taaskasutatavad k\u00f5rred pakuvad meeldiva lahenduse! K\u00f5rsi saab kasutada korduvalt ning need on puhastatavad komplektis oleva harjakesega. Komplekti kuulub 6 atraktiivses v\u00e4rvitoonis k\u00f5rt + puhastamiseks harjakene, millega saab k\u00f5rred seest puhtaks pesta.\" \/>\n<meta property=\"og:url\" content=\"https:\/\/gegokids.ee\/en\/product\/mm-taaskasutatavate-silikoonist-joogikorte-komplekt-pesuhari\/\" \/>\n<meta property=\"og:site_name\" content=\"Gegokids\" \/>\n<meta property=\"article:publisher\" content=\"https:\/\/www.facebook.com\/GegoKids\" \/>\n<meta property=\"article:modified_time\" content=\"2026-04-17T05:30:17+00:00\" \/>\n<meta property=\"og:image\" content=\"https:\/\/gegokids.ee\/wp-content\/uploads\/2022\/06\/MM-Taaskasutatavate-Silikoonist-Joogikorte-Komplekt-Pesuhari-pilt.png\" \/>\n\t<meta property=\"og:image:width\" content=\"800\" \/>\n\t<meta property=\"og:image:height\" content=\"533\" \/>\n\t<meta property=\"og:image:type\" content=\"image\/png\" \/>\n<meta name=\"twitter:card\" content=\"summary_large_image\" \/>\n<meta name=\"twitter:label1\" content=\"Est. reading time\" \/>\n\t<meta name=\"twitter:data1\" content=\"1 minute\" \/>\n<script type=\"application\/ld+json\" class=\"yoast-schema-graph\">{\"@context\":\"https:\/\/schema.org\",\"@graph\":[{\"@type\":\"WebPage\",\"@id\":\"https:\/\/gegokids.ee\/toode\/mm-taaskasutatavate-silikoonist-joogikorte-komplekt-pesuhari\/\",\"url\":\"https:\/\/gegokids.ee\/toode\/mm-taaskasutatavate-silikoonist-joogikorte-komplekt-pesuhari\/\",\"name\":\"Marcus &amp; Marcus taaskasutatavate silikoonist joogik\u00f5rte komplekt+ pesuhari | Gegokids\",\"isPartOf\":{\"@id\":\"https:\/\/gegokids.ee\/#website\"},\"primaryImageOfPage\":{\"@id\":\"https:\/\/gegokids.ee\/toode\/mm-taaskasutatavate-silikoonist-joogikorte-komplekt-pesuhari\/#primaryimage\"},\"image\":{\"@id\":\"https:\/\/gegokids.ee\/toode\/mm-taaskasutatavate-silikoonist-joogikorte-komplekt-pesuhari\/#primaryimage\"},\"thumbnailUrl\":\"https:\/\/gegokids.ee\/wp-content\/uploads\/2022\/06\/MM-Taaskasutatavate-Silikoonist-Joogikorte-Komplekt-Pesuhari.png\",\"datePublished\":\"2022-06-18T13:38:38+00:00\",\"dateModified\":\"2026-04-17T05:30:17+00:00\",\"description\":\"K\u00f5ik me teame, et \u00fchekordsete plastikk\u00f5rte lagunemine v\u00f5ib v\u00f5tta aega tuhandeid aastaid ning nende kasutamist on hakatud piirama \u00fcha rohkem. Kui Sinu pisikene soovib kasutada aga joomiseks k\u00f5rt, siis toidusilikoonist valmistatud taaskasutatavad k\u00f5rred pakuvad meeldiva lahenduse! K\u00f5rsi saab kasutada korduvalt ning need on puhastatavad komplektis oleva harjakesega. Komplekti kuulub 6 atraktiivses v\u00e4rvitoonis k\u00f5rt + puhastamiseks harjakene, millega saab k\u00f5rred seest puhtaks pesta.\",\"breadcrumb\":{\"@id\":\"https:\/\/gegokids.ee\/toode\/mm-taaskasutatavate-silikoonist-joogikorte-komplekt-pesuhari\/#breadcrumb\"},\"inLanguage\":\"en-US\",\"potentialAction\":[{\"@type\":\"ReadAction\",\"target\":[\"https:\/\/gegokids.ee\/toode\/mm-taaskasutatavate-silikoonist-joogikorte-komplekt-pesuhari\/\"]}]},{\"@type\":\"ImageObject\",\"inLanguage\":\"en-US\",\"@id\":\"https:\/\/gegokids.ee\/toode\/mm-taaskasutatavate-silikoonist-joogikorte-komplekt-pesuhari\/#primaryimage\",\"url\":\"https:\/\/gegokids.ee\/wp-content\/uploads\/2022\/06\/MM-Taaskasutatavate-Silikoonist-Joogikorte-Komplekt-Pesuhari.png\",\"contentUrl\":\"https:\/\/gegokids.ee\/wp-content\/uploads\/2022\/06\/MM-Taaskasutatavate-Silikoonist-Joogikorte-Komplekt-Pesuhari.png\",\"width\":800,\"height\":533},{\"@type\":\"BreadcrumbList\",\"@id\":\"https:\/\/gegokids.ee\/toode\/mm-taaskasutatavate-silikoonist-joogikorte-komplekt-pesuhari\/#breadcrumb\",\"itemListElement\":[{\"@type\":\"ListItem\",\"position\":1,\"name\":\"Home\",\"item\":\"https:\/\/gegokids.ee\/en\/\"},{\"@type\":\"ListItem\",\"position\":2,\"name\":\"E-pood\",\"item\":\"https:\/\/gegokids.ee\/e-pood\/\"},{\"@type\":\"ListItem\",\"position\":3,\"name\":\"Marcus &amp; Marcus taaskasutatavate silikoonist joogik\u00f5rte komplekt+ pesuhari\"}]},{\"@type\":\"WebSite\",\"@id\":\"https:\/\/gegokids.ee\/#website\",\"url\":\"https:\/\/gegokids.ee\/\",\"name\":\"Gegokids\",\"description\":\"Kvaliteetsed ja turvalised laste m\u00e4nguasjad.\",\"publisher\":{\"@id\":\"https:\/\/gegokids.ee\/#organization\"},\"potentialAction\":[{\"@type\":\"SearchAction\",\"target\":{\"@type\":\"EntryPoint\",\"urlTemplate\":\"https:\/\/gegokids.ee\/?s={search_term_string}\"},\"query-input\":{\"@type\":\"PropertyValueSpecification\",\"valueRequired\":true,\"valueName\":\"search_term_string\"}}],\"inLanguage\":\"en-US\"},{\"@type\":\"Organization\",\"@id\":\"https:\/\/gegokids.ee\/#organization\",\"name\":\"Gegokids\",\"url\":\"https:\/\/gegokids.ee\/\",\"logo\":{\"@type\":\"ImageObject\",\"inLanguage\":\"en-US\",\"@id\":\"https:\/\/gegokids.ee\/#\/schema\/logo\/image\/\",\"url\":\"https:\/\/gegokids.ee\/wp-content\/uploads\/2022\/06\/logo2.png\",\"contentUrl\":\"https:\/\/gegokids.ee\/wp-content\/uploads\/2022\/06\/logo2.png\",\"width\":358,\"height\":104,\"caption\":\"Gegokids\"},\"image\":{\"@id\":\"https:\/\/gegokids.ee\/#\/schema\/logo\/image\/\"},\"sameAs\":[\"https:\/\/www.facebook.com\/GegoKids\",\"https:\/\/www.instagram.com\/gegokids.ee\/\"]}]}<\/script>\n<!-- \/ Yoast SEO plugin. -->","yoast_head_json":{"title":"Marcus &amp; Marcus taaskasutatavate silikoonist joogik\u00f5rte komplekt+ pesuhari | Gegokids","description":"K\u00f5ik me teame, et \u00fchekordsete plastikk\u00f5rte lagunemine v\u00f5ib v\u00f5tta aega tuhandeid aastaid ning nende kasutamist on hakatud piirama \u00fcha rohkem. Kui Sinu pisikene soovib kasutada aga joomiseks k\u00f5rt, siis toidusilikoonist valmistatud taaskasutatavad k\u00f5rred pakuvad meeldiva lahenduse! K\u00f5rsi saab kasutada korduvalt ning need on puhastatavad komplektis oleva harjakesega. Komplekti kuulub 6 atraktiivses v\u00e4rvitoonis k\u00f5rt + puhastamiseks harjakene, millega saab k\u00f5rred seest puhtaks pesta.","robots":{"index":"index","follow":"follow","max-snippet":"max-snippet:-1","max-image-preview":"max-image-preview:large","max-video-preview":"max-video-preview:-1"},"canonical":"https:\/\/gegokids.ee\/en\/product\/mm-taaskasutatavate-silikoonist-joogikorte-komplekt-pesuhari\/","og_locale":"en_US","og_type":"article","og_title":"Marcus &amp; Marcus taaskasutatavate silikoonist joogik\u00f5rte komplekt+ pesuhari | Gegokids","og_description":"K\u00f5ik me teame, et \u00fchekordsete plastikk\u00f5rte lagunemine v\u00f5ib v\u00f5tta aega tuhandeid aastaid ning nende kasutamist on hakatud piirama \u00fcha rohkem. Kui Sinu pisikene soovib kasutada aga joomiseks k\u00f5rt, siis toidusilikoonist valmistatud taaskasutatavad k\u00f5rred pakuvad meeldiva lahenduse! K\u00f5rsi saab kasutada korduvalt ning need on puhastatavad komplektis oleva harjakesega. Komplekti kuulub 6 atraktiivses v\u00e4rvitoonis k\u00f5rt + puhastamiseks harjakene, millega saab k\u00f5rred seest puhtaks pesta.","og_url":"https:\/\/gegokids.ee\/en\/product\/mm-taaskasutatavate-silikoonist-joogikorte-komplekt-pesuhari\/","og_site_name":"Gegokids","article_publisher":"https:\/\/www.facebook.com\/GegoKids","article_modified_time":"2026-04-17T05:30:17+00:00","og_image":[{"width":800,"height":533,"url":"https:\/\/gegokids.ee\/wp-content\/uploads\/2022\/06\/MM-Taaskasutatavate-Silikoonist-Joogikorte-Komplekt-Pesuhari-pilt.png","type":"image\/png"}],"twitter_card":"summary_large_image","twitter_misc":{"Est. reading time":"1 minute"},"schema":{"@context":"https:\/\/schema.org","@graph":[{"@type":"WebPage","@id":"https:\/\/gegokids.ee\/toode\/mm-taaskasutatavate-silikoonist-joogikorte-komplekt-pesuhari\/","url":"https:\/\/gegokids.ee\/toode\/mm-taaskasutatavate-silikoonist-joogikorte-komplekt-pesuhari\/","name":"Marcus &amp; Marcus taaskasutatavate silikoonist joogik\u00f5rte komplekt+ pesuhari | Gegokids","isPartOf":{"@id":"https:\/\/gegokids.ee\/#website"},"primaryImageOfPage":{"@id":"https:\/\/gegokids.ee\/toode\/mm-taaskasutatavate-silikoonist-joogikorte-komplekt-pesuhari\/#primaryimage"},"image":{"@id":"https:\/\/gegokids.ee\/toode\/mm-taaskasutatavate-silikoonist-joogikorte-komplekt-pesuhari\/#primaryimage"},"thumbnailUrl":"https:\/\/gegokids.ee\/wp-content\/uploads\/2022\/06\/MM-Taaskasutatavate-Silikoonist-Joogikorte-Komplekt-Pesuhari.png","datePublished":"2022-06-18T13:38:38+00:00","dateModified":"2026-04-17T05:30:17+00:00","description":"K\u00f5ik me teame, et \u00fchekordsete plastikk\u00f5rte lagunemine v\u00f5ib v\u00f5tta aega tuhandeid aastaid ning nende kasutamist on hakatud piirama \u00fcha rohkem. Kui Sinu pisikene soovib kasutada aga joomiseks k\u00f5rt, siis toidusilikoonist valmistatud taaskasutatavad k\u00f5rred pakuvad meeldiva lahenduse! K\u00f5rsi saab kasutada korduvalt ning need on puhastatavad komplektis oleva harjakesega. Komplekti kuulub 6 atraktiivses v\u00e4rvitoonis k\u00f5rt + puhastamiseks harjakene, millega saab k\u00f5rred seest puhtaks pesta.","breadcrumb":{"@id":"https:\/\/gegokids.ee\/toode\/mm-taaskasutatavate-silikoonist-joogikorte-komplekt-pesuhari\/#breadcrumb"},"inLanguage":"en-US","potentialAction":[{"@type":"ReadAction","target":["https:\/\/gegokids.ee\/toode\/mm-taaskasutatavate-silikoonist-joogikorte-komplekt-pesuhari\/"]}]},{"@type":"ImageObject","inLanguage":"en-US","@id":"https:\/\/gegokids.ee\/toode\/mm-taaskasutatavate-silikoonist-joogikorte-komplekt-pesuhari\/#primaryimage","url":"https:\/\/gegokids.ee\/wp-content\/uploads\/2022\/06\/MM-Taaskasutatavate-Silikoonist-Joogikorte-Komplekt-Pesuhari.png","contentUrl":"https:\/\/gegokids.ee\/wp-content\/uploads\/2022\/06\/MM-Taaskasutatavate-Silikoonist-Joogikorte-Komplekt-Pesuhari.png","width":800,"height":533},{"@type":"BreadcrumbList","@id":"https:\/\/gegokids.ee\/toode\/mm-taaskasutatavate-silikoonist-joogikorte-komplekt-pesuhari\/#breadcrumb","itemListElement":[{"@type":"ListItem","position":1,"name":"Home","item":"https:\/\/gegokids.ee\/en\/"},{"@type":"ListItem","position":2,"name":"E-pood","item":"https:\/\/gegokids.ee\/e-pood\/"},{"@type":"ListItem","position":3,"name":"Marcus &amp; Marcus taaskasutatavate silikoonist joogik\u00f5rte komplekt+ pesuhari"}]},{"@type":"WebSite","@id":"https:\/\/gegokids.ee\/#website","url":"https:\/\/gegokids.ee\/","name":"Gegokids","description":"Kvaliteetsed ja turvalised laste m\u00e4nguasjad.","publisher":{"@id":"https:\/\/gegokids.ee\/#organization"},"potentialAction":[{"@type":"SearchAction","target":{"@type":"EntryPoint","urlTemplate":"https:\/\/gegokids.ee\/?s={search_term_string}"},"query-input":{"@type":"PropertyValueSpecification","valueRequired":true,"valueName":"search_term_string"}}],"inLanguage":"en-US"},{"@type":"Organization","@id":"https:\/\/gegokids.ee\/#organization","name":"Gegokids","url":"https:\/\/gegokids.ee\/","logo":{"@type":"ImageObject","inLanguage":"en-US","@id":"https:\/\/gegokids.ee\/#\/schema\/logo\/image\/","url":"https:\/\/gegokids.ee\/wp-content\/uploads\/2022\/06\/logo2.png","contentUrl":"https:\/\/gegokids.ee\/wp-content\/uploads\/2022\/06\/logo2.png","width":358,"height":104,"caption":"Gegokids"},"image":{"@id":"https:\/\/gegokids.ee\/#\/schema\/logo\/image\/"},"sameAs":["https:\/\/www.facebook.com\/GegoKids","https:\/\/www.instagram.com\/gegokids.ee\/"]}]}},"_links":{"self":[{"href":"https:\/\/gegokids.ee\/en\/wp-json\/wp\/v2\/product\/20400","targetHints":{"allow":["GET"]}}],"collection":[{"href":"https:\/\/gegokids.ee\/en\/wp-json\/wp\/v2\/product"}],"about":[{"href":"https:\/\/gegokids.ee\/en\/wp-json\/wp\/v2\/types\/product"}],"replies":[{"embeddable":true,"href":"https:\/\/gegokids.ee\/en\/wp-json\/wp\/v2\/comments?post=20400"}],"version-history":[{"count":6,"href":"https:\/\/gegokids.ee\/en\/wp-json\/wp\/v2\/product\/20400\/revisions"}],"predecessor-version":[{"id":29334,"href":"https:\/\/gegokids.ee\/en\/wp-json\/wp\/v2\/product\/20400\/revisions\/29334"}],"wp:featuredmedia":[{"embeddable":true,"href":"https:\/\/gegokids.ee\/en\/wp-json\/wp\/v2\/media\/21830"}],"wp:attachment":[{"href":"https:\/\/gegokids.ee\/en\/wp-json\/wp\/v2\/media?parent=20400"}],"wp:term":[{"taxonomy":"product_brand","embeddable":true,"href":"https:\/\/gegokids.ee\/en\/wp-json\/wp\/v2\/product_brand?post=20400"},{"taxonomy":"product_cat","embeddable":true,"href":"https:\/\/gegokids.ee\/en\/wp-json\/wp\/v2\/product_cat?post=20400"},{"taxonomy":"product_tag","embeddable":true,"href":"https:\/\/gegokids.ee\/en\/wp-json\/wp\/v2\/product_tag?post=20400"}],"curies":[{"name":"wp","href":"https:\/\/api.w.org\/{rel}","templated":true}]}}