{"id":20377,"date":"2022-06-18T13:38:09","date_gmt":"2022-06-18T13:38:09","guid":{"rendered":"https:\/\/gegokids.ee\/?post_type=product&#038;p=20377"},"modified":"2026-02-09T02:21:53","modified_gmt":"2026-02-08T23:21:53","slug":"mm-flip-n-strap","status":"publish","type":"product","link":"https:\/\/gegokids.ee\/en\/product\/mm-flip-n-strap\/","title":{"rendered":"Marcus &amp; Marcus &#8220;Flip N Strap&#8221; rihm"},"content":{"rendered":"<p><span style=\"font-size: 12pt;\"><strong>Omadused:<\/strong><\/span><\/p>\n<ul>\n<li><span style=\"font-size: 12pt;\">BPA \/ ftalaatide vaba<\/span><\/li>\n<li><span style=\"font-size: 12pt;\">Toidusilikoonist valmistatud<\/span><\/li>\n<li><span style=\"font-size: 12pt;\">Mitmeotstarbeline kinnitus<\/span><\/li>\n<li><span style=\"font-size: 12pt;\">Reguleeritav pikkus<\/span><\/li>\n<li><span style=\"font-size: 12pt;\">Kokkupakitav<\/span><\/li>\n<\/ul>\n<p><span style=\"font-size: 12pt;\"><strong>Puhastamine ja hooldus:<\/strong><\/span><\/p>\n<ul>\n<li><span style=\"font-size: 12pt;\">Pestav n\u00f5udepesumasinas AINULT \u00fclemisel restil<\/span><span style=\"font-size: 12pt;\"><br \/>\n<\/span><\/li>\n<li><span style=\"font-size: 12pt;\">Auruga steriliseeritav<br \/>\n<\/span><\/li>\n<li><span style=\"font-size: 12pt;\">Plekid on lihtsasti eemaldatavad sooja vee ja seebiga<\/span><\/li>\n<li><span style=\"font-size: 12pt;\">Hoiustada kuivas kohas<\/span><\/li>\n<\/ul>\n<p><span style=\"font-size: 12pt;\"><strong>M\u00f5\u00f5dud:<\/strong><\/span><br \/>\n<span style=\"font-size: 12pt;\">5.2 x 2.8 x 59 cm<\/span><\/p>\n<p><span style=\"font-size: 12pt;\"><strong>Materjal:<\/strong><\/span><br \/>\n<span style=\"font-size: 12pt;\">Toidusilikoon<\/span><\/p>\n<p><span style=\"font-size: 12pt;\"><strong>Vastupidavus temperatuurid:<\/strong><\/span><br \/>\n<span style=\"font-size: 12pt;\">-20\u00b0C kuni 120\u00b0C<\/span><\/p>\n<p>&nbsp;<\/p>","protected":false},"excerpt":{"rendered":"<p><span style=\"font-size: 12pt;\">Marcus &amp; Marcus Flip n Strap muudab vanemate elu lihtsamaks! <\/span><\/p>\n<p><span style=\"font-size: 12pt;\">Enam ei pea kummardama p\u00e4evast-p\u00e4eva, et korjata maast lapse asju. Toode on universaalne ning sinna k\u00fclge saab kinnitada mida parasjagu vaja on &#8211; joogipudel, m\u00e4nguasjad, lutt, s\u00f6\u00f6giriistad ja muu k\u00f5ik, mis pidevalt maha kukub. M\u00f5lemad kinnitused on paljudes kohtades kasutatavad. Paelad v\u00f5ib kinnitada turvah\u00e4lli, turvatooli, vankri, s\u00f6\u00f6gitooli ja paljude muude tarvikute k\u00fclge. Teises otsas on mitmeotstarbeline kinnitus, mis on reguleeritav vastavalt asja suurusele, mida tahetakse kinnitada n\u00f6\u00f6ri k\u00fclge. Toote mitte kasutamisel saab selle kokku kerida ning hoiustada nii, et selle kotis kaasas kandmist isegi ei m\u00e4rka!<\/span><\/p>\n<p>&nbsp;<\/p>\n<p><span style=\"font-size: 12pt;\"><strong>Tarne 3-8 t\u00f6\u00f6p\u00e4eva!<\/strong><\/span><\/p>","protected":false},"featured_media":21850,"comment_status":"closed","ping_status":"closed","template":"","meta":[],"product_brand":[455],"product_cat":[285,424],"product_tag":[457],"class_list":{"0":"post-20377","1":"product","2":"type-product","3":"status-publish","4":"has-post-thumbnail","6":"product_brand-marcus-marcus","7":"product_cat-koik","8":"product_cat-nutikad-hoiustamiskarbid","9":"product_tag-beebidele-0-1-a","11":"first","12":"instock","13":"shipping-taxable","14":"purchasable","15":"product-type-variable"},"yoast_head":"<!-- This site is optimized with the Yoast SEO plugin v26.9 - https:\/\/yoast.com\/product\/yoast-seo-wordpress\/ -->\n<title>Marcus &amp; Marcus &quot;Flip N Strap&quot; rihm | Gegokids<\/title>\n<meta name=\"description\" content=\"Reguleeritav silikoonist kinnitusriba beebitarvikutele, mis sobib k\u00e4rule, turvatoolile ja s\u00f6\u00f6gitoolile. Marcus &amp; Marcus rihm on kerge ja praktiline.\" \/>\n<meta name=\"robots\" content=\"index, follow, max-snippet:-1, max-image-preview:large, max-video-preview:-1\" \/>\n<link rel=\"canonical\" href=\"https:\/\/gegokids.ee\/en\/product\/mm-flip-n-strap\/\" \/>\n<meta property=\"og:locale\" content=\"en_US\" \/>\n<meta property=\"og:type\" content=\"article\" \/>\n<meta property=\"og:title\" content=\"Marcus &amp; Marcus &quot;Flip N Strap&quot; rihm | Gegokids\" \/>\n<meta property=\"og:description\" content=\"Reguleeritav silikoonist kinnitusriba beebitarvikutele, mis sobib k\u00e4rule, turvatoolile ja s\u00f6\u00f6gitoolile. Marcus &amp; Marcus rihm on kerge ja praktiline.\" \/>\n<meta property=\"og:url\" content=\"https:\/\/gegokids.ee\/en\/product\/mm-flip-n-strap\/\" \/>\n<meta property=\"og:site_name\" content=\"Gegokids\" \/>\n<meta property=\"article:publisher\" content=\"https:\/\/www.facebook.com\/GegoKids\" \/>\n<meta property=\"article:modified_time\" content=\"2026-02-08T23:21:53+00:00\" \/>\n<meta property=\"og:image\" content=\"https:\/\/gegokids.ee\/wp-content\/uploads\/2022\/06\/MM-Flip-N-Strap-lilla.png\" \/>\n\t<meta property=\"og:image:width\" content=\"800\" \/>\n\t<meta property=\"og:image:height\" content=\"533\" \/>\n\t<meta property=\"og:image:type\" content=\"image\/png\" \/>\n<meta name=\"twitter:card\" content=\"summary_large_image\" \/>\n<meta name=\"twitter:label1\" content=\"Est. reading time\" \/>\n\t<meta name=\"twitter:data1\" content=\"1 minute\" \/>\n<script type=\"application\/ld+json\" class=\"yoast-schema-graph\">{\"@context\":\"https:\/\/schema.org\",\"@graph\":[{\"@type\":\"WebPage\",\"@id\":\"https:\/\/gegokids.ee\/toode\/mm-flip-n-strap\/\",\"url\":\"https:\/\/gegokids.ee\/toode\/mm-flip-n-strap\/\",\"name\":\"Marcus &amp; Marcus \\\"Flip N Strap\\\" rihm | Gegokids\",\"isPartOf\":{\"@id\":\"https:\/\/gegokids.ee\/#website\"},\"primaryImageOfPage\":{\"@id\":\"https:\/\/gegokids.ee\/toode\/mm-flip-n-strap\/#primaryimage\"},\"image\":{\"@id\":\"https:\/\/gegokids.ee\/toode\/mm-flip-n-strap\/#primaryimage\"},\"thumbnailUrl\":\"https:\/\/gegokids.ee\/wp-content\/uploads\/2022\/06\/MM-Flip-N-Strap-roosa.png\",\"datePublished\":\"2022-06-18T13:38:09+00:00\",\"dateModified\":\"2026-02-08T23:21:53+00:00\",\"description\":\"Reguleeritav silikoonist kinnitusriba beebitarvikutele, mis sobib k\u00e4rule, turvatoolile ja s\u00f6\u00f6gitoolile. Marcus & Marcus rihm on kerge ja praktiline.\",\"breadcrumb\":{\"@id\":\"https:\/\/gegokids.ee\/toode\/mm-flip-n-strap\/#breadcrumb\"},\"inLanguage\":\"en-US\",\"potentialAction\":[{\"@type\":\"ReadAction\",\"target\":[\"https:\/\/gegokids.ee\/toode\/mm-flip-n-strap\/\"]}]},{\"@type\":\"ImageObject\",\"inLanguage\":\"en-US\",\"@id\":\"https:\/\/gegokids.ee\/toode\/mm-flip-n-strap\/#primaryimage\",\"url\":\"https:\/\/gegokids.ee\/wp-content\/uploads\/2022\/06\/MM-Flip-N-Strap-roosa.png\",\"contentUrl\":\"https:\/\/gegokids.ee\/wp-content\/uploads\/2022\/06\/MM-Flip-N-Strap-roosa.png\",\"width\":800,\"height\":533},{\"@type\":\"BreadcrumbList\",\"@id\":\"https:\/\/gegokids.ee\/toode\/mm-flip-n-strap\/#breadcrumb\",\"itemListElement\":[{\"@type\":\"ListItem\",\"position\":1,\"name\":\"Home\",\"item\":\"https:\/\/gegokids.ee\/en\/\"},{\"@type\":\"ListItem\",\"position\":2,\"name\":\"E-pood\",\"item\":\"https:\/\/gegokids.ee\/e-pood\/\"},{\"@type\":\"ListItem\",\"position\":3,\"name\":\"Marcus &amp; Marcus &#8220;Flip N Strap&#8221; rihm\"}]},{\"@type\":\"WebSite\",\"@id\":\"https:\/\/gegokids.ee\/#website\",\"url\":\"https:\/\/gegokids.ee\/\",\"name\":\"Gegokids\",\"description\":\"Kvaliteetsed ja turvalised laste m\u00e4nguasjad.\",\"publisher\":{\"@id\":\"https:\/\/gegokids.ee\/#organization\"},\"potentialAction\":[{\"@type\":\"SearchAction\",\"target\":{\"@type\":\"EntryPoint\",\"urlTemplate\":\"https:\/\/gegokids.ee\/?s={search_term_string}\"},\"query-input\":{\"@type\":\"PropertyValueSpecification\",\"valueRequired\":true,\"valueName\":\"search_term_string\"}}],\"inLanguage\":\"en-US\"},{\"@type\":\"Organization\",\"@id\":\"https:\/\/gegokids.ee\/#organization\",\"name\":\"Gegokids\",\"url\":\"https:\/\/gegokids.ee\/\",\"logo\":{\"@type\":\"ImageObject\",\"inLanguage\":\"en-US\",\"@id\":\"https:\/\/gegokids.ee\/#\/schema\/logo\/image\/\",\"url\":\"https:\/\/gegokids.ee\/wp-content\/uploads\/2022\/06\/logo2.png\",\"contentUrl\":\"https:\/\/gegokids.ee\/wp-content\/uploads\/2022\/06\/logo2.png\",\"width\":358,\"height\":104,\"caption\":\"Gegokids\"},\"image\":{\"@id\":\"https:\/\/gegokids.ee\/#\/schema\/logo\/image\/\"},\"sameAs\":[\"https:\/\/www.facebook.com\/GegoKids\",\"https:\/\/www.instagram.com\/gegokids.ee\/\"]}]}<\/script>\n<!-- \/ Yoast SEO plugin. -->","yoast_head_json":{"title":"Marcus &amp; Marcus \"Flip N Strap\" rihm | Gegokids","description":"Reguleeritav silikoonist kinnitusriba beebitarvikutele, mis sobib k\u00e4rule, turvatoolile ja s\u00f6\u00f6gitoolile. Marcus & Marcus rihm on kerge ja praktiline.","robots":{"index":"index","follow":"follow","max-snippet":"max-snippet:-1","max-image-preview":"max-image-preview:large","max-video-preview":"max-video-preview:-1"},"canonical":"https:\/\/gegokids.ee\/en\/product\/mm-flip-n-strap\/","og_locale":"en_US","og_type":"article","og_title":"Marcus &amp; Marcus \"Flip N Strap\" rihm | Gegokids","og_description":"Reguleeritav silikoonist kinnitusriba beebitarvikutele, mis sobib k\u00e4rule, turvatoolile ja s\u00f6\u00f6gitoolile. Marcus & Marcus rihm on kerge ja praktiline.","og_url":"https:\/\/gegokids.ee\/en\/product\/mm-flip-n-strap\/","og_site_name":"Gegokids","article_publisher":"https:\/\/www.facebook.com\/GegoKids","article_modified_time":"2026-02-08T23:21:53+00:00","og_image":[{"width":800,"height":533,"url":"https:\/\/gegokids.ee\/wp-content\/uploads\/2022\/06\/MM-Flip-N-Strap-lilla.png","type":"image\/png"}],"twitter_card":"summary_large_image","twitter_misc":{"Est. reading time":"1 minute"},"schema":{"@context":"https:\/\/schema.org","@graph":[{"@type":"WebPage","@id":"https:\/\/gegokids.ee\/toode\/mm-flip-n-strap\/","url":"https:\/\/gegokids.ee\/toode\/mm-flip-n-strap\/","name":"Marcus &amp; Marcus \"Flip N Strap\" rihm | Gegokids","isPartOf":{"@id":"https:\/\/gegokids.ee\/#website"},"primaryImageOfPage":{"@id":"https:\/\/gegokids.ee\/toode\/mm-flip-n-strap\/#primaryimage"},"image":{"@id":"https:\/\/gegokids.ee\/toode\/mm-flip-n-strap\/#primaryimage"},"thumbnailUrl":"https:\/\/gegokids.ee\/wp-content\/uploads\/2022\/06\/MM-Flip-N-Strap-roosa.png","datePublished":"2022-06-18T13:38:09+00:00","dateModified":"2026-02-08T23:21:53+00:00","description":"Reguleeritav silikoonist kinnitusriba beebitarvikutele, mis sobib k\u00e4rule, turvatoolile ja s\u00f6\u00f6gitoolile. Marcus & Marcus rihm on kerge ja praktiline.","breadcrumb":{"@id":"https:\/\/gegokids.ee\/toode\/mm-flip-n-strap\/#breadcrumb"},"inLanguage":"en-US","potentialAction":[{"@type":"ReadAction","target":["https:\/\/gegokids.ee\/toode\/mm-flip-n-strap\/"]}]},{"@type":"ImageObject","inLanguage":"en-US","@id":"https:\/\/gegokids.ee\/toode\/mm-flip-n-strap\/#primaryimage","url":"https:\/\/gegokids.ee\/wp-content\/uploads\/2022\/06\/MM-Flip-N-Strap-roosa.png","contentUrl":"https:\/\/gegokids.ee\/wp-content\/uploads\/2022\/06\/MM-Flip-N-Strap-roosa.png","width":800,"height":533},{"@type":"BreadcrumbList","@id":"https:\/\/gegokids.ee\/toode\/mm-flip-n-strap\/#breadcrumb","itemListElement":[{"@type":"ListItem","position":1,"name":"Home","item":"https:\/\/gegokids.ee\/en\/"},{"@type":"ListItem","position":2,"name":"E-pood","item":"https:\/\/gegokids.ee\/e-pood\/"},{"@type":"ListItem","position":3,"name":"Marcus &amp; Marcus &#8220;Flip N Strap&#8221; rihm"}]},{"@type":"WebSite","@id":"https:\/\/gegokids.ee\/#website","url":"https:\/\/gegokids.ee\/","name":"Gegokids","description":"Kvaliteetsed ja turvalised laste m\u00e4nguasjad.","publisher":{"@id":"https:\/\/gegokids.ee\/#organization"},"potentialAction":[{"@type":"SearchAction","target":{"@type":"EntryPoint","urlTemplate":"https:\/\/gegokids.ee\/?s={search_term_string}"},"query-input":{"@type":"PropertyValueSpecification","valueRequired":true,"valueName":"search_term_string"}}],"inLanguage":"en-US"},{"@type":"Organization","@id":"https:\/\/gegokids.ee\/#organization","name":"Gegokids","url":"https:\/\/gegokids.ee\/","logo":{"@type":"ImageObject","inLanguage":"en-US","@id":"https:\/\/gegokids.ee\/#\/schema\/logo\/image\/","url":"https:\/\/gegokids.ee\/wp-content\/uploads\/2022\/06\/logo2.png","contentUrl":"https:\/\/gegokids.ee\/wp-content\/uploads\/2022\/06\/logo2.png","width":358,"height":104,"caption":"Gegokids"},"image":{"@id":"https:\/\/gegokids.ee\/#\/schema\/logo\/image\/"},"sameAs":["https:\/\/www.facebook.com\/GegoKids","https:\/\/www.instagram.com\/gegokids.ee\/"]}]}},"_links":{"self":[{"href":"https:\/\/gegokids.ee\/en\/wp-json\/wp\/v2\/product\/20377","targetHints":{"allow":["GET"]}}],"collection":[{"href":"https:\/\/gegokids.ee\/en\/wp-json\/wp\/v2\/product"}],"about":[{"href":"https:\/\/gegokids.ee\/en\/wp-json\/wp\/v2\/types\/product"}],"replies":[{"embeddable":true,"href":"https:\/\/gegokids.ee\/en\/wp-json\/wp\/v2\/comments?post=20377"}],"version-history":[{"count":5,"href":"https:\/\/gegokids.ee\/en\/wp-json\/wp\/v2\/product\/20377\/revisions"}],"predecessor-version":[{"id":29095,"href":"https:\/\/gegokids.ee\/en\/wp-json\/wp\/v2\/product\/20377\/revisions\/29095"}],"wp:featuredmedia":[{"embeddable":true,"href":"https:\/\/gegokids.ee\/en\/wp-json\/wp\/v2\/media\/21850"}],"wp:attachment":[{"href":"https:\/\/gegokids.ee\/en\/wp-json\/wp\/v2\/media?parent=20377"}],"wp:term":[{"taxonomy":"product_brand","embeddable":true,"href":"https:\/\/gegokids.ee\/en\/wp-json\/wp\/v2\/product_brand?post=20377"},{"taxonomy":"product_cat","embeddable":true,"href":"https:\/\/gegokids.ee\/en\/wp-json\/wp\/v2\/product_cat?post=20377"},{"taxonomy":"product_tag","embeddable":true,"href":"https:\/\/gegokids.ee\/en\/wp-json\/wp\/v2\/product_tag?post=20377"}],"curies":[{"name":"wp","href":"https:\/\/api.w.org\/{rel}","templated":true}]}}