{"id":20329,"date":"2022-06-18T13:37:20","date_gmt":"2022-06-18T13:37:20","guid":{"rendered":"https:\/\/gegokids.ee\/?post_type=product&#038;p=20329"},"modified":"2026-02-07T23:13:45","modified_gmt":"2026-02-07T20:13:45","slug":"mm-oppimispulgad","status":"publish","type":"product","link":"https:\/\/gegokids.ee\/en\/product\/mm-oppimispulgad\/","title":{"rendered":"Marcus &amp; Marcus \u00f5ppimispulgad"},"content":{"rendered":"<p><span style=\"font-size: 12pt; color: #000000;\"><strong>Omadused:<\/strong><\/span><\/p>\n<ul>\n<li><span style=\"font-size: 12pt; color: #000000;\">BPA\/Ftalaatide\/Melamiini vaba<\/span><\/li>\n<li><span style=\"font-size: 12pt; color: #000000;\">Reguleeritavad s\u00f5rme nurgad<\/span><\/li>\n<li><span style=\"font-size: 12pt; color: #000000;\">S\u00f5rme hoidikud eemaldatavad<\/span><\/li>\n<li><span style=\"font-size: 12pt; color: #000000;\">Lihtne kasutada<\/span><\/li>\n<li><span style=\"font-size: 12pt; color: #000000;\">Osad eemaldatavad kergeks puhastamiseks<\/span><\/li>\n<li><span style=\"font-size: 12pt; color: #000000;\">Laiemad otsikud toidu paremaks p\u00fcsimiseks<\/span><\/li>\n<li><span style=\"font-size: 12pt; color: #000000;\">Taaskasutatavad ning kaasaskantavad<\/span><\/li>\n<\/ul>\n<p><span style=\"font-size: 12pt; color: #000000;\"><strong>Puhastamine ja hooldus:<\/strong><\/span><\/p>\n<ul>\n<li><span style=\"font-size: 12pt; color: #000000;\">Pestavad n\u00f5udepesumasina \u00fclemisel restil<\/span><\/li>\n<li><span style=\"font-size: 12pt; color: #000000;\">Kuuma veega steriliseeritavad<\/span><\/li>\n<li><span style=\"font-size: 12pt; color: #000000;\">Plekid saab eemaldada lihtsalt seebi ja sooja veega<\/span><\/li>\n<\/ul>\n<p><span style=\"font-size: 12pt; color: #000000;\"><strong>M\u00f5\u00f5dud:\u00a0<\/strong>7.4 x 2 x 17.9 cm<\/span><\/p>\n<p><span style=\"font-size: 12pt; color: #000000;\"><strong>Materjal:\u00a0<\/strong>Toidusilikoon +\u00a0PP<\/span><\/p>\n<p><span style=\"font-size: 12pt; color: #000000;\"><strong>Vanus:\u00a0<\/strong>3+<\/span><\/p>","protected":false},"excerpt":{"rendered":"<p><span style=\"font-size: 12pt; color: #000000;\">Marcus &amp; Marcus \u00f5ppimiseks m\u00f5eldud s\u00f6\u00f6gipulgad on sellise disainiga, mis sobitub nii vasakuk\u00e4elistele v\u00e4ikelastele, kui ka paremak\u00e4elistele v\u00e4ikelastele.<\/span><\/p>\n<p><span style=\"font-size: 12pt; color: #000000;\">Neid on v\u00e4ga lihtne kasutada ning v\u00e4ikelapsed \u00f5pivad neid kasutama \u00fche p\u00e4evaga! Ringi kujuline tugi aitab neil hoida pulkasid ja nad tunnevad ennast kindlalt neid kasutades, mis tagab ka kiire \u00f5ppimise.<\/span><\/p>\n<p><span style=\"font-size: 12pt; color: #000000;\">Laiemad otsikud pulkadel muudavad toidu haaramise lihtsamaks, mist\u00f5ttu \u00f5nnestub pulkadega s\u00f6\u00f6mine kenasti. S\u00f6\u00f6mispulgad on kergesti puhastatavad ning liigsed osad on eemaldatavad ning samuti kergesti\u00a0puhastatavad.<\/span><\/p>\n<p>&nbsp;<\/p>\n<p>&nbsp;<\/p>\n<p><span style=\"font-size: 12pt; color: #000000;\"><strong>Tarne 2-5 t\u00f6\u00f6p\u00e4eva!<\/strong><\/span><\/p>\n<p>&nbsp;<\/p>","protected":false},"featured_media":26873,"comment_status":"closed","ping_status":"closed","template":"","meta":[],"product_brand":[455],"product_cat":[426,285,422],"product_tag":[458],"class_list":{"0":"post-20329","1":"product","2":"type-product","3":"status-publish","4":"has-post-thumbnail","6":"product_brand-marcus-marcus","7":"product_cat-kingiideed","8":"product_cat-koik","9":"product_cat-laste-soogikomplektid","10":"product_tag-vaikelastele-1-3-a","12":"first","13":"instock","14":"shipping-taxable","15":"purchasable","16":"product-type-variable"},"yoast_head":"<!-- This site is optimized with the Yoast SEO plugin v26.9 - https:\/\/yoast.com\/product\/yoast-seo-wordpress\/ -->\n<title>Marcus &amp; Marcus \u00f5ppimispulgad | Gegokids<\/title>\n<meta name=\"description\" content=\"Marcus &amp; Marcus \u00f5ppimiseks m\u00f5eldud s\u00f6\u00f6gipulgad on sellise disainiga, mis sobitub nii vasakuk\u00e4elistele v\u00e4ikelastele, kui ka paremak\u00e4elistele v\u00e4ikelastele.\" \/>\n<meta name=\"robots\" content=\"index, follow, max-snippet:-1, max-image-preview:large, max-video-preview:-1\" \/>\n<link rel=\"canonical\" href=\"https:\/\/gegokids.ee\/en\/product\/mm-oppimispulgad\/\" \/>\n<meta property=\"og:locale\" content=\"en_US\" \/>\n<meta property=\"og:type\" content=\"article\" \/>\n<meta property=\"og:title\" content=\"Marcus &amp; Marcus \u00f5ppimispulgad | Gegokids\" \/>\n<meta property=\"og:description\" content=\"Marcus &amp; Marcus \u00f5ppimiseks m\u00f5eldud s\u00f6\u00f6gipulgad on sellise disainiga, mis sobitub nii vasakuk\u00e4elistele v\u00e4ikelastele, kui ka paremak\u00e4elistele v\u00e4ikelastele.\" \/>\n<meta property=\"og:url\" content=\"https:\/\/gegokids.ee\/en\/product\/mm-oppimispulgad\/\" \/>\n<meta property=\"og:site_name\" content=\"Gegokids\" \/>\n<meta property=\"article:publisher\" content=\"https:\/\/www.facebook.com\/GegoKids\" \/>\n<meta property=\"article:modified_time\" content=\"2026-02-07T20:13:45+00:00\" \/>\n<meta property=\"og:image\" content=\"https:\/\/gegokids.ee\/wp-content\/uploads\/2022\/06\/MM-Oppimispulgad-foto.png\" \/>\n\t<meta property=\"og:image:width\" content=\"800\" \/>\n\t<meta property=\"og:image:height\" content=\"533\" \/>\n\t<meta property=\"og:image:type\" content=\"image\/png\" \/>\n<meta name=\"twitter:card\" content=\"summary_large_image\" \/>\n<meta name=\"twitter:label1\" content=\"Est. reading time\" \/>\n\t<meta name=\"twitter:data1\" content=\"1 minute\" \/>\n<script type=\"application\/ld+json\" class=\"yoast-schema-graph\">{\"@context\":\"https:\/\/schema.org\",\"@graph\":[{\"@type\":\"WebPage\",\"@id\":\"https:\/\/gegokids.ee\/toode\/mm-oppimispulgad\/\",\"url\":\"https:\/\/gegokids.ee\/toode\/mm-oppimispulgad\/\",\"name\":\"Marcus &amp; Marcus \u00f5ppimispulgad | Gegokids\",\"isPartOf\":{\"@id\":\"https:\/\/gegokids.ee\/#website\"},\"primaryImageOfPage\":{\"@id\":\"https:\/\/gegokids.ee\/toode\/mm-oppimispulgad\/#primaryimage\"},\"image\":{\"@id\":\"https:\/\/gegokids.ee\/toode\/mm-oppimispulgad\/#primaryimage\"},\"thumbnailUrl\":\"https:\/\/gegokids.ee\/wp-content\/uploads\/2022\/06\/E865A977-F782-4080-BBEE-B220AFE4A1EE.png\",\"datePublished\":\"2022-06-18T13:37:20+00:00\",\"dateModified\":\"2026-02-07T20:13:45+00:00\",\"description\":\"Marcus & Marcus \u00f5ppimiseks m\u00f5eldud s\u00f6\u00f6gipulgad on sellise disainiga, mis sobitub nii vasakuk\u00e4elistele v\u00e4ikelastele, kui ka paremak\u00e4elistele v\u00e4ikelastele.\",\"breadcrumb\":{\"@id\":\"https:\/\/gegokids.ee\/toode\/mm-oppimispulgad\/#breadcrumb\"},\"inLanguage\":\"en-US\",\"potentialAction\":[{\"@type\":\"ReadAction\",\"target\":[\"https:\/\/gegokids.ee\/toode\/mm-oppimispulgad\/\"]}]},{\"@type\":\"ImageObject\",\"inLanguage\":\"en-US\",\"@id\":\"https:\/\/gegokids.ee\/toode\/mm-oppimispulgad\/#primaryimage\",\"url\":\"https:\/\/gegokids.ee\/wp-content\/uploads\/2022\/06\/E865A977-F782-4080-BBEE-B220AFE4A1EE.png\",\"contentUrl\":\"https:\/\/gegokids.ee\/wp-content\/uploads\/2022\/06\/E865A977-F782-4080-BBEE-B220AFE4A1EE.png\",\"width\":800,\"height\":533},{\"@type\":\"BreadcrumbList\",\"@id\":\"https:\/\/gegokids.ee\/toode\/mm-oppimispulgad\/#breadcrumb\",\"itemListElement\":[{\"@type\":\"ListItem\",\"position\":1,\"name\":\"Home\",\"item\":\"https:\/\/gegokids.ee\/en\/\"},{\"@type\":\"ListItem\",\"position\":2,\"name\":\"E-pood\",\"item\":\"https:\/\/gegokids.ee\/e-pood\/\"},{\"@type\":\"ListItem\",\"position\":3,\"name\":\"Marcus &amp; Marcus \u00f5ppimispulgad\"}]},{\"@type\":\"WebSite\",\"@id\":\"https:\/\/gegokids.ee\/#website\",\"url\":\"https:\/\/gegokids.ee\/\",\"name\":\"Gegokids\",\"description\":\"Kvaliteetsed ja turvalised laste m\u00e4nguasjad.\",\"publisher\":{\"@id\":\"https:\/\/gegokids.ee\/#organization\"},\"potentialAction\":[{\"@type\":\"SearchAction\",\"target\":{\"@type\":\"EntryPoint\",\"urlTemplate\":\"https:\/\/gegokids.ee\/?s={search_term_string}\"},\"query-input\":{\"@type\":\"PropertyValueSpecification\",\"valueRequired\":true,\"valueName\":\"search_term_string\"}}],\"inLanguage\":\"en-US\"},{\"@type\":\"Organization\",\"@id\":\"https:\/\/gegokids.ee\/#organization\",\"name\":\"Gegokids\",\"url\":\"https:\/\/gegokids.ee\/\",\"logo\":{\"@type\":\"ImageObject\",\"inLanguage\":\"en-US\",\"@id\":\"https:\/\/gegokids.ee\/#\/schema\/logo\/image\/\",\"url\":\"https:\/\/gegokids.ee\/wp-content\/uploads\/2022\/06\/logo2.png\",\"contentUrl\":\"https:\/\/gegokids.ee\/wp-content\/uploads\/2022\/06\/logo2.png\",\"width\":358,\"height\":104,\"caption\":\"Gegokids\"},\"image\":{\"@id\":\"https:\/\/gegokids.ee\/#\/schema\/logo\/image\/\"},\"sameAs\":[\"https:\/\/www.facebook.com\/GegoKids\",\"https:\/\/www.instagram.com\/gegokids.ee\/\"]}]}<\/script>\n<!-- \/ Yoast SEO plugin. -->","yoast_head_json":{"title":"Marcus &amp; Marcus \u00f5ppimispulgad | Gegokids","description":"Marcus & Marcus \u00f5ppimiseks m\u00f5eldud s\u00f6\u00f6gipulgad on sellise disainiga, mis sobitub nii vasakuk\u00e4elistele v\u00e4ikelastele, kui ka paremak\u00e4elistele v\u00e4ikelastele.","robots":{"index":"index","follow":"follow","max-snippet":"max-snippet:-1","max-image-preview":"max-image-preview:large","max-video-preview":"max-video-preview:-1"},"canonical":"https:\/\/gegokids.ee\/en\/product\/mm-oppimispulgad\/","og_locale":"en_US","og_type":"article","og_title":"Marcus &amp; Marcus \u00f5ppimispulgad | Gegokids","og_description":"Marcus & Marcus \u00f5ppimiseks m\u00f5eldud s\u00f6\u00f6gipulgad on sellise disainiga, mis sobitub nii vasakuk\u00e4elistele v\u00e4ikelastele, kui ka paremak\u00e4elistele v\u00e4ikelastele.","og_url":"https:\/\/gegokids.ee\/en\/product\/mm-oppimispulgad\/","og_site_name":"Gegokids","article_publisher":"https:\/\/www.facebook.com\/GegoKids","article_modified_time":"2026-02-07T20:13:45+00:00","og_image":[{"width":800,"height":533,"url":"https:\/\/gegokids.ee\/wp-content\/uploads\/2022\/06\/MM-Oppimispulgad-foto.png","type":"image\/png"}],"twitter_card":"summary_large_image","twitter_misc":{"Est. reading time":"1 minute"},"schema":{"@context":"https:\/\/schema.org","@graph":[{"@type":"WebPage","@id":"https:\/\/gegokids.ee\/toode\/mm-oppimispulgad\/","url":"https:\/\/gegokids.ee\/toode\/mm-oppimispulgad\/","name":"Marcus &amp; Marcus \u00f5ppimispulgad | Gegokids","isPartOf":{"@id":"https:\/\/gegokids.ee\/#website"},"primaryImageOfPage":{"@id":"https:\/\/gegokids.ee\/toode\/mm-oppimispulgad\/#primaryimage"},"image":{"@id":"https:\/\/gegokids.ee\/toode\/mm-oppimispulgad\/#primaryimage"},"thumbnailUrl":"https:\/\/gegokids.ee\/wp-content\/uploads\/2022\/06\/E865A977-F782-4080-BBEE-B220AFE4A1EE.png","datePublished":"2022-06-18T13:37:20+00:00","dateModified":"2026-02-07T20:13:45+00:00","description":"Marcus & Marcus \u00f5ppimiseks m\u00f5eldud s\u00f6\u00f6gipulgad on sellise disainiga, mis sobitub nii vasakuk\u00e4elistele v\u00e4ikelastele, kui ka paremak\u00e4elistele v\u00e4ikelastele.","breadcrumb":{"@id":"https:\/\/gegokids.ee\/toode\/mm-oppimispulgad\/#breadcrumb"},"inLanguage":"en-US","potentialAction":[{"@type":"ReadAction","target":["https:\/\/gegokids.ee\/toode\/mm-oppimispulgad\/"]}]},{"@type":"ImageObject","inLanguage":"en-US","@id":"https:\/\/gegokids.ee\/toode\/mm-oppimispulgad\/#primaryimage","url":"https:\/\/gegokids.ee\/wp-content\/uploads\/2022\/06\/E865A977-F782-4080-BBEE-B220AFE4A1EE.png","contentUrl":"https:\/\/gegokids.ee\/wp-content\/uploads\/2022\/06\/E865A977-F782-4080-BBEE-B220AFE4A1EE.png","width":800,"height":533},{"@type":"BreadcrumbList","@id":"https:\/\/gegokids.ee\/toode\/mm-oppimispulgad\/#breadcrumb","itemListElement":[{"@type":"ListItem","position":1,"name":"Home","item":"https:\/\/gegokids.ee\/en\/"},{"@type":"ListItem","position":2,"name":"E-pood","item":"https:\/\/gegokids.ee\/e-pood\/"},{"@type":"ListItem","position":3,"name":"Marcus &amp; Marcus \u00f5ppimispulgad"}]},{"@type":"WebSite","@id":"https:\/\/gegokids.ee\/#website","url":"https:\/\/gegokids.ee\/","name":"Gegokids","description":"Kvaliteetsed ja turvalised laste m\u00e4nguasjad.","publisher":{"@id":"https:\/\/gegokids.ee\/#organization"},"potentialAction":[{"@type":"SearchAction","target":{"@type":"EntryPoint","urlTemplate":"https:\/\/gegokids.ee\/?s={search_term_string}"},"query-input":{"@type":"PropertyValueSpecification","valueRequired":true,"valueName":"search_term_string"}}],"inLanguage":"en-US"},{"@type":"Organization","@id":"https:\/\/gegokids.ee\/#organization","name":"Gegokids","url":"https:\/\/gegokids.ee\/","logo":{"@type":"ImageObject","inLanguage":"en-US","@id":"https:\/\/gegokids.ee\/#\/schema\/logo\/image\/","url":"https:\/\/gegokids.ee\/wp-content\/uploads\/2022\/06\/logo2.png","contentUrl":"https:\/\/gegokids.ee\/wp-content\/uploads\/2022\/06\/logo2.png","width":358,"height":104,"caption":"Gegokids"},"image":{"@id":"https:\/\/gegokids.ee\/#\/schema\/logo\/image\/"},"sameAs":["https:\/\/www.facebook.com\/GegoKids","https:\/\/www.instagram.com\/gegokids.ee\/"]}]}},"_links":{"self":[{"href":"https:\/\/gegokids.ee\/en\/wp-json\/wp\/v2\/product\/20329","targetHints":{"allow":["GET"]}}],"collection":[{"href":"https:\/\/gegokids.ee\/en\/wp-json\/wp\/v2\/product"}],"about":[{"href":"https:\/\/gegokids.ee\/en\/wp-json\/wp\/v2\/types\/product"}],"replies":[{"embeddable":true,"href":"https:\/\/gegokids.ee\/en\/wp-json\/wp\/v2\/comments?post=20329"}],"version-history":[{"count":5,"href":"https:\/\/gegokids.ee\/en\/wp-json\/wp\/v2\/product\/20329\/revisions"}],"predecessor-version":[{"id":28848,"href":"https:\/\/gegokids.ee\/en\/wp-json\/wp\/v2\/product\/20329\/revisions\/28848"}],"wp:featuredmedia":[{"embeddable":true,"href":"https:\/\/gegokids.ee\/en\/wp-json\/wp\/v2\/media\/26873"}],"wp:attachment":[{"href":"https:\/\/gegokids.ee\/en\/wp-json\/wp\/v2\/media?parent=20329"}],"wp:term":[{"taxonomy":"product_brand","embeddable":true,"href":"https:\/\/gegokids.ee\/en\/wp-json\/wp\/v2\/product_brand?post=20329"},{"taxonomy":"product_cat","embeddable":true,"href":"https:\/\/gegokids.ee\/en\/wp-json\/wp\/v2\/product_cat?post=20329"},{"taxonomy":"product_tag","embeddable":true,"href":"https:\/\/gegokids.ee\/en\/wp-json\/wp\/v2\/product_tag?post=20329"}],"curies":[{"name":"wp","href":"https:\/\/api.w.org\/{rel}","templated":true}]}}