{"id":20325,"date":"2022-06-18T13:37:20","date_gmt":"2022-06-18T13:37:20","guid":{"rendered":"https:\/\/gegokids.ee\/?post_type=product&#038;p=20325"},"modified":"2026-02-09T01:20:18","modified_gmt":"2026-02-08T22:20:18","slug":"mm-orgaaniline-koristi","status":"publish","type":"product","link":"https:\/\/gegokids.ee\/en\/product\/mm-orgaaniline-koristi\/","title":{"rendered":"Marcus &#038; Marcus orgaaniline k\u00f5risti"},"content":{"rendered":"<p><span style=\"font-size: 12pt;\"><strong>Omadused ja hooldus:<\/strong><\/span><\/p>\n<ul>\n<li><span style=\"font-size: 12pt;\">Ftalaatide vaba<\/span><\/li>\n<li><span style=\"font-size: 12pt;\">Valmistatud 100% sertifitseeritud orgaanilisest puuvillast<\/span><\/li>\n<li><span style=\"font-size: 12pt;\">Vaba t\u00fcsistusohtlikest kemikaalidest<\/span><\/li>\n<li><span style=\"font-size: 12pt;\">Sisu, mis piiksub ja k\u00f5riseb<\/span><\/li>\n<li><span style=\"font-size: 12pt;\">Kergesti puhastatav<\/span><\/li>\n<\/ul>\n<ul>\n<li><span style=\"font-size: 12pt;\">\u00c4rge valgendage, tsentrifuugige v\u00f5i triikige<\/span><\/li>\n<\/ul>\n<p><span style=\"font-size: 12pt;\"><strong>Toote suurus:<\/strong><\/span><br \/>\n<span style=\"font-size: 12pt;\">15.8 x 4 x 15.2cm (Lilla)<\/span><\/p>\n<p><span style=\"font-size: 12pt;\"><strong>Materjal:<\/strong><\/span><br \/>\n<span style=\"font-size: 12pt;\">Orgaaniline puuvill<\/span><\/p>\n<p><span style=\"font-size: 12pt;\"><strong>Vanus:<\/strong><\/span><br \/>\n<span style=\"font-size: 12pt;\">0+<\/span><\/p>","protected":false},"excerpt":{"rendered":"<p><span style=\"font-family: georgia, palatino, serif; font-size: 12pt;\">Marcus &amp; Marcus orgaanilised k\u00f5ristid on valmistatud 100% orgaanilisest puuvillast ja on vabad t\u00fcsistusi tekitavatest kemikaalidest. K\u00f5risti teeb lisaks veel piiksuvat h\u00e4\u00e4lt, mis l\u00f5bustab teie beebit ning valmistab palju r\u00f5\u00f5mu. Toode on suuruselt disainitud spetsiaalselt v\u00e4ikestele k\u00e4tele, et nad saaksid seda hoida, kui oma lemmik m\u00e4nguasja.<\/span><\/p>\n<p>&nbsp;<\/p>\n<p><strong>Tarne 3-8 t\u00f6\u00f6p\u00e4eva!<\/strong><\/p>","protected":false},"featured_media":29071,"comment_status":"closed","ping_status":"closed","template":"","meta":[],"product_brand":[455],"product_cat":[285,423],"product_tag":[460,457,458],"class_list":{"0":"post-20325","1":"product","2":"type-product","3":"status-publish","4":"has-post-thumbnail","6":"product_brand-marcus-marcus","7":"product_cat-koik","8":"product_cat-laste-vannimanguasjad","9":"product_tag-arendavad-manguasjad","10":"product_tag-beebidele-0-1-a","11":"product_tag-vaikelastele-1-3-a","13":"first","14":"onbackorder","15":"shipping-taxable","16":"purchasable","17":"product-type-simple"},"yoast_head":"<!-- This site is optimized with the Yoast SEO plugin v26.9 - https:\/\/yoast.com\/product\/yoast-seo-wordpress\/ -->\n<title>Marcus &amp; Marcus orgaaniline k\u00f5risti | Gegokids<\/title>\n<meta name=\"description\" content=\"Marcus &amp; Marcus orgaanilised k\u00f5ristid on valmistatud 100% sertifitseeritud orgaanilisest puuvillast. Pehmed, ohutud ja kr\u00f5biseva heliga m\u00e4nguasjad beebidele alates s\u00fcnnist.\" \/>\n<meta name=\"robots\" content=\"index, follow, max-snippet:-1, max-image-preview:large, max-video-preview:-1\" \/>\n<link rel=\"canonical\" href=\"https:\/\/gegokids.ee\/en\/product\/mm-orgaaniline-koristi\/\" \/>\n<meta property=\"og:locale\" content=\"en_US\" \/>\n<meta property=\"og:type\" content=\"article\" \/>\n<meta property=\"og:title\" content=\"Marcus &amp; Marcus orgaaniline k\u00f5risti | Gegokids\" \/>\n<meta property=\"og:description\" content=\"Marcus &amp; Marcus orgaanilised k\u00f5ristid on valmistatud 100% sertifitseeritud orgaanilisest puuvillast. Pehmed, ohutud ja kr\u00f5biseva heliga m\u00e4nguasjad beebidele alates s\u00fcnnist.\" \/>\n<meta property=\"og:url\" content=\"https:\/\/gegokids.ee\/en\/product\/mm-orgaaniline-koristi\/\" \/>\n<meta property=\"og:site_name\" content=\"Gegokids\" \/>\n<meta property=\"article:publisher\" content=\"https:\/\/www.facebook.com\/GegoKids\" \/>\n<meta property=\"article:modified_time\" content=\"2026-02-08T22:20:18+00:00\" \/>\n<meta property=\"og:image\" content=\"https:\/\/gegokids.ee\/wp-content\/uploads\/2022\/06\/MNMBB10_WL-copy.jpg\" \/>\n\t<meta property=\"og:image:width\" content=\"1290\" \/>\n\t<meta property=\"og:image:height\" content=\"860\" \/>\n\t<meta property=\"og:image:type\" content=\"image\/jpeg\" \/>\n<meta name=\"twitter:card\" content=\"summary_large_image\" \/>\n<meta name=\"twitter:label1\" content=\"Est. reading time\" \/>\n\t<meta name=\"twitter:data1\" content=\"1 minute\" \/>\n<script type=\"application\/ld+json\" class=\"yoast-schema-graph\">{\"@context\":\"https:\/\/schema.org\",\"@graph\":[{\"@type\":\"WebPage\",\"@id\":\"https:\/\/gegokids.ee\/toode\/mm-orgaaniline-koristi\/\",\"url\":\"https:\/\/gegokids.ee\/toode\/mm-orgaaniline-koristi\/\",\"name\":\"Marcus & Marcus orgaaniline k\u00f5risti | Gegokids\",\"isPartOf\":{\"@id\":\"https:\/\/gegokids.ee\/#website\"},\"primaryImageOfPage\":{\"@id\":\"https:\/\/gegokids.ee\/toode\/mm-orgaaniline-koristi\/#primaryimage\"},\"image\":{\"@id\":\"https:\/\/gegokids.ee\/toode\/mm-orgaaniline-koristi\/#primaryimage\"},\"thumbnailUrl\":\"https:\/\/gegokids.ee\/wp-content\/uploads\/2022\/06\/MNMBB10_WL-copy.jpg\",\"datePublished\":\"2022-06-18T13:37:20+00:00\",\"dateModified\":\"2026-02-08T22:20:18+00:00\",\"description\":\"Marcus & Marcus orgaanilised k\u00f5ristid on valmistatud 100% sertifitseeritud orgaanilisest puuvillast. Pehmed, ohutud ja kr\u00f5biseva heliga m\u00e4nguasjad beebidele alates s\u00fcnnist.\",\"breadcrumb\":{\"@id\":\"https:\/\/gegokids.ee\/toode\/mm-orgaaniline-koristi\/#breadcrumb\"},\"inLanguage\":\"en-US\",\"potentialAction\":[{\"@type\":\"ReadAction\",\"target\":[\"https:\/\/gegokids.ee\/toode\/mm-orgaaniline-koristi\/\"]}]},{\"@type\":\"ImageObject\",\"inLanguage\":\"en-US\",\"@id\":\"https:\/\/gegokids.ee\/toode\/mm-orgaaniline-koristi\/#primaryimage\",\"url\":\"https:\/\/gegokids.ee\/wp-content\/uploads\/2022\/06\/MNMBB10_WL-copy.jpg\",\"contentUrl\":\"https:\/\/gegokids.ee\/wp-content\/uploads\/2022\/06\/MNMBB10_WL-copy.jpg\",\"width\":1290,\"height\":860},{\"@type\":\"BreadcrumbList\",\"@id\":\"https:\/\/gegokids.ee\/toode\/mm-orgaaniline-koristi\/#breadcrumb\",\"itemListElement\":[{\"@type\":\"ListItem\",\"position\":1,\"name\":\"Home\",\"item\":\"https:\/\/gegokids.ee\/en\/\"},{\"@type\":\"ListItem\",\"position\":2,\"name\":\"E-pood\",\"item\":\"https:\/\/gegokids.ee\/e-pood\/\"},{\"@type\":\"ListItem\",\"position\":3,\"name\":\"Marcus &#038; Marcus orgaaniline k\u00f5risti\"}]},{\"@type\":\"WebSite\",\"@id\":\"https:\/\/gegokids.ee\/#website\",\"url\":\"https:\/\/gegokids.ee\/\",\"name\":\"Gegokids\",\"description\":\"Kvaliteetsed ja turvalised laste m\u00e4nguasjad.\",\"publisher\":{\"@id\":\"https:\/\/gegokids.ee\/#organization\"},\"potentialAction\":[{\"@type\":\"SearchAction\",\"target\":{\"@type\":\"EntryPoint\",\"urlTemplate\":\"https:\/\/gegokids.ee\/?s={search_term_string}\"},\"query-input\":{\"@type\":\"PropertyValueSpecification\",\"valueRequired\":true,\"valueName\":\"search_term_string\"}}],\"inLanguage\":\"en-US\"},{\"@type\":\"Organization\",\"@id\":\"https:\/\/gegokids.ee\/#organization\",\"name\":\"Gegokids\",\"url\":\"https:\/\/gegokids.ee\/\",\"logo\":{\"@type\":\"ImageObject\",\"inLanguage\":\"en-US\",\"@id\":\"https:\/\/gegokids.ee\/#\/schema\/logo\/image\/\",\"url\":\"https:\/\/gegokids.ee\/wp-content\/uploads\/2022\/06\/logo2.png\",\"contentUrl\":\"https:\/\/gegokids.ee\/wp-content\/uploads\/2022\/06\/logo2.png\",\"width\":358,\"height\":104,\"caption\":\"Gegokids\"},\"image\":{\"@id\":\"https:\/\/gegokids.ee\/#\/schema\/logo\/image\/\"},\"sameAs\":[\"https:\/\/www.facebook.com\/GegoKids\",\"https:\/\/www.instagram.com\/gegokids.ee\/\"]}]}<\/script>\n<!-- \/ Yoast SEO plugin. -->","yoast_head_json":{"title":"Marcus & Marcus orgaaniline k\u00f5risti | Gegokids","description":"Marcus & Marcus orgaanilised k\u00f5ristid on valmistatud 100% sertifitseeritud orgaanilisest puuvillast. Pehmed, ohutud ja kr\u00f5biseva heliga m\u00e4nguasjad beebidele alates s\u00fcnnist.","robots":{"index":"index","follow":"follow","max-snippet":"max-snippet:-1","max-image-preview":"max-image-preview:large","max-video-preview":"max-video-preview:-1"},"canonical":"https:\/\/gegokids.ee\/en\/product\/mm-orgaaniline-koristi\/","og_locale":"en_US","og_type":"article","og_title":"Marcus & Marcus orgaaniline k\u00f5risti | Gegokids","og_description":"Marcus & Marcus orgaanilised k\u00f5ristid on valmistatud 100% sertifitseeritud orgaanilisest puuvillast. Pehmed, ohutud ja kr\u00f5biseva heliga m\u00e4nguasjad beebidele alates s\u00fcnnist.","og_url":"https:\/\/gegokids.ee\/en\/product\/mm-orgaaniline-koristi\/","og_site_name":"Gegokids","article_publisher":"https:\/\/www.facebook.com\/GegoKids","article_modified_time":"2026-02-08T22:20:18+00:00","og_image":[{"width":1290,"height":860,"url":"https:\/\/gegokids.ee\/wp-content\/uploads\/2022\/06\/MNMBB10_WL-copy.jpg","type":"image\/jpeg"}],"twitter_card":"summary_large_image","twitter_misc":{"Est. reading time":"1 minute"},"schema":{"@context":"https:\/\/schema.org","@graph":[{"@type":"WebPage","@id":"https:\/\/gegokids.ee\/toode\/mm-orgaaniline-koristi\/","url":"https:\/\/gegokids.ee\/toode\/mm-orgaaniline-koristi\/","name":"Marcus & Marcus orgaaniline k\u00f5risti | Gegokids","isPartOf":{"@id":"https:\/\/gegokids.ee\/#website"},"primaryImageOfPage":{"@id":"https:\/\/gegokids.ee\/toode\/mm-orgaaniline-koristi\/#primaryimage"},"image":{"@id":"https:\/\/gegokids.ee\/toode\/mm-orgaaniline-koristi\/#primaryimage"},"thumbnailUrl":"https:\/\/gegokids.ee\/wp-content\/uploads\/2022\/06\/MNMBB10_WL-copy.jpg","datePublished":"2022-06-18T13:37:20+00:00","dateModified":"2026-02-08T22:20:18+00:00","description":"Marcus & Marcus orgaanilised k\u00f5ristid on valmistatud 100% sertifitseeritud orgaanilisest puuvillast. Pehmed, ohutud ja kr\u00f5biseva heliga m\u00e4nguasjad beebidele alates s\u00fcnnist.","breadcrumb":{"@id":"https:\/\/gegokids.ee\/toode\/mm-orgaaniline-koristi\/#breadcrumb"},"inLanguage":"en-US","potentialAction":[{"@type":"ReadAction","target":["https:\/\/gegokids.ee\/toode\/mm-orgaaniline-koristi\/"]}]},{"@type":"ImageObject","inLanguage":"en-US","@id":"https:\/\/gegokids.ee\/toode\/mm-orgaaniline-koristi\/#primaryimage","url":"https:\/\/gegokids.ee\/wp-content\/uploads\/2022\/06\/MNMBB10_WL-copy.jpg","contentUrl":"https:\/\/gegokids.ee\/wp-content\/uploads\/2022\/06\/MNMBB10_WL-copy.jpg","width":1290,"height":860},{"@type":"BreadcrumbList","@id":"https:\/\/gegokids.ee\/toode\/mm-orgaaniline-koristi\/#breadcrumb","itemListElement":[{"@type":"ListItem","position":1,"name":"Home","item":"https:\/\/gegokids.ee\/en\/"},{"@type":"ListItem","position":2,"name":"E-pood","item":"https:\/\/gegokids.ee\/e-pood\/"},{"@type":"ListItem","position":3,"name":"Marcus &#038; Marcus orgaaniline k\u00f5risti"}]},{"@type":"WebSite","@id":"https:\/\/gegokids.ee\/#website","url":"https:\/\/gegokids.ee\/","name":"Gegokids","description":"Kvaliteetsed ja turvalised laste m\u00e4nguasjad.","publisher":{"@id":"https:\/\/gegokids.ee\/#organization"},"potentialAction":[{"@type":"SearchAction","target":{"@type":"EntryPoint","urlTemplate":"https:\/\/gegokids.ee\/?s={search_term_string}"},"query-input":{"@type":"PropertyValueSpecification","valueRequired":true,"valueName":"search_term_string"}}],"inLanguage":"en-US"},{"@type":"Organization","@id":"https:\/\/gegokids.ee\/#organization","name":"Gegokids","url":"https:\/\/gegokids.ee\/","logo":{"@type":"ImageObject","inLanguage":"en-US","@id":"https:\/\/gegokids.ee\/#\/schema\/logo\/image\/","url":"https:\/\/gegokids.ee\/wp-content\/uploads\/2022\/06\/logo2.png","contentUrl":"https:\/\/gegokids.ee\/wp-content\/uploads\/2022\/06\/logo2.png","width":358,"height":104,"caption":"Gegokids"},"image":{"@id":"https:\/\/gegokids.ee\/#\/schema\/logo\/image\/"},"sameAs":["https:\/\/www.facebook.com\/GegoKids","https:\/\/www.instagram.com\/gegokids.ee\/"]}]}},"_links":{"self":[{"href":"https:\/\/gegokids.ee\/en\/wp-json\/wp\/v2\/product\/20325","targetHints":{"allow":["GET"]}}],"collection":[{"href":"https:\/\/gegokids.ee\/en\/wp-json\/wp\/v2\/product"}],"about":[{"href":"https:\/\/gegokids.ee\/en\/wp-json\/wp\/v2\/types\/product"}],"replies":[{"embeddable":true,"href":"https:\/\/gegokids.ee\/en\/wp-json\/wp\/v2\/comments?post=20325"}],"version-history":[{"count":3,"href":"https:\/\/gegokids.ee\/en\/wp-json\/wp\/v2\/product\/20325\/revisions"}],"predecessor-version":[{"id":29072,"href":"https:\/\/gegokids.ee\/en\/wp-json\/wp\/v2\/product\/20325\/revisions\/29072"}],"wp:featuredmedia":[{"embeddable":true,"href":"https:\/\/gegokids.ee\/en\/wp-json\/wp\/v2\/media\/29071"}],"wp:attachment":[{"href":"https:\/\/gegokids.ee\/en\/wp-json\/wp\/v2\/media?parent=20325"}],"wp:term":[{"taxonomy":"product_brand","embeddable":true,"href":"https:\/\/gegokids.ee\/en\/wp-json\/wp\/v2\/product_brand?post=20325"},{"taxonomy":"product_cat","embeddable":true,"href":"https:\/\/gegokids.ee\/en\/wp-json\/wp\/v2\/product_cat?post=20325"},{"taxonomy":"product_tag","embeddable":true,"href":"https:\/\/gegokids.ee\/en\/wp-json\/wp\/v2\/product_tag?post=20325"}],"curies":[{"name":"wp","href":"https:\/\/api.w.org\/{rel}","templated":true}]}}