{"id":20324,"date":"2022-06-18T13:37:20","date_gmt":"2022-06-18T13:37:20","guid":{"rendered":"https:\/\/gegokids.ee\/?post_type=product&#038;p=20324"},"modified":"2026-02-07T23:16:11","modified_gmt":"2026-02-07T20:16:11","slug":"mm-korrega-joogipudeli-asenduskors","status":"publish","type":"product","link":"https:\/\/gegokids.ee\/en\/product\/mm-korrega-joogipudeli-asenduskors\/","title":{"rendered":"Marcus &amp; Marcus joogipudeli asendusk\u00f5rs Tritan pudelile"},"content":{"rendered":"<p><span style=\"color: #000000; font-size: 12pt;\"><strong>Hooldus ja omadused:<\/strong><\/span><\/p>\n<ul>\n<li><span style=\"color: #000000; font-size: 12pt;\">Enne kasutamist pesta<\/span><\/li>\n<li><span style=\"color: #000000; font-size: 12pt;\">N\u00f5udepesumasinas pestav<\/span><\/li>\n<\/ul>\n<p><span style=\"color: #000000; font-size: 12pt;\"><strong>Materjal:<\/strong><\/span><\/p>\n<p><span style=\"color: #000000; font-size: 12pt;\">Toidusilikoon<\/span><\/p>\n<p><span style=\"color: #000000; font-size: 12pt;\"><strong>Vastupidav temp.:<\/strong><\/span><\/p>\n<p><span style=\"color: #000000; font-size: 12pt;\"> -5\u00b0C kuni 90\u00b0C<\/span><\/p>","protected":false},"excerpt":{"rendered":"<p><span style=\"font-size: 12pt; color: #000000;\">Asendusk\u00f5rs ja silikoonist tihend Marcus &amp; Marcus tritan joogipudelile 360 ml<\/span><\/p>\n<p><strong>EI SOBI ANTIBAKTERIAALSELE PUDELILE!<\/strong><\/p>\n<p><strong>Tarne 2-5 t\u00f6\u00f6p\u00e4eva!<\/strong><\/p>","protected":false},"featured_media":21861,"comment_status":"closed","ping_status":"closed","template":"","meta":[],"product_brand":[455],"product_cat":[285,422],"product_tag":[446,457,458],"class_list":{"0":"post-20324","1":"product","2":"type-product","3":"status-publish","4":"has-post-thumbnail","6":"product_brand-marcus-marcus","7":"product_cat-koik","8":"product_cat-laste-soogikomplektid","9":"product_tag-joogipudelid","10":"product_tag-beebidele-0-1-a","11":"product_tag-vaikelastele-1-3-a","13":"first","14":"instock","15":"shipping-taxable","16":"purchasable","17":"product-type-simple"},"yoast_head":"<!-- This site is optimized with the Yoast SEO plugin v26.9 - https:\/\/yoast.com\/product\/yoast-seo-wordpress\/ -->\n<title>Marcus &amp; Marcus joogipudeli asendusk\u00f5rs Tritan pudelile | Gegokids<\/title>\n<meta name=\"description\" content=\"Asendusk\u00f5rs ja silikoonist tihend Marcus &amp; Marcus tritan joogipudelile 360 ml\" \/>\n<meta name=\"robots\" content=\"index, follow, max-snippet:-1, max-image-preview:large, max-video-preview:-1\" \/>\n<link rel=\"canonical\" href=\"https:\/\/gegokids.ee\/en\/product\/mm-korrega-joogipudeli-asenduskors\/\" \/>\n<meta property=\"og:locale\" content=\"en_US\" \/>\n<meta property=\"og:type\" content=\"article\" \/>\n<meta property=\"og:title\" content=\"Marcus &amp; Marcus joogipudeli asendusk\u00f5rs Tritan pudelile | Gegokids\" \/>\n<meta property=\"og:description\" content=\"Asendusk\u00f5rs ja silikoonist tihend Marcus &amp; Marcus tritan joogipudelile 360 ml\" \/>\n<meta property=\"og:url\" content=\"https:\/\/gegokids.ee\/en\/product\/mm-korrega-joogipudeli-asenduskors\/\" \/>\n<meta property=\"og:site_name\" content=\"Gegokids\" \/>\n<meta property=\"article:publisher\" content=\"https:\/\/www.facebook.com\/GegoKids\" \/>\n<meta property=\"article:modified_time\" content=\"2026-02-07T20:16:11+00:00\" \/>\n<meta property=\"og:image\" content=\"https:\/\/gegokids.ee\/wp-content\/uploads\/2022\/06\/MM-Korrega-Joogipudeli-Asenduskors.png\" \/>\n\t<meta property=\"og:image:width\" content=\"800\" \/>\n\t<meta property=\"og:image:height\" content=\"533\" \/>\n\t<meta property=\"og:image:type\" content=\"image\/png\" \/>\n<meta name=\"twitter:card\" content=\"summary_large_image\" \/>\n<meta name=\"twitter:label1\" content=\"Est. reading time\" \/>\n\t<meta name=\"twitter:data1\" content=\"1 minute\" \/>\n<script type=\"application\/ld+json\" class=\"yoast-schema-graph\">{\"@context\":\"https:\/\/schema.org\",\"@graph\":[{\"@type\":\"WebPage\",\"@id\":\"https:\/\/gegokids.ee\/toode\/mm-korrega-joogipudeli-asenduskors\/\",\"url\":\"https:\/\/gegokids.ee\/toode\/mm-korrega-joogipudeli-asenduskors\/\",\"name\":\"Marcus &amp; Marcus joogipudeli asendusk\u00f5rs Tritan pudelile | Gegokids\",\"isPartOf\":{\"@id\":\"https:\/\/gegokids.ee\/#website\"},\"primaryImageOfPage\":{\"@id\":\"https:\/\/gegokids.ee\/toode\/mm-korrega-joogipudeli-asenduskors\/#primaryimage\"},\"image\":{\"@id\":\"https:\/\/gegokids.ee\/toode\/mm-korrega-joogipudeli-asenduskors\/#primaryimage\"},\"thumbnailUrl\":\"https:\/\/gegokids.ee\/wp-content\/uploads\/2022\/06\/MM-Korrega-Joogipudeli-Asenduskors.png\",\"datePublished\":\"2022-06-18T13:37:20+00:00\",\"dateModified\":\"2026-02-07T20:16:11+00:00\",\"description\":\"Asendusk\u00f5rs ja silikoonist tihend Marcus & Marcus tritan joogipudelile 360 ml\",\"breadcrumb\":{\"@id\":\"https:\/\/gegokids.ee\/toode\/mm-korrega-joogipudeli-asenduskors\/#breadcrumb\"},\"inLanguage\":\"en-US\",\"potentialAction\":[{\"@type\":\"ReadAction\",\"target\":[\"https:\/\/gegokids.ee\/toode\/mm-korrega-joogipudeli-asenduskors\/\"]}]},{\"@type\":\"ImageObject\",\"inLanguage\":\"en-US\",\"@id\":\"https:\/\/gegokids.ee\/toode\/mm-korrega-joogipudeli-asenduskors\/#primaryimage\",\"url\":\"https:\/\/gegokids.ee\/wp-content\/uploads\/2022\/06\/MM-Korrega-Joogipudeli-Asenduskors.png\",\"contentUrl\":\"https:\/\/gegokids.ee\/wp-content\/uploads\/2022\/06\/MM-Korrega-Joogipudeli-Asenduskors.png\",\"width\":800,\"height\":533},{\"@type\":\"BreadcrumbList\",\"@id\":\"https:\/\/gegokids.ee\/toode\/mm-korrega-joogipudeli-asenduskors\/#breadcrumb\",\"itemListElement\":[{\"@type\":\"ListItem\",\"position\":1,\"name\":\"Home\",\"item\":\"https:\/\/gegokids.ee\/en\/\"},{\"@type\":\"ListItem\",\"position\":2,\"name\":\"E-pood\",\"item\":\"https:\/\/gegokids.ee\/e-pood\/\"},{\"@type\":\"ListItem\",\"position\":3,\"name\":\"Marcus &amp; Marcus joogipudeli asendusk\u00f5rs Tritan pudelile\"}]},{\"@type\":\"WebSite\",\"@id\":\"https:\/\/gegokids.ee\/#website\",\"url\":\"https:\/\/gegokids.ee\/\",\"name\":\"Gegokids\",\"description\":\"Kvaliteetsed ja turvalised laste m\u00e4nguasjad.\",\"publisher\":{\"@id\":\"https:\/\/gegokids.ee\/#organization\"},\"potentialAction\":[{\"@type\":\"SearchAction\",\"target\":{\"@type\":\"EntryPoint\",\"urlTemplate\":\"https:\/\/gegokids.ee\/?s={search_term_string}\"},\"query-input\":{\"@type\":\"PropertyValueSpecification\",\"valueRequired\":true,\"valueName\":\"search_term_string\"}}],\"inLanguage\":\"en-US\"},{\"@type\":\"Organization\",\"@id\":\"https:\/\/gegokids.ee\/#organization\",\"name\":\"Gegokids\",\"url\":\"https:\/\/gegokids.ee\/\",\"logo\":{\"@type\":\"ImageObject\",\"inLanguage\":\"en-US\",\"@id\":\"https:\/\/gegokids.ee\/#\/schema\/logo\/image\/\",\"url\":\"https:\/\/gegokids.ee\/wp-content\/uploads\/2022\/06\/logo2.png\",\"contentUrl\":\"https:\/\/gegokids.ee\/wp-content\/uploads\/2022\/06\/logo2.png\",\"width\":358,\"height\":104,\"caption\":\"Gegokids\"},\"image\":{\"@id\":\"https:\/\/gegokids.ee\/#\/schema\/logo\/image\/\"},\"sameAs\":[\"https:\/\/www.facebook.com\/GegoKids\",\"https:\/\/www.instagram.com\/gegokids.ee\/\"]}]}<\/script>\n<!-- \/ Yoast SEO plugin. -->","yoast_head_json":{"title":"Marcus &amp; Marcus joogipudeli asendusk\u00f5rs Tritan pudelile | Gegokids","description":"Asendusk\u00f5rs ja silikoonist tihend Marcus & Marcus tritan joogipudelile 360 ml","robots":{"index":"index","follow":"follow","max-snippet":"max-snippet:-1","max-image-preview":"max-image-preview:large","max-video-preview":"max-video-preview:-1"},"canonical":"https:\/\/gegokids.ee\/en\/product\/mm-korrega-joogipudeli-asenduskors\/","og_locale":"en_US","og_type":"article","og_title":"Marcus &amp; Marcus joogipudeli asendusk\u00f5rs Tritan pudelile | Gegokids","og_description":"Asendusk\u00f5rs ja silikoonist tihend Marcus & Marcus tritan joogipudelile 360 ml","og_url":"https:\/\/gegokids.ee\/en\/product\/mm-korrega-joogipudeli-asenduskors\/","og_site_name":"Gegokids","article_publisher":"https:\/\/www.facebook.com\/GegoKids","article_modified_time":"2026-02-07T20:16:11+00:00","og_image":[{"width":800,"height":533,"url":"https:\/\/gegokids.ee\/wp-content\/uploads\/2022\/06\/MM-Korrega-Joogipudeli-Asenduskors.png","type":"image\/png"}],"twitter_card":"summary_large_image","twitter_misc":{"Est. reading time":"1 minute"},"schema":{"@context":"https:\/\/schema.org","@graph":[{"@type":"WebPage","@id":"https:\/\/gegokids.ee\/toode\/mm-korrega-joogipudeli-asenduskors\/","url":"https:\/\/gegokids.ee\/toode\/mm-korrega-joogipudeli-asenduskors\/","name":"Marcus &amp; Marcus joogipudeli asendusk\u00f5rs Tritan pudelile | Gegokids","isPartOf":{"@id":"https:\/\/gegokids.ee\/#website"},"primaryImageOfPage":{"@id":"https:\/\/gegokids.ee\/toode\/mm-korrega-joogipudeli-asenduskors\/#primaryimage"},"image":{"@id":"https:\/\/gegokids.ee\/toode\/mm-korrega-joogipudeli-asenduskors\/#primaryimage"},"thumbnailUrl":"https:\/\/gegokids.ee\/wp-content\/uploads\/2022\/06\/MM-Korrega-Joogipudeli-Asenduskors.png","datePublished":"2022-06-18T13:37:20+00:00","dateModified":"2026-02-07T20:16:11+00:00","description":"Asendusk\u00f5rs ja silikoonist tihend Marcus & Marcus tritan joogipudelile 360 ml","breadcrumb":{"@id":"https:\/\/gegokids.ee\/toode\/mm-korrega-joogipudeli-asenduskors\/#breadcrumb"},"inLanguage":"en-US","potentialAction":[{"@type":"ReadAction","target":["https:\/\/gegokids.ee\/toode\/mm-korrega-joogipudeli-asenduskors\/"]}]},{"@type":"ImageObject","inLanguage":"en-US","@id":"https:\/\/gegokids.ee\/toode\/mm-korrega-joogipudeli-asenduskors\/#primaryimage","url":"https:\/\/gegokids.ee\/wp-content\/uploads\/2022\/06\/MM-Korrega-Joogipudeli-Asenduskors.png","contentUrl":"https:\/\/gegokids.ee\/wp-content\/uploads\/2022\/06\/MM-Korrega-Joogipudeli-Asenduskors.png","width":800,"height":533},{"@type":"BreadcrumbList","@id":"https:\/\/gegokids.ee\/toode\/mm-korrega-joogipudeli-asenduskors\/#breadcrumb","itemListElement":[{"@type":"ListItem","position":1,"name":"Home","item":"https:\/\/gegokids.ee\/en\/"},{"@type":"ListItem","position":2,"name":"E-pood","item":"https:\/\/gegokids.ee\/e-pood\/"},{"@type":"ListItem","position":3,"name":"Marcus &amp; Marcus joogipudeli asendusk\u00f5rs Tritan pudelile"}]},{"@type":"WebSite","@id":"https:\/\/gegokids.ee\/#website","url":"https:\/\/gegokids.ee\/","name":"Gegokids","description":"Kvaliteetsed ja turvalised laste m\u00e4nguasjad.","publisher":{"@id":"https:\/\/gegokids.ee\/#organization"},"potentialAction":[{"@type":"SearchAction","target":{"@type":"EntryPoint","urlTemplate":"https:\/\/gegokids.ee\/?s={search_term_string}"},"query-input":{"@type":"PropertyValueSpecification","valueRequired":true,"valueName":"search_term_string"}}],"inLanguage":"en-US"},{"@type":"Organization","@id":"https:\/\/gegokids.ee\/#organization","name":"Gegokids","url":"https:\/\/gegokids.ee\/","logo":{"@type":"ImageObject","inLanguage":"en-US","@id":"https:\/\/gegokids.ee\/#\/schema\/logo\/image\/","url":"https:\/\/gegokids.ee\/wp-content\/uploads\/2022\/06\/logo2.png","contentUrl":"https:\/\/gegokids.ee\/wp-content\/uploads\/2022\/06\/logo2.png","width":358,"height":104,"caption":"Gegokids"},"image":{"@id":"https:\/\/gegokids.ee\/#\/schema\/logo\/image\/"},"sameAs":["https:\/\/www.facebook.com\/GegoKids","https:\/\/www.instagram.com\/gegokids.ee\/"]}]}},"_links":{"self":[{"href":"https:\/\/gegokids.ee\/en\/wp-json\/wp\/v2\/product\/20324","targetHints":{"allow":["GET"]}}],"collection":[{"href":"https:\/\/gegokids.ee\/en\/wp-json\/wp\/v2\/product"}],"about":[{"href":"https:\/\/gegokids.ee\/en\/wp-json\/wp\/v2\/types\/product"}],"replies":[{"embeddable":true,"href":"https:\/\/gegokids.ee\/en\/wp-json\/wp\/v2\/comments?post=20324"}],"version-history":[{"count":5,"href":"https:\/\/gegokids.ee\/en\/wp-json\/wp\/v2\/product\/20324\/revisions"}],"predecessor-version":[{"id":28717,"href":"https:\/\/gegokids.ee\/en\/wp-json\/wp\/v2\/product\/20324\/revisions\/28717"}],"wp:featuredmedia":[{"embeddable":true,"href":"https:\/\/gegokids.ee\/en\/wp-json\/wp\/v2\/media\/21861"}],"wp:attachment":[{"href":"https:\/\/gegokids.ee\/en\/wp-json\/wp\/v2\/media?parent=20324"}],"wp:term":[{"taxonomy":"product_brand","embeddable":true,"href":"https:\/\/gegokids.ee\/en\/wp-json\/wp\/v2\/product_brand?post=20324"},{"taxonomy":"product_cat","embeddable":true,"href":"https:\/\/gegokids.ee\/en\/wp-json\/wp\/v2\/product_cat?post=20324"},{"taxonomy":"product_tag","embeddable":true,"href":"https:\/\/gegokids.ee\/en\/wp-json\/wp\/v2\/product_tag?post=20324"}],"curies":[{"name":"wp","href":"https:\/\/api.w.org\/{rel}","templated":true}]}}