{"id":20283,"date":"2022-06-18T13:36:59","date_gmt":"2022-06-18T13:36:59","guid":{"rendered":"https:\/\/gegokids.ee\/?post_type=product&#038;p=20283"},"modified":"2026-03-26T16:53:00","modified_gmt":"2026-03-26T13:53:00","slug":"mm-vaikeste-kate-lusikas-ja-kahvel","status":"publish","type":"product","link":"https:\/\/gegokids.ee\/en\/product\/mm-vaikeste-kate-lusikas-ja-kahvel\/","title":{"rendered":"Marcus &amp; Marcus v\u00e4ikeste k\u00e4te lusikas ja kahvel"},"content":{"rendered":"<p><span style=\"font-family: georgia, palatino, serif; font-size: 12pt; color: #000000;\"><strong>Omadused:<\/strong><br \/>\nBPA\/Ftalaatide vaba<br \/>\nEfektiivsed s\u00f6\u00f6giriistad ei ole teravate servadega<br \/>\nPeopesasse kohandatud disain aitab lapsel arendada s\u00f6\u00f6giriistade hoidmist<\/span><\/p>\n<p><span style=\"font-family: georgia, palatino, serif; font-size: 12pt; color: #000000;\"><strong>Pesemine ja hooldus:<\/strong><br \/>\nPestav n\u00f5udepesumasinas \u00fclemisel restil<br \/>\nAuruga steriliseeritav<br \/>\nPlekid on lihtsasti eemaldatavad sooja seebiveega<\/span><\/p>\n<p><span style=\"font-family: georgia, palatino, serif; color: #000000; font-size: 12pt;\"><br \/>\n<strong>M\u00f5\u00f5dud:<\/strong><br \/>\nKahvel: 9.5 x 2.9 x 2.9 cm<br \/>\nLusikas: 9.5 x 2.1 x 2.9 cm\u00a0<\/span><\/p>\n<p><span style=\"font-family: georgia, palatino, serif; font-size: 12pt; color: #000000;\"><strong>Materjal:<\/strong><br \/>\nToidusilikoon + roostevaba teras<\/span><\/p>\n<p><span style=\"font-family: georgia, palatino, serif; font-size: 12pt; color: #000000;\"><strong>Vanus:<\/strong><br \/>\n18 kuud+<\/span><\/p>","protected":false},"excerpt":{"rendered":"<p><span style=\"font-family: georgia, palatino, serif; font-size: 12pt; color: #000000;\">Lusika ja kahvli komplekt on disainitud spetsiaalselt v\u00e4ikeste k\u00e4te peopesa j\u00e4rgi. L\u00fchendatud lusika ja kahvli hoidmise osa aitab lastel lihtsamini sooritada 90 kraadist p\u00f6\u00f6ret toidu suhu panemisel. Tavap\u00e4raste s\u00f6\u00f6giriistadega kipub toit maha kukkuma enne lapse suhu j\u00f5udmist. Spetsiaalsed lusika ja kahvli hoidmise otsikud sobivad v\u00e4ikelaste peopesasse ja muudavad iseseisva s\u00f6\u00f6mise aja lihtsamaks ning mugavamaks.<\/span><\/p>\n<p><span style=\"font-family: georgia, palatino, serif; font-size: 12pt; color: #000000;\"><br \/>\n<strong>Tarne 3-8 t\u00f6\u00f6p\u00e4eva!<\/strong><\/span><\/p>","protected":false},"featured_media":21872,"comment_status":"closed","ping_status":"closed","template":"","meta":[],"product_brand":[455],"product_cat":[285,422],"product_tag":[474,458],"class_list":{"0":"post-20283","1":"product","2":"type-product","3":"status-publish","4":"has-post-thumbnail","6":"product_brand-marcus-marcus","7":"product_cat-koik","8":"product_cat-laste-soogikomplektid","9":"product_tag-soomistarvikud","10":"product_tag-vaikelastele-1-3-a","12":"first","13":"instock","14":"shipping-taxable","15":"purchasable","16":"product-type-variable"},"yoast_head":"<!-- This site is optimized with the Yoast SEO plugin v26.9 - https:\/\/yoast.com\/product\/yoast-seo-wordpress\/ -->\n<title>Marcus &amp; Marcus v\u00e4ikeste k\u00e4te lusikas ja kahvel | Gegokids<\/title>\n<meta name=\"description\" content=\"Marcus &amp; Marcus Palm Grasp lusika ja kahvli komplekt aitab lapsel \u00f5ppida iseseisvalt s\u00f6\u00f6ma. L\u00fchike ja ergonoomiline disain sobib ideaalselt v\u00e4ikese peopesahaarde jaoks. Sobib alates 18 kuust.\" \/>\n<meta name=\"robots\" content=\"index, follow, max-snippet:-1, max-image-preview:large, max-video-preview:-1\" \/>\n<link rel=\"canonical\" href=\"https:\/\/gegokids.ee\/en\/product\/mm-vaikeste-kate-lusikas-ja-kahvel\/\" \/>\n<meta property=\"og:locale\" content=\"en_US\" \/>\n<meta property=\"og:type\" content=\"article\" \/>\n<meta property=\"og:title\" content=\"Marcus &amp; Marcus v\u00e4ikeste k\u00e4te lusikas ja kahvel | Gegokids\" \/>\n<meta property=\"og:description\" content=\"Marcus &amp; Marcus Palm Grasp lusika ja kahvli komplekt aitab lapsel \u00f5ppida iseseisvalt s\u00f6\u00f6ma. L\u00fchike ja ergonoomiline disain sobib ideaalselt v\u00e4ikese peopesahaarde jaoks. Sobib alates 18 kuust.\" \/>\n<meta property=\"og:url\" content=\"https:\/\/gegokids.ee\/en\/product\/mm-vaikeste-kate-lusikas-ja-kahvel\/\" \/>\n<meta property=\"og:site_name\" content=\"Gegokids\" \/>\n<meta property=\"article:publisher\" content=\"https:\/\/www.facebook.com\/GegoKids\" \/>\n<meta property=\"article:modified_time\" content=\"2026-03-26T13:53:00+00:00\" \/>\n<meta property=\"og:image\" content=\"https:\/\/gegokids.ee\/wp-content\/uploads\/2022\/06\/MM-Vaikeste-Kate-Lusikas-Ja-Kahve-rohelinel.png\" \/>\n\t<meta property=\"og:image:width\" content=\"800\" \/>\n\t<meta property=\"og:image:height\" content=\"533\" \/>\n\t<meta property=\"og:image:type\" content=\"image\/png\" \/>\n<meta name=\"twitter:card\" content=\"summary_large_image\" \/>\n<meta name=\"twitter:label1\" content=\"Est. reading time\" \/>\n\t<meta name=\"twitter:data1\" content=\"1 minute\" \/>\n<script type=\"application\/ld+json\" class=\"yoast-schema-graph\">{\"@context\":\"https:\/\/schema.org\",\"@graph\":[{\"@type\":\"WebPage\",\"@id\":\"https:\/\/gegokids.ee\/toode\/mm-vaikeste-kate-lusikas-ja-kahvel\/\",\"url\":\"https:\/\/gegokids.ee\/toode\/mm-vaikeste-kate-lusikas-ja-kahvel\/\",\"name\":\"Marcus &amp; Marcus v\u00e4ikeste k\u00e4te lusikas ja kahvel | Gegokids\",\"isPartOf\":{\"@id\":\"https:\/\/gegokids.ee\/#website\"},\"primaryImageOfPage\":{\"@id\":\"https:\/\/gegokids.ee\/toode\/mm-vaikeste-kate-lusikas-ja-kahvel\/#primaryimage\"},\"image\":{\"@id\":\"https:\/\/gegokids.ee\/toode\/mm-vaikeste-kate-lusikas-ja-kahvel\/#primaryimage\"},\"thumbnailUrl\":\"https:\/\/gegokids.ee\/wp-content\/uploads\/2022\/06\/MM-Vaikeste-Kate-Lusikas-Ja-Kahve-rohelinel.png\",\"datePublished\":\"2022-06-18T13:36:59+00:00\",\"dateModified\":\"2026-03-26T13:53:00+00:00\",\"description\":\"Marcus & Marcus Palm Grasp lusika ja kahvli komplekt aitab lapsel \u00f5ppida iseseisvalt s\u00f6\u00f6ma. L\u00fchike ja ergonoomiline disain sobib ideaalselt v\u00e4ikese peopesahaarde jaoks. Sobib alates 18 kuust.\",\"breadcrumb\":{\"@id\":\"https:\/\/gegokids.ee\/toode\/mm-vaikeste-kate-lusikas-ja-kahvel\/#breadcrumb\"},\"inLanguage\":\"en-US\",\"potentialAction\":[{\"@type\":\"ReadAction\",\"target\":[\"https:\/\/gegokids.ee\/toode\/mm-vaikeste-kate-lusikas-ja-kahvel\/\"]}]},{\"@type\":\"ImageObject\",\"inLanguage\":\"en-US\",\"@id\":\"https:\/\/gegokids.ee\/toode\/mm-vaikeste-kate-lusikas-ja-kahvel\/#primaryimage\",\"url\":\"https:\/\/gegokids.ee\/wp-content\/uploads\/2022\/06\/MM-Vaikeste-Kate-Lusikas-Ja-Kahve-rohelinel.png\",\"contentUrl\":\"https:\/\/gegokids.ee\/wp-content\/uploads\/2022\/06\/MM-Vaikeste-Kate-Lusikas-Ja-Kahve-rohelinel.png\",\"width\":800,\"height\":533},{\"@type\":\"BreadcrumbList\",\"@id\":\"https:\/\/gegokids.ee\/toode\/mm-vaikeste-kate-lusikas-ja-kahvel\/#breadcrumb\",\"itemListElement\":[{\"@type\":\"ListItem\",\"position\":1,\"name\":\"Home\",\"item\":\"https:\/\/gegokids.ee\/en\/\"},{\"@type\":\"ListItem\",\"position\":2,\"name\":\"E-pood\",\"item\":\"https:\/\/gegokids.ee\/e-pood\/\"},{\"@type\":\"ListItem\",\"position\":3,\"name\":\"Marcus &amp; Marcus v\u00e4ikeste k\u00e4te lusikas ja kahvel\"}]},{\"@type\":\"WebSite\",\"@id\":\"https:\/\/gegokids.ee\/#website\",\"url\":\"https:\/\/gegokids.ee\/\",\"name\":\"Gegokids\",\"description\":\"Kvaliteetsed ja turvalised laste m\u00e4nguasjad.\",\"publisher\":{\"@id\":\"https:\/\/gegokids.ee\/#organization\"},\"potentialAction\":[{\"@type\":\"SearchAction\",\"target\":{\"@type\":\"EntryPoint\",\"urlTemplate\":\"https:\/\/gegokids.ee\/?s={search_term_string}\"},\"query-input\":{\"@type\":\"PropertyValueSpecification\",\"valueRequired\":true,\"valueName\":\"search_term_string\"}}],\"inLanguage\":\"en-US\"},{\"@type\":\"Organization\",\"@id\":\"https:\/\/gegokids.ee\/#organization\",\"name\":\"Gegokids\",\"url\":\"https:\/\/gegokids.ee\/\",\"logo\":{\"@type\":\"ImageObject\",\"inLanguage\":\"en-US\",\"@id\":\"https:\/\/gegokids.ee\/#\/schema\/logo\/image\/\",\"url\":\"https:\/\/gegokids.ee\/wp-content\/uploads\/2022\/06\/logo2.png\",\"contentUrl\":\"https:\/\/gegokids.ee\/wp-content\/uploads\/2022\/06\/logo2.png\",\"width\":358,\"height\":104,\"caption\":\"Gegokids\"},\"image\":{\"@id\":\"https:\/\/gegokids.ee\/#\/schema\/logo\/image\/\"},\"sameAs\":[\"https:\/\/www.facebook.com\/GegoKids\",\"https:\/\/www.instagram.com\/gegokids.ee\/\"]}]}<\/script>\n<!-- \/ Yoast SEO plugin. -->","yoast_head_json":{"title":"Marcus &amp; Marcus v\u00e4ikeste k\u00e4te lusikas ja kahvel | Gegokids","description":"Marcus & Marcus Palm Grasp lusika ja kahvli komplekt aitab lapsel \u00f5ppida iseseisvalt s\u00f6\u00f6ma. L\u00fchike ja ergonoomiline disain sobib ideaalselt v\u00e4ikese peopesahaarde jaoks. Sobib alates 18 kuust.","robots":{"index":"index","follow":"follow","max-snippet":"max-snippet:-1","max-image-preview":"max-image-preview:large","max-video-preview":"max-video-preview:-1"},"canonical":"https:\/\/gegokids.ee\/en\/product\/mm-vaikeste-kate-lusikas-ja-kahvel\/","og_locale":"en_US","og_type":"article","og_title":"Marcus &amp; Marcus v\u00e4ikeste k\u00e4te lusikas ja kahvel | Gegokids","og_description":"Marcus & Marcus Palm Grasp lusika ja kahvli komplekt aitab lapsel \u00f5ppida iseseisvalt s\u00f6\u00f6ma. L\u00fchike ja ergonoomiline disain sobib ideaalselt v\u00e4ikese peopesahaarde jaoks. Sobib alates 18 kuust.","og_url":"https:\/\/gegokids.ee\/en\/product\/mm-vaikeste-kate-lusikas-ja-kahvel\/","og_site_name":"Gegokids","article_publisher":"https:\/\/www.facebook.com\/GegoKids","article_modified_time":"2026-03-26T13:53:00+00:00","og_image":[{"width":800,"height":533,"url":"https:\/\/gegokids.ee\/wp-content\/uploads\/2022\/06\/MM-Vaikeste-Kate-Lusikas-Ja-Kahve-rohelinel.png","type":"image\/png"}],"twitter_card":"summary_large_image","twitter_misc":{"Est. reading time":"1 minute"},"schema":{"@context":"https:\/\/schema.org","@graph":[{"@type":"WebPage","@id":"https:\/\/gegokids.ee\/toode\/mm-vaikeste-kate-lusikas-ja-kahvel\/","url":"https:\/\/gegokids.ee\/toode\/mm-vaikeste-kate-lusikas-ja-kahvel\/","name":"Marcus &amp; Marcus v\u00e4ikeste k\u00e4te lusikas ja kahvel | Gegokids","isPartOf":{"@id":"https:\/\/gegokids.ee\/#website"},"primaryImageOfPage":{"@id":"https:\/\/gegokids.ee\/toode\/mm-vaikeste-kate-lusikas-ja-kahvel\/#primaryimage"},"image":{"@id":"https:\/\/gegokids.ee\/toode\/mm-vaikeste-kate-lusikas-ja-kahvel\/#primaryimage"},"thumbnailUrl":"https:\/\/gegokids.ee\/wp-content\/uploads\/2022\/06\/MM-Vaikeste-Kate-Lusikas-Ja-Kahve-rohelinel.png","datePublished":"2022-06-18T13:36:59+00:00","dateModified":"2026-03-26T13:53:00+00:00","description":"Marcus & Marcus Palm Grasp lusika ja kahvli komplekt aitab lapsel \u00f5ppida iseseisvalt s\u00f6\u00f6ma. L\u00fchike ja ergonoomiline disain sobib ideaalselt v\u00e4ikese peopesahaarde jaoks. Sobib alates 18 kuust.","breadcrumb":{"@id":"https:\/\/gegokids.ee\/toode\/mm-vaikeste-kate-lusikas-ja-kahvel\/#breadcrumb"},"inLanguage":"en-US","potentialAction":[{"@type":"ReadAction","target":["https:\/\/gegokids.ee\/toode\/mm-vaikeste-kate-lusikas-ja-kahvel\/"]}]},{"@type":"ImageObject","inLanguage":"en-US","@id":"https:\/\/gegokids.ee\/toode\/mm-vaikeste-kate-lusikas-ja-kahvel\/#primaryimage","url":"https:\/\/gegokids.ee\/wp-content\/uploads\/2022\/06\/MM-Vaikeste-Kate-Lusikas-Ja-Kahve-rohelinel.png","contentUrl":"https:\/\/gegokids.ee\/wp-content\/uploads\/2022\/06\/MM-Vaikeste-Kate-Lusikas-Ja-Kahve-rohelinel.png","width":800,"height":533},{"@type":"BreadcrumbList","@id":"https:\/\/gegokids.ee\/toode\/mm-vaikeste-kate-lusikas-ja-kahvel\/#breadcrumb","itemListElement":[{"@type":"ListItem","position":1,"name":"Home","item":"https:\/\/gegokids.ee\/en\/"},{"@type":"ListItem","position":2,"name":"E-pood","item":"https:\/\/gegokids.ee\/e-pood\/"},{"@type":"ListItem","position":3,"name":"Marcus &amp; Marcus v\u00e4ikeste k\u00e4te lusikas ja kahvel"}]},{"@type":"WebSite","@id":"https:\/\/gegokids.ee\/#website","url":"https:\/\/gegokids.ee\/","name":"Gegokids","description":"Kvaliteetsed ja turvalised laste m\u00e4nguasjad.","publisher":{"@id":"https:\/\/gegokids.ee\/#organization"},"potentialAction":[{"@type":"SearchAction","target":{"@type":"EntryPoint","urlTemplate":"https:\/\/gegokids.ee\/?s={search_term_string}"},"query-input":{"@type":"PropertyValueSpecification","valueRequired":true,"valueName":"search_term_string"}}],"inLanguage":"en-US"},{"@type":"Organization","@id":"https:\/\/gegokids.ee\/#organization","name":"Gegokids","url":"https:\/\/gegokids.ee\/","logo":{"@type":"ImageObject","inLanguage":"en-US","@id":"https:\/\/gegokids.ee\/#\/schema\/logo\/image\/","url":"https:\/\/gegokids.ee\/wp-content\/uploads\/2022\/06\/logo2.png","contentUrl":"https:\/\/gegokids.ee\/wp-content\/uploads\/2022\/06\/logo2.png","width":358,"height":104,"caption":"Gegokids"},"image":{"@id":"https:\/\/gegokids.ee\/#\/schema\/logo\/image\/"},"sameAs":["https:\/\/www.facebook.com\/GegoKids","https:\/\/www.instagram.com\/gegokids.ee\/"]}]}},"_links":{"self":[{"href":"https:\/\/gegokids.ee\/en\/wp-json\/wp\/v2\/product\/20283","targetHints":{"allow":["GET"]}}],"collection":[{"href":"https:\/\/gegokids.ee\/en\/wp-json\/wp\/v2\/product"}],"about":[{"href":"https:\/\/gegokids.ee\/en\/wp-json\/wp\/v2\/types\/product"}],"replies":[{"embeddable":true,"href":"https:\/\/gegokids.ee\/en\/wp-json\/wp\/v2\/comments?post=20283"}],"version-history":[{"count":5,"href":"https:\/\/gegokids.ee\/en\/wp-json\/wp\/v2\/product\/20283\/revisions"}],"predecessor-version":[{"id":29066,"href":"https:\/\/gegokids.ee\/en\/wp-json\/wp\/v2\/product\/20283\/revisions\/29066"}],"wp:featuredmedia":[{"embeddable":true,"href":"https:\/\/gegokids.ee\/en\/wp-json\/wp\/v2\/media\/21872"}],"wp:attachment":[{"href":"https:\/\/gegokids.ee\/en\/wp-json\/wp\/v2\/media?parent=20283"}],"wp:term":[{"taxonomy":"product_brand","embeddable":true,"href":"https:\/\/gegokids.ee\/en\/wp-json\/wp\/v2\/product_brand?post=20283"},{"taxonomy":"product_cat","embeddable":true,"href":"https:\/\/gegokids.ee\/en\/wp-json\/wp\/v2\/product_cat?post=20283"},{"taxonomy":"product_tag","embeddable":true,"href":"https:\/\/gegokids.ee\/en\/wp-json\/wp\/v2\/product_tag?post=20283"}],"curies":[{"name":"wp","href":"https:\/\/api.w.org\/{rel}","templated":true}]}}