{"id":20256,"date":"2022-06-18T13:36:36","date_gmt":"2022-06-18T13:36:36","guid":{"rendered":"https:\/\/gegokids.ee\/?post_type=product&#038;p=20256"},"modified":"2026-03-01T23:59:35","modified_gmt":"2026-03-01T20:59:35","slug":"mm-korrega-joogipudel","status":"publish","type":"product","link":"https:\/\/gegokids.ee\/en\/product\/mm-korrega-joogipudel\/","title":{"rendered":"Marcus &amp; Marcus k\u00f5rrega joogipudel"},"content":{"rendered":"<p><span style=\"font-family: georgia, palatino, serif; font-size: 12pt; color: #000000;\"><strong>Omadused:<\/strong><\/span><br \/>\n<span style=\"font-size: 12pt; font-family: georgia, palatino, serif; color: #000000;\">BPA\/Ftalaatide vaba<\/span><br \/>\n<span style=\"font-size: 12pt; font-family: georgia, palatino, serif; color: #000000;\">H\u00fcgieeniline surutav nupp, mis avab kaane<\/span><br \/>\n<span style=\"font-size: 12pt; font-family: georgia, palatino, serif; color: #000000;\">Pehmetipuline silikoonist k\u00f5rs<\/span><br \/>\n<span style=\"font-size: 12pt; font-family: georgia, palatino, serif; color: #000000;\">Purunemiskindel<\/span><br \/>\n<span style=\"font-size: 12pt; font-family: georgia, palatino, serif; color: #000000;\">Lekkimiskindel disain<\/span><br \/>\n<span style=\"font-size: 12pt; font-family: georgia, palatino, serif; color: #000000;\">Kaks sanga lihtsaks haaramiseks<\/span><br \/>\n<span style=\"font-size: 12pt; font-family: georgia, palatino, serif; color: #000000;\">\u00a0<\/span><br \/>\n<span style=\"font-family: georgia, palatino, serif; font-size: 12pt; color: #000000;\"><strong>Puhastamine ja hooldus:<\/strong><\/span><br \/>\n<span style=\"font-size: 12pt; font-family: georgia, palatino, serif; color: #000000;\">Pestav n\u00f5udepesumasinas AINULT \u00fclemisel restil<\/span><br \/>\n<span style=\"font-size: 12pt; font-family: georgia, palatino, serif; color: #000000;\">Parima tulemuse saavutamiseks soovituslik k\u00e4sipesu<\/span><br \/>\n<span style=\"font-size: 12pt; font-family: georgia, palatino, serif; color: #000000;\">\u00c4rge kasutage poleerivaid ega tugavaid keemilisi aineid pesemisel<\/span><br \/>\n<span style=\"font-size: 12pt; font-family: georgia, palatino, serif; color: #000000;\">\u00a0<\/span><br \/>\n<span style=\"font-family: georgia, palatino, serif; font-size: 12pt; color: #000000;\"><strong>M\u00f5\u00f5dud:<\/strong><\/span><br \/>\n<span style=\"font-size: 12pt; font-family: georgia, palatino, serif; color: #000000;\">16 x 7.5 x 12 cm<\/span><br \/>\n<span style=\"font-size: 12pt; font-family: georgia, palatino, serif; color: #000000;\">(Mahutavus\uff1a350ml)<\/span><br \/>\n<span style=\"font-size: 12pt; font-family: georgia, palatino, serif; color: #000000;\">\u00a0<\/span><\/p>\n<p><span style=\"font-family: georgia, palatino, serif; font-size: 12pt; color: #000000;\"><strong>Materjal:<\/strong><\/span><br \/>\n<span style=\"font-size: 12pt; font-family: georgia, palatino, serif; color: #000000;\">Tritan +<\/span><br \/>\n<span style=\"font-size: 12pt; font-family: georgia, palatino, serif; color: #000000;\">PP +<\/span><br \/>\n<span style=\"font-size: 12pt; font-family: georgia, palatino, serif; color: #000000;\">Toidusilikoon<\/span><br \/>\n<span style=\"font-size: 12pt; font-family: georgia, palatino, serif; color: #000000;\">\u00a0<\/span><br \/>\n<span style=\"font-family: georgia, palatino, serif; font-size: 12pt; color: #000000;\"><strong>Vastupidavus temperatuurid:<\/strong><\/span><br \/>\n<span style=\"font-size: 12pt; font-family: georgia, palatino, serif; color: #000000;\">-5\u00b0C kuni 100\u00b0C<\/span><br \/>\n<span style=\"font-size: 12pt; font-family: georgia, palatino, serif; color: #000000;\">\u00a0<\/span><br \/>\n<span style=\"font-family: georgia, palatino, serif; font-size: 12pt; color: #000000;\"><strong>Vanus:<\/strong><\/span><br \/>\n<span style=\"font-size: 12pt; font-family: georgia, palatino, serif; color: #000000;\">12+ kuud<\/span><\/p>\n<p>&nbsp;<\/p>","protected":false},"excerpt":{"rendered":"<p><span style=\"font-size: 12pt; font-family: georgia, palatino, serif; color: #000000;\">Joogipudel on kerge kaaluga ning mugavate sangadega. K\u00f5rrega\u00a0tops muudab joomise lapse jaoks lihtsamast \u00fcksk\u00f5ik kus<\/span>\u00a0<span style=\"font-size: 12pt; font-family: georgia, palatino, serif; color: #000000;\">parasjagu olete. Toode on valmistatud BPA\/ftalaatide vabadest\u00a0materjalidest. Suletud kaanega pudel ei leki, nii saate\u00a0kindlustunde, et v\u00f5ike seda hoiustada k\u00f5ikjal. Toode on\u00a0valmistatud vastupidavatest materjalidest ning ei purune kergelt.\u00a0Toode on n\u00f5udepesumasinas pestav, eraldi on v\u00f5imalik juurde\u00a0soetada uus k\u00f5rs, nii ei pea k\u00f5rre p\u00e4rast muretsema. Integreeritud<\/span>\u00a0<span style=\"font-size: 12pt; font-family: georgia, palatino, serif; color: #000000;\">sangad muudavad hoidmise mugavaks, nupule vajutades avaneb\u00a0kaas ning v\u00e4lja ulatub k\u00f5rs. <\/span><\/p>\n<p><span style=\"font-size: 12pt; font-family: georgia, palatino, serif; color: #000000;\"><strong>Tarne 3-8 t\u00f6\u00f6p\u00e4eva!<\/strong><\/span><\/p>","protected":false},"featured_media":21886,"comment_status":"closed","ping_status":"closed","template":"","meta":[],"product_brand":[455],"product_cat":[426,285,422],"product_tag":[446,474,457,458],"class_list":{"0":"post-20256","1":"product","2":"type-product","3":"status-publish","4":"has-post-thumbnail","6":"product_brand-marcus-marcus","7":"product_cat-kingiideed","8":"product_cat-koik","9":"product_cat-laste-soogikomplektid","10":"product_tag-joogipudelid","11":"product_tag-soomistarvikud","12":"product_tag-beebidele-0-1-a","13":"product_tag-vaikelastele-1-3-a","15":"first","16":"instock","17":"shipping-taxable","18":"purchasable","19":"product-type-variable"},"yoast_head":"<!-- This site is optimized with the Yoast SEO plugin v26.9 - https:\/\/yoast.com\/product\/yoast-seo-wordpress\/ -->\n<title>Marcus &amp; Marcus k\u00f5rrega joogipudel | Gegokids<\/title>\n<meta name=\"description\" content=\"Joogipudel on kerge kaaluga ning mugavate sangadega. K\u00f5rrega\u00a0tops muudab joomise lapse jaoks lihtsamast \u00fcksk\u00f5ik kus\u00a0parasjagu olete. Toode on valmistatud BPA\/ftalaatide vabadest\u00a0materjalidest. Suletud kaanega pudel ei leki, nii saate\u00a0kindlustunde, et v\u00f5ike seda hoiustada k\u00f5ikjal. Toode on\u00a0valmistatud vastupidavatest materjalidest ning ei purune kergelt.\u00a0Toode on n\u00f5udepesumasinas pestav, eraldi on v\u00f5imalik juurde\u00a0soetada uus k\u00f5rs, nii ei pea k\u00f5rre p\u00e4rast muretsema. Integreeritud\u00a0sangad muudavad hoidmise mugavaks, nupule vajutades avaneb\u00a0kaas ning v\u00e4lja ulatub k\u00f5rs.\" \/>\n<meta name=\"robots\" content=\"index, follow, max-snippet:-1, max-image-preview:large, max-video-preview:-1\" \/>\n<link rel=\"canonical\" href=\"https:\/\/gegokids.ee\/en\/product\/mm-korrega-joogipudel\/\" \/>\n<meta property=\"og:locale\" content=\"en_US\" \/>\n<meta property=\"og:type\" content=\"article\" \/>\n<meta property=\"og:title\" content=\"Marcus &amp; Marcus k\u00f5rrega joogipudel | Gegokids\" \/>\n<meta property=\"og:description\" content=\"Joogipudel on kerge kaaluga ning mugavate sangadega. K\u00f5rrega\u00a0tops muudab joomise lapse jaoks lihtsamast \u00fcksk\u00f5ik kus\u00a0parasjagu olete. Toode on valmistatud BPA\/ftalaatide vabadest\u00a0materjalidest. Suletud kaanega pudel ei leki, nii saate\u00a0kindlustunde, et v\u00f5ike seda hoiustada k\u00f5ikjal. Toode on\u00a0valmistatud vastupidavatest materjalidest ning ei purune kergelt.\u00a0Toode on n\u00f5udepesumasinas pestav, eraldi on v\u00f5imalik juurde\u00a0soetada uus k\u00f5rs, nii ei pea k\u00f5rre p\u00e4rast muretsema. Integreeritud\u00a0sangad muudavad hoidmise mugavaks, nupule vajutades avaneb\u00a0kaas ning v\u00e4lja ulatub k\u00f5rs.\" \/>\n<meta property=\"og:url\" content=\"https:\/\/gegokids.ee\/en\/product\/mm-korrega-joogipudel\/\" \/>\n<meta property=\"og:site_name\" content=\"Gegokids\" \/>\n<meta property=\"article:publisher\" content=\"https:\/\/www.facebook.com\/GegoKids\" \/>\n<meta property=\"article:modified_time\" content=\"2026-03-01T20:59:35+00:00\" \/>\n<meta property=\"og:image\" content=\"https:\/\/gegokids.ee\/wp-content\/uploads\/2022\/06\/MM-Korrega-Joogipudel-pilt.png\" \/>\n\t<meta property=\"og:image:width\" content=\"800\" \/>\n\t<meta property=\"og:image:height\" content=\"533\" \/>\n\t<meta property=\"og:image:type\" content=\"image\/png\" \/>\n<meta name=\"twitter:card\" content=\"summary_large_image\" \/>\n<meta name=\"twitter:label1\" content=\"Est. reading time\" \/>\n\t<meta name=\"twitter:data1\" content=\"1 minute\" \/>\n<script type=\"application\/ld+json\" class=\"yoast-schema-graph\">{\"@context\":\"https:\/\/schema.org\",\"@graph\":[{\"@type\":\"WebPage\",\"@id\":\"https:\/\/gegokids.ee\/toode\/mm-korrega-joogipudel\/\",\"url\":\"https:\/\/gegokids.ee\/toode\/mm-korrega-joogipudel\/\",\"name\":\"Marcus &amp; Marcus k\u00f5rrega joogipudel | Gegokids\",\"isPartOf\":{\"@id\":\"https:\/\/gegokids.ee\/#website\"},\"primaryImageOfPage\":{\"@id\":\"https:\/\/gegokids.ee\/toode\/mm-korrega-joogipudel\/#primaryimage\"},\"image\":{\"@id\":\"https:\/\/gegokids.ee\/toode\/mm-korrega-joogipudel\/#primaryimage\"},\"thumbnailUrl\":\"https:\/\/gegokids.ee\/wp-content\/uploads\/2022\/06\/MM-Korrega-Joogipudel-roheline.png\",\"datePublished\":\"2022-06-18T13:36:36+00:00\",\"dateModified\":\"2026-03-01T20:59:35+00:00\",\"description\":\"Joogipudel on kerge kaaluga ning mugavate sangadega. K\u00f5rrega\u00a0tops muudab joomise lapse jaoks lihtsamast \u00fcksk\u00f5ik kus\u00a0parasjagu olete. Toode on valmistatud BPA\/ftalaatide vabadest\u00a0materjalidest. Suletud kaanega pudel ei leki, nii saate\u00a0kindlustunde, et v\u00f5ike seda hoiustada k\u00f5ikjal. Toode on\u00a0valmistatud vastupidavatest materjalidest ning ei purune kergelt.\u00a0Toode on n\u00f5udepesumasinas pestav, eraldi on v\u00f5imalik juurde\u00a0soetada uus k\u00f5rs, nii ei pea k\u00f5rre p\u00e4rast muretsema. Integreeritud\u00a0sangad muudavad hoidmise mugavaks, nupule vajutades avaneb\u00a0kaas ning v\u00e4lja ulatub k\u00f5rs.\",\"breadcrumb\":{\"@id\":\"https:\/\/gegokids.ee\/toode\/mm-korrega-joogipudel\/#breadcrumb\"},\"inLanguage\":\"en-US\",\"potentialAction\":[{\"@type\":\"ReadAction\",\"target\":[\"https:\/\/gegokids.ee\/toode\/mm-korrega-joogipudel\/\"]}]},{\"@type\":\"ImageObject\",\"inLanguage\":\"en-US\",\"@id\":\"https:\/\/gegokids.ee\/toode\/mm-korrega-joogipudel\/#primaryimage\",\"url\":\"https:\/\/gegokids.ee\/wp-content\/uploads\/2022\/06\/MM-Korrega-Joogipudel-roheline.png\",\"contentUrl\":\"https:\/\/gegokids.ee\/wp-content\/uploads\/2022\/06\/MM-Korrega-Joogipudel-roheline.png\",\"width\":800,\"height\":533},{\"@type\":\"BreadcrumbList\",\"@id\":\"https:\/\/gegokids.ee\/toode\/mm-korrega-joogipudel\/#breadcrumb\",\"itemListElement\":[{\"@type\":\"ListItem\",\"position\":1,\"name\":\"Home\",\"item\":\"https:\/\/gegokids.ee\/en\/\"},{\"@type\":\"ListItem\",\"position\":2,\"name\":\"E-pood\",\"item\":\"https:\/\/gegokids.ee\/e-pood\/\"},{\"@type\":\"ListItem\",\"position\":3,\"name\":\"Marcus &amp; Marcus k\u00f5rrega joogipudel\"}]},{\"@type\":\"WebSite\",\"@id\":\"https:\/\/gegokids.ee\/#website\",\"url\":\"https:\/\/gegokids.ee\/\",\"name\":\"Gegokids\",\"description\":\"Kvaliteetsed ja turvalised laste m\u00e4nguasjad.\",\"publisher\":{\"@id\":\"https:\/\/gegokids.ee\/#organization\"},\"potentialAction\":[{\"@type\":\"SearchAction\",\"target\":{\"@type\":\"EntryPoint\",\"urlTemplate\":\"https:\/\/gegokids.ee\/?s={search_term_string}\"},\"query-input\":{\"@type\":\"PropertyValueSpecification\",\"valueRequired\":true,\"valueName\":\"search_term_string\"}}],\"inLanguage\":\"en-US\"},{\"@type\":\"Organization\",\"@id\":\"https:\/\/gegokids.ee\/#organization\",\"name\":\"Gegokids\",\"url\":\"https:\/\/gegokids.ee\/\",\"logo\":{\"@type\":\"ImageObject\",\"inLanguage\":\"en-US\",\"@id\":\"https:\/\/gegokids.ee\/#\/schema\/logo\/image\/\",\"url\":\"https:\/\/gegokids.ee\/wp-content\/uploads\/2022\/06\/logo2.png\",\"contentUrl\":\"https:\/\/gegokids.ee\/wp-content\/uploads\/2022\/06\/logo2.png\",\"width\":358,\"height\":104,\"caption\":\"Gegokids\"},\"image\":{\"@id\":\"https:\/\/gegokids.ee\/#\/schema\/logo\/image\/\"},\"sameAs\":[\"https:\/\/www.facebook.com\/GegoKids\",\"https:\/\/www.instagram.com\/gegokids.ee\/\"]}]}<\/script>\n<!-- \/ Yoast SEO plugin. -->","yoast_head_json":{"title":"Marcus &amp; Marcus k\u00f5rrega joogipudel | Gegokids","description":"Joogipudel on kerge kaaluga ning mugavate sangadega. K\u00f5rrega\u00a0tops muudab joomise lapse jaoks lihtsamast \u00fcksk\u00f5ik kus\u00a0parasjagu olete. Toode on valmistatud BPA\/ftalaatide vabadest\u00a0materjalidest. Suletud kaanega pudel ei leki, nii saate\u00a0kindlustunde, et v\u00f5ike seda hoiustada k\u00f5ikjal. Toode on\u00a0valmistatud vastupidavatest materjalidest ning ei purune kergelt.\u00a0Toode on n\u00f5udepesumasinas pestav, eraldi on v\u00f5imalik juurde\u00a0soetada uus k\u00f5rs, nii ei pea k\u00f5rre p\u00e4rast muretsema. Integreeritud\u00a0sangad muudavad hoidmise mugavaks, nupule vajutades avaneb\u00a0kaas ning v\u00e4lja ulatub k\u00f5rs.","robots":{"index":"index","follow":"follow","max-snippet":"max-snippet:-1","max-image-preview":"max-image-preview:large","max-video-preview":"max-video-preview:-1"},"canonical":"https:\/\/gegokids.ee\/en\/product\/mm-korrega-joogipudel\/","og_locale":"en_US","og_type":"article","og_title":"Marcus &amp; Marcus k\u00f5rrega joogipudel | Gegokids","og_description":"Joogipudel on kerge kaaluga ning mugavate sangadega. K\u00f5rrega\u00a0tops muudab joomise lapse jaoks lihtsamast \u00fcksk\u00f5ik kus\u00a0parasjagu olete. Toode on valmistatud BPA\/ftalaatide vabadest\u00a0materjalidest. Suletud kaanega pudel ei leki, nii saate\u00a0kindlustunde, et v\u00f5ike seda hoiustada k\u00f5ikjal. Toode on\u00a0valmistatud vastupidavatest materjalidest ning ei purune kergelt.\u00a0Toode on n\u00f5udepesumasinas pestav, eraldi on v\u00f5imalik juurde\u00a0soetada uus k\u00f5rs, nii ei pea k\u00f5rre p\u00e4rast muretsema. Integreeritud\u00a0sangad muudavad hoidmise mugavaks, nupule vajutades avaneb\u00a0kaas ning v\u00e4lja ulatub k\u00f5rs.","og_url":"https:\/\/gegokids.ee\/en\/product\/mm-korrega-joogipudel\/","og_site_name":"Gegokids","article_publisher":"https:\/\/www.facebook.com\/GegoKids","article_modified_time":"2026-03-01T20:59:35+00:00","og_image":[{"width":800,"height":533,"url":"https:\/\/gegokids.ee\/wp-content\/uploads\/2022\/06\/MM-Korrega-Joogipudel-pilt.png","type":"image\/png"}],"twitter_card":"summary_large_image","twitter_misc":{"Est. reading time":"1 minute"},"schema":{"@context":"https:\/\/schema.org","@graph":[{"@type":"WebPage","@id":"https:\/\/gegokids.ee\/toode\/mm-korrega-joogipudel\/","url":"https:\/\/gegokids.ee\/toode\/mm-korrega-joogipudel\/","name":"Marcus &amp; Marcus k\u00f5rrega joogipudel | Gegokids","isPartOf":{"@id":"https:\/\/gegokids.ee\/#website"},"primaryImageOfPage":{"@id":"https:\/\/gegokids.ee\/toode\/mm-korrega-joogipudel\/#primaryimage"},"image":{"@id":"https:\/\/gegokids.ee\/toode\/mm-korrega-joogipudel\/#primaryimage"},"thumbnailUrl":"https:\/\/gegokids.ee\/wp-content\/uploads\/2022\/06\/MM-Korrega-Joogipudel-roheline.png","datePublished":"2022-06-18T13:36:36+00:00","dateModified":"2026-03-01T20:59:35+00:00","description":"Joogipudel on kerge kaaluga ning mugavate sangadega. K\u00f5rrega\u00a0tops muudab joomise lapse jaoks lihtsamast \u00fcksk\u00f5ik kus\u00a0parasjagu olete. Toode on valmistatud BPA\/ftalaatide vabadest\u00a0materjalidest. Suletud kaanega pudel ei leki, nii saate\u00a0kindlustunde, et v\u00f5ike seda hoiustada k\u00f5ikjal. Toode on\u00a0valmistatud vastupidavatest materjalidest ning ei purune kergelt.\u00a0Toode on n\u00f5udepesumasinas pestav, eraldi on v\u00f5imalik juurde\u00a0soetada uus k\u00f5rs, nii ei pea k\u00f5rre p\u00e4rast muretsema. Integreeritud\u00a0sangad muudavad hoidmise mugavaks, nupule vajutades avaneb\u00a0kaas ning v\u00e4lja ulatub k\u00f5rs.","breadcrumb":{"@id":"https:\/\/gegokids.ee\/toode\/mm-korrega-joogipudel\/#breadcrumb"},"inLanguage":"en-US","potentialAction":[{"@type":"ReadAction","target":["https:\/\/gegokids.ee\/toode\/mm-korrega-joogipudel\/"]}]},{"@type":"ImageObject","inLanguage":"en-US","@id":"https:\/\/gegokids.ee\/toode\/mm-korrega-joogipudel\/#primaryimage","url":"https:\/\/gegokids.ee\/wp-content\/uploads\/2022\/06\/MM-Korrega-Joogipudel-roheline.png","contentUrl":"https:\/\/gegokids.ee\/wp-content\/uploads\/2022\/06\/MM-Korrega-Joogipudel-roheline.png","width":800,"height":533},{"@type":"BreadcrumbList","@id":"https:\/\/gegokids.ee\/toode\/mm-korrega-joogipudel\/#breadcrumb","itemListElement":[{"@type":"ListItem","position":1,"name":"Home","item":"https:\/\/gegokids.ee\/en\/"},{"@type":"ListItem","position":2,"name":"E-pood","item":"https:\/\/gegokids.ee\/e-pood\/"},{"@type":"ListItem","position":3,"name":"Marcus &amp; Marcus k\u00f5rrega joogipudel"}]},{"@type":"WebSite","@id":"https:\/\/gegokids.ee\/#website","url":"https:\/\/gegokids.ee\/","name":"Gegokids","description":"Kvaliteetsed ja turvalised laste m\u00e4nguasjad.","publisher":{"@id":"https:\/\/gegokids.ee\/#organization"},"potentialAction":[{"@type":"SearchAction","target":{"@type":"EntryPoint","urlTemplate":"https:\/\/gegokids.ee\/?s={search_term_string}"},"query-input":{"@type":"PropertyValueSpecification","valueRequired":true,"valueName":"search_term_string"}}],"inLanguage":"en-US"},{"@type":"Organization","@id":"https:\/\/gegokids.ee\/#organization","name":"Gegokids","url":"https:\/\/gegokids.ee\/","logo":{"@type":"ImageObject","inLanguage":"en-US","@id":"https:\/\/gegokids.ee\/#\/schema\/logo\/image\/","url":"https:\/\/gegokids.ee\/wp-content\/uploads\/2022\/06\/logo2.png","contentUrl":"https:\/\/gegokids.ee\/wp-content\/uploads\/2022\/06\/logo2.png","width":358,"height":104,"caption":"Gegokids"},"image":{"@id":"https:\/\/gegokids.ee\/#\/schema\/logo\/image\/"},"sameAs":["https:\/\/www.facebook.com\/GegoKids","https:\/\/www.instagram.com\/gegokids.ee\/"]}]}},"_links":{"self":[{"href":"https:\/\/gegokids.ee\/en\/wp-json\/wp\/v2\/product\/20256","targetHints":{"allow":["GET"]}}],"collection":[{"href":"https:\/\/gegokids.ee\/en\/wp-json\/wp\/v2\/product"}],"about":[{"href":"https:\/\/gegokids.ee\/en\/wp-json\/wp\/v2\/types\/product"}],"replies":[{"embeddable":true,"href":"https:\/\/gegokids.ee\/en\/wp-json\/wp\/v2\/comments?post=20256"}],"version-history":[{"count":5,"href":"https:\/\/gegokids.ee\/en\/wp-json\/wp\/v2\/product\/20256\/revisions"}],"predecessor-version":[{"id":29155,"href":"https:\/\/gegokids.ee\/en\/wp-json\/wp\/v2\/product\/20256\/revisions\/29155"}],"wp:featuredmedia":[{"embeddable":true,"href":"https:\/\/gegokids.ee\/en\/wp-json\/wp\/v2\/media\/21886"}],"wp:attachment":[{"href":"https:\/\/gegokids.ee\/en\/wp-json\/wp\/v2\/media?parent=20256"}],"wp:term":[{"taxonomy":"product_brand","embeddable":true,"href":"https:\/\/gegokids.ee\/en\/wp-json\/wp\/v2\/product_brand?post=20256"},{"taxonomy":"product_cat","embeddable":true,"href":"https:\/\/gegokids.ee\/en\/wp-json\/wp\/v2\/product_cat?post=20256"},{"taxonomy":"product_tag","embeddable":true,"href":"https:\/\/gegokids.ee\/en\/wp-json\/wp\/v2\/product_tag?post=20256"}],"curies":[{"name":"wp","href":"https:\/\/api.w.org\/{rel}","templated":true}]}}