{"id":20237,"date":"2022-06-18T13:36:16","date_gmt":"2022-06-18T13:36:16","guid":{"rendered":"https:\/\/gegokids.ee\/?post_type=product&#038;p=20237"},"modified":"2026-02-09T01:53:14","modified_gmt":"2026-02-08T22:53:14","slug":"mm-termoreguleeriv-lounakott","status":"publish","type":"product","link":"https:\/\/gegokids.ee\/en\/product\/mm-termoreguleeriv-lounakott\/","title":{"rendered":"Marcus &amp; Marcus termoreguleeriv l\u00f5unakott"},"content":{"rendered":"<div class=\"wpb_text_column wpb_content_element\">\n<div class=\"wpb_wrapper\">\n<p><span style=\"font-size: 12pt; color: #000000;\"><strong>Omadused:<\/strong><\/span><\/p>\n<ul>\n<li><span style=\"font-size: 12pt; color: #000000;\">BPA\/ftalaatide vaba<\/span><\/li>\n<li><span style=\"font-size: 12pt; color: #000000;\">Termoregulatsiooniga, et hoida toit soojas v\u00f5i k\u00fclmas<\/span><\/li>\n<li><span style=\"font-size: 12pt; color: #000000;\">Sisemine tasku aitab hoida kotis korda<\/span><\/li>\n<li><span style=\"font-size: 12pt; color: #000000;\">Lisatasku muu hoiustamiseks<\/span><\/li>\n<li><span style=\"font-size: 12pt; color: #000000;\">T\u00f5mblukuotsikud on disainitud v\u00e4ikestele k\u00e4tele<\/span><\/li>\n<\/ul>\n<p><span style=\"font-size: 12pt; color: #000000;\"><strong>Puhastus ja hooldus:<\/strong><\/span><\/p>\n<ul>\n<li><span style=\"font-size: 12pt; color: #000000;\">Puhastada niiske lapiga<\/span><\/li>\n<li><span style=\"font-size: 12pt; color: #000000;\">\u00c4rge peske pesumasinas<\/span><\/li>\n<li><span style=\"font-size: 12pt; color: #000000;\">\u00c4rge pleegitage ega triikige<\/span><\/li>\n<\/ul>\n<p><span style=\"font-size: 12pt; color: #000000;\"><strong>M\u00f5\u00f5dud:<br \/>\n<\/strong>228 x 89 x 228 mm<\/span><\/p>\n<p><span style=\"font-size: 12pt; color: #000000;\"><strong>Materjal:<\/strong><\/span><br \/>\n<span style=\"font-size: 12pt; color: #000000;\">Pol\u00fcester +<\/span><br \/>\n<span style=\"font-size: 12pt; color: #000000;\">Nailon<\/span><\/p>\n<p><span style=\"font-size: 12pt; color: #000000;\"><strong>Vanus:<\/strong><\/span><br \/>\n<span style=\"font-size: 12pt; color: #000000;\">3+<\/span><\/p>\n<\/div>\n<\/div>","protected":false},"excerpt":{"rendered":"<p><span style=\"font-size: 12pt;\">Marcus &amp; Marcus termostaadiga l\u00f5unakott on ideaalne pakkimaks kaasa lapsele k\u00f5ik vajalik, sealhulgas l\u00f5unaks toit. <span style=\"color: #000000;\">L\u00f5unakott on ruumikas ning see on varustatud termoregulatsioonist sisuga, see t\u00e4hendab, et kott hoiab vajadusel nii sooja, kui ka k\u00fclma. Kotil on ka lisataskud, \u00fcks seespool ja teine eraldatult v\u00e4ljaspool. Armsad t\u00f5mbeotsikud on disainitud v\u00e4ikestele k\u00e4tele ning spetsiaalselt suurem\u00f5\u00f5dulised, et lastel oleks mugav lukke avada ja sulgeda. Termokott on mugav viis l\u00f5unas\u00f6\u00f6gi, joogi ja muu hoiustamiseks v\u00e4ikelastele.<\/span><\/span><\/p>\n<p><span style=\"font-size: 12pt; color: #000000;\"><strong>Tarne 3-8 t\u00f6\u00f6p\u00e4eva!<\/strong><\/span><\/p>","protected":false},"featured_media":21893,"comment_status":"closed","ping_status":"closed","template":"","meta":[],"product_brand":[455],"product_cat":[285],"product_tag":[445,474,458,461,459],"class_list":{"0":"post-20237","1":"product","2":"type-product","3":"status-publish","4":"has-post-thumbnail","6":"product_brand-marcus-marcus","7":"product_cat-koik","8":"product_tag-kotid","9":"product_tag-soomistarvikud","10":"product_tag-vaikelastele-1-3-a","11":"product_tag-461","12":"product_tag-koolieelikutele-3","14":"first","15":"onbackorder","16":"shipping-taxable","17":"purchasable","18":"product-type-variable"},"yoast_head":"<!-- This site is optimized with the Yoast SEO plugin v26.9 - https:\/\/yoast.com\/product\/yoast-seo-wordpress\/ -->\n<title>Marcus &amp; Marcus termoreguleeriv l\u00f5unakott | Gegokids<\/title>\n<meta name=\"description\" content=\"Termosega l\u00f5unakott on mugav kaasas kanda, kerge kaaluga ning v\u00e4ikestele k\u00e4tele disainitud t\u00f5mbelukkudega. S\u00f6\u00f6k ja jook on kindlalt soojas\/jahedas!\" \/>\n<meta name=\"robots\" content=\"index, follow, max-snippet:-1, max-image-preview:large, max-video-preview:-1\" \/>\n<link rel=\"canonical\" href=\"https:\/\/gegokids.ee\/en\/product\/mm-termoreguleeriv-lounakott\/\" \/>\n<meta property=\"og:locale\" content=\"en_US\" \/>\n<meta property=\"og:type\" content=\"article\" \/>\n<meta property=\"og:title\" content=\"Marcus &amp; Marcus termoreguleeriv l\u00f5unakott | Gegokids\" \/>\n<meta property=\"og:description\" content=\"Termosega l\u00f5unakott on mugav kaasas kanda, kerge kaaluga ning v\u00e4ikestele k\u00e4tele disainitud t\u00f5mbelukkudega. S\u00f6\u00f6k ja jook on kindlalt soojas\/jahedas!\" \/>\n<meta property=\"og:url\" content=\"https:\/\/gegokids.ee\/en\/product\/mm-termoreguleeriv-lounakott\/\" \/>\n<meta property=\"og:site_name\" content=\"Gegokids\" \/>\n<meta property=\"article:publisher\" content=\"https:\/\/www.facebook.com\/GegoKids\" \/>\n<meta property=\"article:modified_time\" content=\"2026-02-08T22:53:14+00:00\" \/>\n<meta property=\"og:image\" content=\"https:\/\/gegokids.ee\/wp-content\/uploads\/2022\/06\/MM-Termoreguleeriv-Lounakott-sinine-1.png\" \/>\n\t<meta property=\"og:image:width\" content=\"800\" \/>\n\t<meta property=\"og:image:height\" content=\"533\" \/>\n\t<meta property=\"og:image:type\" content=\"image\/png\" \/>\n<meta name=\"twitter:card\" content=\"summary_large_image\" \/>\n<meta name=\"twitter:label1\" content=\"Est. reading time\" \/>\n\t<meta name=\"twitter:data1\" content=\"1 minute\" \/>\n<script type=\"application\/ld+json\" class=\"yoast-schema-graph\">{\"@context\":\"https:\/\/schema.org\",\"@graph\":[{\"@type\":\"WebPage\",\"@id\":\"https:\/\/gegokids.ee\/toode\/mm-termoreguleeriv-lounakott\/\",\"url\":\"https:\/\/gegokids.ee\/toode\/mm-termoreguleeriv-lounakott\/\",\"name\":\"Marcus &amp; Marcus termoreguleeriv l\u00f5unakott | Gegokids\",\"isPartOf\":{\"@id\":\"https:\/\/gegokids.ee\/#website\"},\"primaryImageOfPage\":{\"@id\":\"https:\/\/gegokids.ee\/toode\/mm-termoreguleeriv-lounakott\/#primaryimage\"},\"image\":{\"@id\":\"https:\/\/gegokids.ee\/toode\/mm-termoreguleeriv-lounakott\/#primaryimage\"},\"thumbnailUrl\":\"https:\/\/gegokids.ee\/wp-content\/uploads\/2022\/06\/MM-Termoreguleeriv-Lounakott-sinine-1.png\",\"datePublished\":\"2022-06-18T13:36:16+00:00\",\"dateModified\":\"2026-02-08T22:53:14+00:00\",\"description\":\"Termosega l\u00f5unakott on mugav kaasas kanda, kerge kaaluga ning v\u00e4ikestele k\u00e4tele disainitud t\u00f5mbelukkudega. S\u00f6\u00f6k ja jook on kindlalt soojas\/jahedas!\",\"breadcrumb\":{\"@id\":\"https:\/\/gegokids.ee\/toode\/mm-termoreguleeriv-lounakott\/#breadcrumb\"},\"inLanguage\":\"en-US\",\"potentialAction\":[{\"@type\":\"ReadAction\",\"target\":[\"https:\/\/gegokids.ee\/toode\/mm-termoreguleeriv-lounakott\/\"]}]},{\"@type\":\"ImageObject\",\"inLanguage\":\"en-US\",\"@id\":\"https:\/\/gegokids.ee\/toode\/mm-termoreguleeriv-lounakott\/#primaryimage\",\"url\":\"https:\/\/gegokids.ee\/wp-content\/uploads\/2022\/06\/MM-Termoreguleeriv-Lounakott-sinine-1.png\",\"contentUrl\":\"https:\/\/gegokids.ee\/wp-content\/uploads\/2022\/06\/MM-Termoreguleeriv-Lounakott-sinine-1.png\",\"width\":800,\"height\":533},{\"@type\":\"BreadcrumbList\",\"@id\":\"https:\/\/gegokids.ee\/toode\/mm-termoreguleeriv-lounakott\/#breadcrumb\",\"itemListElement\":[{\"@type\":\"ListItem\",\"position\":1,\"name\":\"Home\",\"item\":\"https:\/\/gegokids.ee\/en\/\"},{\"@type\":\"ListItem\",\"position\":2,\"name\":\"E-pood\",\"item\":\"https:\/\/gegokids.ee\/e-pood\/\"},{\"@type\":\"ListItem\",\"position\":3,\"name\":\"Marcus &amp; Marcus termoreguleeriv l\u00f5unakott\"}]},{\"@type\":\"WebSite\",\"@id\":\"https:\/\/gegokids.ee\/#website\",\"url\":\"https:\/\/gegokids.ee\/\",\"name\":\"Gegokids\",\"description\":\"Kvaliteetsed ja turvalised laste m\u00e4nguasjad.\",\"publisher\":{\"@id\":\"https:\/\/gegokids.ee\/#organization\"},\"potentialAction\":[{\"@type\":\"SearchAction\",\"target\":{\"@type\":\"EntryPoint\",\"urlTemplate\":\"https:\/\/gegokids.ee\/?s={search_term_string}\"},\"query-input\":{\"@type\":\"PropertyValueSpecification\",\"valueRequired\":true,\"valueName\":\"search_term_string\"}}],\"inLanguage\":\"en-US\"},{\"@type\":\"Organization\",\"@id\":\"https:\/\/gegokids.ee\/#organization\",\"name\":\"Gegokids\",\"url\":\"https:\/\/gegokids.ee\/\",\"logo\":{\"@type\":\"ImageObject\",\"inLanguage\":\"en-US\",\"@id\":\"https:\/\/gegokids.ee\/#\/schema\/logo\/image\/\",\"url\":\"https:\/\/gegokids.ee\/wp-content\/uploads\/2022\/06\/logo2.png\",\"contentUrl\":\"https:\/\/gegokids.ee\/wp-content\/uploads\/2022\/06\/logo2.png\",\"width\":358,\"height\":104,\"caption\":\"Gegokids\"},\"image\":{\"@id\":\"https:\/\/gegokids.ee\/#\/schema\/logo\/image\/\"},\"sameAs\":[\"https:\/\/www.facebook.com\/GegoKids\",\"https:\/\/www.instagram.com\/gegokids.ee\/\"]}]}<\/script>\n<!-- \/ Yoast SEO plugin. -->","yoast_head_json":{"title":"Marcus &amp; Marcus termoreguleeriv l\u00f5unakott | Gegokids","description":"Termosega l\u00f5unakott on mugav kaasas kanda, kerge kaaluga ning v\u00e4ikestele k\u00e4tele disainitud t\u00f5mbelukkudega. S\u00f6\u00f6k ja jook on kindlalt soojas\/jahedas!","robots":{"index":"index","follow":"follow","max-snippet":"max-snippet:-1","max-image-preview":"max-image-preview:large","max-video-preview":"max-video-preview:-1"},"canonical":"https:\/\/gegokids.ee\/en\/product\/mm-termoreguleeriv-lounakott\/","og_locale":"en_US","og_type":"article","og_title":"Marcus &amp; Marcus termoreguleeriv l\u00f5unakott | Gegokids","og_description":"Termosega l\u00f5unakott on mugav kaasas kanda, kerge kaaluga ning v\u00e4ikestele k\u00e4tele disainitud t\u00f5mbelukkudega. S\u00f6\u00f6k ja jook on kindlalt soojas\/jahedas!","og_url":"https:\/\/gegokids.ee\/en\/product\/mm-termoreguleeriv-lounakott\/","og_site_name":"Gegokids","article_publisher":"https:\/\/www.facebook.com\/GegoKids","article_modified_time":"2026-02-08T22:53:14+00:00","og_image":[{"width":800,"height":533,"url":"https:\/\/gegokids.ee\/wp-content\/uploads\/2022\/06\/MM-Termoreguleeriv-Lounakott-sinine-1.png","type":"image\/png"}],"twitter_card":"summary_large_image","twitter_misc":{"Est. reading time":"1 minute"},"schema":{"@context":"https:\/\/schema.org","@graph":[{"@type":"WebPage","@id":"https:\/\/gegokids.ee\/toode\/mm-termoreguleeriv-lounakott\/","url":"https:\/\/gegokids.ee\/toode\/mm-termoreguleeriv-lounakott\/","name":"Marcus &amp; Marcus termoreguleeriv l\u00f5unakott | Gegokids","isPartOf":{"@id":"https:\/\/gegokids.ee\/#website"},"primaryImageOfPage":{"@id":"https:\/\/gegokids.ee\/toode\/mm-termoreguleeriv-lounakott\/#primaryimage"},"image":{"@id":"https:\/\/gegokids.ee\/toode\/mm-termoreguleeriv-lounakott\/#primaryimage"},"thumbnailUrl":"https:\/\/gegokids.ee\/wp-content\/uploads\/2022\/06\/MM-Termoreguleeriv-Lounakott-sinine-1.png","datePublished":"2022-06-18T13:36:16+00:00","dateModified":"2026-02-08T22:53:14+00:00","description":"Termosega l\u00f5unakott on mugav kaasas kanda, kerge kaaluga ning v\u00e4ikestele k\u00e4tele disainitud t\u00f5mbelukkudega. S\u00f6\u00f6k ja jook on kindlalt soojas\/jahedas!","breadcrumb":{"@id":"https:\/\/gegokids.ee\/toode\/mm-termoreguleeriv-lounakott\/#breadcrumb"},"inLanguage":"en-US","potentialAction":[{"@type":"ReadAction","target":["https:\/\/gegokids.ee\/toode\/mm-termoreguleeriv-lounakott\/"]}]},{"@type":"ImageObject","inLanguage":"en-US","@id":"https:\/\/gegokids.ee\/toode\/mm-termoreguleeriv-lounakott\/#primaryimage","url":"https:\/\/gegokids.ee\/wp-content\/uploads\/2022\/06\/MM-Termoreguleeriv-Lounakott-sinine-1.png","contentUrl":"https:\/\/gegokids.ee\/wp-content\/uploads\/2022\/06\/MM-Termoreguleeriv-Lounakott-sinine-1.png","width":800,"height":533},{"@type":"BreadcrumbList","@id":"https:\/\/gegokids.ee\/toode\/mm-termoreguleeriv-lounakott\/#breadcrumb","itemListElement":[{"@type":"ListItem","position":1,"name":"Home","item":"https:\/\/gegokids.ee\/en\/"},{"@type":"ListItem","position":2,"name":"E-pood","item":"https:\/\/gegokids.ee\/e-pood\/"},{"@type":"ListItem","position":3,"name":"Marcus &amp; Marcus termoreguleeriv l\u00f5unakott"}]},{"@type":"WebSite","@id":"https:\/\/gegokids.ee\/#website","url":"https:\/\/gegokids.ee\/","name":"Gegokids","description":"Kvaliteetsed ja turvalised laste m\u00e4nguasjad.","publisher":{"@id":"https:\/\/gegokids.ee\/#organization"},"potentialAction":[{"@type":"SearchAction","target":{"@type":"EntryPoint","urlTemplate":"https:\/\/gegokids.ee\/?s={search_term_string}"},"query-input":{"@type":"PropertyValueSpecification","valueRequired":true,"valueName":"search_term_string"}}],"inLanguage":"en-US"},{"@type":"Organization","@id":"https:\/\/gegokids.ee\/#organization","name":"Gegokids","url":"https:\/\/gegokids.ee\/","logo":{"@type":"ImageObject","inLanguage":"en-US","@id":"https:\/\/gegokids.ee\/#\/schema\/logo\/image\/","url":"https:\/\/gegokids.ee\/wp-content\/uploads\/2022\/06\/logo2.png","contentUrl":"https:\/\/gegokids.ee\/wp-content\/uploads\/2022\/06\/logo2.png","width":358,"height":104,"caption":"Gegokids"},"image":{"@id":"https:\/\/gegokids.ee\/#\/schema\/logo\/image\/"},"sameAs":["https:\/\/www.facebook.com\/GegoKids","https:\/\/www.instagram.com\/gegokids.ee\/"]}]}},"_links":{"self":[{"href":"https:\/\/gegokids.ee\/en\/wp-json\/wp\/v2\/product\/20237","targetHints":{"allow":["GET"]}}],"collection":[{"href":"https:\/\/gegokids.ee\/en\/wp-json\/wp\/v2\/product"}],"about":[{"href":"https:\/\/gegokids.ee\/en\/wp-json\/wp\/v2\/types\/product"}],"replies":[{"embeddable":true,"href":"https:\/\/gegokids.ee\/en\/wp-json\/wp\/v2\/comments?post=20237"}],"version-history":[{"count":5,"href":"https:\/\/gegokids.ee\/en\/wp-json\/wp\/v2\/product\/20237\/revisions"}],"predecessor-version":[{"id":29079,"href":"https:\/\/gegokids.ee\/en\/wp-json\/wp\/v2\/product\/20237\/revisions\/29079"}],"wp:featuredmedia":[{"embeddable":true,"href":"https:\/\/gegokids.ee\/en\/wp-json\/wp\/v2\/media\/21893"}],"wp:attachment":[{"href":"https:\/\/gegokids.ee\/en\/wp-json\/wp\/v2\/media?parent=20237"}],"wp:term":[{"taxonomy":"product_brand","embeddable":true,"href":"https:\/\/gegokids.ee\/en\/wp-json\/wp\/v2\/product_brand?post=20237"},{"taxonomy":"product_cat","embeddable":true,"href":"https:\/\/gegokids.ee\/en\/wp-json\/wp\/v2\/product_cat?post=20237"},{"taxonomy":"product_tag","embeddable":true,"href":"https:\/\/gegokids.ee\/en\/wp-json\/wp\/v2\/product_tag?post=20237"}],"curies":[{"name":"wp","href":"https:\/\/api.w.org\/{rel}","templated":true}]}}