{"id":20148,"date":"2022-06-18T13:34:53","date_gmt":"2022-06-18T13:34:53","guid":{"rendered":"https:\/\/gegokids.ee\/?post_type=product&#038;p=20148"},"modified":"2026-04-06T22:00:42","modified_gmt":"2026-04-06T19:00:42","slug":"mm-beebilusikas","status":"publish","type":"product","link":"https:\/\/gegokids.ee\/en\/product\/mm-beebilusikas\/","title":{"rendered":"Marcus &amp; Marcus beebilusikas"},"content":{"rendered":"<p><span style=\"font-size: 12pt; color: #000000; font-family: georgia, palatino, serif;\"><strong>Omadused:<\/strong><\/span><\/p>\n<ul>\n<li><span style=\"font-size: 12pt; color: #000000; font-family: georgia, palatino, serif;\">BPA\/ftalaatide vaba<\/span><\/li>\n<li><span style=\"font-size: 12pt; color: #000000; font-family: georgia, palatino, serif;\">Lihtsasti haaratav k\u00e4epide<\/span><\/li>\n<li><span style=\"font-size: 12pt; color: #000000; font-family: georgia, palatino, serif;\">Baktereid h\u00fclgav materjal<\/span><\/li>\n<li><span style=\"font-size: 12pt; color: #000000; font-family: georgia, palatino, serif;\">Pehme silikoonist tipp hoiab igemeid<\/span><\/li>\n<li><span style=\"font-size: 12pt; color: #000000; font-family: georgia, palatino, serif;\">Laua peale asetades ei l\u00e4he \u00fcmber<\/span><\/li>\n<\/ul>\n<p>&nbsp;<\/p>\n<p><span style=\"font-size: 12pt; color: #000000; font-family: georgia, palatino, serif;\"><strong>Puhastamine ja hooldus:<\/strong><\/span><\/p>\n<ul>\n<li><span style=\"font-size: 12pt; color: #000000; font-family: georgia, palatino, serif;\">Pestav n\u00f5udepesumasinas AINULT \u00fclemisel riiulil<\/span><\/li>\n<li><span style=\"font-size: 12pt; color: #000000; font-family: georgia, palatino, serif;\">Aurusterilisaatoris kasutatav<\/span><\/li>\n<li><span style=\"font-size: 12pt; color: #000000; font-family: georgia, palatino, serif;\">Plekid on eemaldatavad sooja seebiveega<\/span><\/li>\n<li><span style=\"font-size: 12pt; color: #000000; font-family: georgia, palatino, serif;\">\u00c4rge asetage mikrolaineahju<\/span><\/li>\n<\/ul>\n<p>&nbsp;<\/p>\n<p><span style=\"font-size: 12pt; color: #000000; font-family: georgia, palatino, serif;\"><strong>M\u00f5\u00f5dud:<\/strong><\/span><br \/>\n<span style=\"font-size: 12pt; color: #000000; font-family: georgia, palatino, serif;\">132 x 14 x 42 mm<\/span><\/p>\n<p><span style=\"font-size: 12pt; color: #000000; font-family: georgia, palatino, serif;\"><strong>Materjal:<\/strong><\/span><br \/>\n<span style=\"font-size: 12pt; color: #000000; font-family: georgia, palatino, serif;\">Toidusilikoon<\/span><\/p>\n<p><span style=\"font-size: 12pt; color: #000000; font-family: georgia, palatino, serif;\"><strong>Vastupidav temperatuuridele:<\/strong><\/span><br \/>\n<span style=\"font-size: 12pt; color: #000000; font-family: georgia, palatino, serif;\">-20\u00b0C kuni 120\u00b0C<\/span><\/p>\n<p><span style=\"font-size: 12pt; color: #000000; font-family: georgia, palatino, serif;\"><strong>Vanus:<\/strong><\/span><br \/>\n<span style=\"font-size: 12pt; color: #000000; font-family: georgia, palatino, serif;\">6 kuud+<\/span><\/p>","protected":false},"excerpt":{"rendered":"<p><span style=\"font-family: georgia, palatino, serif; font-size: 12pt; color: #000000;\">Muuda lapse s\u00f6\u00f6mise aeg l\u00f5busaks kasutades Marcus &amp; Marcus lusikaid. Lusikate otsikud on n\u00e4rimiskindlad ning sobivad kasutamiseks imeliselt esimeste ampsudega tutvumiseks. Kerge k\u00e4epidemega lusikas teeb lapse toitmise lapsevanema jaoks mugavamaks. Lauale asetades j\u00e4\u00e4b lusikas p\u00fcsima ja ei kaldu \u00fcmber. Samas on lusikas ka beebile mugav kasutada, sest lai otsik muudab lusika mugavalt haaratavaks. V\u00e4rvilised imepehmest silikoonist lusikad on ideaalsed v\u00e4ikestele k\u00e4tele ning \u00f5rn igemete vastu. Tooted on PBA\/ftalaatide vabad.<\/span><\/p>\n<p><span style=\"font-family: georgia, palatino, serif; font-size: 12pt; color: #000000;\">\u00a0<strong>Tarne 3-8 t\u00f6\u00f6p\u00e4eva!<\/strong><\/span><\/p>","protected":false},"featured_media":22037,"comment_status":"closed","ping_status":"closed","template":"","meta":[],"product_brand":[],"product_cat":[285,422],"product_tag":[474,457],"class_list":{"0":"post-20148","1":"product","2":"type-product","3":"status-publish","4":"has-post-thumbnail","6":"product_cat-koik","7":"product_cat-laste-soogikomplektid","8":"product_tag-soomistarvikud","9":"product_tag-beebidele-0-1-a","11":"first","12":"instock","13":"shipping-taxable","14":"purchasable","15":"product-type-variable"},"yoast_head":"<!-- This site is optimized with the Yoast SEO plugin v26.9 - https:\/\/yoast.com\/product\/yoast-seo-wordpress\/ -->\n<title>Marcus &amp; Marcus beebilusikas | Gegokids<\/title>\n<meta name=\"description\" content=\"Muuda lapse s\u00f6\u00f6mise aeg l\u00f5busaks kasutades Marcus &amp; Marcus lusikaid. Lusikate otsikud on n\u00e4rimiskindlad ning sobivad kasutamiseks imeliselt esimeste ampsudega tutvumiseks. Kerge k\u00e4epidemega lusikas teeb lapse toitmise lapsevanema jaoks mugavamaks. Lauale asetades j\u00e4\u00e4b lusikas p\u00fcsima ja ei kaldu \u00fcmber. Samas on lusikas ka beebile mugav kasutada, sest lai otsik muudab lusika mugavalt haaratavaks. V\u00e4rvilised imepehmest silikoonist lusikad on ideaalsed v\u00e4ikestele k\u00e4tele ning \u00f5rn igemete vastu. Tooted on PBA\/ftalaatide vabad.\" \/>\n<meta name=\"robots\" content=\"index, follow, max-snippet:-1, max-image-preview:large, max-video-preview:-1\" \/>\n<link rel=\"canonical\" href=\"https:\/\/gegokids.ee\/en\/product\/mm-beebilusikas\/\" \/>\n<meta property=\"og:locale\" content=\"en_US\" \/>\n<meta property=\"og:type\" content=\"article\" \/>\n<meta property=\"og:title\" content=\"Marcus &amp; Marcus beebilusikas | Gegokids\" \/>\n<meta property=\"og:description\" content=\"Muuda lapse s\u00f6\u00f6mise aeg l\u00f5busaks kasutades Marcus &amp; Marcus lusikaid. Lusikate otsikud on n\u00e4rimiskindlad ning sobivad kasutamiseks imeliselt esimeste ampsudega tutvumiseks. Kerge k\u00e4epidemega lusikas teeb lapse toitmise lapsevanema jaoks mugavamaks. Lauale asetades j\u00e4\u00e4b lusikas p\u00fcsima ja ei kaldu \u00fcmber. Samas on lusikas ka beebile mugav kasutada, sest lai otsik muudab lusika mugavalt haaratavaks. V\u00e4rvilised imepehmest silikoonist lusikad on ideaalsed v\u00e4ikestele k\u00e4tele ning \u00f5rn igemete vastu. Tooted on PBA\/ftalaatide vabad.\" \/>\n<meta property=\"og:url\" content=\"https:\/\/gegokids.ee\/en\/product\/mm-beebilusikas\/\" \/>\n<meta property=\"og:site_name\" content=\"Gegokids\" \/>\n<meta property=\"article:publisher\" content=\"https:\/\/www.facebook.com\/GegoKids\" \/>\n<meta property=\"article:modified_time\" content=\"2026-04-06T19:00:42+00:00\" \/>\n<meta property=\"og:image\" content=\"https:\/\/gegokids.ee\/wp-content\/uploads\/2022\/06\/MM-Beebilusikas-Pilt.png\" \/>\n\t<meta property=\"og:image:width\" content=\"800\" \/>\n\t<meta property=\"og:image:height\" content=\"533\" \/>\n\t<meta property=\"og:image:type\" content=\"image\/png\" \/>\n<meta name=\"twitter:card\" content=\"summary_large_image\" \/>\n<meta name=\"twitter:label1\" content=\"Est. reading time\" \/>\n\t<meta name=\"twitter:data1\" content=\"1 minute\" \/>\n<script type=\"application\/ld+json\" class=\"yoast-schema-graph\">{\"@context\":\"https:\/\/schema.org\",\"@graph\":[{\"@type\":\"WebPage\",\"@id\":\"https:\/\/gegokids.ee\/toode\/mm-beebilusikas\/\",\"url\":\"https:\/\/gegokids.ee\/toode\/mm-beebilusikas\/\",\"name\":\"Marcus &amp; Marcus beebilusikas | Gegokids\",\"isPartOf\":{\"@id\":\"https:\/\/gegokids.ee\/#website\"},\"primaryImageOfPage\":{\"@id\":\"https:\/\/gegokids.ee\/toode\/mm-beebilusikas\/#primaryimage\"},\"image\":{\"@id\":\"https:\/\/gegokids.ee\/toode\/mm-beebilusikas\/#primaryimage\"},\"thumbnailUrl\":\"https:\/\/gegokids.ee\/wp-content\/uploads\/2022\/06\/MM-Beebilusikas-Punane.png\",\"datePublished\":\"2022-06-18T13:34:53+00:00\",\"dateModified\":\"2026-04-06T19:00:42+00:00\",\"description\":\"Muuda lapse s\u00f6\u00f6mise aeg l\u00f5busaks kasutades Marcus & Marcus lusikaid. Lusikate otsikud on n\u00e4rimiskindlad ning sobivad kasutamiseks imeliselt esimeste ampsudega tutvumiseks. Kerge k\u00e4epidemega lusikas teeb lapse toitmise lapsevanema jaoks mugavamaks. Lauale asetades j\u00e4\u00e4b lusikas p\u00fcsima ja ei kaldu \u00fcmber. Samas on lusikas ka beebile mugav kasutada, sest lai otsik muudab lusika mugavalt haaratavaks. V\u00e4rvilised imepehmest silikoonist lusikad on ideaalsed v\u00e4ikestele k\u00e4tele ning \u00f5rn igemete vastu. Tooted on PBA\/ftalaatide vabad.\",\"breadcrumb\":{\"@id\":\"https:\/\/gegokids.ee\/toode\/mm-beebilusikas\/#breadcrumb\"},\"inLanguage\":\"en-US\",\"potentialAction\":[{\"@type\":\"ReadAction\",\"target\":[\"https:\/\/gegokids.ee\/toode\/mm-beebilusikas\/\"]}]},{\"@type\":\"ImageObject\",\"inLanguage\":\"en-US\",\"@id\":\"https:\/\/gegokids.ee\/toode\/mm-beebilusikas\/#primaryimage\",\"url\":\"https:\/\/gegokids.ee\/wp-content\/uploads\/2022\/06\/MM-Beebilusikas-Punane.png\",\"contentUrl\":\"https:\/\/gegokids.ee\/wp-content\/uploads\/2022\/06\/MM-Beebilusikas-Punane.png\",\"width\":800,\"height\":533},{\"@type\":\"BreadcrumbList\",\"@id\":\"https:\/\/gegokids.ee\/toode\/mm-beebilusikas\/#breadcrumb\",\"itemListElement\":[{\"@type\":\"ListItem\",\"position\":1,\"name\":\"Home\",\"item\":\"https:\/\/gegokids.ee\/en\/\"},{\"@type\":\"ListItem\",\"position\":2,\"name\":\"E-pood\",\"item\":\"https:\/\/gegokids.ee\/e-pood\/\"},{\"@type\":\"ListItem\",\"position\":3,\"name\":\"Marcus &amp; Marcus beebilusikas\"}]},{\"@type\":\"WebSite\",\"@id\":\"https:\/\/gegokids.ee\/#website\",\"url\":\"https:\/\/gegokids.ee\/\",\"name\":\"Gegokids\",\"description\":\"Kvaliteetsed ja turvalised laste m\u00e4nguasjad.\",\"publisher\":{\"@id\":\"https:\/\/gegokids.ee\/#organization\"},\"potentialAction\":[{\"@type\":\"SearchAction\",\"target\":{\"@type\":\"EntryPoint\",\"urlTemplate\":\"https:\/\/gegokids.ee\/?s={search_term_string}\"},\"query-input\":{\"@type\":\"PropertyValueSpecification\",\"valueRequired\":true,\"valueName\":\"search_term_string\"}}],\"inLanguage\":\"en-US\"},{\"@type\":\"Organization\",\"@id\":\"https:\/\/gegokids.ee\/#organization\",\"name\":\"Gegokids\",\"url\":\"https:\/\/gegokids.ee\/\",\"logo\":{\"@type\":\"ImageObject\",\"inLanguage\":\"en-US\",\"@id\":\"https:\/\/gegokids.ee\/#\/schema\/logo\/image\/\",\"url\":\"https:\/\/gegokids.ee\/wp-content\/uploads\/2022\/06\/logo2.png\",\"contentUrl\":\"https:\/\/gegokids.ee\/wp-content\/uploads\/2022\/06\/logo2.png\",\"width\":358,\"height\":104,\"caption\":\"Gegokids\"},\"image\":{\"@id\":\"https:\/\/gegokids.ee\/#\/schema\/logo\/image\/\"},\"sameAs\":[\"https:\/\/www.facebook.com\/GegoKids\",\"https:\/\/www.instagram.com\/gegokids.ee\/\"]}]}<\/script>\n<!-- \/ Yoast SEO plugin. -->","yoast_head_json":{"title":"Marcus &amp; Marcus beebilusikas | Gegokids","description":"Muuda lapse s\u00f6\u00f6mise aeg l\u00f5busaks kasutades Marcus & Marcus lusikaid. Lusikate otsikud on n\u00e4rimiskindlad ning sobivad kasutamiseks imeliselt esimeste ampsudega tutvumiseks. Kerge k\u00e4epidemega lusikas teeb lapse toitmise lapsevanema jaoks mugavamaks. Lauale asetades j\u00e4\u00e4b lusikas p\u00fcsima ja ei kaldu \u00fcmber. Samas on lusikas ka beebile mugav kasutada, sest lai otsik muudab lusika mugavalt haaratavaks. V\u00e4rvilised imepehmest silikoonist lusikad on ideaalsed v\u00e4ikestele k\u00e4tele ning \u00f5rn igemete vastu. Tooted on PBA\/ftalaatide vabad.","robots":{"index":"index","follow":"follow","max-snippet":"max-snippet:-1","max-image-preview":"max-image-preview:large","max-video-preview":"max-video-preview:-1"},"canonical":"https:\/\/gegokids.ee\/en\/product\/mm-beebilusikas\/","og_locale":"en_US","og_type":"article","og_title":"Marcus &amp; Marcus beebilusikas | Gegokids","og_description":"Muuda lapse s\u00f6\u00f6mise aeg l\u00f5busaks kasutades Marcus & Marcus lusikaid. Lusikate otsikud on n\u00e4rimiskindlad ning sobivad kasutamiseks imeliselt esimeste ampsudega tutvumiseks. Kerge k\u00e4epidemega lusikas teeb lapse toitmise lapsevanema jaoks mugavamaks. Lauale asetades j\u00e4\u00e4b lusikas p\u00fcsima ja ei kaldu \u00fcmber. Samas on lusikas ka beebile mugav kasutada, sest lai otsik muudab lusika mugavalt haaratavaks. V\u00e4rvilised imepehmest silikoonist lusikad on ideaalsed v\u00e4ikestele k\u00e4tele ning \u00f5rn igemete vastu. Tooted on PBA\/ftalaatide vabad.","og_url":"https:\/\/gegokids.ee\/en\/product\/mm-beebilusikas\/","og_site_name":"Gegokids","article_publisher":"https:\/\/www.facebook.com\/GegoKids","article_modified_time":"2026-04-06T19:00:42+00:00","og_image":[{"width":800,"height":533,"url":"https:\/\/gegokids.ee\/wp-content\/uploads\/2022\/06\/MM-Beebilusikas-Pilt.png","type":"image\/png"}],"twitter_card":"summary_large_image","twitter_misc":{"Est. reading time":"1 minute"},"schema":{"@context":"https:\/\/schema.org","@graph":[{"@type":"WebPage","@id":"https:\/\/gegokids.ee\/toode\/mm-beebilusikas\/","url":"https:\/\/gegokids.ee\/toode\/mm-beebilusikas\/","name":"Marcus &amp; Marcus beebilusikas | Gegokids","isPartOf":{"@id":"https:\/\/gegokids.ee\/#website"},"primaryImageOfPage":{"@id":"https:\/\/gegokids.ee\/toode\/mm-beebilusikas\/#primaryimage"},"image":{"@id":"https:\/\/gegokids.ee\/toode\/mm-beebilusikas\/#primaryimage"},"thumbnailUrl":"https:\/\/gegokids.ee\/wp-content\/uploads\/2022\/06\/MM-Beebilusikas-Punane.png","datePublished":"2022-06-18T13:34:53+00:00","dateModified":"2026-04-06T19:00:42+00:00","description":"Muuda lapse s\u00f6\u00f6mise aeg l\u00f5busaks kasutades Marcus & Marcus lusikaid. Lusikate otsikud on n\u00e4rimiskindlad ning sobivad kasutamiseks imeliselt esimeste ampsudega tutvumiseks. Kerge k\u00e4epidemega lusikas teeb lapse toitmise lapsevanema jaoks mugavamaks. Lauale asetades j\u00e4\u00e4b lusikas p\u00fcsima ja ei kaldu \u00fcmber. Samas on lusikas ka beebile mugav kasutada, sest lai otsik muudab lusika mugavalt haaratavaks. V\u00e4rvilised imepehmest silikoonist lusikad on ideaalsed v\u00e4ikestele k\u00e4tele ning \u00f5rn igemete vastu. Tooted on PBA\/ftalaatide vabad.","breadcrumb":{"@id":"https:\/\/gegokids.ee\/toode\/mm-beebilusikas\/#breadcrumb"},"inLanguage":"en-US","potentialAction":[{"@type":"ReadAction","target":["https:\/\/gegokids.ee\/toode\/mm-beebilusikas\/"]}]},{"@type":"ImageObject","inLanguage":"en-US","@id":"https:\/\/gegokids.ee\/toode\/mm-beebilusikas\/#primaryimage","url":"https:\/\/gegokids.ee\/wp-content\/uploads\/2022\/06\/MM-Beebilusikas-Punane.png","contentUrl":"https:\/\/gegokids.ee\/wp-content\/uploads\/2022\/06\/MM-Beebilusikas-Punane.png","width":800,"height":533},{"@type":"BreadcrumbList","@id":"https:\/\/gegokids.ee\/toode\/mm-beebilusikas\/#breadcrumb","itemListElement":[{"@type":"ListItem","position":1,"name":"Home","item":"https:\/\/gegokids.ee\/en\/"},{"@type":"ListItem","position":2,"name":"E-pood","item":"https:\/\/gegokids.ee\/e-pood\/"},{"@type":"ListItem","position":3,"name":"Marcus &amp; Marcus beebilusikas"}]},{"@type":"WebSite","@id":"https:\/\/gegokids.ee\/#website","url":"https:\/\/gegokids.ee\/","name":"Gegokids","description":"Kvaliteetsed ja turvalised laste m\u00e4nguasjad.","publisher":{"@id":"https:\/\/gegokids.ee\/#organization"},"potentialAction":[{"@type":"SearchAction","target":{"@type":"EntryPoint","urlTemplate":"https:\/\/gegokids.ee\/?s={search_term_string}"},"query-input":{"@type":"PropertyValueSpecification","valueRequired":true,"valueName":"search_term_string"}}],"inLanguage":"en-US"},{"@type":"Organization","@id":"https:\/\/gegokids.ee\/#organization","name":"Gegokids","url":"https:\/\/gegokids.ee\/","logo":{"@type":"ImageObject","inLanguage":"en-US","@id":"https:\/\/gegokids.ee\/#\/schema\/logo\/image\/","url":"https:\/\/gegokids.ee\/wp-content\/uploads\/2022\/06\/logo2.png","contentUrl":"https:\/\/gegokids.ee\/wp-content\/uploads\/2022\/06\/logo2.png","width":358,"height":104,"caption":"Gegokids"},"image":{"@id":"https:\/\/gegokids.ee\/#\/schema\/logo\/image\/"},"sameAs":["https:\/\/www.facebook.com\/GegoKids","https:\/\/www.instagram.com\/gegokids.ee\/"]}]}},"_links":{"self":[{"href":"https:\/\/gegokids.ee\/en\/wp-json\/wp\/v2\/product\/20148","targetHints":{"allow":["GET"]}}],"collection":[{"href":"https:\/\/gegokids.ee\/en\/wp-json\/wp\/v2\/product"}],"about":[{"href":"https:\/\/gegokids.ee\/en\/wp-json\/wp\/v2\/types\/product"}],"replies":[{"embeddable":true,"href":"https:\/\/gegokids.ee\/en\/wp-json\/wp\/v2\/comments?post=20148"}],"version-history":[{"count":5,"href":"https:\/\/gegokids.ee\/en\/wp-json\/wp\/v2\/product\/20148\/revisions"}],"predecessor-version":[{"id":29311,"href":"https:\/\/gegokids.ee\/en\/wp-json\/wp\/v2\/product\/20148\/revisions\/29311"}],"wp:featuredmedia":[{"embeddable":true,"href":"https:\/\/gegokids.ee\/en\/wp-json\/wp\/v2\/media\/22037"}],"wp:attachment":[{"href":"https:\/\/gegokids.ee\/en\/wp-json\/wp\/v2\/media?parent=20148"}],"wp:term":[{"taxonomy":"product_brand","embeddable":true,"href":"https:\/\/gegokids.ee\/en\/wp-json\/wp\/v2\/product_brand?post=20148"},{"taxonomy":"product_cat","embeddable":true,"href":"https:\/\/gegokids.ee\/en\/wp-json\/wp\/v2\/product_cat?post=20148"},{"taxonomy":"product_tag","embeddable":true,"href":"https:\/\/gegokids.ee\/en\/wp-json\/wp\/v2\/product_tag?post=20148"}],"curies":[{"name":"wp","href":"https:\/\/api.w.org\/{rel}","templated":true}]}}