{"id":20117,"date":"2022-06-18T13:34:27","date_gmt":"2022-06-18T13:34:27","guid":{"rendered":"https:\/\/gegokids.ee\/?post_type=product&#038;p=20117"},"modified":"2026-02-08T18:13:05","modified_gmt":"2026-02-08T15:13:05","slug":"mm-pehme-soogipoll","status":"publish","type":"product","link":"https:\/\/gegokids.ee\/en\/product\/mm-pehme-soogipoll\/","title":{"rendered":"Marcus &amp; Marcus pehme s\u00f6\u00f6gip\u00f5ll"},"content":{"rendered":"<p><span style=\"font-size: 12pt; font-family: georgia, palatino, serif; color: #000000;\"><strong>Omadused:<\/strong><\/span><\/p>\n<ul>\n<li><span style=\"font-size: 12pt; font-family: georgia, palatino, serif; color: #000000;\">BPA\/ftalaatide vaba<\/span><\/li>\n<li><span style=\"font-size: 12pt; font-family: georgia, palatino, serif; color: #000000;\">Ekstra suur kogumistasku<\/span><\/li>\n<li><span style=\"font-size: 12pt; font-family: georgia, palatino, serif; color: #000000;\">Pehme silikoon on hell lapse kaela vastu<\/span><\/li>\n<li><span style=\"font-size: 12pt; font-family: georgia, palatino, serif; color: #000000;\">Kaks reguleeritavat astet<\/span><\/li>\n<\/ul>\n<p><span style=\"font-size: 12pt; font-family: georgia, palatino, serif; color: #000000;\"><strong>Puhastamine ja hooldus:<\/strong><\/span><\/p>\n<ul>\n<li><span style=\"font-size: 12pt; font-family: georgia, palatino, serif; color: #000000;\">N\u00f5udepesumasina \u00fclemisel riiulil pestav<\/span><\/li>\n<li><span style=\"font-size: 12pt; font-family: georgia, palatino, serif; color: #000000;\">Aurusterilisaatoris puhastatav<\/span><\/li>\n<li><span style=\"font-size: 12pt; font-family: georgia, palatino, serif; color: #000000;\">Plekid on eemaldatavad sooja seebiveega<\/span><\/li>\n<\/ul>\n<p><span style=\"font-size: 12pt; font-family: georgia, palatino, serif; color: #000000;\"><strong>M\u00f5\u00f5dud:<\/strong><\/span><br \/>\n<span style=\"font-size: 12pt; font-family: georgia, palatino, serif; color: #000000;\">275 x 30 x 210 mm<\/span><\/p>\n<p><span style=\"font-size: 12pt; font-family: georgia, palatino, serif; color: #000000;\"><strong>Materjal:<\/strong><\/span><br \/>\n<span style=\"font-size: 12pt; font-family: georgia, palatino, serif; color: #000000;\">Toidusilikoon<\/span><\/p>\n<p><span style=\"font-size: 12pt; font-family: georgia, palatino, serif; color: #000000;\"><strong>Vastupidavus temperatuurid:<\/strong><\/span><br \/>\n<span style=\"font-size: 12pt; font-family: georgia, palatino, serif; color: #000000;\">-20\u00b0C kuni 120\u00b0C<\/span><\/p>\n<p><span style=\"font-size: 12pt; font-family: georgia, palatino, serif; color: #000000;\"><strong>Vanus:<\/strong><\/span><br \/>\n<span style=\"font-size: 12pt; font-family: georgia, palatino, serif; color: #000000;\">6+ kuud<\/span><\/p>","protected":false},"excerpt":{"rendered":"<p style=\"text-align: left;\"><span style=\"color: #000000;\"><span style=\"font-family: georgia, palatino, serif; font-size: 12pt;\">Marcus &amp; Marcus p\u00f5lled on valmistatud eriti pehmest ja plekikindlast silikoonist, katsudes on see siidine ja sa ei usuks, et tegemist on silikoonp\u00f5llega. Reguleeritavad n\u00f6\u00f6bid muudavad p\u00f5lle universaalseks ning sellel on pikk kasutusiga. P\u00f5ll on kerge kaaluga ning ei kurna lapse kaela. \u00a0Ekstra suur kogumistasku hoolitseb selle eest, et riided j\u00e4\u00e4ksid puhtaks ning pudenev toit kukuks taskusse, mida on lihtne puhastada. S\u00f6\u00f6gip\u00f5ll on lihtsasti puhastatav ja kiiresti<\/span><span style=\"font-family: georgia, palatino, serif; font-size: 12pt;\">\u00a0kuivav ning seda v\u00f5ib pesta n\u00f5udepesumasinas \u00fclemisel riiulil v\u00f5i sooja seebiveega.\u00a0P\u00f5lled on valmistatud BPA ja ftalaatide vabast toidusilikoonist.<\/span><\/span><\/p>\n<p style=\"text-align: left;\"><span style=\"font-family: georgia, palatino, serif; font-size: 12pt; color: #000000;\"><strong>Tarne 2-5 t\u00f6\u00f6p\u00e4eva!<\/strong><\/span><\/p>","protected":false},"featured_media":21626,"comment_status":"closed","ping_status":"closed","template":"","meta":[],"product_brand":[455],"product_cat":[426,285,422],"product_tag":[453,474,457],"class_list":{"0":"post-20117","1":"product","2":"type-product","3":"status-publish","4":"has-post-thumbnail","6":"product_brand-marcus-marcus","7":"product_cat-kingiideed","8":"product_cat-koik","9":"product_cat-laste-soogikomplektid","10":"product_tag-soogipolled-taskuga","11":"product_tag-soomistarvikud","12":"product_tag-beebidele-0-1-a","14":"first","15":"instock","16":"shipping-taxable","17":"purchasable","18":"product-type-variable"},"yoast_head":"<!-- This site is optimized with the Yoast SEO plugin v26.9 - https:\/\/yoast.com\/product\/yoast-seo-wordpress\/ -->\n<title>Marcus &amp; Marcus pehme s\u00f6\u00f6gip\u00f5ll | Gegokids<\/title>\n<meta name=\"description\" content=\"Marcus &amp; Marcus p\u00f5lled on valmistatud eriti pehmest ja plekikindlast silikoonist, katsudes on see siidine ja sa ei usuks, et tegemist on silikoonp\u00f5llega. Reguleeritavad n\u00f6\u00f6bid muudavad p\u00f5lle universaalseks ning sellel on pikk kasutusiga. P\u00f5ll on kerge kaaluga ning ei kurna lapse kaela. \u00a0Ekstra suur kogumistasku hoolitseb selle eest, et riided j\u00e4\u00e4ksid puhtaks ning pudenev toit kukuks taskusse, mida on lihtne puhastada. S\u00f6\u00f6gip\u00f5ll on lihtsasti puhastatav ja kiiresti\u00a0kuivav ning seda v\u00f5ib pesta n\u00f5udepesumasinas \u00fclemisel riiulil v\u00f5i sooja seebiveega.\u00a0P\u00f5lled on valmistatud BPA ja ftalaatide vabast toidusilikoonist.\" \/>\n<meta name=\"robots\" content=\"index, follow, max-snippet:-1, max-image-preview:large, max-video-preview:-1\" \/>\n<link rel=\"canonical\" href=\"https:\/\/gegokids.ee\/en\/product\/mm-pehme-soogipoll\/\" \/>\n<meta property=\"og:locale\" content=\"en_US\" \/>\n<meta property=\"og:type\" content=\"article\" \/>\n<meta property=\"og:title\" content=\"Marcus &amp; Marcus pehme s\u00f6\u00f6gip\u00f5ll | Gegokids\" \/>\n<meta property=\"og:description\" content=\"Marcus &amp; Marcus p\u00f5lled on valmistatud eriti pehmest ja plekikindlast silikoonist, katsudes on see siidine ja sa ei usuks, et tegemist on silikoonp\u00f5llega. Reguleeritavad n\u00f6\u00f6bid muudavad p\u00f5lle universaalseks ning sellel on pikk kasutusiga. P\u00f5ll on kerge kaaluga ning ei kurna lapse kaela. \u00a0Ekstra suur kogumistasku hoolitseb selle eest, et riided j\u00e4\u00e4ksid puhtaks ning pudenev toit kukuks taskusse, mida on lihtne puhastada. S\u00f6\u00f6gip\u00f5ll on lihtsasti puhastatav ja kiiresti\u00a0kuivav ning seda v\u00f5ib pesta n\u00f5udepesumasinas \u00fclemisel riiulil v\u00f5i sooja seebiveega.\u00a0P\u00f5lled on valmistatud BPA ja ftalaatide vabast toidusilikoonist.\" \/>\n<meta property=\"og:url\" content=\"https:\/\/gegokids.ee\/en\/product\/mm-pehme-soogipoll\/\" \/>\n<meta property=\"og:site_name\" content=\"Gegokids\" \/>\n<meta property=\"article:publisher\" content=\"https:\/\/www.facebook.com\/GegoKids\" \/>\n<meta property=\"article:modified_time\" content=\"2026-02-08T15:13:05+00:00\" \/>\n<meta property=\"og:image\" content=\"https:\/\/gegokids.ee\/wp-content\/uploads\/2022\/06\/MM-Pehme-Soogipoll-Photo.png\" \/>\n\t<meta property=\"og:image:width\" content=\"800\" \/>\n\t<meta property=\"og:image:height\" content=\"533\" \/>\n\t<meta property=\"og:image:type\" content=\"image\/png\" \/>\n<meta name=\"twitter:card\" content=\"summary_large_image\" \/>\n<meta name=\"twitter:label1\" content=\"Est. reading time\" \/>\n\t<meta name=\"twitter:data1\" content=\"1 minute\" \/>\n<script type=\"application\/ld+json\" class=\"yoast-schema-graph\">{\"@context\":\"https:\/\/schema.org\",\"@graph\":[{\"@type\":\"WebPage\",\"@id\":\"https:\/\/gegokids.ee\/toode\/mm-pehme-soogipoll\/\",\"url\":\"https:\/\/gegokids.ee\/toode\/mm-pehme-soogipoll\/\",\"name\":\"Marcus &amp; Marcus pehme s\u00f6\u00f6gip\u00f5ll | Gegokids\",\"isPartOf\":{\"@id\":\"https:\/\/gegokids.ee\/#website\"},\"primaryImageOfPage\":{\"@id\":\"https:\/\/gegokids.ee\/toode\/mm-pehme-soogipoll\/#primaryimage\"},\"image\":{\"@id\":\"https:\/\/gegokids.ee\/toode\/mm-pehme-soogipoll\/#primaryimage\"},\"thumbnailUrl\":\"https:\/\/gegokids.ee\/wp-content\/uploads\/2022\/06\/MM-Laiapinnaline-Soogipoll-punane.png\",\"datePublished\":\"2022-06-18T13:34:27+00:00\",\"dateModified\":\"2026-02-08T15:13:05+00:00\",\"description\":\"Marcus & Marcus p\u00f5lled on valmistatud eriti pehmest ja plekikindlast silikoonist, katsudes on see siidine ja sa ei usuks, et tegemist on silikoonp\u00f5llega. Reguleeritavad n\u00f6\u00f6bid muudavad p\u00f5lle universaalseks ning sellel on pikk kasutusiga. P\u00f5ll on kerge kaaluga ning ei kurna lapse kaela. \u00a0Ekstra suur kogumistasku hoolitseb selle eest, et riided j\u00e4\u00e4ksid puhtaks ning pudenev toit kukuks taskusse, mida on lihtne puhastada. S\u00f6\u00f6gip\u00f5ll on lihtsasti puhastatav ja kiiresti\u00a0kuivav ning seda v\u00f5ib pesta n\u00f5udepesumasinas \u00fclemisel riiulil v\u00f5i sooja seebiveega.\u00a0P\u00f5lled on valmistatud BPA ja ftalaatide vabast toidusilikoonist.\",\"breadcrumb\":{\"@id\":\"https:\/\/gegokids.ee\/toode\/mm-pehme-soogipoll\/#breadcrumb\"},\"inLanguage\":\"en-US\",\"potentialAction\":[{\"@type\":\"ReadAction\",\"target\":[\"https:\/\/gegokids.ee\/toode\/mm-pehme-soogipoll\/\"]}]},{\"@type\":\"ImageObject\",\"inLanguage\":\"en-US\",\"@id\":\"https:\/\/gegokids.ee\/toode\/mm-pehme-soogipoll\/#primaryimage\",\"url\":\"https:\/\/gegokids.ee\/wp-content\/uploads\/2022\/06\/MM-Laiapinnaline-Soogipoll-punane.png\",\"contentUrl\":\"https:\/\/gegokids.ee\/wp-content\/uploads\/2022\/06\/MM-Laiapinnaline-Soogipoll-punane.png\",\"width\":800,\"height\":533},{\"@type\":\"BreadcrumbList\",\"@id\":\"https:\/\/gegokids.ee\/toode\/mm-pehme-soogipoll\/#breadcrumb\",\"itemListElement\":[{\"@type\":\"ListItem\",\"position\":1,\"name\":\"Home\",\"item\":\"https:\/\/gegokids.ee\/en\/\"},{\"@type\":\"ListItem\",\"position\":2,\"name\":\"E-pood\",\"item\":\"https:\/\/gegokids.ee\/e-pood\/\"},{\"@type\":\"ListItem\",\"position\":3,\"name\":\"Marcus &amp; Marcus pehme s\u00f6\u00f6gip\u00f5ll\"}]},{\"@type\":\"WebSite\",\"@id\":\"https:\/\/gegokids.ee\/#website\",\"url\":\"https:\/\/gegokids.ee\/\",\"name\":\"Gegokids\",\"description\":\"Kvaliteetsed ja turvalised laste m\u00e4nguasjad.\",\"publisher\":{\"@id\":\"https:\/\/gegokids.ee\/#organization\"},\"potentialAction\":[{\"@type\":\"SearchAction\",\"target\":{\"@type\":\"EntryPoint\",\"urlTemplate\":\"https:\/\/gegokids.ee\/?s={search_term_string}\"},\"query-input\":{\"@type\":\"PropertyValueSpecification\",\"valueRequired\":true,\"valueName\":\"search_term_string\"}}],\"inLanguage\":\"en-US\"},{\"@type\":\"Organization\",\"@id\":\"https:\/\/gegokids.ee\/#organization\",\"name\":\"Gegokids\",\"url\":\"https:\/\/gegokids.ee\/\",\"logo\":{\"@type\":\"ImageObject\",\"inLanguage\":\"en-US\",\"@id\":\"https:\/\/gegokids.ee\/#\/schema\/logo\/image\/\",\"url\":\"https:\/\/gegokids.ee\/wp-content\/uploads\/2022\/06\/logo2.png\",\"contentUrl\":\"https:\/\/gegokids.ee\/wp-content\/uploads\/2022\/06\/logo2.png\",\"width\":358,\"height\":104,\"caption\":\"Gegokids\"},\"image\":{\"@id\":\"https:\/\/gegokids.ee\/#\/schema\/logo\/image\/\"},\"sameAs\":[\"https:\/\/www.facebook.com\/GegoKids\",\"https:\/\/www.instagram.com\/gegokids.ee\/\"]}]}<\/script>\n<!-- \/ Yoast SEO plugin. -->","yoast_head_json":{"title":"Marcus &amp; Marcus pehme s\u00f6\u00f6gip\u00f5ll | Gegokids","description":"Marcus & Marcus p\u00f5lled on valmistatud eriti pehmest ja plekikindlast silikoonist, katsudes on see siidine ja sa ei usuks, et tegemist on silikoonp\u00f5llega. Reguleeritavad n\u00f6\u00f6bid muudavad p\u00f5lle universaalseks ning sellel on pikk kasutusiga. P\u00f5ll on kerge kaaluga ning ei kurna lapse kaela. \u00a0Ekstra suur kogumistasku hoolitseb selle eest, et riided j\u00e4\u00e4ksid puhtaks ning pudenev toit kukuks taskusse, mida on lihtne puhastada. S\u00f6\u00f6gip\u00f5ll on lihtsasti puhastatav ja kiiresti\u00a0kuivav ning seda v\u00f5ib pesta n\u00f5udepesumasinas \u00fclemisel riiulil v\u00f5i sooja seebiveega.\u00a0P\u00f5lled on valmistatud BPA ja ftalaatide vabast toidusilikoonist.","robots":{"index":"index","follow":"follow","max-snippet":"max-snippet:-1","max-image-preview":"max-image-preview:large","max-video-preview":"max-video-preview:-1"},"canonical":"https:\/\/gegokids.ee\/en\/product\/mm-pehme-soogipoll\/","og_locale":"en_US","og_type":"article","og_title":"Marcus &amp; Marcus pehme s\u00f6\u00f6gip\u00f5ll | Gegokids","og_description":"Marcus & Marcus p\u00f5lled on valmistatud eriti pehmest ja plekikindlast silikoonist, katsudes on see siidine ja sa ei usuks, et tegemist on silikoonp\u00f5llega. Reguleeritavad n\u00f6\u00f6bid muudavad p\u00f5lle universaalseks ning sellel on pikk kasutusiga. P\u00f5ll on kerge kaaluga ning ei kurna lapse kaela. \u00a0Ekstra suur kogumistasku hoolitseb selle eest, et riided j\u00e4\u00e4ksid puhtaks ning pudenev toit kukuks taskusse, mida on lihtne puhastada. S\u00f6\u00f6gip\u00f5ll on lihtsasti puhastatav ja kiiresti\u00a0kuivav ning seda v\u00f5ib pesta n\u00f5udepesumasinas \u00fclemisel riiulil v\u00f5i sooja seebiveega.\u00a0P\u00f5lled on valmistatud BPA ja ftalaatide vabast toidusilikoonist.","og_url":"https:\/\/gegokids.ee\/en\/product\/mm-pehme-soogipoll\/","og_site_name":"Gegokids","article_publisher":"https:\/\/www.facebook.com\/GegoKids","article_modified_time":"2026-02-08T15:13:05+00:00","og_image":[{"width":800,"height":533,"url":"https:\/\/gegokids.ee\/wp-content\/uploads\/2022\/06\/MM-Pehme-Soogipoll-Photo.png","type":"image\/png"}],"twitter_card":"summary_large_image","twitter_misc":{"Est. reading time":"1 minute"},"schema":{"@context":"https:\/\/schema.org","@graph":[{"@type":"WebPage","@id":"https:\/\/gegokids.ee\/toode\/mm-pehme-soogipoll\/","url":"https:\/\/gegokids.ee\/toode\/mm-pehme-soogipoll\/","name":"Marcus &amp; Marcus pehme s\u00f6\u00f6gip\u00f5ll | Gegokids","isPartOf":{"@id":"https:\/\/gegokids.ee\/#website"},"primaryImageOfPage":{"@id":"https:\/\/gegokids.ee\/toode\/mm-pehme-soogipoll\/#primaryimage"},"image":{"@id":"https:\/\/gegokids.ee\/toode\/mm-pehme-soogipoll\/#primaryimage"},"thumbnailUrl":"https:\/\/gegokids.ee\/wp-content\/uploads\/2022\/06\/MM-Laiapinnaline-Soogipoll-punane.png","datePublished":"2022-06-18T13:34:27+00:00","dateModified":"2026-02-08T15:13:05+00:00","description":"Marcus & Marcus p\u00f5lled on valmistatud eriti pehmest ja plekikindlast silikoonist, katsudes on see siidine ja sa ei usuks, et tegemist on silikoonp\u00f5llega. Reguleeritavad n\u00f6\u00f6bid muudavad p\u00f5lle universaalseks ning sellel on pikk kasutusiga. P\u00f5ll on kerge kaaluga ning ei kurna lapse kaela. \u00a0Ekstra suur kogumistasku hoolitseb selle eest, et riided j\u00e4\u00e4ksid puhtaks ning pudenev toit kukuks taskusse, mida on lihtne puhastada. S\u00f6\u00f6gip\u00f5ll on lihtsasti puhastatav ja kiiresti\u00a0kuivav ning seda v\u00f5ib pesta n\u00f5udepesumasinas \u00fclemisel riiulil v\u00f5i sooja seebiveega.\u00a0P\u00f5lled on valmistatud BPA ja ftalaatide vabast toidusilikoonist.","breadcrumb":{"@id":"https:\/\/gegokids.ee\/toode\/mm-pehme-soogipoll\/#breadcrumb"},"inLanguage":"en-US","potentialAction":[{"@type":"ReadAction","target":["https:\/\/gegokids.ee\/toode\/mm-pehme-soogipoll\/"]}]},{"@type":"ImageObject","inLanguage":"en-US","@id":"https:\/\/gegokids.ee\/toode\/mm-pehme-soogipoll\/#primaryimage","url":"https:\/\/gegokids.ee\/wp-content\/uploads\/2022\/06\/MM-Laiapinnaline-Soogipoll-punane.png","contentUrl":"https:\/\/gegokids.ee\/wp-content\/uploads\/2022\/06\/MM-Laiapinnaline-Soogipoll-punane.png","width":800,"height":533},{"@type":"BreadcrumbList","@id":"https:\/\/gegokids.ee\/toode\/mm-pehme-soogipoll\/#breadcrumb","itemListElement":[{"@type":"ListItem","position":1,"name":"Home","item":"https:\/\/gegokids.ee\/en\/"},{"@type":"ListItem","position":2,"name":"E-pood","item":"https:\/\/gegokids.ee\/e-pood\/"},{"@type":"ListItem","position":3,"name":"Marcus &amp; Marcus pehme s\u00f6\u00f6gip\u00f5ll"}]},{"@type":"WebSite","@id":"https:\/\/gegokids.ee\/#website","url":"https:\/\/gegokids.ee\/","name":"Gegokids","description":"Kvaliteetsed ja turvalised laste m\u00e4nguasjad.","publisher":{"@id":"https:\/\/gegokids.ee\/#organization"},"potentialAction":[{"@type":"SearchAction","target":{"@type":"EntryPoint","urlTemplate":"https:\/\/gegokids.ee\/?s={search_term_string}"},"query-input":{"@type":"PropertyValueSpecification","valueRequired":true,"valueName":"search_term_string"}}],"inLanguage":"en-US"},{"@type":"Organization","@id":"https:\/\/gegokids.ee\/#organization","name":"Gegokids","url":"https:\/\/gegokids.ee\/","logo":{"@type":"ImageObject","inLanguage":"en-US","@id":"https:\/\/gegokids.ee\/#\/schema\/logo\/image\/","url":"https:\/\/gegokids.ee\/wp-content\/uploads\/2022\/06\/logo2.png","contentUrl":"https:\/\/gegokids.ee\/wp-content\/uploads\/2022\/06\/logo2.png","width":358,"height":104,"caption":"Gegokids"},"image":{"@id":"https:\/\/gegokids.ee\/#\/schema\/logo\/image\/"},"sameAs":["https:\/\/www.facebook.com\/GegoKids","https:\/\/www.instagram.com\/gegokids.ee\/"]}]}},"_links":{"self":[{"href":"https:\/\/gegokids.ee\/en\/wp-json\/wp\/v2\/product\/20117","targetHints":{"allow":["GET"]}}],"collection":[{"href":"https:\/\/gegokids.ee\/en\/wp-json\/wp\/v2\/product"}],"about":[{"href":"https:\/\/gegokids.ee\/en\/wp-json\/wp\/v2\/types\/product"}],"replies":[{"embeddable":true,"href":"https:\/\/gegokids.ee\/en\/wp-json\/wp\/v2\/comments?post=20117"}],"version-history":[{"count":5,"href":"https:\/\/gegokids.ee\/en\/wp-json\/wp\/v2\/product\/20117\/revisions"}],"predecessor-version":[{"id":28981,"href":"https:\/\/gegokids.ee\/en\/wp-json\/wp\/v2\/product\/20117\/revisions\/28981"}],"wp:featuredmedia":[{"embeddable":true,"href":"https:\/\/gegokids.ee\/en\/wp-json\/wp\/v2\/media\/21626"}],"wp:attachment":[{"href":"https:\/\/gegokids.ee\/en\/wp-json\/wp\/v2\/media?parent=20117"}],"wp:term":[{"taxonomy":"product_brand","embeddable":true,"href":"https:\/\/gegokids.ee\/en\/wp-json\/wp\/v2\/product_brand?post=20117"},{"taxonomy":"product_cat","embeddable":true,"href":"https:\/\/gegokids.ee\/en\/wp-json\/wp\/v2\/product_cat?post=20117"},{"taxonomy":"product_tag","embeddable":true,"href":"https:\/\/gegokids.ee\/en\/wp-json\/wp\/v2\/product_tag?post=20117"}],"curies":[{"name":"wp","href":"https:\/\/api.w.org\/{rel}","templated":true}]}}