{"id":20089,"date":"2022-06-18T13:34:06","date_gmt":"2022-06-18T13:34:06","guid":{"rendered":"https:\/\/gegokids.ee\/?post_type=product&#038;p=20089"},"modified":"2026-02-19T10:53:54","modified_gmt":"2026-02-19T07:53:54","slug":"mm-iminapaga-kauss","status":"publish","type":"product","link":"https:\/\/gegokids.ee\/en\/product\/mm-iminapaga-kauss\/","title":{"rendered":"Marcus &amp; Marcus iminapaga kauss"},"content":{"rendered":"<p><span style=\"font-family: georgia, palatino, serif; font-size: 12pt; color: #000000;\"><strong>Omadused:<\/strong><br \/>\n<\/span><\/p>\n<ul>\n<li><span style=\"font-family: georgia, palatino, serif; font-size: 12pt; color: #000000;\">BPA\/ftalaatide vaba<br \/>\n<\/span><\/li>\n<li><span style=\"font-family: georgia, palatino, serif; font-size: 12pt; color: #000000;\">Lapse s\u00f5bralik lai aluspind<br \/>\n<\/span><\/li>\n<li><span style=\"font-family: georgia, palatino, serif; font-size: 12pt; color: #000000;\">Kaks sanga mugavaks haaramiseks<br \/>\n<\/span><\/li>\n<li><span style=\"font-family: georgia, palatino, serif; font-size: 12pt; color: #000000;\">Iminapaga kinnitatav siledale pinnale (ei sobi spoonitud v\u00f5i ebatasasele pinnale)<\/span><\/li>\n<\/ul>\n<p><span style=\"color: #000000;\"><span style=\"font-family: georgia, palatino, serif; font-size: 12pt;\"><strong>Pese<\/strong><\/span><span style=\"font-family: georgia, palatino, serif; font-size: 12pt;\"><strong>mine ja hooldus:<\/strong><br \/>\n<\/span><\/span><\/p>\n<ul>\n<li><span style=\"font-family: georgia, palatino, serif; font-size: 12pt; color: #000000;\">Pestav n\u00f5udepesumasinas AINULT \u00fclemisel restil<br \/>\n<\/span><\/li>\n<li><span style=\"font-family: georgia, palatino, serif; font-size: 12pt; color: #000000;\">Sobib s\u00fcgavk\u00fclmas kasutamiseks<br \/>\n<\/span><\/li>\n<li><span style=\"font-family: georgia, palatino, serif; font-size: 12pt; color: #000000;\">Mikrolaineahjus kasutatav<br \/>\n<\/span><\/li>\n<li><span style=\"font-family: georgia, palatino, serif; font-size: 12pt; color: #000000;\">Auruga steriliseeritav<br \/>\n<\/span><\/li>\n<li><span style=\"font-family: georgia, palatino, serif; font-size: 12pt; color: #000000;\">Plekid on lihtsasti eemaldatavad sooja vee ja seebiga<\/span><\/li>\n<\/ul>\n<p><span style=\"font-family: georgia, palatino, serif; font-size: 12pt; color: #000000;\"><strong>M\u00f5\u00f5dud:<\/strong><br \/>\n5.4 x 12.9 x 16.5 cm<\/span><\/p>\n<p><span style=\"font-family: georgia, palatino, serif; font-size: 12pt; color: #000000;\"><strong>Materjal:<\/strong><\/span><\/p>\n<p><span style=\"font-family: georgia, palatino, serif; font-size: 12pt; color: #000000;\">Toidusilikoon<\/span><\/p>\n<p><span style=\"font-family: georgia, palatino, serif; font-size: 12pt; color: #000000;\"><strong>Vastupidavus temperatuurid:<\/strong><br \/>\n-20\u00b0C kuni 220\u00b0C<br \/>\n<\/span><\/p>\n<p><span style=\"font-family: georgia, palatino, serif; font-size: 12pt; color: #000000;\"><strong>Vanus:<\/strong><br \/>\n12 kuud+<\/span><\/p>\n<p>&nbsp;<\/p>\n<p>&nbsp;<\/p>","protected":false},"excerpt":{"rendered":"<p><span style=\"font-family: georgia, palatino, serif; font-size: 12pt; color: #000000;\">Iminapaga lapse s\u00f6\u00f6gilaua k\u00fclge kinnitatav kemikaalidevabast silikoonkummist kauss annab lastevanematele v\u00e4ikelapse s\u00f6\u00f6mise ajal s\u00fcdamerahu, et kauss on kindlalt omal kohal paigal. Kausi p\u00f5hjas olev iminapp kinnitub turvaliselt s\u00f6\u00f6gilaua k\u00fclge ning laps ei saa kaussi oma kohalt liigutada. Kauss eemaldub lihtsalt vaakumist vastavast sildikesest t\u00f5mmates. <\/span><\/p>\n<p><span style=\"font-family: georgia, palatino, serif; font-size: 12pt; color: #000000;\"><strong>Tarne 3-8 t\u00f6\u00f6p\u00e4eva!<\/strong><\/span><\/p>","protected":false},"featured_media":21947,"comment_status":"closed","ping_status":"closed","template":"","meta":[],"product_brand":[455],"product_cat":[285,422],"product_tag":[474,458],"class_list":{"0":"post-20089","1":"product","2":"type-product","3":"status-publish","4":"has-post-thumbnail","6":"product_brand-marcus-marcus","7":"product_cat-koik","8":"product_cat-laste-soogikomplektid","9":"product_tag-soomistarvikud","10":"product_tag-vaikelastele-1-3-a","12":"first","13":"instock","14":"shipping-taxable","15":"purchasable","16":"product-type-variable"},"yoast_head":"<!-- This site is optimized with the Yoast SEO plugin v26.9 - https:\/\/yoast.com\/product\/yoast-seo-wordpress\/ -->\n<title>Marcus &amp; Marcus iminapaga kauss | Gegokids<\/title>\n<meta name=\"description\" content=\"Iminapaga lapse s\u00f6\u00f6gilaua k\u00fclge kinnitatav kemikaalidevabast silikoonkummist kauss annab lastevanematele v\u00e4ikelapse s\u00f6\u00f6mise ajal s\u00fcdamerahu, et kauss on kindlalt omal kohal paigal. Kausi p\u00f5hjas olev iminapp kinnitub turvaliselt s\u00f6\u00f6gilaua k\u00fclge ning laps ei saa kaussi oma kohalt liigutada. Kauss eemaldub lihtsalt vaakumist vastavast sildikesest t\u00f5mmates.\" \/>\n<meta name=\"robots\" content=\"index, follow, max-snippet:-1, max-image-preview:large, max-video-preview:-1\" \/>\n<link rel=\"canonical\" href=\"https:\/\/gegokids.ee\/en\/product\/mm-iminapaga-kauss\/\" \/>\n<meta property=\"og:locale\" content=\"en_US\" \/>\n<meta property=\"og:type\" content=\"article\" \/>\n<meta property=\"og:title\" content=\"Marcus &amp; Marcus iminapaga kauss | Gegokids\" \/>\n<meta property=\"og:description\" content=\"Iminapaga lapse s\u00f6\u00f6gilaua k\u00fclge kinnitatav kemikaalidevabast silikoonkummist kauss annab lastevanematele v\u00e4ikelapse s\u00f6\u00f6mise ajal s\u00fcdamerahu, et kauss on kindlalt omal kohal paigal. Kausi p\u00f5hjas olev iminapp kinnitub turvaliselt s\u00f6\u00f6gilaua k\u00fclge ning laps ei saa kaussi oma kohalt liigutada. Kauss eemaldub lihtsalt vaakumist vastavast sildikesest t\u00f5mmates.\" \/>\n<meta property=\"og:url\" content=\"https:\/\/gegokids.ee\/en\/product\/mm-iminapaga-kauss\/\" \/>\n<meta property=\"og:site_name\" content=\"Gegokids\" \/>\n<meta property=\"article:publisher\" content=\"https:\/\/www.facebook.com\/GegoKids\" \/>\n<meta property=\"article:modified_time\" content=\"2026-02-19T07:53:54+00:00\" \/>\n<meta property=\"og:image\" content=\"https:\/\/gegokids.ee\/wp-content\/uploads\/2022\/06\/MM-Iminapaga-Kauss-Roosa.png\" \/>\n\t<meta property=\"og:image:width\" content=\"800\" \/>\n\t<meta property=\"og:image:height\" content=\"533\" \/>\n\t<meta property=\"og:image:type\" content=\"image\/png\" \/>\n<meta name=\"twitter:card\" content=\"summary_large_image\" \/>\n<meta name=\"twitter:label1\" content=\"Est. reading time\" \/>\n\t<meta name=\"twitter:data1\" content=\"1 minute\" \/>\n<script type=\"application\/ld+json\" class=\"yoast-schema-graph\">{\"@context\":\"https:\/\/schema.org\",\"@graph\":[{\"@type\":\"WebPage\",\"@id\":\"https:\/\/gegokids.ee\/toode\/mm-iminapaga-kauss\/\",\"url\":\"https:\/\/gegokids.ee\/toode\/mm-iminapaga-kauss\/\",\"name\":\"Marcus &amp; Marcus iminapaga kauss | Gegokids\",\"isPartOf\":{\"@id\":\"https:\/\/gegokids.ee\/#website\"},\"primaryImageOfPage\":{\"@id\":\"https:\/\/gegokids.ee\/toode\/mm-iminapaga-kauss\/#primaryimage\"},\"image\":{\"@id\":\"https:\/\/gegokids.ee\/toode\/mm-iminapaga-kauss\/#primaryimage\"},\"thumbnailUrl\":\"https:\/\/gegokids.ee\/wp-content\/uploads\/2022\/06\/MM-Iminapaga-Kauss-Sinine.png\",\"datePublished\":\"2022-06-18T13:34:06+00:00\",\"dateModified\":\"2026-02-19T07:53:54+00:00\",\"description\":\"Iminapaga lapse s\u00f6\u00f6gilaua k\u00fclge kinnitatav kemikaalidevabast silikoonkummist kauss annab lastevanematele v\u00e4ikelapse s\u00f6\u00f6mise ajal s\u00fcdamerahu, et kauss on kindlalt omal kohal paigal. Kausi p\u00f5hjas olev iminapp kinnitub turvaliselt s\u00f6\u00f6gilaua k\u00fclge ning laps ei saa kaussi oma kohalt liigutada. Kauss eemaldub lihtsalt vaakumist vastavast sildikesest t\u00f5mmates.\",\"breadcrumb\":{\"@id\":\"https:\/\/gegokids.ee\/toode\/mm-iminapaga-kauss\/#breadcrumb\"},\"inLanguage\":\"en-US\",\"potentialAction\":[{\"@type\":\"ReadAction\",\"target\":[\"https:\/\/gegokids.ee\/toode\/mm-iminapaga-kauss\/\"]}]},{\"@type\":\"ImageObject\",\"inLanguage\":\"en-US\",\"@id\":\"https:\/\/gegokids.ee\/toode\/mm-iminapaga-kauss\/#primaryimage\",\"url\":\"https:\/\/gegokids.ee\/wp-content\/uploads\/2022\/06\/MM-Iminapaga-Kauss-Sinine.png\",\"contentUrl\":\"https:\/\/gegokids.ee\/wp-content\/uploads\/2022\/06\/MM-Iminapaga-Kauss-Sinine.png\",\"width\":800,\"height\":533},{\"@type\":\"BreadcrumbList\",\"@id\":\"https:\/\/gegokids.ee\/toode\/mm-iminapaga-kauss\/#breadcrumb\",\"itemListElement\":[{\"@type\":\"ListItem\",\"position\":1,\"name\":\"Home\",\"item\":\"https:\/\/gegokids.ee\/en\/\"},{\"@type\":\"ListItem\",\"position\":2,\"name\":\"E-pood\",\"item\":\"https:\/\/gegokids.ee\/e-pood\/\"},{\"@type\":\"ListItem\",\"position\":3,\"name\":\"Marcus &amp; Marcus iminapaga kauss\"}]},{\"@type\":\"WebSite\",\"@id\":\"https:\/\/gegokids.ee\/#website\",\"url\":\"https:\/\/gegokids.ee\/\",\"name\":\"Gegokids\",\"description\":\"Kvaliteetsed ja turvalised laste m\u00e4nguasjad.\",\"publisher\":{\"@id\":\"https:\/\/gegokids.ee\/#organization\"},\"potentialAction\":[{\"@type\":\"SearchAction\",\"target\":{\"@type\":\"EntryPoint\",\"urlTemplate\":\"https:\/\/gegokids.ee\/?s={search_term_string}\"},\"query-input\":{\"@type\":\"PropertyValueSpecification\",\"valueRequired\":true,\"valueName\":\"search_term_string\"}}],\"inLanguage\":\"en-US\"},{\"@type\":\"Organization\",\"@id\":\"https:\/\/gegokids.ee\/#organization\",\"name\":\"Gegokids\",\"url\":\"https:\/\/gegokids.ee\/\",\"logo\":{\"@type\":\"ImageObject\",\"inLanguage\":\"en-US\",\"@id\":\"https:\/\/gegokids.ee\/#\/schema\/logo\/image\/\",\"url\":\"https:\/\/gegokids.ee\/wp-content\/uploads\/2022\/06\/logo2.png\",\"contentUrl\":\"https:\/\/gegokids.ee\/wp-content\/uploads\/2022\/06\/logo2.png\",\"width\":358,\"height\":104,\"caption\":\"Gegokids\"},\"image\":{\"@id\":\"https:\/\/gegokids.ee\/#\/schema\/logo\/image\/\"},\"sameAs\":[\"https:\/\/www.facebook.com\/GegoKids\",\"https:\/\/www.instagram.com\/gegokids.ee\/\"]}]}<\/script>\n<!-- \/ Yoast SEO plugin. -->","yoast_head_json":{"title":"Marcus &amp; Marcus iminapaga kauss | Gegokids","description":"Iminapaga lapse s\u00f6\u00f6gilaua k\u00fclge kinnitatav kemikaalidevabast silikoonkummist kauss annab lastevanematele v\u00e4ikelapse s\u00f6\u00f6mise ajal s\u00fcdamerahu, et kauss on kindlalt omal kohal paigal. Kausi p\u00f5hjas olev iminapp kinnitub turvaliselt s\u00f6\u00f6gilaua k\u00fclge ning laps ei saa kaussi oma kohalt liigutada. Kauss eemaldub lihtsalt vaakumist vastavast sildikesest t\u00f5mmates.","robots":{"index":"index","follow":"follow","max-snippet":"max-snippet:-1","max-image-preview":"max-image-preview:large","max-video-preview":"max-video-preview:-1"},"canonical":"https:\/\/gegokids.ee\/en\/product\/mm-iminapaga-kauss\/","og_locale":"en_US","og_type":"article","og_title":"Marcus &amp; Marcus iminapaga kauss | Gegokids","og_description":"Iminapaga lapse s\u00f6\u00f6gilaua k\u00fclge kinnitatav kemikaalidevabast silikoonkummist kauss annab lastevanematele v\u00e4ikelapse s\u00f6\u00f6mise ajal s\u00fcdamerahu, et kauss on kindlalt omal kohal paigal. Kausi p\u00f5hjas olev iminapp kinnitub turvaliselt s\u00f6\u00f6gilaua k\u00fclge ning laps ei saa kaussi oma kohalt liigutada. Kauss eemaldub lihtsalt vaakumist vastavast sildikesest t\u00f5mmates.","og_url":"https:\/\/gegokids.ee\/en\/product\/mm-iminapaga-kauss\/","og_site_name":"Gegokids","article_publisher":"https:\/\/www.facebook.com\/GegoKids","article_modified_time":"2026-02-19T07:53:54+00:00","og_image":[{"width":800,"height":533,"url":"https:\/\/gegokids.ee\/wp-content\/uploads\/2022\/06\/MM-Iminapaga-Kauss-Roosa.png","type":"image\/png"}],"twitter_card":"summary_large_image","twitter_misc":{"Est. reading time":"1 minute"},"schema":{"@context":"https:\/\/schema.org","@graph":[{"@type":"WebPage","@id":"https:\/\/gegokids.ee\/toode\/mm-iminapaga-kauss\/","url":"https:\/\/gegokids.ee\/toode\/mm-iminapaga-kauss\/","name":"Marcus &amp; Marcus iminapaga kauss | Gegokids","isPartOf":{"@id":"https:\/\/gegokids.ee\/#website"},"primaryImageOfPage":{"@id":"https:\/\/gegokids.ee\/toode\/mm-iminapaga-kauss\/#primaryimage"},"image":{"@id":"https:\/\/gegokids.ee\/toode\/mm-iminapaga-kauss\/#primaryimage"},"thumbnailUrl":"https:\/\/gegokids.ee\/wp-content\/uploads\/2022\/06\/MM-Iminapaga-Kauss-Sinine.png","datePublished":"2022-06-18T13:34:06+00:00","dateModified":"2026-02-19T07:53:54+00:00","description":"Iminapaga lapse s\u00f6\u00f6gilaua k\u00fclge kinnitatav kemikaalidevabast silikoonkummist kauss annab lastevanematele v\u00e4ikelapse s\u00f6\u00f6mise ajal s\u00fcdamerahu, et kauss on kindlalt omal kohal paigal. Kausi p\u00f5hjas olev iminapp kinnitub turvaliselt s\u00f6\u00f6gilaua k\u00fclge ning laps ei saa kaussi oma kohalt liigutada. Kauss eemaldub lihtsalt vaakumist vastavast sildikesest t\u00f5mmates.","breadcrumb":{"@id":"https:\/\/gegokids.ee\/toode\/mm-iminapaga-kauss\/#breadcrumb"},"inLanguage":"en-US","potentialAction":[{"@type":"ReadAction","target":["https:\/\/gegokids.ee\/toode\/mm-iminapaga-kauss\/"]}]},{"@type":"ImageObject","inLanguage":"en-US","@id":"https:\/\/gegokids.ee\/toode\/mm-iminapaga-kauss\/#primaryimage","url":"https:\/\/gegokids.ee\/wp-content\/uploads\/2022\/06\/MM-Iminapaga-Kauss-Sinine.png","contentUrl":"https:\/\/gegokids.ee\/wp-content\/uploads\/2022\/06\/MM-Iminapaga-Kauss-Sinine.png","width":800,"height":533},{"@type":"BreadcrumbList","@id":"https:\/\/gegokids.ee\/toode\/mm-iminapaga-kauss\/#breadcrumb","itemListElement":[{"@type":"ListItem","position":1,"name":"Home","item":"https:\/\/gegokids.ee\/en\/"},{"@type":"ListItem","position":2,"name":"E-pood","item":"https:\/\/gegokids.ee\/e-pood\/"},{"@type":"ListItem","position":3,"name":"Marcus &amp; Marcus iminapaga kauss"}]},{"@type":"WebSite","@id":"https:\/\/gegokids.ee\/#website","url":"https:\/\/gegokids.ee\/","name":"Gegokids","description":"Kvaliteetsed ja turvalised laste m\u00e4nguasjad.","publisher":{"@id":"https:\/\/gegokids.ee\/#organization"},"potentialAction":[{"@type":"SearchAction","target":{"@type":"EntryPoint","urlTemplate":"https:\/\/gegokids.ee\/?s={search_term_string}"},"query-input":{"@type":"PropertyValueSpecification","valueRequired":true,"valueName":"search_term_string"}}],"inLanguage":"en-US"},{"@type":"Organization","@id":"https:\/\/gegokids.ee\/#organization","name":"Gegokids","url":"https:\/\/gegokids.ee\/","logo":{"@type":"ImageObject","inLanguage":"en-US","@id":"https:\/\/gegokids.ee\/#\/schema\/logo\/image\/","url":"https:\/\/gegokids.ee\/wp-content\/uploads\/2022\/06\/logo2.png","contentUrl":"https:\/\/gegokids.ee\/wp-content\/uploads\/2022\/06\/logo2.png","width":358,"height":104,"caption":"Gegokids"},"image":{"@id":"https:\/\/gegokids.ee\/#\/schema\/logo\/image\/"},"sameAs":["https:\/\/www.facebook.com\/GegoKids","https:\/\/www.instagram.com\/gegokids.ee\/"]}]}},"_links":{"self":[{"href":"https:\/\/gegokids.ee\/en\/wp-json\/wp\/v2\/product\/20089","targetHints":{"allow":["GET"]}}],"collection":[{"href":"https:\/\/gegokids.ee\/en\/wp-json\/wp\/v2\/product"}],"about":[{"href":"https:\/\/gegokids.ee\/en\/wp-json\/wp\/v2\/types\/product"}],"replies":[{"embeddable":true,"href":"https:\/\/gegokids.ee\/en\/wp-json\/wp\/v2\/comments?post=20089"}],"version-history":[{"count":5,"href":"https:\/\/gegokids.ee\/en\/wp-json\/wp\/v2\/product\/20089\/revisions"}],"predecessor-version":[{"id":29140,"href":"https:\/\/gegokids.ee\/en\/wp-json\/wp\/v2\/product\/20089\/revisions\/29140"}],"wp:featuredmedia":[{"embeddable":true,"href":"https:\/\/gegokids.ee\/en\/wp-json\/wp\/v2\/media\/21947"}],"wp:attachment":[{"href":"https:\/\/gegokids.ee\/en\/wp-json\/wp\/v2\/media?parent=20089"}],"wp:term":[{"taxonomy":"product_brand","embeddable":true,"href":"https:\/\/gegokids.ee\/en\/wp-json\/wp\/v2\/product_brand?post=20089"},{"taxonomy":"product_cat","embeddable":true,"href":"https:\/\/gegokids.ee\/en\/wp-json\/wp\/v2\/product_cat?post=20089"},{"taxonomy":"product_tag","embeddable":true,"href":"https:\/\/gegokids.ee\/en\/wp-json\/wp\/v2\/product_tag?post=20089"}],"curies":[{"name":"wp","href":"https:\/\/api.w.org\/{rel}","templated":true}]}}