{"id":20064,"date":"2022-06-18T13:33:42","date_gmt":"2022-06-18T13:33:42","guid":{"rendered":"https:\/\/gegokids.ee\/?post_type=product&#038;p=20064"},"modified":"2026-05-05T14:58:05","modified_gmt":"2026-05-05T11:58:05","slug":"mm-manguline-taldrik","status":"publish","type":"product","link":"https:\/\/gegokids.ee\/en\/product\/mm-manguline-taldrik\/","title":{"rendered":"Marcus &amp; Marcus m\u00e4nguline taldrik"},"content":{"rendered":"<p><span style=\"font-family: georgia, palatino, serif; color: #000000;\"><span style=\"font-size: 12pt;\"><strong>Omadused:<\/strong><br \/>\nBPA\/Ftalaatide vaba<\/span><span style=\"font-size: 12pt;\"><br \/>\nLibisemiskindel<\/span><\/span><\/p>\n<p><span style=\"font-family: georgia, palatino, serif; font-size: 12pt; color: #000000;\"><strong>Puhastamine ja hooldus:<\/strong><br \/>\nPestav n\u00f5udepesumasinas AINULT \u00fclemisel restil<br \/>\nMikrouunis kasutatav<br \/>\nAuruga steriliseeritav<br \/>\nPlekid on lihtsasti eemaldatavad sooja vee ja seebiga<\/span><\/p>\n<p><span style=\"font-family: georgia, palatino, serif; font-size: 12pt; color: #000000;\"><strong>M\u00f5\u00f5dud:<\/strong><br \/>\n16.7 x 19 x 3.8cm<\/span><\/p>\n<p><span style=\"font-family: georgia, palatino, serif; font-size: 12pt; color: #000000;\"><strong>Materjal:<\/strong><br \/>\nToidusilikoon<\/span><\/p>\n<p><span style=\"font-family: georgia, palatino, serif; font-size: 12pt; color: #000000;\"><strong>Vastupidavus temperatuurid:<\/strong><br \/>\n-20\u00b0C kuni 220\u00b0C<\/span><\/p>\n<p><span style=\"font-family: georgia, palatino, serif; font-size: 12pt; color: #000000;\"><strong>Vanus:<\/strong><br \/>\n6+ kuud<\/span><\/p>","protected":false},"excerpt":{"rendered":"<p><span style=\"font-family: georgia, palatino, serif; font-size: 12pt; color: #000000;\">Marcus &amp; Marcus lustakas s\u00f6\u00f6misalus on nagu toidu m\u00e4nguv\u00e4ljak, mis muudab s\u00f6\u00f6mise palju l\u00f5busamaks. Vahel vajavad lapsed lihtsalt julgustust, et teha esimesed sammud iseseisvuse suunas. L\u00f5bus lauamatt lisab s\u00f6\u00f6mise aega m\u00e4ngulisust ning aitab julgustada last toiduga m\u00e4ngima ning tutvuma toidu maitsete ning tektuuriga. Iseseisev s\u00f6\u00f6mine on osa v\u00e4ikelapse uudishimust, maailma avastamisest ja uurimisest. <\/span><\/p>\n<p><span style=\"font-family: georgia, palatino, serif; font-size: 12pt; color: #000000;\"><strong>Tarne 3-8 t\u00f6\u00f6p\u00e4eva!<\/strong><\/span><\/p>","protected":false},"featured_media":29075,"comment_status":"closed","ping_status":"closed","template":"","meta":[],"product_brand":[455],"product_cat":[285,422],"product_tag":[474,457,458,461],"class_list":{"0":"post-20064","1":"product","2":"type-product","3":"status-publish","4":"has-post-thumbnail","6":"product_brand-marcus-marcus","7":"product_cat-koik","8":"product_cat-laste-soogikomplektid","9":"product_tag-soomistarvikud","10":"product_tag-beebidele-0-1-a","11":"product_tag-vaikelastele-1-3-a","12":"product_tag-461","14":"first","15":"instock","16":"shipping-taxable","17":"purchasable","18":"product-type-variable"},"yoast_head":"<!-- This site is optimized with the Yoast SEO plugin v26.9 - https:\/\/yoast.com\/product\/yoast-seo-wordpress\/ -->\n<title>Marcus &amp; Marcus m\u00e4nguline taldrik | Gegokids<\/title>\n<meta name=\"description\" content=\"Marcus &amp; Marcus Amusemat muudab s\u00f6\u00f6gikorra m\u00e4nguliseks avastuseks. Silikoonist s\u00f6\u00f6gialus toetab beebi iseseisvat s\u00f6\u00f6mist ja julgustab toitu uurima. Sobib alates 6 kuust.\" \/>\n<meta name=\"robots\" content=\"index, follow, max-snippet:-1, max-image-preview:large, max-video-preview:-1\" \/>\n<link rel=\"canonical\" href=\"https:\/\/gegokids.ee\/en\/product\/mm-manguline-taldrik\/\" \/>\n<meta property=\"og:locale\" content=\"en_US\" \/>\n<meta property=\"og:type\" content=\"article\" \/>\n<meta property=\"og:title\" content=\"Marcus &amp; Marcus m\u00e4nguline taldrik | Gegokids\" \/>\n<meta property=\"og:description\" content=\"Marcus &amp; Marcus Amusemat muudab s\u00f6\u00f6gikorra m\u00e4nguliseks avastuseks. Silikoonist s\u00f6\u00f6gialus toetab beebi iseseisvat s\u00f6\u00f6mist ja julgustab toitu uurima. Sobib alates 6 kuust.\" \/>\n<meta property=\"og:url\" content=\"https:\/\/gegokids.ee\/en\/product\/mm-manguline-taldrik\/\" \/>\n<meta property=\"og:site_name\" content=\"Gegokids\" \/>\n<meta property=\"article:publisher\" content=\"https:\/\/www.facebook.com\/GegoKids\" \/>\n<meta property=\"article:modified_time\" content=\"2026-05-05T11:58:05+00:00\" \/>\n<meta property=\"og:image\" content=\"https:\/\/gegokids.ee\/wp-content\/uploads\/2022\/06\/MM-Manguline-Taldrik-Photo.png\" \/>\n\t<meta property=\"og:image:width\" content=\"800\" \/>\n\t<meta property=\"og:image:height\" content=\"533\" \/>\n\t<meta property=\"og:image:type\" content=\"image\/png\" \/>\n<meta name=\"twitter:card\" content=\"summary_large_image\" \/>\n<meta name=\"twitter:label1\" content=\"Est. reading time\" \/>\n\t<meta name=\"twitter:data1\" content=\"1 minute\" \/>\n<script type=\"application\/ld+json\" class=\"yoast-schema-graph\">{\"@context\":\"https:\/\/schema.org\",\"@graph\":[{\"@type\":\"WebPage\",\"@id\":\"https:\/\/gegokids.ee\/toode\/mm-manguline-taldrik\/\",\"url\":\"https:\/\/gegokids.ee\/toode\/mm-manguline-taldrik\/\",\"name\":\"Marcus &amp; Marcus m\u00e4nguline taldrik | Gegokids\",\"isPartOf\":{\"@id\":\"https:\/\/gegokids.ee\/#website\"},\"primaryImageOfPage\":{\"@id\":\"https:\/\/gegokids.ee\/toode\/mm-manguline-taldrik\/#primaryimage\"},\"image\":{\"@id\":\"https:\/\/gegokids.ee\/toode\/mm-manguline-taldrik\/#primaryimage\"},\"thumbnailUrl\":\"https:\/\/gegokids.ee\/wp-content\/uploads\/2022\/06\/Gegokids-13.png\",\"datePublished\":\"2022-06-18T13:33:42+00:00\",\"dateModified\":\"2026-05-05T11:58:05+00:00\",\"description\":\"Marcus & Marcus Amusemat muudab s\u00f6\u00f6gikorra m\u00e4nguliseks avastuseks. Silikoonist s\u00f6\u00f6gialus toetab beebi iseseisvat s\u00f6\u00f6mist ja julgustab toitu uurima. Sobib alates 6 kuust.\",\"breadcrumb\":{\"@id\":\"https:\/\/gegokids.ee\/toode\/mm-manguline-taldrik\/#breadcrumb\"},\"inLanguage\":\"en-US\",\"potentialAction\":[{\"@type\":\"ReadAction\",\"target\":[\"https:\/\/gegokids.ee\/toode\/mm-manguline-taldrik\/\"]}]},{\"@type\":\"ImageObject\",\"inLanguage\":\"en-US\",\"@id\":\"https:\/\/gegokids.ee\/toode\/mm-manguline-taldrik\/#primaryimage\",\"url\":\"https:\/\/gegokids.ee\/wp-content\/uploads\/2022\/06\/Gegokids-13.png\",\"contentUrl\":\"https:\/\/gegokids.ee\/wp-content\/uploads\/2022\/06\/Gegokids-13.png\",\"width\":600,\"height\":400},{\"@type\":\"BreadcrumbList\",\"@id\":\"https:\/\/gegokids.ee\/toode\/mm-manguline-taldrik\/#breadcrumb\",\"itemListElement\":[{\"@type\":\"ListItem\",\"position\":1,\"name\":\"Home\",\"item\":\"https:\/\/gegokids.ee\/en\/\"},{\"@type\":\"ListItem\",\"position\":2,\"name\":\"E-pood\",\"item\":\"https:\/\/gegokids.ee\/e-pood\/\"},{\"@type\":\"ListItem\",\"position\":3,\"name\":\"Marcus &amp; Marcus m\u00e4nguline taldrik\"}]},{\"@type\":\"WebSite\",\"@id\":\"https:\/\/gegokids.ee\/#website\",\"url\":\"https:\/\/gegokids.ee\/\",\"name\":\"Gegokids\",\"description\":\"Kvaliteetsed ja turvalised laste m\u00e4nguasjad.\",\"publisher\":{\"@id\":\"https:\/\/gegokids.ee\/#organization\"},\"potentialAction\":[{\"@type\":\"SearchAction\",\"target\":{\"@type\":\"EntryPoint\",\"urlTemplate\":\"https:\/\/gegokids.ee\/?s={search_term_string}\"},\"query-input\":{\"@type\":\"PropertyValueSpecification\",\"valueRequired\":true,\"valueName\":\"search_term_string\"}}],\"inLanguage\":\"en-US\"},{\"@type\":\"Organization\",\"@id\":\"https:\/\/gegokids.ee\/#organization\",\"name\":\"Gegokids\",\"url\":\"https:\/\/gegokids.ee\/\",\"logo\":{\"@type\":\"ImageObject\",\"inLanguage\":\"en-US\",\"@id\":\"https:\/\/gegokids.ee\/#\/schema\/logo\/image\/\",\"url\":\"https:\/\/gegokids.ee\/wp-content\/uploads\/2022\/06\/logo2.png\",\"contentUrl\":\"https:\/\/gegokids.ee\/wp-content\/uploads\/2022\/06\/logo2.png\",\"width\":358,\"height\":104,\"caption\":\"Gegokids\"},\"image\":{\"@id\":\"https:\/\/gegokids.ee\/#\/schema\/logo\/image\/\"},\"sameAs\":[\"https:\/\/www.facebook.com\/GegoKids\",\"https:\/\/www.instagram.com\/gegokids.ee\/\"]}]}<\/script>\n<!-- \/ Yoast SEO plugin. -->","yoast_head_json":{"title":"Marcus &amp; Marcus m\u00e4nguline taldrik | Gegokids","description":"Marcus & Marcus Amusemat muudab s\u00f6\u00f6gikorra m\u00e4nguliseks avastuseks. Silikoonist s\u00f6\u00f6gialus toetab beebi iseseisvat s\u00f6\u00f6mist ja julgustab toitu uurima. Sobib alates 6 kuust.","robots":{"index":"index","follow":"follow","max-snippet":"max-snippet:-1","max-image-preview":"max-image-preview:large","max-video-preview":"max-video-preview:-1"},"canonical":"https:\/\/gegokids.ee\/en\/product\/mm-manguline-taldrik\/","og_locale":"en_US","og_type":"article","og_title":"Marcus &amp; Marcus m\u00e4nguline taldrik | Gegokids","og_description":"Marcus & Marcus Amusemat muudab s\u00f6\u00f6gikorra m\u00e4nguliseks avastuseks. Silikoonist s\u00f6\u00f6gialus toetab beebi iseseisvat s\u00f6\u00f6mist ja julgustab toitu uurima. Sobib alates 6 kuust.","og_url":"https:\/\/gegokids.ee\/en\/product\/mm-manguline-taldrik\/","og_site_name":"Gegokids","article_publisher":"https:\/\/www.facebook.com\/GegoKids","article_modified_time":"2026-05-05T11:58:05+00:00","og_image":[{"width":800,"height":533,"url":"https:\/\/gegokids.ee\/wp-content\/uploads\/2022\/06\/MM-Manguline-Taldrik-Photo.png","type":"image\/png"}],"twitter_card":"summary_large_image","twitter_misc":{"Est. reading time":"1 minute"},"schema":{"@context":"https:\/\/schema.org","@graph":[{"@type":"WebPage","@id":"https:\/\/gegokids.ee\/toode\/mm-manguline-taldrik\/","url":"https:\/\/gegokids.ee\/toode\/mm-manguline-taldrik\/","name":"Marcus &amp; Marcus m\u00e4nguline taldrik | Gegokids","isPartOf":{"@id":"https:\/\/gegokids.ee\/#website"},"primaryImageOfPage":{"@id":"https:\/\/gegokids.ee\/toode\/mm-manguline-taldrik\/#primaryimage"},"image":{"@id":"https:\/\/gegokids.ee\/toode\/mm-manguline-taldrik\/#primaryimage"},"thumbnailUrl":"https:\/\/gegokids.ee\/wp-content\/uploads\/2022\/06\/Gegokids-13.png","datePublished":"2022-06-18T13:33:42+00:00","dateModified":"2026-05-05T11:58:05+00:00","description":"Marcus & Marcus Amusemat muudab s\u00f6\u00f6gikorra m\u00e4nguliseks avastuseks. Silikoonist s\u00f6\u00f6gialus toetab beebi iseseisvat s\u00f6\u00f6mist ja julgustab toitu uurima. Sobib alates 6 kuust.","breadcrumb":{"@id":"https:\/\/gegokids.ee\/toode\/mm-manguline-taldrik\/#breadcrumb"},"inLanguage":"en-US","potentialAction":[{"@type":"ReadAction","target":["https:\/\/gegokids.ee\/toode\/mm-manguline-taldrik\/"]}]},{"@type":"ImageObject","inLanguage":"en-US","@id":"https:\/\/gegokids.ee\/toode\/mm-manguline-taldrik\/#primaryimage","url":"https:\/\/gegokids.ee\/wp-content\/uploads\/2022\/06\/Gegokids-13.png","contentUrl":"https:\/\/gegokids.ee\/wp-content\/uploads\/2022\/06\/Gegokids-13.png","width":600,"height":400},{"@type":"BreadcrumbList","@id":"https:\/\/gegokids.ee\/toode\/mm-manguline-taldrik\/#breadcrumb","itemListElement":[{"@type":"ListItem","position":1,"name":"Home","item":"https:\/\/gegokids.ee\/en\/"},{"@type":"ListItem","position":2,"name":"E-pood","item":"https:\/\/gegokids.ee\/e-pood\/"},{"@type":"ListItem","position":3,"name":"Marcus &amp; Marcus m\u00e4nguline taldrik"}]},{"@type":"WebSite","@id":"https:\/\/gegokids.ee\/#website","url":"https:\/\/gegokids.ee\/","name":"Gegokids","description":"Kvaliteetsed ja turvalised laste m\u00e4nguasjad.","publisher":{"@id":"https:\/\/gegokids.ee\/#organization"},"potentialAction":[{"@type":"SearchAction","target":{"@type":"EntryPoint","urlTemplate":"https:\/\/gegokids.ee\/?s={search_term_string}"},"query-input":{"@type":"PropertyValueSpecification","valueRequired":true,"valueName":"search_term_string"}}],"inLanguage":"en-US"},{"@type":"Organization","@id":"https:\/\/gegokids.ee\/#organization","name":"Gegokids","url":"https:\/\/gegokids.ee\/","logo":{"@type":"ImageObject","inLanguage":"en-US","@id":"https:\/\/gegokids.ee\/#\/schema\/logo\/image\/","url":"https:\/\/gegokids.ee\/wp-content\/uploads\/2022\/06\/logo2.png","contentUrl":"https:\/\/gegokids.ee\/wp-content\/uploads\/2022\/06\/logo2.png","width":358,"height":104,"caption":"Gegokids"},"image":{"@id":"https:\/\/gegokids.ee\/#\/schema\/logo\/image\/"},"sameAs":["https:\/\/www.facebook.com\/GegoKids","https:\/\/www.instagram.com\/gegokids.ee\/"]}]}},"_links":{"self":[{"href":"https:\/\/gegokids.ee\/en\/wp-json\/wp\/v2\/product\/20064","targetHints":{"allow":["GET"]}}],"collection":[{"href":"https:\/\/gegokids.ee\/en\/wp-json\/wp\/v2\/product"}],"about":[{"href":"https:\/\/gegokids.ee\/en\/wp-json\/wp\/v2\/types\/product"}],"replies":[{"embeddable":true,"href":"https:\/\/gegokids.ee\/en\/wp-json\/wp\/v2\/comments?post=20064"}],"version-history":[{"count":5,"href":"https:\/\/gegokids.ee\/en\/wp-json\/wp\/v2\/product\/20064\/revisions"}],"predecessor-version":[{"id":29074,"href":"https:\/\/gegokids.ee\/en\/wp-json\/wp\/v2\/product\/20064\/revisions\/29074"}],"wp:featuredmedia":[{"embeddable":true,"href":"https:\/\/gegokids.ee\/en\/wp-json\/wp\/v2\/media\/29075"}],"wp:attachment":[{"href":"https:\/\/gegokids.ee\/en\/wp-json\/wp\/v2\/media?parent=20064"}],"wp:term":[{"taxonomy":"product_brand","embeddable":true,"href":"https:\/\/gegokids.ee\/en\/wp-json\/wp\/v2\/product_brand?post=20064"},{"taxonomy":"product_cat","embeddable":true,"href":"https:\/\/gegokids.ee\/en\/wp-json\/wp\/v2\/product_cat?post=20064"},{"taxonomy":"product_tag","embeddable":true,"href":"https:\/\/gegokids.ee\/en\/wp-json\/wp\/v2\/product_tag?post=20064"}],"curies":[{"name":"wp","href":"https:\/\/api.w.org\/{rel}","templated":true}]}}