{"id":20027,"date":"2022-06-18T13:32:55","date_gmt":"2022-06-18T13:32:55","guid":{"rendered":"https:\/\/gegokids.ee\/?post_type=product&#038;p=20027"},"modified":"2026-02-07T23:41:23","modified_gmt":"2026-02-07T20:41:23","slug":"mm-suupistete-tops","status":"publish","type":"product","link":"https:\/\/gegokids.ee\/en\/product\/mm-suupistete-tops\/","title":{"rendered":"Marcus &amp; Marcus suupistete tops"},"content":{"rendered":"<p><span style=\"font-family: georgia, palatino, serif; color: #000000; font-size: 12pt;\"><strong>Omadused:<\/strong><\/span><\/p>\n<ul>\n<li><span style=\"font-family: georgia, palatino, serif; color: #000000; font-size: 12pt;\">BPA\/Ftalaatide vaba<br \/>\n<\/span><\/li>\n<li><span style=\"font-family: georgia, palatino, serif; color: #000000; font-size: 12pt;\">V\u00e4ikeste k\u00e4tega lihtsasti l\u00e4bip\u00e4\u00e4setav kaas<\/span><\/li>\n<li><span style=\"font-family: georgia, palatino, serif; color: #000000; font-size: 12pt;\">Kaas hoiab suupisted topsikus<br \/>\n<\/span><\/li>\n<li><span style=\"font-family: georgia, palatino, serif; color: #000000; font-size: 12pt;\">Mugav sang topsi hoidmiseks<br \/>\n<\/span><\/li>\n<\/ul>\n<p><span style=\"font-family: georgia, palatino, serif; font-size: 12pt; color: #000000;\"><strong>Puhastamine ja hooldus:<\/strong><br \/>\n<\/span><\/p>\n<ul>\n<li><span style=\"font-family: georgia, palatino, serif; font-size: 12pt; color: #000000;\">Pestav n\u00f5udepesumasinas AINULT \u00fclemisel restil<br \/>\n<\/span><\/li>\n<li><span style=\"font-family: georgia, palatino, serif; font-size: 12pt; color: #000000;\">Mikrouunis kasutatav<br \/>\n<\/span><\/li>\n<li><span style=\"font-family: georgia, palatino, serif; font-size: 12pt; color: #000000;\">Auruga steriliseeritav<br \/>\n<\/span><\/li>\n<li><span style=\"font-family: georgia, palatino, serif; font-size: 12pt; color: #000000;\">Plekid on kergesti eemaldatavad sooja vee ja seebiga<\/span><\/li>\n<\/ul>\n<p><span style=\"font-family: georgia, palatino, serif; font-size: 12pt; color: #000000;\">M\u00f5\u00f5dud:<br \/>\n7.4 x 10.5 x 14.2 cm<\/span><\/p>\n<p><span style=\"font-family: georgia, palatino, serif; font-size: 12pt; color: #000000;\"><strong>Materjal:<\/strong><br \/>\nToidusilikoon<\/span><\/p>\n<p><span style=\"font-family: georgia, palatino, serif; font-size: 12pt; color: #000000;\"><strong>Vastupidavus temperatuurid:<\/strong><br \/>\n-20\u00b0C kuni 220\u00b0C<br \/>\n<\/span><\/p>\n<p><span style=\"font-family: georgia, palatino, serif; font-size: 12pt; color: #000000;\"><strong>Vanus:<\/strong><br \/>\n12 kuud+<\/span><\/p>","protected":false},"excerpt":{"rendered":"<p><span style=\"font-family: georgia, palatino, serif; font-size: 12pt; color: #000000;\">Lapsed armastavad suupisteid ise haarata ning suuremat segadust tekitamata saavad nad seda teha suupistete topiskust. Marcus &amp; Marcus suupistete tops on turvalise kaanega ning disainitud nii, et laps saab topsist m\u00f5ne suupiste haaval sn\u00e4kke v\u00e4lja v\u00f5tta. Topsi \u00fcmber kukkudes ei purune tops ega pudene sisu laiali m\u00f6\u00f6da tuba v\u00f5i autot. Suupiste topsiga on sn\u00e4kkide s\u00f6\u00f6mise aeg v\u00e4hem segadust tekitav ja annab vanematele vabad k\u00e4ed tegelemaks millegi muuga samal ajal. Suupistete topsi k\u00e4epide on disainitud just m\u00f5eldes v\u00e4ikestele k\u00e4tele. Toode on korduvkasutatav, seega on see heaks loodust s\u00e4\u00e4stvaks alternatiiviks \u00fchekordselt kasutatavatele s\u00e4ilituskottidele. Sobib kasutamaks ka autos, bussis v\u00f5i mujal ringi liikudes.<\/span><\/p>\n<p>&nbsp;<\/p>\n<p><span style=\"font-size: 12pt; color: #000000;\"><strong>Tarne 2-5 t\u00f6\u00f6p\u00e4eva!<\/strong><\/span><\/p>\n<p><span style=\"font-family: georgia, palatino, serif; color: #000000; font-size: 12pt;\">\u00a0<\/span><\/p>","protected":false},"featured_media":21966,"comment_status":"closed","ping_status":"closed","template":"","meta":[],"product_brand":[455],"product_cat":[426,285,422],"product_tag":[474,458],"class_list":{"0":"post-20027","1":"product","2":"type-product","3":"status-publish","4":"has-post-thumbnail","6":"product_brand-marcus-marcus","7":"product_cat-kingiideed","8":"product_cat-koik","9":"product_cat-laste-soogikomplektid","10":"product_tag-soomistarvikud","11":"product_tag-vaikelastele-1-3-a","13":"first","14":"instock","15":"shipping-taxable","16":"purchasable","17":"product-type-variable"},"yoast_head":"<!-- This site is optimized with the Yoast SEO plugin v26.9 - https:\/\/yoast.com\/product\/yoast-seo-wordpress\/ -->\n<title>Marcus &amp; Marcus suupistete tops | Gegokids<\/title>\n<meta name=\"description\" content=\"Lapsed armastavad suupisteid ise haarata ning suuremat segadust tekitamata saavad nad seda teha suupistete topiskust. Marcus &amp; Marcus suupistete tops on turvalise kaanega ning disainitud nii, et laps saab topsist m\u00f5ne suupiste haaval sn\u00e4kke v\u00e4lja v\u00f5tta. Topsi \u00fcmber kukkudes ei purune tops ega pudene sisu laiali m\u00f6\u00f6da tuba v\u00f5i autot. Suupiste topsiga on sn\u00e4kkide s\u00f6\u00f6mise aeg v\u00e4hem segadust tekitav ja annab vanematele vabad k\u00e4ed tegelemaks millegi muuga samal ajal. Suupistete topsi k\u00e4epide on disainitud just m\u00f5eldes v\u00e4ikestele k\u00e4tele. Toode on korduvkasutatav, seega on see heaks loodust s\u00e4\u00e4stvaks alternatiiviks \u00fchekordselt kasutatavatele s\u00e4ilituskottidele. Sobib kasutamaks ka autos, bussis v\u00f5i mujal ringi liikudes.\" \/>\n<meta name=\"robots\" content=\"index, follow, max-snippet:-1, max-image-preview:large, max-video-preview:-1\" \/>\n<link rel=\"canonical\" href=\"https:\/\/gegokids.ee\/en\/product\/mm-suupistete-tops\/\" \/>\n<meta property=\"og:locale\" content=\"en_US\" \/>\n<meta property=\"og:type\" content=\"article\" \/>\n<meta property=\"og:title\" content=\"Marcus &amp; Marcus suupistete tops | Gegokids\" \/>\n<meta property=\"og:description\" content=\"Lapsed armastavad suupisteid ise haarata ning suuremat segadust tekitamata saavad nad seda teha suupistete topiskust. Marcus &amp; Marcus suupistete tops on turvalise kaanega ning disainitud nii, et laps saab topsist m\u00f5ne suupiste haaval sn\u00e4kke v\u00e4lja v\u00f5tta. Topsi \u00fcmber kukkudes ei purune tops ega pudene sisu laiali m\u00f6\u00f6da tuba v\u00f5i autot. Suupiste topsiga on sn\u00e4kkide s\u00f6\u00f6mise aeg v\u00e4hem segadust tekitav ja annab vanematele vabad k\u00e4ed tegelemaks millegi muuga samal ajal. Suupistete topsi k\u00e4epide on disainitud just m\u00f5eldes v\u00e4ikestele k\u00e4tele. Toode on korduvkasutatav, seega on see heaks loodust s\u00e4\u00e4stvaks alternatiiviks \u00fchekordselt kasutatavatele s\u00e4ilituskottidele. Sobib kasutamaks ka autos, bussis v\u00f5i mujal ringi liikudes.\" \/>\n<meta property=\"og:url\" content=\"https:\/\/gegokids.ee\/en\/product\/mm-suupistete-tops\/\" \/>\n<meta property=\"og:site_name\" content=\"Gegokids\" \/>\n<meta property=\"article:publisher\" content=\"https:\/\/www.facebook.com\/GegoKids\" \/>\n<meta property=\"article:modified_time\" content=\"2026-02-07T20:41:23+00:00\" \/>\n<meta property=\"og:image\" content=\"https:\/\/gegokids.ee\/wp-content\/uploads\/2022\/06\/MM-Suupistete-Tops-Koik.png\" \/>\n\t<meta property=\"og:image:width\" content=\"800\" \/>\n\t<meta property=\"og:image:height\" content=\"533\" \/>\n\t<meta property=\"og:image:type\" content=\"image\/png\" \/>\n<meta name=\"twitter:card\" content=\"summary_large_image\" \/>\n<meta name=\"twitter:label1\" content=\"Est. reading time\" \/>\n\t<meta name=\"twitter:data1\" content=\"1 minute\" \/>\n<script type=\"application\/ld+json\" class=\"yoast-schema-graph\">{\"@context\":\"https:\/\/schema.org\",\"@graph\":[{\"@type\":\"WebPage\",\"@id\":\"https:\/\/gegokids.ee\/toode\/mm-suupistete-tops\/\",\"url\":\"https:\/\/gegokids.ee\/toode\/mm-suupistete-tops\/\",\"name\":\"Marcus &amp; Marcus suupistete tops | Gegokids\",\"isPartOf\":{\"@id\":\"https:\/\/gegokids.ee\/#website\"},\"primaryImageOfPage\":{\"@id\":\"https:\/\/gegokids.ee\/toode\/mm-suupistete-tops\/#primaryimage\"},\"image\":{\"@id\":\"https:\/\/gegokids.ee\/toode\/mm-suupistete-tops\/#primaryimage\"},\"thumbnailUrl\":\"https:\/\/gegokids.ee\/wp-content\/uploads\/2022\/06\/MM-Suupistete-Tops-Sinine.png\",\"datePublished\":\"2022-06-18T13:32:55+00:00\",\"dateModified\":\"2026-02-07T20:41:23+00:00\",\"description\":\"Lapsed armastavad suupisteid ise haarata ning suuremat segadust tekitamata saavad nad seda teha suupistete topiskust. Marcus & Marcus suupistete tops on turvalise kaanega ning disainitud nii, et laps saab topsist m\u00f5ne suupiste haaval sn\u00e4kke v\u00e4lja v\u00f5tta. Topsi \u00fcmber kukkudes ei purune tops ega pudene sisu laiali m\u00f6\u00f6da tuba v\u00f5i autot. Suupiste topsiga on sn\u00e4kkide s\u00f6\u00f6mise aeg v\u00e4hem segadust tekitav ja annab vanematele vabad k\u00e4ed tegelemaks millegi muuga samal ajal. Suupistete topsi k\u00e4epide on disainitud just m\u00f5eldes v\u00e4ikestele k\u00e4tele. Toode on korduvkasutatav, seega on see heaks loodust s\u00e4\u00e4stvaks alternatiiviks \u00fchekordselt kasutatavatele s\u00e4ilituskottidele. Sobib kasutamaks ka autos, bussis v\u00f5i mujal ringi liikudes.\",\"breadcrumb\":{\"@id\":\"https:\/\/gegokids.ee\/toode\/mm-suupistete-tops\/#breadcrumb\"},\"inLanguage\":\"en-US\",\"potentialAction\":[{\"@type\":\"ReadAction\",\"target\":[\"https:\/\/gegokids.ee\/toode\/mm-suupistete-tops\/\"]}]},{\"@type\":\"ImageObject\",\"inLanguage\":\"en-US\",\"@id\":\"https:\/\/gegokids.ee\/toode\/mm-suupistete-tops\/#primaryimage\",\"url\":\"https:\/\/gegokids.ee\/wp-content\/uploads\/2022\/06\/MM-Suupistete-Tops-Sinine.png\",\"contentUrl\":\"https:\/\/gegokids.ee\/wp-content\/uploads\/2022\/06\/MM-Suupistete-Tops-Sinine.png\",\"width\":800,\"height\":533},{\"@type\":\"BreadcrumbList\",\"@id\":\"https:\/\/gegokids.ee\/toode\/mm-suupistete-tops\/#breadcrumb\",\"itemListElement\":[{\"@type\":\"ListItem\",\"position\":1,\"name\":\"Home\",\"item\":\"https:\/\/gegokids.ee\/en\/\"},{\"@type\":\"ListItem\",\"position\":2,\"name\":\"E-pood\",\"item\":\"https:\/\/gegokids.ee\/e-pood\/\"},{\"@type\":\"ListItem\",\"position\":3,\"name\":\"Marcus &amp; Marcus suupistete tops\"}]},{\"@type\":\"WebSite\",\"@id\":\"https:\/\/gegokids.ee\/#website\",\"url\":\"https:\/\/gegokids.ee\/\",\"name\":\"Gegokids\",\"description\":\"Kvaliteetsed ja turvalised laste m\u00e4nguasjad.\",\"publisher\":{\"@id\":\"https:\/\/gegokids.ee\/#organization\"},\"potentialAction\":[{\"@type\":\"SearchAction\",\"target\":{\"@type\":\"EntryPoint\",\"urlTemplate\":\"https:\/\/gegokids.ee\/?s={search_term_string}\"},\"query-input\":{\"@type\":\"PropertyValueSpecification\",\"valueRequired\":true,\"valueName\":\"search_term_string\"}}],\"inLanguage\":\"en-US\"},{\"@type\":\"Organization\",\"@id\":\"https:\/\/gegokids.ee\/#organization\",\"name\":\"Gegokids\",\"url\":\"https:\/\/gegokids.ee\/\",\"logo\":{\"@type\":\"ImageObject\",\"inLanguage\":\"en-US\",\"@id\":\"https:\/\/gegokids.ee\/#\/schema\/logo\/image\/\",\"url\":\"https:\/\/gegokids.ee\/wp-content\/uploads\/2022\/06\/logo2.png\",\"contentUrl\":\"https:\/\/gegokids.ee\/wp-content\/uploads\/2022\/06\/logo2.png\",\"width\":358,\"height\":104,\"caption\":\"Gegokids\"},\"image\":{\"@id\":\"https:\/\/gegokids.ee\/#\/schema\/logo\/image\/\"},\"sameAs\":[\"https:\/\/www.facebook.com\/GegoKids\",\"https:\/\/www.instagram.com\/gegokids.ee\/\"]}]}<\/script>\n<!-- \/ Yoast SEO plugin. -->","yoast_head_json":{"title":"Marcus &amp; Marcus suupistete tops | Gegokids","description":"Lapsed armastavad suupisteid ise haarata ning suuremat segadust tekitamata saavad nad seda teha suupistete topiskust. Marcus & Marcus suupistete tops on turvalise kaanega ning disainitud nii, et laps saab topsist m\u00f5ne suupiste haaval sn\u00e4kke v\u00e4lja v\u00f5tta. Topsi \u00fcmber kukkudes ei purune tops ega pudene sisu laiali m\u00f6\u00f6da tuba v\u00f5i autot. Suupiste topsiga on sn\u00e4kkide s\u00f6\u00f6mise aeg v\u00e4hem segadust tekitav ja annab vanematele vabad k\u00e4ed tegelemaks millegi muuga samal ajal. Suupistete topsi k\u00e4epide on disainitud just m\u00f5eldes v\u00e4ikestele k\u00e4tele. Toode on korduvkasutatav, seega on see heaks loodust s\u00e4\u00e4stvaks alternatiiviks \u00fchekordselt kasutatavatele s\u00e4ilituskottidele. Sobib kasutamaks ka autos, bussis v\u00f5i mujal ringi liikudes.","robots":{"index":"index","follow":"follow","max-snippet":"max-snippet:-1","max-image-preview":"max-image-preview:large","max-video-preview":"max-video-preview:-1"},"canonical":"https:\/\/gegokids.ee\/en\/product\/mm-suupistete-tops\/","og_locale":"en_US","og_type":"article","og_title":"Marcus &amp; Marcus suupistete tops | Gegokids","og_description":"Lapsed armastavad suupisteid ise haarata ning suuremat segadust tekitamata saavad nad seda teha suupistete topiskust. Marcus & Marcus suupistete tops on turvalise kaanega ning disainitud nii, et laps saab topsist m\u00f5ne suupiste haaval sn\u00e4kke v\u00e4lja v\u00f5tta. Topsi \u00fcmber kukkudes ei purune tops ega pudene sisu laiali m\u00f6\u00f6da tuba v\u00f5i autot. Suupiste topsiga on sn\u00e4kkide s\u00f6\u00f6mise aeg v\u00e4hem segadust tekitav ja annab vanematele vabad k\u00e4ed tegelemaks millegi muuga samal ajal. Suupistete topsi k\u00e4epide on disainitud just m\u00f5eldes v\u00e4ikestele k\u00e4tele. Toode on korduvkasutatav, seega on see heaks loodust s\u00e4\u00e4stvaks alternatiiviks \u00fchekordselt kasutatavatele s\u00e4ilituskottidele. Sobib kasutamaks ka autos, bussis v\u00f5i mujal ringi liikudes.","og_url":"https:\/\/gegokids.ee\/en\/product\/mm-suupistete-tops\/","og_site_name":"Gegokids","article_publisher":"https:\/\/www.facebook.com\/GegoKids","article_modified_time":"2026-02-07T20:41:23+00:00","og_image":[{"width":800,"height":533,"url":"https:\/\/gegokids.ee\/wp-content\/uploads\/2022\/06\/MM-Suupistete-Tops-Koik.png","type":"image\/png"}],"twitter_card":"summary_large_image","twitter_misc":{"Est. reading time":"1 minute"},"schema":{"@context":"https:\/\/schema.org","@graph":[{"@type":"WebPage","@id":"https:\/\/gegokids.ee\/toode\/mm-suupistete-tops\/","url":"https:\/\/gegokids.ee\/toode\/mm-suupistete-tops\/","name":"Marcus &amp; Marcus suupistete tops | Gegokids","isPartOf":{"@id":"https:\/\/gegokids.ee\/#website"},"primaryImageOfPage":{"@id":"https:\/\/gegokids.ee\/toode\/mm-suupistete-tops\/#primaryimage"},"image":{"@id":"https:\/\/gegokids.ee\/toode\/mm-suupistete-tops\/#primaryimage"},"thumbnailUrl":"https:\/\/gegokids.ee\/wp-content\/uploads\/2022\/06\/MM-Suupistete-Tops-Sinine.png","datePublished":"2022-06-18T13:32:55+00:00","dateModified":"2026-02-07T20:41:23+00:00","description":"Lapsed armastavad suupisteid ise haarata ning suuremat segadust tekitamata saavad nad seda teha suupistete topiskust. Marcus & Marcus suupistete tops on turvalise kaanega ning disainitud nii, et laps saab topsist m\u00f5ne suupiste haaval sn\u00e4kke v\u00e4lja v\u00f5tta. Topsi \u00fcmber kukkudes ei purune tops ega pudene sisu laiali m\u00f6\u00f6da tuba v\u00f5i autot. Suupiste topsiga on sn\u00e4kkide s\u00f6\u00f6mise aeg v\u00e4hem segadust tekitav ja annab vanematele vabad k\u00e4ed tegelemaks millegi muuga samal ajal. Suupistete topsi k\u00e4epide on disainitud just m\u00f5eldes v\u00e4ikestele k\u00e4tele. Toode on korduvkasutatav, seega on see heaks loodust s\u00e4\u00e4stvaks alternatiiviks \u00fchekordselt kasutatavatele s\u00e4ilituskottidele. Sobib kasutamaks ka autos, bussis v\u00f5i mujal ringi liikudes.","breadcrumb":{"@id":"https:\/\/gegokids.ee\/toode\/mm-suupistete-tops\/#breadcrumb"},"inLanguage":"en-US","potentialAction":[{"@type":"ReadAction","target":["https:\/\/gegokids.ee\/toode\/mm-suupistete-tops\/"]}]},{"@type":"ImageObject","inLanguage":"en-US","@id":"https:\/\/gegokids.ee\/toode\/mm-suupistete-tops\/#primaryimage","url":"https:\/\/gegokids.ee\/wp-content\/uploads\/2022\/06\/MM-Suupistete-Tops-Sinine.png","contentUrl":"https:\/\/gegokids.ee\/wp-content\/uploads\/2022\/06\/MM-Suupistete-Tops-Sinine.png","width":800,"height":533},{"@type":"BreadcrumbList","@id":"https:\/\/gegokids.ee\/toode\/mm-suupistete-tops\/#breadcrumb","itemListElement":[{"@type":"ListItem","position":1,"name":"Home","item":"https:\/\/gegokids.ee\/en\/"},{"@type":"ListItem","position":2,"name":"E-pood","item":"https:\/\/gegokids.ee\/e-pood\/"},{"@type":"ListItem","position":3,"name":"Marcus &amp; Marcus suupistete tops"}]},{"@type":"WebSite","@id":"https:\/\/gegokids.ee\/#website","url":"https:\/\/gegokids.ee\/","name":"Gegokids","description":"Kvaliteetsed ja turvalised laste m\u00e4nguasjad.","publisher":{"@id":"https:\/\/gegokids.ee\/#organization"},"potentialAction":[{"@type":"SearchAction","target":{"@type":"EntryPoint","urlTemplate":"https:\/\/gegokids.ee\/?s={search_term_string}"},"query-input":{"@type":"PropertyValueSpecification","valueRequired":true,"valueName":"search_term_string"}}],"inLanguage":"en-US"},{"@type":"Organization","@id":"https:\/\/gegokids.ee\/#organization","name":"Gegokids","url":"https:\/\/gegokids.ee\/","logo":{"@type":"ImageObject","inLanguage":"en-US","@id":"https:\/\/gegokids.ee\/#\/schema\/logo\/image\/","url":"https:\/\/gegokids.ee\/wp-content\/uploads\/2022\/06\/logo2.png","contentUrl":"https:\/\/gegokids.ee\/wp-content\/uploads\/2022\/06\/logo2.png","width":358,"height":104,"caption":"Gegokids"},"image":{"@id":"https:\/\/gegokids.ee\/#\/schema\/logo\/image\/"},"sameAs":["https:\/\/www.facebook.com\/GegoKids","https:\/\/www.instagram.com\/gegokids.ee\/"]}]}},"_links":{"self":[{"href":"https:\/\/gegokids.ee\/en\/wp-json\/wp\/v2\/product\/20027","targetHints":{"allow":["GET"]}}],"collection":[{"href":"https:\/\/gegokids.ee\/en\/wp-json\/wp\/v2\/product"}],"about":[{"href":"https:\/\/gegokids.ee\/en\/wp-json\/wp\/v2\/types\/product"}],"replies":[{"embeddable":true,"href":"https:\/\/gegokids.ee\/en\/wp-json\/wp\/v2\/comments?post=20027"}],"version-history":[{"count":5,"href":"https:\/\/gegokids.ee\/en\/wp-json\/wp\/v2\/product\/20027\/revisions"}],"predecessor-version":[{"id":28724,"href":"https:\/\/gegokids.ee\/en\/wp-json\/wp\/v2\/product\/20027\/revisions\/28724"}],"wp:featuredmedia":[{"embeddable":true,"href":"https:\/\/gegokids.ee\/en\/wp-json\/wp\/v2\/media\/21966"}],"wp:attachment":[{"href":"https:\/\/gegokids.ee\/en\/wp-json\/wp\/v2\/media?parent=20027"}],"wp:term":[{"taxonomy":"product_brand","embeddable":true,"href":"https:\/\/gegokids.ee\/en\/wp-json\/wp\/v2\/product_brand?post=20027"},{"taxonomy":"product_cat","embeddable":true,"href":"https:\/\/gegokids.ee\/en\/wp-json\/wp\/v2\/product_cat?post=20027"},{"taxonomy":"product_tag","embeddable":true,"href":"https:\/\/gegokids.ee\/en\/wp-json\/wp\/v2\/product_tag?post=20027"}],"curies":[{"name":"wp","href":"https:\/\/api.w.org\/{rel}","templated":true}]}}