{"id":20026,"date":"2022-06-18T13:32:55","date_gmt":"2022-06-18T13:32:55","guid":{"rendered":"https:\/\/gegokids.ee\/?post_type=product&#038;p=20026"},"modified":"2026-02-09T01:54:07","modified_gmt":"2026-02-08T22:54:07","slug":"mm-sensoorne-narimislelu","status":"publish","type":"product","link":"https:\/\/gegokids.ee\/en\/product\/mm-sensoorne-narimislelu\/","title":{"rendered":"Marcus &amp; Marcus sensoorne n\u00e4rimislelu"},"content":{"rendered":"<p><span style=\"font-family: georgia, palatino, serif; color: #000000;\"><strong><span style=\"font-size: 12pt;\">Omadused ja hooldus:<\/span><\/strong><\/span><br \/>\n<span style=\"color: #000000;\"><span style=\"font-family: georgia, palatino, serif; font-size: 12pt;\">Toode on BPA\/ftalaatide vaba. Mitmekihiline n\u00e4rimislelu pind<\/span>\u00a0<span style=\"font-family: georgia, palatino, serif; font-size: 12pt;\">arendab beebi sensoorset tunnetust. Toode on valmistatud<\/span>\u00a0<span style=\"font-family: georgia, palatino, serif; font-size: 12pt;\">vastupidavast silikoonist, mis on \u00f5rn beebi igemete vastu.<\/span><\/span><br \/>\n<span style=\"color: #000000;\"><span style=\"font-family: georgia, palatino, serif; font-size: 12pt;\">N\u00e4rimislelu v\u00f5ib jahutada k\u00fclmkapis enne n\u00e4rimist. Toodet v\u00f5ib<\/span>\u00a0<span style=\"font-family: georgia, palatino, serif; font-size: 12pt;\">pesta n\u00f5udepesumasinas ning see on vastupidav temperatuuridele<\/span>\u00a0<span style=\"font-family: georgia, palatino, serif; font-size: 12pt;\">-20\u00b0C kuni 120\u00b0C. Sobib kasutamiseks 6. elukuust.<\/span><\/span><\/p>\n<p><span style=\"font-family: georgia, palatino, serif; color: #000000;\"><strong><span style=\"font-size: 12pt;\">M\u00f5\u00f5dud:<\/span><\/strong><\/span><br \/>\n<span style=\"font-family: georgia, palatino, serif; font-size: 12pt; color: #000000;\">9.4 x 1.7 x 7.6 cm\u00a0<\/span><\/p>\n<p><span style=\"font-family: georgia, palatino, serif; color: #000000;\"><strong><span style=\"font-size: 12pt;\">Materjal:<\/span><\/strong><\/span><br \/>\n<span style=\"font-family: georgia, palatino, serif; font-size: 12pt; color: #000000;\">Kemikaalide vaba toidusilikoon<\/span><\/p>","protected":false},"excerpt":{"rendered":"<p><span style=\"font-family: georgia, palatino, serif; font-size: 12pt; color: #000000;\">Tegemist ei ole tavalise beebile n\u00e4rimiseks m\u00f5eldud tootega, selle<\/span>\u00a0<span style=\"font-family: georgia, palatino, serif; font-size: 12pt; color: #000000;\">muudab eriliseks kuni 5 erineva tekstuuriga tasapinda. Marcus &amp;<\/span>\u00a0<span style=\"font-family: georgia, palatino, serif; font-size: 12pt; color: #000000;\">Marcus sensoorne n\u00e4rimislelu on disainitud simuleerimaks toidu<\/span>\u00a0<span style=\"font-family: georgia, palatino, serif; font-size: 12pt; color: #000000;\">erinevaid tekstuure. Tegemist on v\u00e4ga kerge ja vastupidava<\/span>\u00a0<span style=\"font-family: georgia, palatino, serif; font-size: 12pt; color: #000000;\">n\u00e4rimiseks m\u00f5eldud leluga, mis aitab tasapisi beebidel harjuda<\/span>\u00a0<span style=\"font-family: georgia, palatino, serif; font-size: 12pt; color: #000000;\">erinevate toitude tekstuuridega.<\/span><\/p>\n<p><span style=\"font-family: georgia, palatino, serif; font-size: 12pt; color: #000000;\"><strong>Tarne 3-8 t\u00f6\u00f6p\u00e4eva!<\/strong><\/span><\/p>","protected":false},"featured_media":21961,"comment_status":"closed","ping_status":"closed","template":"","meta":[],"product_brand":[455],"product_cat":[285,423],"product_tag":[457],"class_list":{"0":"post-20026","1":"product","2":"type-product","3":"status-publish","4":"has-post-thumbnail","6":"product_brand-marcus-marcus","7":"product_cat-koik","8":"product_cat-laste-vannimanguasjad","9":"product_tag-beebidele-0-1-a","11":"first","12":"instock","13":"shipping-taxable","14":"purchasable","15":"product-type-variable"},"yoast_head":"<!-- This site is optimized with the Yoast SEO plugin v26.9 - https:\/\/yoast.com\/product\/yoast-seo-wordpress\/ -->\n<title>Marcus &amp; Marcus sensoorne n\u00e4rimislelu | Gegokids<\/title>\n<meta name=\"description\" content=\"Mitme tekstuuriga silikoonist n\u00e4rimislelu beebidele, mis toetab suu sensoorse arengu kujunemist. Marcus &amp; Marcus n\u00e4rimislelu sobib alates 6. elukuust.\" \/>\n<meta name=\"robots\" content=\"index, follow, max-snippet:-1, max-image-preview:large, max-video-preview:-1\" \/>\n<link rel=\"canonical\" href=\"https:\/\/gegokids.ee\/en\/product\/mm-sensoorne-narimislelu\/\" \/>\n<meta property=\"og:locale\" content=\"en_US\" \/>\n<meta property=\"og:type\" content=\"article\" \/>\n<meta property=\"og:title\" content=\"Marcus &amp; Marcus sensoorne n\u00e4rimislelu | Gegokids\" \/>\n<meta property=\"og:description\" content=\"Mitme tekstuuriga silikoonist n\u00e4rimislelu beebidele, mis toetab suu sensoorse arengu kujunemist. Marcus &amp; Marcus n\u00e4rimislelu sobib alates 6. elukuust.\" \/>\n<meta property=\"og:url\" content=\"https:\/\/gegokids.ee\/en\/product\/mm-sensoorne-narimislelu\/\" \/>\n<meta property=\"og:site_name\" content=\"Gegokids\" \/>\n<meta property=\"article:publisher\" content=\"https:\/\/www.facebook.com\/GegoKids\" \/>\n<meta property=\"article:modified_time\" content=\"2026-02-08T22:54:07+00:00\" \/>\n<meta property=\"og:image\" content=\"https:\/\/gegokids.ee\/wp-content\/uploads\/2022\/06\/MM-Sensoorne-Narimislelu-Punane.png\" \/>\n\t<meta property=\"og:image:width\" content=\"800\" \/>\n\t<meta property=\"og:image:height\" content=\"533\" \/>\n\t<meta property=\"og:image:type\" content=\"image\/png\" \/>\n<meta name=\"twitter:card\" content=\"summary_large_image\" \/>\n<meta name=\"twitter:label1\" content=\"Est. reading time\" \/>\n\t<meta name=\"twitter:data1\" content=\"1 minute\" \/>\n<script type=\"application\/ld+json\" class=\"yoast-schema-graph\">{\"@context\":\"https:\/\/schema.org\",\"@graph\":[{\"@type\":\"WebPage\",\"@id\":\"https:\/\/gegokids.ee\/toode\/mm-sensoorne-narimislelu\/\",\"url\":\"https:\/\/gegokids.ee\/toode\/mm-sensoorne-narimislelu\/\",\"name\":\"Marcus &amp; Marcus sensoorne n\u00e4rimislelu | Gegokids\",\"isPartOf\":{\"@id\":\"https:\/\/gegokids.ee\/#website\"},\"primaryImageOfPage\":{\"@id\":\"https:\/\/gegokids.ee\/toode\/mm-sensoorne-narimislelu\/#primaryimage\"},\"image\":{\"@id\":\"https:\/\/gegokids.ee\/toode\/mm-sensoorne-narimislelu\/#primaryimage\"},\"thumbnailUrl\":\"https:\/\/gegokids.ee\/wp-content\/uploads\/2022\/06\/MM-Sensoorne-Narimislelu-Punane.png\",\"datePublished\":\"2022-06-18T13:32:55+00:00\",\"dateModified\":\"2026-02-08T22:54:07+00:00\",\"description\":\"Mitme tekstuuriga silikoonist n\u00e4rimislelu beebidele, mis toetab suu sensoorse arengu kujunemist. Marcus & Marcus n\u00e4rimislelu sobib alates 6. elukuust.\",\"breadcrumb\":{\"@id\":\"https:\/\/gegokids.ee\/toode\/mm-sensoorne-narimislelu\/#breadcrumb\"},\"inLanguage\":\"en-US\",\"potentialAction\":[{\"@type\":\"ReadAction\",\"target\":[\"https:\/\/gegokids.ee\/toode\/mm-sensoorne-narimislelu\/\"]}]},{\"@type\":\"ImageObject\",\"inLanguage\":\"en-US\",\"@id\":\"https:\/\/gegokids.ee\/toode\/mm-sensoorne-narimislelu\/#primaryimage\",\"url\":\"https:\/\/gegokids.ee\/wp-content\/uploads\/2022\/06\/MM-Sensoorne-Narimislelu-Punane.png\",\"contentUrl\":\"https:\/\/gegokids.ee\/wp-content\/uploads\/2022\/06\/MM-Sensoorne-Narimislelu-Punane.png\",\"width\":800,\"height\":533},{\"@type\":\"BreadcrumbList\",\"@id\":\"https:\/\/gegokids.ee\/toode\/mm-sensoorne-narimislelu\/#breadcrumb\",\"itemListElement\":[{\"@type\":\"ListItem\",\"position\":1,\"name\":\"Home\",\"item\":\"https:\/\/gegokids.ee\/en\/\"},{\"@type\":\"ListItem\",\"position\":2,\"name\":\"E-pood\",\"item\":\"https:\/\/gegokids.ee\/e-pood\/\"},{\"@type\":\"ListItem\",\"position\":3,\"name\":\"Marcus &amp; Marcus sensoorne n\u00e4rimislelu\"}]},{\"@type\":\"WebSite\",\"@id\":\"https:\/\/gegokids.ee\/#website\",\"url\":\"https:\/\/gegokids.ee\/\",\"name\":\"Gegokids\",\"description\":\"Kvaliteetsed ja turvalised laste m\u00e4nguasjad.\",\"publisher\":{\"@id\":\"https:\/\/gegokids.ee\/#organization\"},\"potentialAction\":[{\"@type\":\"SearchAction\",\"target\":{\"@type\":\"EntryPoint\",\"urlTemplate\":\"https:\/\/gegokids.ee\/?s={search_term_string}\"},\"query-input\":{\"@type\":\"PropertyValueSpecification\",\"valueRequired\":true,\"valueName\":\"search_term_string\"}}],\"inLanguage\":\"en-US\"},{\"@type\":\"Organization\",\"@id\":\"https:\/\/gegokids.ee\/#organization\",\"name\":\"Gegokids\",\"url\":\"https:\/\/gegokids.ee\/\",\"logo\":{\"@type\":\"ImageObject\",\"inLanguage\":\"en-US\",\"@id\":\"https:\/\/gegokids.ee\/#\/schema\/logo\/image\/\",\"url\":\"https:\/\/gegokids.ee\/wp-content\/uploads\/2022\/06\/logo2.png\",\"contentUrl\":\"https:\/\/gegokids.ee\/wp-content\/uploads\/2022\/06\/logo2.png\",\"width\":358,\"height\":104,\"caption\":\"Gegokids\"},\"image\":{\"@id\":\"https:\/\/gegokids.ee\/#\/schema\/logo\/image\/\"},\"sameAs\":[\"https:\/\/www.facebook.com\/GegoKids\",\"https:\/\/www.instagram.com\/gegokids.ee\/\"]}]}<\/script>\n<!-- \/ Yoast SEO plugin. -->","yoast_head_json":{"title":"Marcus &amp; Marcus sensoorne n\u00e4rimislelu | Gegokids","description":"Mitme tekstuuriga silikoonist n\u00e4rimislelu beebidele, mis toetab suu sensoorse arengu kujunemist. Marcus & Marcus n\u00e4rimislelu sobib alates 6. elukuust.","robots":{"index":"index","follow":"follow","max-snippet":"max-snippet:-1","max-image-preview":"max-image-preview:large","max-video-preview":"max-video-preview:-1"},"canonical":"https:\/\/gegokids.ee\/en\/product\/mm-sensoorne-narimislelu\/","og_locale":"en_US","og_type":"article","og_title":"Marcus &amp; Marcus sensoorne n\u00e4rimislelu | Gegokids","og_description":"Mitme tekstuuriga silikoonist n\u00e4rimislelu beebidele, mis toetab suu sensoorse arengu kujunemist. Marcus & Marcus n\u00e4rimislelu sobib alates 6. elukuust.","og_url":"https:\/\/gegokids.ee\/en\/product\/mm-sensoorne-narimislelu\/","og_site_name":"Gegokids","article_publisher":"https:\/\/www.facebook.com\/GegoKids","article_modified_time":"2026-02-08T22:54:07+00:00","og_image":[{"width":800,"height":533,"url":"https:\/\/gegokids.ee\/wp-content\/uploads\/2022\/06\/MM-Sensoorne-Narimislelu-Punane.png","type":"image\/png"}],"twitter_card":"summary_large_image","twitter_misc":{"Est. reading time":"1 minute"},"schema":{"@context":"https:\/\/schema.org","@graph":[{"@type":"WebPage","@id":"https:\/\/gegokids.ee\/toode\/mm-sensoorne-narimislelu\/","url":"https:\/\/gegokids.ee\/toode\/mm-sensoorne-narimislelu\/","name":"Marcus &amp; Marcus sensoorne n\u00e4rimislelu | Gegokids","isPartOf":{"@id":"https:\/\/gegokids.ee\/#website"},"primaryImageOfPage":{"@id":"https:\/\/gegokids.ee\/toode\/mm-sensoorne-narimislelu\/#primaryimage"},"image":{"@id":"https:\/\/gegokids.ee\/toode\/mm-sensoorne-narimislelu\/#primaryimage"},"thumbnailUrl":"https:\/\/gegokids.ee\/wp-content\/uploads\/2022\/06\/MM-Sensoorne-Narimislelu-Punane.png","datePublished":"2022-06-18T13:32:55+00:00","dateModified":"2026-02-08T22:54:07+00:00","description":"Mitme tekstuuriga silikoonist n\u00e4rimislelu beebidele, mis toetab suu sensoorse arengu kujunemist. Marcus & Marcus n\u00e4rimislelu sobib alates 6. elukuust.","breadcrumb":{"@id":"https:\/\/gegokids.ee\/toode\/mm-sensoorne-narimislelu\/#breadcrumb"},"inLanguage":"en-US","potentialAction":[{"@type":"ReadAction","target":["https:\/\/gegokids.ee\/toode\/mm-sensoorne-narimislelu\/"]}]},{"@type":"ImageObject","inLanguage":"en-US","@id":"https:\/\/gegokids.ee\/toode\/mm-sensoorne-narimislelu\/#primaryimage","url":"https:\/\/gegokids.ee\/wp-content\/uploads\/2022\/06\/MM-Sensoorne-Narimislelu-Punane.png","contentUrl":"https:\/\/gegokids.ee\/wp-content\/uploads\/2022\/06\/MM-Sensoorne-Narimislelu-Punane.png","width":800,"height":533},{"@type":"BreadcrumbList","@id":"https:\/\/gegokids.ee\/toode\/mm-sensoorne-narimislelu\/#breadcrumb","itemListElement":[{"@type":"ListItem","position":1,"name":"Home","item":"https:\/\/gegokids.ee\/en\/"},{"@type":"ListItem","position":2,"name":"E-pood","item":"https:\/\/gegokids.ee\/e-pood\/"},{"@type":"ListItem","position":3,"name":"Marcus &amp; Marcus sensoorne n\u00e4rimislelu"}]},{"@type":"WebSite","@id":"https:\/\/gegokids.ee\/#website","url":"https:\/\/gegokids.ee\/","name":"Gegokids","description":"Kvaliteetsed ja turvalised laste m\u00e4nguasjad.","publisher":{"@id":"https:\/\/gegokids.ee\/#organization"},"potentialAction":[{"@type":"SearchAction","target":{"@type":"EntryPoint","urlTemplate":"https:\/\/gegokids.ee\/?s={search_term_string}"},"query-input":{"@type":"PropertyValueSpecification","valueRequired":true,"valueName":"search_term_string"}}],"inLanguage":"en-US"},{"@type":"Organization","@id":"https:\/\/gegokids.ee\/#organization","name":"Gegokids","url":"https:\/\/gegokids.ee\/","logo":{"@type":"ImageObject","inLanguage":"en-US","@id":"https:\/\/gegokids.ee\/#\/schema\/logo\/image\/","url":"https:\/\/gegokids.ee\/wp-content\/uploads\/2022\/06\/logo2.png","contentUrl":"https:\/\/gegokids.ee\/wp-content\/uploads\/2022\/06\/logo2.png","width":358,"height":104,"caption":"Gegokids"},"image":{"@id":"https:\/\/gegokids.ee\/#\/schema\/logo\/image\/"},"sameAs":["https:\/\/www.facebook.com\/GegoKids","https:\/\/www.instagram.com\/gegokids.ee\/"]}]}},"_links":{"self":[{"href":"https:\/\/gegokids.ee\/en\/wp-json\/wp\/v2\/product\/20026","targetHints":{"allow":["GET"]}}],"collection":[{"href":"https:\/\/gegokids.ee\/en\/wp-json\/wp\/v2\/product"}],"about":[{"href":"https:\/\/gegokids.ee\/en\/wp-json\/wp\/v2\/types\/product"}],"replies":[{"embeddable":true,"href":"https:\/\/gegokids.ee\/en\/wp-json\/wp\/v2\/comments?post=20026"}],"version-history":[{"count":5,"href":"https:\/\/gegokids.ee\/en\/wp-json\/wp\/v2\/product\/20026\/revisions"}],"predecessor-version":[{"id":29080,"href":"https:\/\/gegokids.ee\/en\/wp-json\/wp\/v2\/product\/20026\/revisions\/29080"}],"wp:featuredmedia":[{"embeddable":true,"href":"https:\/\/gegokids.ee\/en\/wp-json\/wp\/v2\/media\/21961"}],"wp:attachment":[{"href":"https:\/\/gegokids.ee\/en\/wp-json\/wp\/v2\/media?parent=20026"}],"wp:term":[{"taxonomy":"product_brand","embeddable":true,"href":"https:\/\/gegokids.ee\/en\/wp-json\/wp\/v2\/product_brand?post=20026"},{"taxonomy":"product_cat","embeddable":true,"href":"https:\/\/gegokids.ee\/en\/wp-json\/wp\/v2\/product_cat?post=20026"},{"taxonomy":"product_tag","embeddable":true,"href":"https:\/\/gegokids.ee\/en\/wp-json\/wp\/v2\/product_tag?post=20026"}],"curies":[{"name":"wp","href":"https:\/\/api.w.org\/{rel}","templated":true}]}}