{"id":19998,"date":"2022-06-18T13:32:30","date_gmt":"2022-06-18T13:32:30","guid":{"rendered":"https:\/\/gegokids.ee\/?post_type=product&#038;p=19998"},"modified":"2026-02-08T18:38:58","modified_gmt":"2026-02-08T15:38:58","slug":"mm-sektoritega-taldrik","status":"publish","type":"product","link":"https:\/\/gegokids.ee\/en\/product\/mm-sektoritega-taldrik\/","title":{"rendered":"Marcus &amp; Marcus sektoritega taldrik"},"content":{"rendered":"<p><span style=\"font-family: georgia, palatino, serif; font-size: 12pt; color: #000000;\"><strong>Omadused:<\/strong><br \/>\nBPA\/Ftalaatide vaba<br \/>\nKaks kergesti haaratavat sanga<br \/>\nKolm eraldatud sektorit<\/span><\/p>\n<p><span style=\"font-family: georgia, palatino, serif; font-size: 12pt; color: #000000;\"><strong>Puhastamine ja hooldus:<\/strong><br \/>\nPestav n\u00f5udepesumasinas AINULT \u00fclemisel restil<br \/>\nS\u00fcgavk\u00fclmas kasutatav<br \/>\nMikrouunis kasutatav<br \/>\nAuruga steriliseeritav<br \/>\nPlekid on lihtsasti eemaldatavad sooja vee ja seebiga<\/span><\/p>\n<p><span style=\"font-family: georgia, palatino, serif; font-size: 12pt; color: #000000;\"><strong>M\u00f5\u00f5dud:<\/strong><br \/>\n16.7 x 2 x 25.7 cm<\/span><\/p>\n<p><span style=\"font-family: georgia, palatino, serif; font-size: 12pt; color: #000000;\"><strong>Materjal:<\/strong><br \/>\nToidusilikoon<\/span><\/p>\n<p><span style=\"font-family: georgia, palatino, serif; font-size: 12pt; color: #000000;\"><strong>Vastupidavus temperatuurid:<\/strong><br \/>\n-20\u00b0C kuni 220\u00b0C<br \/>\n<\/span><\/p>\n<p><span style=\"font-family: georgia, palatino, serif; font-size: 12pt; color: #000000;\"><strong>Vanus:<\/strong><br \/>\n12+ kuud<\/span><\/p>","protected":false},"excerpt":{"rendered":"<p><span style=\"font-size: 12pt; font-family: georgia, palatino, serif; color: #000000;\">Marcus &amp; Marcus sektoritega laste taldrikul on eraldi kolm sektorit,<\/span>\u00a0<span style=\"font-size: 12pt; font-family: georgia, palatino, serif; color: #000000;\">mis aitavad hoida toiduportsjonid eraldi. Taldrik on lapse jaoks<\/span>\u00a0<span style=\"font-size: 12pt; font-family: georgia, palatino, serif; color: #000000;\">lihtsasti liigutatav t\u00e4nu v\u00e4ikestele k\u00e4epidemetele. Erinevalt<\/span>\u00a0<span style=\"font-size: 12pt; font-family: georgia, palatino, serif; color: #000000;\">melamiinist on Marcus &amp; Marcus silikoonist taldrik t\u00e4ielikult<\/span>\u00a0<span style=\"font-size: 12pt; font-family: georgia, palatino, serif; color: #000000;\">purunemiskindel.<\/span><\/p>\n<p><span style=\"font-family: georgia, palatino, serif; color: #000000;\"><strong><span style=\"font-size: 12pt;\">Tarne 2-5 t\u00f6\u00f6p\u00e4eva!<\/span><\/strong><\/span><\/p>","protected":false},"featured_media":21981,"comment_status":"closed","ping_status":"closed","template":"","meta":[],"product_brand":[],"product_cat":[285,422],"product_tag":[474,457,458,461],"class_list":{"0":"post-19998","1":"product","2":"type-product","3":"status-publish","4":"has-post-thumbnail","6":"product_cat-koik","7":"product_cat-laste-soogikomplektid","8":"product_tag-soomistarvikud","9":"product_tag-beebidele-0-1-a","10":"product_tag-vaikelastele-1-3-a","11":"product_tag-461","13":"first","14":"instock","15":"shipping-taxable","16":"purchasable","17":"product-type-variable"},"yoast_head":"<!-- This site is optimized with the Yoast SEO plugin v26.9 - https:\/\/yoast.com\/product\/yoast-seo-wordpress\/ -->\n<title>Marcus &amp; Marcus sektoritega taldrik | Gegokids<\/title>\n<meta name=\"description\" content=\"Marcus &amp; Marcus sektoritega laste taldrikul on eraldi kolm sektorit,\u00a0mis aitavad hoida toiduportsjonid eraldi. Taldrik on lapse jaoks\u00a0lihtsasti liigutatav t\u00e4nu v\u00e4ikestele k\u00e4epidemetele. Erinevalt\u00a0melamiinist on Marcus &amp; Marcus silikoonist taldrik t\u00e4ielikult\u00a0purunemiskindel.\" \/>\n<meta name=\"robots\" content=\"index, follow, max-snippet:-1, max-image-preview:large, max-video-preview:-1\" \/>\n<link rel=\"canonical\" href=\"https:\/\/gegokids.ee\/en\/product\/mm-sektoritega-taldrik\/\" \/>\n<meta property=\"og:locale\" content=\"en_US\" \/>\n<meta property=\"og:type\" content=\"article\" \/>\n<meta property=\"og:title\" content=\"Marcus &amp; Marcus sektoritega taldrik | Gegokids\" \/>\n<meta property=\"og:description\" content=\"Marcus &amp; Marcus sektoritega laste taldrikul on eraldi kolm sektorit,\u00a0mis aitavad hoida toiduportsjonid eraldi. Taldrik on lapse jaoks\u00a0lihtsasti liigutatav t\u00e4nu v\u00e4ikestele k\u00e4epidemetele. Erinevalt\u00a0melamiinist on Marcus &amp; Marcus silikoonist taldrik t\u00e4ielikult\u00a0purunemiskindel.\" \/>\n<meta property=\"og:url\" content=\"https:\/\/gegokids.ee\/en\/product\/mm-sektoritega-taldrik\/\" \/>\n<meta property=\"og:site_name\" content=\"Gegokids\" \/>\n<meta property=\"article:publisher\" content=\"https:\/\/www.facebook.com\/GegoKids\" \/>\n<meta property=\"article:modified_time\" content=\"2026-02-08T15:38:58+00:00\" \/>\n<meta property=\"og:image\" content=\"https:\/\/gegokids.ee\/wp-content\/uploads\/2022\/06\/MM-Sektoritega-Taldrik-Pilt.png\" \/>\n\t<meta property=\"og:image:width\" content=\"800\" \/>\n\t<meta property=\"og:image:height\" content=\"533\" \/>\n\t<meta property=\"og:image:type\" content=\"image\/png\" \/>\n<meta name=\"twitter:card\" content=\"summary_large_image\" \/>\n<meta name=\"twitter:label1\" content=\"Est. reading time\" \/>\n\t<meta name=\"twitter:data1\" content=\"1 minute\" \/>\n<script type=\"application\/ld+json\" class=\"yoast-schema-graph\">{\"@context\":\"https:\/\/schema.org\",\"@graph\":[{\"@type\":\"WebPage\",\"@id\":\"https:\/\/gegokids.ee\/toode\/mm-sektoritega-taldrik\/\",\"url\":\"https:\/\/gegokids.ee\/toode\/mm-sektoritega-taldrik\/\",\"name\":\"Marcus &amp; Marcus sektoritega taldrik | Gegokids\",\"isPartOf\":{\"@id\":\"https:\/\/gegokids.ee\/#website\"},\"primaryImageOfPage\":{\"@id\":\"https:\/\/gegokids.ee\/toode\/mm-sektoritega-taldrik\/#primaryimage\"},\"image\":{\"@id\":\"https:\/\/gegokids.ee\/toode\/mm-sektoritega-taldrik\/#primaryimage\"},\"thumbnailUrl\":\"https:\/\/gegokids.ee\/wp-content\/uploads\/2022\/06\/MM-Sektoritega-Taldrik.png\",\"datePublished\":\"2022-06-18T13:32:30+00:00\",\"dateModified\":\"2026-02-08T15:38:58+00:00\",\"description\":\"Marcus & Marcus sektoritega laste taldrikul on eraldi kolm sektorit,\u00a0mis aitavad hoida toiduportsjonid eraldi. Taldrik on lapse jaoks\u00a0lihtsasti liigutatav t\u00e4nu v\u00e4ikestele k\u00e4epidemetele. Erinevalt\u00a0melamiinist on Marcus & Marcus silikoonist taldrik t\u00e4ielikult\u00a0purunemiskindel.\",\"breadcrumb\":{\"@id\":\"https:\/\/gegokids.ee\/toode\/mm-sektoritega-taldrik\/#breadcrumb\"},\"inLanguage\":\"en-US\",\"potentialAction\":[{\"@type\":\"ReadAction\",\"target\":[\"https:\/\/gegokids.ee\/toode\/mm-sektoritega-taldrik\/\"]}]},{\"@type\":\"ImageObject\",\"inLanguage\":\"en-US\",\"@id\":\"https:\/\/gegokids.ee\/toode\/mm-sektoritega-taldrik\/#primaryimage\",\"url\":\"https:\/\/gegokids.ee\/wp-content\/uploads\/2022\/06\/MM-Sektoritega-Taldrik.png\",\"contentUrl\":\"https:\/\/gegokids.ee\/wp-content\/uploads\/2022\/06\/MM-Sektoritega-Taldrik.png\",\"width\":800,\"height\":533},{\"@type\":\"BreadcrumbList\",\"@id\":\"https:\/\/gegokids.ee\/toode\/mm-sektoritega-taldrik\/#breadcrumb\",\"itemListElement\":[{\"@type\":\"ListItem\",\"position\":1,\"name\":\"Home\",\"item\":\"https:\/\/gegokids.ee\/en\/\"},{\"@type\":\"ListItem\",\"position\":2,\"name\":\"E-pood\",\"item\":\"https:\/\/gegokids.ee\/e-pood\/\"},{\"@type\":\"ListItem\",\"position\":3,\"name\":\"Marcus &amp; Marcus sektoritega taldrik\"}]},{\"@type\":\"WebSite\",\"@id\":\"https:\/\/gegokids.ee\/#website\",\"url\":\"https:\/\/gegokids.ee\/\",\"name\":\"Gegokids\",\"description\":\"Kvaliteetsed ja turvalised laste m\u00e4nguasjad.\",\"publisher\":{\"@id\":\"https:\/\/gegokids.ee\/#organization\"},\"potentialAction\":[{\"@type\":\"SearchAction\",\"target\":{\"@type\":\"EntryPoint\",\"urlTemplate\":\"https:\/\/gegokids.ee\/?s={search_term_string}\"},\"query-input\":{\"@type\":\"PropertyValueSpecification\",\"valueRequired\":true,\"valueName\":\"search_term_string\"}}],\"inLanguage\":\"en-US\"},{\"@type\":\"Organization\",\"@id\":\"https:\/\/gegokids.ee\/#organization\",\"name\":\"Gegokids\",\"url\":\"https:\/\/gegokids.ee\/\",\"logo\":{\"@type\":\"ImageObject\",\"inLanguage\":\"en-US\",\"@id\":\"https:\/\/gegokids.ee\/#\/schema\/logo\/image\/\",\"url\":\"https:\/\/gegokids.ee\/wp-content\/uploads\/2022\/06\/logo2.png\",\"contentUrl\":\"https:\/\/gegokids.ee\/wp-content\/uploads\/2022\/06\/logo2.png\",\"width\":358,\"height\":104,\"caption\":\"Gegokids\"},\"image\":{\"@id\":\"https:\/\/gegokids.ee\/#\/schema\/logo\/image\/\"},\"sameAs\":[\"https:\/\/www.facebook.com\/GegoKids\",\"https:\/\/www.instagram.com\/gegokids.ee\/\"]}]}<\/script>\n<!-- \/ Yoast SEO plugin. -->","yoast_head_json":{"title":"Marcus &amp; Marcus sektoritega taldrik | Gegokids","description":"Marcus & Marcus sektoritega laste taldrikul on eraldi kolm sektorit,\u00a0mis aitavad hoida toiduportsjonid eraldi. Taldrik on lapse jaoks\u00a0lihtsasti liigutatav t\u00e4nu v\u00e4ikestele k\u00e4epidemetele. Erinevalt\u00a0melamiinist on Marcus & Marcus silikoonist taldrik t\u00e4ielikult\u00a0purunemiskindel.","robots":{"index":"index","follow":"follow","max-snippet":"max-snippet:-1","max-image-preview":"max-image-preview:large","max-video-preview":"max-video-preview:-1"},"canonical":"https:\/\/gegokids.ee\/en\/product\/mm-sektoritega-taldrik\/","og_locale":"en_US","og_type":"article","og_title":"Marcus &amp; Marcus sektoritega taldrik | Gegokids","og_description":"Marcus & Marcus sektoritega laste taldrikul on eraldi kolm sektorit,\u00a0mis aitavad hoida toiduportsjonid eraldi. Taldrik on lapse jaoks\u00a0lihtsasti liigutatav t\u00e4nu v\u00e4ikestele k\u00e4epidemetele. Erinevalt\u00a0melamiinist on Marcus & Marcus silikoonist taldrik t\u00e4ielikult\u00a0purunemiskindel.","og_url":"https:\/\/gegokids.ee\/en\/product\/mm-sektoritega-taldrik\/","og_site_name":"Gegokids","article_publisher":"https:\/\/www.facebook.com\/GegoKids","article_modified_time":"2026-02-08T15:38:58+00:00","og_image":[{"width":800,"height":533,"url":"https:\/\/gegokids.ee\/wp-content\/uploads\/2022\/06\/MM-Sektoritega-Taldrik-Pilt.png","type":"image\/png"}],"twitter_card":"summary_large_image","twitter_misc":{"Est. reading time":"1 minute"},"schema":{"@context":"https:\/\/schema.org","@graph":[{"@type":"WebPage","@id":"https:\/\/gegokids.ee\/toode\/mm-sektoritega-taldrik\/","url":"https:\/\/gegokids.ee\/toode\/mm-sektoritega-taldrik\/","name":"Marcus &amp; Marcus sektoritega taldrik | Gegokids","isPartOf":{"@id":"https:\/\/gegokids.ee\/#website"},"primaryImageOfPage":{"@id":"https:\/\/gegokids.ee\/toode\/mm-sektoritega-taldrik\/#primaryimage"},"image":{"@id":"https:\/\/gegokids.ee\/toode\/mm-sektoritega-taldrik\/#primaryimage"},"thumbnailUrl":"https:\/\/gegokids.ee\/wp-content\/uploads\/2022\/06\/MM-Sektoritega-Taldrik.png","datePublished":"2022-06-18T13:32:30+00:00","dateModified":"2026-02-08T15:38:58+00:00","description":"Marcus & Marcus sektoritega laste taldrikul on eraldi kolm sektorit,\u00a0mis aitavad hoida toiduportsjonid eraldi. Taldrik on lapse jaoks\u00a0lihtsasti liigutatav t\u00e4nu v\u00e4ikestele k\u00e4epidemetele. Erinevalt\u00a0melamiinist on Marcus & Marcus silikoonist taldrik t\u00e4ielikult\u00a0purunemiskindel.","breadcrumb":{"@id":"https:\/\/gegokids.ee\/toode\/mm-sektoritega-taldrik\/#breadcrumb"},"inLanguage":"en-US","potentialAction":[{"@type":"ReadAction","target":["https:\/\/gegokids.ee\/toode\/mm-sektoritega-taldrik\/"]}]},{"@type":"ImageObject","inLanguage":"en-US","@id":"https:\/\/gegokids.ee\/toode\/mm-sektoritega-taldrik\/#primaryimage","url":"https:\/\/gegokids.ee\/wp-content\/uploads\/2022\/06\/MM-Sektoritega-Taldrik.png","contentUrl":"https:\/\/gegokids.ee\/wp-content\/uploads\/2022\/06\/MM-Sektoritega-Taldrik.png","width":800,"height":533},{"@type":"BreadcrumbList","@id":"https:\/\/gegokids.ee\/toode\/mm-sektoritega-taldrik\/#breadcrumb","itemListElement":[{"@type":"ListItem","position":1,"name":"Home","item":"https:\/\/gegokids.ee\/en\/"},{"@type":"ListItem","position":2,"name":"E-pood","item":"https:\/\/gegokids.ee\/e-pood\/"},{"@type":"ListItem","position":3,"name":"Marcus &amp; Marcus sektoritega taldrik"}]},{"@type":"WebSite","@id":"https:\/\/gegokids.ee\/#website","url":"https:\/\/gegokids.ee\/","name":"Gegokids","description":"Kvaliteetsed ja turvalised laste m\u00e4nguasjad.","publisher":{"@id":"https:\/\/gegokids.ee\/#organization"},"potentialAction":[{"@type":"SearchAction","target":{"@type":"EntryPoint","urlTemplate":"https:\/\/gegokids.ee\/?s={search_term_string}"},"query-input":{"@type":"PropertyValueSpecification","valueRequired":true,"valueName":"search_term_string"}}],"inLanguage":"en-US"},{"@type":"Organization","@id":"https:\/\/gegokids.ee\/#organization","name":"Gegokids","url":"https:\/\/gegokids.ee\/","logo":{"@type":"ImageObject","inLanguage":"en-US","@id":"https:\/\/gegokids.ee\/#\/schema\/logo\/image\/","url":"https:\/\/gegokids.ee\/wp-content\/uploads\/2022\/06\/logo2.png","contentUrl":"https:\/\/gegokids.ee\/wp-content\/uploads\/2022\/06\/logo2.png","width":358,"height":104,"caption":"Gegokids"},"image":{"@id":"https:\/\/gegokids.ee\/#\/schema\/logo\/image\/"},"sameAs":["https:\/\/www.facebook.com\/GegoKids","https:\/\/www.instagram.com\/gegokids.ee\/"]}]}},"_links":{"self":[{"href":"https:\/\/gegokids.ee\/en\/wp-json\/wp\/v2\/product\/19998","targetHints":{"allow":["GET"]}}],"collection":[{"href":"https:\/\/gegokids.ee\/en\/wp-json\/wp\/v2\/product"}],"about":[{"href":"https:\/\/gegokids.ee\/en\/wp-json\/wp\/v2\/types\/product"}],"replies":[{"embeddable":true,"href":"https:\/\/gegokids.ee\/en\/wp-json\/wp\/v2\/comments?post=19998"}],"version-history":[{"count":5,"href":"https:\/\/gegokids.ee\/en\/wp-json\/wp\/v2\/product\/19998\/revisions"}],"predecessor-version":[{"id":28995,"href":"https:\/\/gegokids.ee\/en\/wp-json\/wp\/v2\/product\/19998\/revisions\/28995"}],"wp:featuredmedia":[{"embeddable":true,"href":"https:\/\/gegokids.ee\/en\/wp-json\/wp\/v2\/media\/21981"}],"wp:attachment":[{"href":"https:\/\/gegokids.ee\/en\/wp-json\/wp\/v2\/media?parent=19998"}],"wp:term":[{"taxonomy":"product_brand","embeddable":true,"href":"https:\/\/gegokids.ee\/en\/wp-json\/wp\/v2\/product_brand?post=19998"},{"taxonomy":"product_cat","embeddable":true,"href":"https:\/\/gegokids.ee\/en\/wp-json\/wp\/v2\/product_cat?post=19998"},{"taxonomy":"product_tag","embeddable":true,"href":"https:\/\/gegokids.ee\/en\/wp-json\/wp\/v2\/product_tag?post=19998"}],"curies":[{"name":"wp","href":"https:\/\/api.w.org\/{rel}","templated":true}]}}