{"id":19967,"date":"2022-06-18T13:32:03","date_gmt":"2022-06-18T13:32:03","guid":{"rendered":"https:\/\/gegokids.ee\/?post_type=product&#038;p=19967"},"modified":"2026-02-08T11:22:26","modified_gmt":"2026-02-08T08:22:26","slug":"mm-iminapaga-taldrik","status":"publish","type":"product","link":"https:\/\/gegokids.ee\/en\/product\/mm-iminapaga-taldrik\/","title":{"rendered":"Marcus &amp; Marcus iminapaga taldrik"},"content":{"rendered":"<p><span style=\"font-family: georgia, palatino, serif; font-size: 12pt; color: #000000;\"><strong>Omadused:<\/strong><\/span><\/p>\n<ul>\n<li><span style=\"font-family: georgia, palatino, serif; font-size: 12pt; color: #000000;\">BPA\/Ftalaatide vaba<br \/>\n<\/span><\/li>\n<li><span style=\"font-family: georgia, palatino, serif; font-size: 12pt; color: #000000;\">V\u00e4ga tugev iminapaga kinnitus, laua k\u00fcljest eemaldamiseks spetsiaalne \u00f5hu vahele laskmise lapats<br \/>\n<\/span><\/li>\n<li><span style=\"font-family: georgia, palatino, serif; font-size: 12pt; color: #000000;\">Kaks kergesti haaratavad sanga<\/span><\/li>\n<\/ul>\n<p>&nbsp;<\/p>\n<p><span style=\"font-family: georgia, palatino, serif; font-size: 12pt; color: #000000;\"><strong>Puhastamine ja hooldus:<\/strong><br \/>\n<\/span><\/p>\n<ul>\n<li><span style=\"font-family: georgia, palatino, serif; font-size: 12pt; color: #000000;\">Pestav n\u00f5udepesumasinas, AINULT \u00fclemisel restil<br \/>\n<\/span><\/li>\n<li><span style=\"font-family: georgia, palatino, serif; font-size: 12pt; color: #000000;\">S\u00fcgavk\u00fclmas kasutatav<br \/>\n<\/span><\/li>\n<li><span style=\"font-family: georgia, palatino, serif; font-size: 12pt; color: #000000;\">Mikrolaineahjus kasutatav<br \/>\n<\/span><\/li>\n<li><span style=\"font-family: georgia, palatino, serif; font-size: 12pt; color: #000000;\">Auruga steriliseerituav<br \/>\n<\/span><\/li>\n<li><span style=\"font-family: georgia, palatino, serif; font-size: 12pt; color: #000000;\">Plekid lihtsasti eemaldatavad sooja vee ja seebiga<\/span><\/li>\n<\/ul>\n<p><span style=\"font-family: georgia, palatino, serif; font-size: 12pt; color: #000000;\"><strong>M\u00f5\u00f5dud:<\/strong><br \/>\n17.9 x 3.4 x 17.8 cm<\/span><\/p>\n<p><span style=\"font-family: georgia, palatino, serif; font-size: 12pt; color: #000000;\"><strong>Materjal:<\/strong><br \/>\nToidusilikoon<\/span><\/p>\n<p><span style=\"font-family: georgia, palatino, serif; font-size: 12pt; color: #000000;\"><strong>Vastupidavus temperatuurid:<\/strong><br \/>\n-20\u00b0C kuni 220\u00b0C<\/span><\/p>\n<p><span style=\"font-family: georgia, palatino, serif; font-size: 12pt; color: #000000;\"><strong>Vanus:<\/strong><br \/>\n12 kuud+<\/span><\/p>\n<p>&nbsp;<\/p>","protected":false},"excerpt":{"rendered":"<p><span style=\"font-family: georgia, palatino, serif; font-size: 12pt; color: #000000;\">Iminapaga s\u00f6\u00f6gilaua k\u00fclge kinnitatav kemikaalide vabast toidusilikoonist taldrik annab lastevanematele v\u00e4ikelapse s\u00f6\u00f6mise ajal s\u00fcdamerahu, et taldrik on kindlalt oma kohal paigal. Taldriku p\u00f5hjas olev iminapp kinnitub turvaliselt v\u00e4ga k\u00f5vasti s\u00f6\u00f6gilaua k\u00fclge ning laps ei saa taldrikut oma kohalt liigutada. Taldrik eemaldub lihtsalt vaakumist vastavast sildikesest t\u00f5mmates. <\/span><\/p>\n<p><span style=\"font-family: georgia, palatino, serif; font-size: 12pt; color: #000000;\"><strong>Tarne 2-5 t\u00f6\u00f6p\u00e4eva!<\/strong><\/span><\/p>","protected":false},"featured_media":21990,"comment_status":"closed","ping_status":"closed","template":"","meta":[],"product_brand":[455],"product_cat":[285,422],"product_tag":[474,457,458],"class_list":{"0":"post-19967","1":"product","2":"type-product","3":"status-publish","4":"has-post-thumbnail","6":"product_brand-marcus-marcus","7":"product_cat-koik","8":"product_cat-laste-soogikomplektid","9":"product_tag-soomistarvikud","10":"product_tag-beebidele-0-1-a","11":"product_tag-vaikelastele-1-3-a","13":"first","14":"instock","15":"shipping-taxable","16":"purchasable","17":"product-type-variable"},"yoast_head":"<!-- This site is optimized with the Yoast SEO plugin v26.9 - https:\/\/yoast.com\/product\/yoast-seo-wordpress\/ -->\n<title>Marcus &amp; Marcus iminapaga taldrik | Gegokids<\/title>\n<meta name=\"description\" content=\"Iminapaga s\u00f6\u00f6gilaua k\u00fclge kinnitatav kemikaalide vabast toidusilikoonist taldrik annab lastevanematele v\u00e4ikelapse s\u00f6\u00f6mise ajal s\u00fcdamerahu, et taldrik on kindlalt oma kohal paigal. Taldriku p\u00f5hjas olev iminapp kinnitub turvaliselt v\u00e4ga k\u00f5vasti s\u00f6\u00f6gilaua k\u00fclge ning laps ei saa taldrikut oma kohalt liigutada. Taldrik eemaldub lihtsalt vaakumist vastavast sildikesest t\u00f5mmates.\" \/>\n<meta name=\"robots\" content=\"index, follow, max-snippet:-1, max-image-preview:large, max-video-preview:-1\" \/>\n<link rel=\"canonical\" href=\"https:\/\/gegokids.ee\/en\/product\/mm-iminapaga-taldrik\/\" \/>\n<meta property=\"og:locale\" content=\"en_US\" \/>\n<meta property=\"og:type\" content=\"article\" \/>\n<meta property=\"og:title\" content=\"Marcus &amp; Marcus iminapaga taldrik | Gegokids\" \/>\n<meta property=\"og:description\" content=\"Iminapaga s\u00f6\u00f6gilaua k\u00fclge kinnitatav kemikaalide vabast toidusilikoonist taldrik annab lastevanematele v\u00e4ikelapse s\u00f6\u00f6mise ajal s\u00fcdamerahu, et taldrik on kindlalt oma kohal paigal. Taldriku p\u00f5hjas olev iminapp kinnitub turvaliselt v\u00e4ga k\u00f5vasti s\u00f6\u00f6gilaua k\u00fclge ning laps ei saa taldrikut oma kohalt liigutada. Taldrik eemaldub lihtsalt vaakumist vastavast sildikesest t\u00f5mmates.\" \/>\n<meta property=\"og:url\" content=\"https:\/\/gegokids.ee\/en\/product\/mm-iminapaga-taldrik\/\" \/>\n<meta property=\"og:site_name\" content=\"Gegokids\" \/>\n<meta property=\"article:publisher\" content=\"https:\/\/www.facebook.com\/GegoKids\" \/>\n<meta property=\"article:modified_time\" content=\"2026-02-08T08:22:26+00:00\" \/>\n<meta property=\"og:image\" content=\"https:\/\/gegokids.ee\/wp-content\/uploads\/2022\/06\/MM-Iminapaga-Taldrik-Shoot.png\" \/>\n\t<meta property=\"og:image:width\" content=\"800\" \/>\n\t<meta property=\"og:image:height\" content=\"533\" \/>\n\t<meta property=\"og:image:type\" content=\"image\/png\" \/>\n<meta name=\"twitter:card\" content=\"summary_large_image\" \/>\n<meta name=\"twitter:label1\" content=\"Est. reading time\" \/>\n\t<meta name=\"twitter:data1\" content=\"1 minute\" \/>\n<script type=\"application\/ld+json\" class=\"yoast-schema-graph\">{\"@context\":\"https:\/\/schema.org\",\"@graph\":[{\"@type\":\"WebPage\",\"@id\":\"https:\/\/gegokids.ee\/toode\/mm-iminapaga-taldrik\/\",\"url\":\"https:\/\/gegokids.ee\/toode\/mm-iminapaga-taldrik\/\",\"name\":\"Marcus &amp; Marcus iminapaga taldrik | Gegokids\",\"isPartOf\":{\"@id\":\"https:\/\/gegokids.ee\/#website\"},\"primaryImageOfPage\":{\"@id\":\"https:\/\/gegokids.ee\/toode\/mm-iminapaga-taldrik\/#primaryimage\"},\"image\":{\"@id\":\"https:\/\/gegokids.ee\/toode\/mm-iminapaga-taldrik\/#primaryimage\"},\"thumbnailUrl\":\"https:\/\/gegokids.ee\/wp-content\/uploads\/2022\/06\/MM-Iminapaga-Taldrik-Kollane.png\",\"datePublished\":\"2022-06-18T13:32:03+00:00\",\"dateModified\":\"2026-02-08T08:22:26+00:00\",\"description\":\"Iminapaga s\u00f6\u00f6gilaua k\u00fclge kinnitatav kemikaalide vabast toidusilikoonist taldrik annab lastevanematele v\u00e4ikelapse s\u00f6\u00f6mise ajal s\u00fcdamerahu, et taldrik on kindlalt oma kohal paigal. Taldriku p\u00f5hjas olev iminapp kinnitub turvaliselt v\u00e4ga k\u00f5vasti s\u00f6\u00f6gilaua k\u00fclge ning laps ei saa taldrikut oma kohalt liigutada. Taldrik eemaldub lihtsalt vaakumist vastavast sildikesest t\u00f5mmates.\",\"breadcrumb\":{\"@id\":\"https:\/\/gegokids.ee\/toode\/mm-iminapaga-taldrik\/#breadcrumb\"},\"inLanguage\":\"en-US\",\"potentialAction\":[{\"@type\":\"ReadAction\",\"target\":[\"https:\/\/gegokids.ee\/toode\/mm-iminapaga-taldrik\/\"]}]},{\"@type\":\"ImageObject\",\"inLanguage\":\"en-US\",\"@id\":\"https:\/\/gegokids.ee\/toode\/mm-iminapaga-taldrik\/#primaryimage\",\"url\":\"https:\/\/gegokids.ee\/wp-content\/uploads\/2022\/06\/MM-Iminapaga-Taldrik-Kollane.png\",\"contentUrl\":\"https:\/\/gegokids.ee\/wp-content\/uploads\/2022\/06\/MM-Iminapaga-Taldrik-Kollane.png\",\"width\":800,\"height\":533},{\"@type\":\"BreadcrumbList\",\"@id\":\"https:\/\/gegokids.ee\/toode\/mm-iminapaga-taldrik\/#breadcrumb\",\"itemListElement\":[{\"@type\":\"ListItem\",\"position\":1,\"name\":\"Home\",\"item\":\"https:\/\/gegokids.ee\/en\/\"},{\"@type\":\"ListItem\",\"position\":2,\"name\":\"E-pood\",\"item\":\"https:\/\/gegokids.ee\/e-pood\/\"},{\"@type\":\"ListItem\",\"position\":3,\"name\":\"Marcus &amp; Marcus iminapaga taldrik\"}]},{\"@type\":\"WebSite\",\"@id\":\"https:\/\/gegokids.ee\/#website\",\"url\":\"https:\/\/gegokids.ee\/\",\"name\":\"Gegokids\",\"description\":\"Kvaliteetsed ja turvalised laste m\u00e4nguasjad.\",\"publisher\":{\"@id\":\"https:\/\/gegokids.ee\/#organization\"},\"potentialAction\":[{\"@type\":\"SearchAction\",\"target\":{\"@type\":\"EntryPoint\",\"urlTemplate\":\"https:\/\/gegokids.ee\/?s={search_term_string}\"},\"query-input\":{\"@type\":\"PropertyValueSpecification\",\"valueRequired\":true,\"valueName\":\"search_term_string\"}}],\"inLanguage\":\"en-US\"},{\"@type\":\"Organization\",\"@id\":\"https:\/\/gegokids.ee\/#organization\",\"name\":\"Gegokids\",\"url\":\"https:\/\/gegokids.ee\/\",\"logo\":{\"@type\":\"ImageObject\",\"inLanguage\":\"en-US\",\"@id\":\"https:\/\/gegokids.ee\/#\/schema\/logo\/image\/\",\"url\":\"https:\/\/gegokids.ee\/wp-content\/uploads\/2022\/06\/logo2.png\",\"contentUrl\":\"https:\/\/gegokids.ee\/wp-content\/uploads\/2022\/06\/logo2.png\",\"width\":358,\"height\":104,\"caption\":\"Gegokids\"},\"image\":{\"@id\":\"https:\/\/gegokids.ee\/#\/schema\/logo\/image\/\"},\"sameAs\":[\"https:\/\/www.facebook.com\/GegoKids\",\"https:\/\/www.instagram.com\/gegokids.ee\/\"]}]}<\/script>\n<!-- \/ Yoast SEO plugin. -->","yoast_head_json":{"title":"Marcus &amp; Marcus iminapaga taldrik | Gegokids","description":"Iminapaga s\u00f6\u00f6gilaua k\u00fclge kinnitatav kemikaalide vabast toidusilikoonist taldrik annab lastevanematele v\u00e4ikelapse s\u00f6\u00f6mise ajal s\u00fcdamerahu, et taldrik on kindlalt oma kohal paigal. Taldriku p\u00f5hjas olev iminapp kinnitub turvaliselt v\u00e4ga k\u00f5vasti s\u00f6\u00f6gilaua k\u00fclge ning laps ei saa taldrikut oma kohalt liigutada. Taldrik eemaldub lihtsalt vaakumist vastavast sildikesest t\u00f5mmates.","robots":{"index":"index","follow":"follow","max-snippet":"max-snippet:-1","max-image-preview":"max-image-preview:large","max-video-preview":"max-video-preview:-1"},"canonical":"https:\/\/gegokids.ee\/en\/product\/mm-iminapaga-taldrik\/","og_locale":"en_US","og_type":"article","og_title":"Marcus &amp; Marcus iminapaga taldrik | Gegokids","og_description":"Iminapaga s\u00f6\u00f6gilaua k\u00fclge kinnitatav kemikaalide vabast toidusilikoonist taldrik annab lastevanematele v\u00e4ikelapse s\u00f6\u00f6mise ajal s\u00fcdamerahu, et taldrik on kindlalt oma kohal paigal. Taldriku p\u00f5hjas olev iminapp kinnitub turvaliselt v\u00e4ga k\u00f5vasti s\u00f6\u00f6gilaua k\u00fclge ning laps ei saa taldrikut oma kohalt liigutada. Taldrik eemaldub lihtsalt vaakumist vastavast sildikesest t\u00f5mmates.","og_url":"https:\/\/gegokids.ee\/en\/product\/mm-iminapaga-taldrik\/","og_site_name":"Gegokids","article_publisher":"https:\/\/www.facebook.com\/GegoKids","article_modified_time":"2026-02-08T08:22:26+00:00","og_image":[{"width":800,"height":533,"url":"https:\/\/gegokids.ee\/wp-content\/uploads\/2022\/06\/MM-Iminapaga-Taldrik-Shoot.png","type":"image\/png"}],"twitter_card":"summary_large_image","twitter_misc":{"Est. reading time":"1 minute"},"schema":{"@context":"https:\/\/schema.org","@graph":[{"@type":"WebPage","@id":"https:\/\/gegokids.ee\/toode\/mm-iminapaga-taldrik\/","url":"https:\/\/gegokids.ee\/toode\/mm-iminapaga-taldrik\/","name":"Marcus &amp; Marcus iminapaga taldrik | Gegokids","isPartOf":{"@id":"https:\/\/gegokids.ee\/#website"},"primaryImageOfPage":{"@id":"https:\/\/gegokids.ee\/toode\/mm-iminapaga-taldrik\/#primaryimage"},"image":{"@id":"https:\/\/gegokids.ee\/toode\/mm-iminapaga-taldrik\/#primaryimage"},"thumbnailUrl":"https:\/\/gegokids.ee\/wp-content\/uploads\/2022\/06\/MM-Iminapaga-Taldrik-Kollane.png","datePublished":"2022-06-18T13:32:03+00:00","dateModified":"2026-02-08T08:22:26+00:00","description":"Iminapaga s\u00f6\u00f6gilaua k\u00fclge kinnitatav kemikaalide vabast toidusilikoonist taldrik annab lastevanematele v\u00e4ikelapse s\u00f6\u00f6mise ajal s\u00fcdamerahu, et taldrik on kindlalt oma kohal paigal. Taldriku p\u00f5hjas olev iminapp kinnitub turvaliselt v\u00e4ga k\u00f5vasti s\u00f6\u00f6gilaua k\u00fclge ning laps ei saa taldrikut oma kohalt liigutada. Taldrik eemaldub lihtsalt vaakumist vastavast sildikesest t\u00f5mmates.","breadcrumb":{"@id":"https:\/\/gegokids.ee\/toode\/mm-iminapaga-taldrik\/#breadcrumb"},"inLanguage":"en-US","potentialAction":[{"@type":"ReadAction","target":["https:\/\/gegokids.ee\/toode\/mm-iminapaga-taldrik\/"]}]},{"@type":"ImageObject","inLanguage":"en-US","@id":"https:\/\/gegokids.ee\/toode\/mm-iminapaga-taldrik\/#primaryimage","url":"https:\/\/gegokids.ee\/wp-content\/uploads\/2022\/06\/MM-Iminapaga-Taldrik-Kollane.png","contentUrl":"https:\/\/gegokids.ee\/wp-content\/uploads\/2022\/06\/MM-Iminapaga-Taldrik-Kollane.png","width":800,"height":533},{"@type":"BreadcrumbList","@id":"https:\/\/gegokids.ee\/toode\/mm-iminapaga-taldrik\/#breadcrumb","itemListElement":[{"@type":"ListItem","position":1,"name":"Home","item":"https:\/\/gegokids.ee\/en\/"},{"@type":"ListItem","position":2,"name":"E-pood","item":"https:\/\/gegokids.ee\/e-pood\/"},{"@type":"ListItem","position":3,"name":"Marcus &amp; Marcus iminapaga taldrik"}]},{"@type":"WebSite","@id":"https:\/\/gegokids.ee\/#website","url":"https:\/\/gegokids.ee\/","name":"Gegokids","description":"Kvaliteetsed ja turvalised laste m\u00e4nguasjad.","publisher":{"@id":"https:\/\/gegokids.ee\/#organization"},"potentialAction":[{"@type":"SearchAction","target":{"@type":"EntryPoint","urlTemplate":"https:\/\/gegokids.ee\/?s={search_term_string}"},"query-input":{"@type":"PropertyValueSpecification","valueRequired":true,"valueName":"search_term_string"}}],"inLanguage":"en-US"},{"@type":"Organization","@id":"https:\/\/gegokids.ee\/#organization","name":"Gegokids","url":"https:\/\/gegokids.ee\/","logo":{"@type":"ImageObject","inLanguage":"en-US","@id":"https:\/\/gegokids.ee\/#\/schema\/logo\/image\/","url":"https:\/\/gegokids.ee\/wp-content\/uploads\/2022\/06\/logo2.png","contentUrl":"https:\/\/gegokids.ee\/wp-content\/uploads\/2022\/06\/logo2.png","width":358,"height":104,"caption":"Gegokids"},"image":{"@id":"https:\/\/gegokids.ee\/#\/schema\/logo\/image\/"},"sameAs":["https:\/\/www.facebook.com\/GegoKids","https:\/\/www.instagram.com\/gegokids.ee\/"]}]}},"_links":{"self":[{"href":"https:\/\/gegokids.ee\/en\/wp-json\/wp\/v2\/product\/19967","targetHints":{"allow":["GET"]}}],"collection":[{"href":"https:\/\/gegokids.ee\/en\/wp-json\/wp\/v2\/product"}],"about":[{"href":"https:\/\/gegokids.ee\/en\/wp-json\/wp\/v2\/types\/product"}],"replies":[{"embeddable":true,"href":"https:\/\/gegokids.ee\/en\/wp-json\/wp\/v2\/comments?post=19967"}],"version-history":[{"count":5,"href":"https:\/\/gegokids.ee\/en\/wp-json\/wp\/v2\/product\/19967\/revisions"}],"predecessor-version":[{"id":28648,"href":"https:\/\/gegokids.ee\/en\/wp-json\/wp\/v2\/product\/19967\/revisions\/28648"}],"wp:featuredmedia":[{"embeddable":true,"href":"https:\/\/gegokids.ee\/en\/wp-json\/wp\/v2\/media\/21990"}],"wp:attachment":[{"href":"https:\/\/gegokids.ee\/en\/wp-json\/wp\/v2\/media?parent=19967"}],"wp:term":[{"taxonomy":"product_brand","embeddable":true,"href":"https:\/\/gegokids.ee\/en\/wp-json\/wp\/v2\/product_brand?post=19967"},{"taxonomy":"product_cat","embeddable":true,"href":"https:\/\/gegokids.ee\/en\/wp-json\/wp\/v2\/product_cat?post=19967"},{"taxonomy":"product_tag","embeddable":true,"href":"https:\/\/gegokids.ee\/en\/wp-json\/wp\/v2\/product_tag?post=19967"}],"curies":[{"name":"wp","href":"https:\/\/api.w.org\/{rel}","templated":true}]}}