{"id":19960,"date":"2022-06-18T13:32:02","date_gmt":"2022-06-18T13:32:02","guid":{"rendered":"https:\/\/gegokids.ee\/?post_type=product&#038;p=19960"},"modified":"2026-02-07T23:43:05","modified_gmt":"2026-02-07T20:43:05","slug":"mm-oppimistass","status":"publish","type":"product","link":"https:\/\/gegokids.ee\/en\/product\/mm-oppimistass\/","title":{"rendered":"Marcus &amp; Marcus \u00f5ppimistass"},"content":{"rendered":"<p><span style=\"font-family: georgia, palatino, serif; font-size: 12pt; color: #000000;\"><strong>Omadused:<\/strong><\/span><\/p>\n<ul>\n<li><span style=\"font-family: georgia, palatino, serif; font-size: 12pt; color: #000000;\">BPA\/ftalaatide vaba<br \/>\n<\/span><\/li>\n<li><span style=\"font-family: georgia, palatino, serif; font-size: 12pt; color: #000000;\">Lihtsasti haaratav<br \/>\n<\/span><\/li>\n<li><span style=\"font-family: georgia, palatino, serif; font-size: 12pt; color: #000000;\">Libisemiskindel pealispind<br \/>\n<\/span><\/li>\n<li><span style=\"font-family: georgia, palatino, serif; font-size: 12pt; color: #000000;\">Purunemiskindel<\/span><\/li>\n<\/ul>\n<p><span style=\"font-family: georgia, palatino, serif; font-size: 12pt; color: #000000;\"><strong>Puhastamine ja hooldus:<\/strong><\/span><br \/>\n<span style=\"font-family: georgia, palatino, serif; font-size: 12pt; color: #000000;\">Pestav n\u00f5udepesumasinas AINULT \u00fclemisel restil<\/span><br \/>\n<span style=\"font-family: georgia, palatino, serif; font-size: 12pt; color: #000000;\">S\u00fcgavk\u00fclmas kasutatav<\/span><br \/>\n<span style=\"font-family: georgia, palatino, serif; font-size: 12pt; color: #000000;\">Mikrouunis kasutatav<\/span><br \/>\n<span style=\"font-family: georgia, palatino, serif; font-size: 12pt; color: #000000;\">Auruga steriliseeritav<\/span><br \/>\n<span style=\"font-family: georgia, palatino, serif; font-size: 12pt; color: #000000;\">Plekid on lihtsasti eemaldatavad sooja seebiveega<\/span><\/p>\n<p><span style=\"font-family: georgia, palatino, serif; font-size: 12pt; color: #000000;\"><strong>M\u00f5\u00f5dud:<\/strong><br \/>\n8.5 x 8.1 x 8.1 cm<\/span><\/p>\n<p><span style=\"font-family: georgia, palatino, serif; font-size: 12pt; color: #000000;\"><strong>Materjal:<\/strong><br \/>\nToidusilikoon<\/span><\/p>\n<p><span style=\"font-family: georgia, palatino, serif; font-size: 12pt; color: #000000;\"><strong>Vastupidavus temperatuurid:<\/strong><br \/>\n-20\u00b0C kuni 220\u00b0C<br \/>\n<\/span><\/p>\n<p><span style=\"font-family: georgia, palatino, serif; font-size: 12pt; color: #000000;\"><strong>Vanus:<\/strong><br \/>\n2+<\/span><\/p>","protected":false},"excerpt":{"rendered":"<p><span style=\"color: #000000;\"><span style=\"font-family: georgia, palatino, serif; font-size: 12pt;\">Tass on valmistatud toidusilikoonist ning on lapse k\u00e4e j\u00e4rgi vormuv.<\/span>\u00a0<span style=\"font-family: georgia, palatino, serif; font-size: 12pt;\">Sobib v\u00e4ikelapsele iseseisvalt tassist jooma \u00f5ppimiseks.\u00a0<\/span><span style=\"font-family: georgia, palatino, serif; font-size: 12pt;\">Libisemiskindel tassi pealispind aitab lastel saavutada paremini<\/span>\u00a0<span style=\"font-family: georgia, palatino, serif; font-size: 12pt;\">enesekindluse, enne kui v\u00f5etakse kasutusele klaasist tassid. Kui laps ei tunneta veel tassi on oht l\u00fc\u00fca \u00e4ra ka hambad, silikoonist tassiga on joomine turvaline ning mugav. Tass<\/span>\u00a0<span style=\"font-family: georgia, palatino, serif; font-size: 12pt;\">on purunemiskindel ning maha kukkudes ei tee heli, ega ehmata last. Samuti j\u00e4\u00e4vad terveks peale tassi ka p\u00f5randad ning muu m\u00f6\u00f6bel.\u00a0<\/span><\/span><\/p>\n<p><span style=\"font-size: 12pt; font-family: georgia, palatino, serif; color: #000000;\"><strong>Tarme 2-5 t\u00f6\u00f6p\u00e4eva!<\/strong><\/span><\/p>","protected":false},"featured_media":22029,"comment_status":"closed","ping_status":"closed","template":"","meta":[],"product_brand":[455],"product_cat":[285,422],"product_tag":[446,474,457,458,461],"class_list":{"0":"post-19960","1":"product","2":"type-product","3":"status-publish","4":"has-post-thumbnail","6":"product_brand-marcus-marcus","7":"product_cat-koik","8":"product_cat-laste-soogikomplektid","9":"product_tag-joogipudelid","10":"product_tag-soomistarvikud","11":"product_tag-beebidele-0-1-a","12":"product_tag-vaikelastele-1-3-a","13":"product_tag-461","15":"first","16":"instock","17":"shipping-taxable","18":"purchasable","19":"product-type-variable"},"yoast_head":"<!-- This site is optimized with the Yoast SEO plugin v26.9 - https:\/\/yoast.com\/product\/yoast-seo-wordpress\/ -->\n<title>Marcus &amp; Marcus \u00f5ppimistass | Gegokids<\/title>\n<meta name=\"description\" content=\"Tass on valmistatud toidusilikoonist ning on lapse k\u00e4e j\u00e4rgi vormuv.\u00a0Sobib v\u00e4ikelapsele iseseisvalt tassist jooma \u00f5ppimiseks.\u00a0Libisemiskindel tassi pealispind aitab lastel saavutada paremini\u00a0enesekindluse, enne kui v\u00f5etakse kasutusele klaasist tassid. Kui laps ei tunneta veel tassi on oht l\u00fc\u00fca \u00e4ra ka hambad, silikoonist tassiga on joomine turvaline ning mugav. Tass\u00a0on purunemiskindel ning maha kukkudes ei tee heli, ega ehmata last. Samuti j\u00e4\u00e4vad terveks peale tassi ka p\u00f5randad ning muu m\u00f6\u00f6bel.\u00a0\" \/>\n<meta name=\"robots\" content=\"index, follow, max-snippet:-1, max-image-preview:large, max-video-preview:-1\" \/>\n<link rel=\"canonical\" href=\"https:\/\/gegokids.ee\/en\/product\/mm-oppimistass\/\" \/>\n<meta property=\"og:locale\" content=\"en_US\" \/>\n<meta property=\"og:type\" content=\"article\" \/>\n<meta property=\"og:title\" content=\"Marcus &amp; Marcus \u00f5ppimistass | Gegokids\" \/>\n<meta property=\"og:description\" content=\"Tass on valmistatud toidusilikoonist ning on lapse k\u00e4e j\u00e4rgi vormuv.\u00a0Sobib v\u00e4ikelapsele iseseisvalt tassist jooma \u00f5ppimiseks.\u00a0Libisemiskindel tassi pealispind aitab lastel saavutada paremini\u00a0enesekindluse, enne kui v\u00f5etakse kasutusele klaasist tassid. Kui laps ei tunneta veel tassi on oht l\u00fc\u00fca \u00e4ra ka hambad, silikoonist tassiga on joomine turvaline ning mugav. Tass\u00a0on purunemiskindel ning maha kukkudes ei tee heli, ega ehmata last. Samuti j\u00e4\u00e4vad terveks peale tassi ka p\u00f5randad ning muu m\u00f6\u00f6bel.\u00a0\" \/>\n<meta property=\"og:url\" content=\"https:\/\/gegokids.ee\/en\/product\/mm-oppimistass\/\" \/>\n<meta property=\"og:site_name\" content=\"Gegokids\" \/>\n<meta property=\"article:publisher\" content=\"https:\/\/www.facebook.com\/GegoKids\" \/>\n<meta property=\"article:modified_time\" content=\"2026-02-07T20:43:05+00:00\" \/>\n<meta property=\"og:image\" content=\"https:\/\/gegokids.ee\/wp-content\/uploads\/2022\/06\/MM-Oppimistass-Pilt.png\" \/>\n\t<meta property=\"og:image:width\" content=\"800\" \/>\n\t<meta property=\"og:image:height\" content=\"533\" \/>\n\t<meta property=\"og:image:type\" content=\"image\/png\" \/>\n<meta name=\"twitter:card\" content=\"summary_large_image\" \/>\n<meta name=\"twitter:label1\" content=\"Est. reading time\" \/>\n\t<meta name=\"twitter:data1\" content=\"1 minute\" \/>\n<script type=\"application\/ld+json\" class=\"yoast-schema-graph\">{\"@context\":\"https:\/\/schema.org\",\"@graph\":[{\"@type\":\"WebPage\",\"@id\":\"https:\/\/gegokids.ee\/toode\/mm-oppimistass\/\",\"url\":\"https:\/\/gegokids.ee\/toode\/mm-oppimistass\/\",\"name\":\"Marcus &amp; Marcus \u00f5ppimistass | Gegokids\",\"isPartOf\":{\"@id\":\"https:\/\/gegokids.ee\/#website\"},\"primaryImageOfPage\":{\"@id\":\"https:\/\/gegokids.ee\/toode\/mm-oppimistass\/#primaryimage\"},\"image\":{\"@id\":\"https:\/\/gegokids.ee\/toode\/mm-oppimistass\/#primaryimage\"},\"thumbnailUrl\":\"https:\/\/gegokids.ee\/wp-content\/uploads\/2022\/06\/MM-Oppimistass-Punane.png\",\"datePublished\":\"2022-06-18T13:32:02+00:00\",\"dateModified\":\"2026-02-07T20:43:05+00:00\",\"description\":\"Tass on valmistatud toidusilikoonist ning on lapse k\u00e4e j\u00e4rgi vormuv.\u00a0Sobib v\u00e4ikelapsele iseseisvalt tassist jooma \u00f5ppimiseks.\u00a0Libisemiskindel tassi pealispind aitab lastel saavutada paremini\u00a0enesekindluse, enne kui v\u00f5etakse kasutusele klaasist tassid. Kui laps ei tunneta veel tassi on oht l\u00fc\u00fca \u00e4ra ka hambad, silikoonist tassiga on joomine turvaline ning mugav. Tass\u00a0on purunemiskindel ning maha kukkudes ei tee heli, ega ehmata last. Samuti j\u00e4\u00e4vad terveks peale tassi ka p\u00f5randad ning muu m\u00f6\u00f6bel.\u00a0\",\"breadcrumb\":{\"@id\":\"https:\/\/gegokids.ee\/toode\/mm-oppimistass\/#breadcrumb\"},\"inLanguage\":\"en-US\",\"potentialAction\":[{\"@type\":\"ReadAction\",\"target\":[\"https:\/\/gegokids.ee\/toode\/mm-oppimistass\/\"]}]},{\"@type\":\"ImageObject\",\"inLanguage\":\"en-US\",\"@id\":\"https:\/\/gegokids.ee\/toode\/mm-oppimistass\/#primaryimage\",\"url\":\"https:\/\/gegokids.ee\/wp-content\/uploads\/2022\/06\/MM-Oppimistass-Punane.png\",\"contentUrl\":\"https:\/\/gegokids.ee\/wp-content\/uploads\/2022\/06\/MM-Oppimistass-Punane.png\",\"width\":800,\"height\":533},{\"@type\":\"BreadcrumbList\",\"@id\":\"https:\/\/gegokids.ee\/toode\/mm-oppimistass\/#breadcrumb\",\"itemListElement\":[{\"@type\":\"ListItem\",\"position\":1,\"name\":\"Home\",\"item\":\"https:\/\/gegokids.ee\/en\/\"},{\"@type\":\"ListItem\",\"position\":2,\"name\":\"E-pood\",\"item\":\"https:\/\/gegokids.ee\/e-pood\/\"},{\"@type\":\"ListItem\",\"position\":3,\"name\":\"Marcus &amp; Marcus \u00f5ppimistass\"}]},{\"@type\":\"WebSite\",\"@id\":\"https:\/\/gegokids.ee\/#website\",\"url\":\"https:\/\/gegokids.ee\/\",\"name\":\"Gegokids\",\"description\":\"Kvaliteetsed ja turvalised laste m\u00e4nguasjad.\",\"publisher\":{\"@id\":\"https:\/\/gegokids.ee\/#organization\"},\"potentialAction\":[{\"@type\":\"SearchAction\",\"target\":{\"@type\":\"EntryPoint\",\"urlTemplate\":\"https:\/\/gegokids.ee\/?s={search_term_string}\"},\"query-input\":{\"@type\":\"PropertyValueSpecification\",\"valueRequired\":true,\"valueName\":\"search_term_string\"}}],\"inLanguage\":\"en-US\"},{\"@type\":\"Organization\",\"@id\":\"https:\/\/gegokids.ee\/#organization\",\"name\":\"Gegokids\",\"url\":\"https:\/\/gegokids.ee\/\",\"logo\":{\"@type\":\"ImageObject\",\"inLanguage\":\"en-US\",\"@id\":\"https:\/\/gegokids.ee\/#\/schema\/logo\/image\/\",\"url\":\"https:\/\/gegokids.ee\/wp-content\/uploads\/2022\/06\/logo2.png\",\"contentUrl\":\"https:\/\/gegokids.ee\/wp-content\/uploads\/2022\/06\/logo2.png\",\"width\":358,\"height\":104,\"caption\":\"Gegokids\"},\"image\":{\"@id\":\"https:\/\/gegokids.ee\/#\/schema\/logo\/image\/\"},\"sameAs\":[\"https:\/\/www.facebook.com\/GegoKids\",\"https:\/\/www.instagram.com\/gegokids.ee\/\"]}]}<\/script>\n<!-- \/ Yoast SEO plugin. -->","yoast_head_json":{"title":"Marcus &amp; Marcus \u00f5ppimistass | Gegokids","description":"Tass on valmistatud toidusilikoonist ning on lapse k\u00e4e j\u00e4rgi vormuv.\u00a0Sobib v\u00e4ikelapsele iseseisvalt tassist jooma \u00f5ppimiseks.\u00a0Libisemiskindel tassi pealispind aitab lastel saavutada paremini\u00a0enesekindluse, enne kui v\u00f5etakse kasutusele klaasist tassid. Kui laps ei tunneta veel tassi on oht l\u00fc\u00fca \u00e4ra ka hambad, silikoonist tassiga on joomine turvaline ning mugav. Tass\u00a0on purunemiskindel ning maha kukkudes ei tee heli, ega ehmata last. Samuti j\u00e4\u00e4vad terveks peale tassi ka p\u00f5randad ning muu m\u00f6\u00f6bel.\u00a0","robots":{"index":"index","follow":"follow","max-snippet":"max-snippet:-1","max-image-preview":"max-image-preview:large","max-video-preview":"max-video-preview:-1"},"canonical":"https:\/\/gegokids.ee\/en\/product\/mm-oppimistass\/","og_locale":"en_US","og_type":"article","og_title":"Marcus &amp; Marcus \u00f5ppimistass | Gegokids","og_description":"Tass on valmistatud toidusilikoonist ning on lapse k\u00e4e j\u00e4rgi vormuv.\u00a0Sobib v\u00e4ikelapsele iseseisvalt tassist jooma \u00f5ppimiseks.\u00a0Libisemiskindel tassi pealispind aitab lastel saavutada paremini\u00a0enesekindluse, enne kui v\u00f5etakse kasutusele klaasist tassid. Kui laps ei tunneta veel tassi on oht l\u00fc\u00fca \u00e4ra ka hambad, silikoonist tassiga on joomine turvaline ning mugav. Tass\u00a0on purunemiskindel ning maha kukkudes ei tee heli, ega ehmata last. Samuti j\u00e4\u00e4vad terveks peale tassi ka p\u00f5randad ning muu m\u00f6\u00f6bel.\u00a0","og_url":"https:\/\/gegokids.ee\/en\/product\/mm-oppimistass\/","og_site_name":"Gegokids","article_publisher":"https:\/\/www.facebook.com\/GegoKids","article_modified_time":"2026-02-07T20:43:05+00:00","og_image":[{"width":800,"height":533,"url":"https:\/\/gegokids.ee\/wp-content\/uploads\/2022\/06\/MM-Oppimistass-Pilt.png","type":"image\/png"}],"twitter_card":"summary_large_image","twitter_misc":{"Est. reading time":"1 minute"},"schema":{"@context":"https:\/\/schema.org","@graph":[{"@type":"WebPage","@id":"https:\/\/gegokids.ee\/toode\/mm-oppimistass\/","url":"https:\/\/gegokids.ee\/toode\/mm-oppimistass\/","name":"Marcus &amp; Marcus \u00f5ppimistass | Gegokids","isPartOf":{"@id":"https:\/\/gegokids.ee\/#website"},"primaryImageOfPage":{"@id":"https:\/\/gegokids.ee\/toode\/mm-oppimistass\/#primaryimage"},"image":{"@id":"https:\/\/gegokids.ee\/toode\/mm-oppimistass\/#primaryimage"},"thumbnailUrl":"https:\/\/gegokids.ee\/wp-content\/uploads\/2022\/06\/MM-Oppimistass-Punane.png","datePublished":"2022-06-18T13:32:02+00:00","dateModified":"2026-02-07T20:43:05+00:00","description":"Tass on valmistatud toidusilikoonist ning on lapse k\u00e4e j\u00e4rgi vormuv.\u00a0Sobib v\u00e4ikelapsele iseseisvalt tassist jooma \u00f5ppimiseks.\u00a0Libisemiskindel tassi pealispind aitab lastel saavutada paremini\u00a0enesekindluse, enne kui v\u00f5etakse kasutusele klaasist tassid. Kui laps ei tunneta veel tassi on oht l\u00fc\u00fca \u00e4ra ka hambad, silikoonist tassiga on joomine turvaline ning mugav. Tass\u00a0on purunemiskindel ning maha kukkudes ei tee heli, ega ehmata last. Samuti j\u00e4\u00e4vad terveks peale tassi ka p\u00f5randad ning muu m\u00f6\u00f6bel.\u00a0","breadcrumb":{"@id":"https:\/\/gegokids.ee\/toode\/mm-oppimistass\/#breadcrumb"},"inLanguage":"en-US","potentialAction":[{"@type":"ReadAction","target":["https:\/\/gegokids.ee\/toode\/mm-oppimistass\/"]}]},{"@type":"ImageObject","inLanguage":"en-US","@id":"https:\/\/gegokids.ee\/toode\/mm-oppimistass\/#primaryimage","url":"https:\/\/gegokids.ee\/wp-content\/uploads\/2022\/06\/MM-Oppimistass-Punane.png","contentUrl":"https:\/\/gegokids.ee\/wp-content\/uploads\/2022\/06\/MM-Oppimistass-Punane.png","width":800,"height":533},{"@type":"BreadcrumbList","@id":"https:\/\/gegokids.ee\/toode\/mm-oppimistass\/#breadcrumb","itemListElement":[{"@type":"ListItem","position":1,"name":"Home","item":"https:\/\/gegokids.ee\/en\/"},{"@type":"ListItem","position":2,"name":"E-pood","item":"https:\/\/gegokids.ee\/e-pood\/"},{"@type":"ListItem","position":3,"name":"Marcus &amp; Marcus \u00f5ppimistass"}]},{"@type":"WebSite","@id":"https:\/\/gegokids.ee\/#website","url":"https:\/\/gegokids.ee\/","name":"Gegokids","description":"Kvaliteetsed ja turvalised laste m\u00e4nguasjad.","publisher":{"@id":"https:\/\/gegokids.ee\/#organization"},"potentialAction":[{"@type":"SearchAction","target":{"@type":"EntryPoint","urlTemplate":"https:\/\/gegokids.ee\/?s={search_term_string}"},"query-input":{"@type":"PropertyValueSpecification","valueRequired":true,"valueName":"search_term_string"}}],"inLanguage":"en-US"},{"@type":"Organization","@id":"https:\/\/gegokids.ee\/#organization","name":"Gegokids","url":"https:\/\/gegokids.ee\/","logo":{"@type":"ImageObject","inLanguage":"en-US","@id":"https:\/\/gegokids.ee\/#\/schema\/logo\/image\/","url":"https:\/\/gegokids.ee\/wp-content\/uploads\/2022\/06\/logo2.png","contentUrl":"https:\/\/gegokids.ee\/wp-content\/uploads\/2022\/06\/logo2.png","width":358,"height":104,"caption":"Gegokids"},"image":{"@id":"https:\/\/gegokids.ee\/#\/schema\/logo\/image\/"},"sameAs":["https:\/\/www.facebook.com\/GegoKids","https:\/\/www.instagram.com\/gegokids.ee\/"]}]}},"_links":{"self":[{"href":"https:\/\/gegokids.ee\/en\/wp-json\/wp\/v2\/product\/19960","targetHints":{"allow":["GET"]}}],"collection":[{"href":"https:\/\/gegokids.ee\/en\/wp-json\/wp\/v2\/product"}],"about":[{"href":"https:\/\/gegokids.ee\/en\/wp-json\/wp\/v2\/types\/product"}],"replies":[{"embeddable":true,"href":"https:\/\/gegokids.ee\/en\/wp-json\/wp\/v2\/comments?post=19960"}],"version-history":[{"count":4,"href":"https:\/\/gegokids.ee\/en\/wp-json\/wp\/v2\/product\/19960\/revisions"}],"predecessor-version":[{"id":28725,"href":"https:\/\/gegokids.ee\/en\/wp-json\/wp\/v2\/product\/19960\/revisions\/28725"}],"wp:featuredmedia":[{"embeddable":true,"href":"https:\/\/gegokids.ee\/en\/wp-json\/wp\/v2\/media\/22029"}],"wp:attachment":[{"href":"https:\/\/gegokids.ee\/en\/wp-json\/wp\/v2\/media?parent=19960"}],"wp:term":[{"taxonomy":"product_brand","embeddable":true,"href":"https:\/\/gegokids.ee\/en\/wp-json\/wp\/v2\/product_brand?post=19960"},{"taxonomy":"product_cat","embeddable":true,"href":"https:\/\/gegokids.ee\/en\/wp-json\/wp\/v2\/product_cat?post=19960"},{"taxonomy":"product_tag","embeddable":true,"href":"https:\/\/gegokids.ee\/en\/wp-json\/wp\/v2\/product_tag?post=19960"}],"curies":[{"name":"wp","href":"https:\/\/api.w.org\/{rel}","templated":true}]}}