{"id":19955,"date":"2022-06-18T13:32:02","date_gmt":"2022-06-18T13:32:02","guid":{"rendered":"https:\/\/gegokids.ee\/?post_type=product&#038;p=19955"},"modified":"2026-03-06T17:47:41","modified_gmt":"2026-03-06T14:47:41","slug":"mm-vaikelapse-noudekomplekt","status":"publish","type":"product","link":"https:\/\/gegokids.ee\/en\/product\/mm-vaikelapse-noudekomplekt\/","title":{"rendered":"Marcus &amp; Marcus v\u00e4ikelapse n\u00f5udekomplekt"},"content":{"rendered":"<p><span style=\"font-size: 12pt; color: #000000;\"><strong>Omadused:<\/strong><\/span><\/p>\n<ul>\n<li><span style=\"font-size: 12pt; color: #000000;\">BPA\/ftalaatide vaba<\/span><\/li>\n<li><span style=\"font-size: 12pt; color: #000000;\">Kaks sanga mugavaks haaramiseks<\/span><\/li>\n<li><span style=\"font-size: 12pt; color: #000000;\">Iminapaga kinnitatav siledale pinnale (ei sobi spoonitud v\u00f5i ebatasasele pinnale)<\/span><\/li>\n<\/ul>\n<p><span style=\"font-size: 12pt; color: #000000;\">Efektiivsed s\u00f6\u00f6giriistad ei ole teravate servadega<\/span><br \/>\n<span style=\"font-size: 12pt; color: #000000;\">Peopesasse kohandatud disain aitab lapsel arendada s\u00f6\u00f6giriistade hoidmist<\/span><\/p>\n<p><span style=\"font-size: 12pt; color: #000000;\"><strong>Pesemine ja hooldus:<\/strong><\/span><\/p>\n<ul>\n<li><span style=\"font-size: 12pt; color: #000000;\">Pestav n\u00f5udepesumasinas AINULT \u00fclemisel restil<\/span><\/li>\n<li><span style=\"font-size: 12pt; color: #000000;\">Sobib s\u00fcgavk\u00fclmas kasutamiseks<\/span><\/li>\n<li><span style=\"font-size: 12pt; color: #000000;\">Mikrolaineahjus kasutatav<\/span><\/li>\n<li><span style=\"font-size: 12pt; color: #000000;\">Auruga steriliseeritav<\/span><\/li>\n<li><span style=\"font-size: 12pt; color: #000000;\">Plekid on lihtsasti eemaldatavad sooja seebiveega<\/span><\/li>\n<\/ul>\n<p><span style=\"font-size: 12pt; color: #000000;\"><strong>M\u00f5\u00f5dud:<\/strong><\/span><br \/>\n<span style=\"font-size: 12pt; color: #000000;\">Kahvel: 9.5 x 2.9 x 2.9 cm<\/span><br \/>\n<span style=\"font-size: 12pt; color: #000000;\">Lusikas: 9.5 x 2.1 x 2.9 cm<\/span><\/p>\n<p><span style=\"font-size: 12pt; color: #000000;\">Kauss: 5.4 x 12.9 x 16.5 cm<\/span><\/p>\n<p><span style=\"font-size: 12pt; color: #000000;\"><strong>Materjal:<\/strong><\/span><\/p>\n<p><span style=\"font-size: 12pt; color: #000000;\">Silikoonkumm ja roostevaba terasn\u00f5u<\/span><\/p>\n<p>&nbsp;<\/p>\n<p>&nbsp;<\/p>","protected":false},"excerpt":{"rendered":"<p><span style=\"font-family: georgia, palatino, serif; font-size: 12pt; color: #000000;\">N\u00f5udekomplekti kuuluvad v\u00e4ikelastele disainitud lusikas ja kahvel ning iminapaga s\u00f6\u00f6gilaua k\u00fclge kinnitatav kauss. Lusika ja kahvli komplekt on disainitud spetsiaalselt v\u00e4ikeste laste k\u00e4te peopesa j\u00e4rgi. L\u00fchendatud lusika ja kahvli hoidmise osa aitab lastel lihtsamini sooritada 90 kraadist p\u00f6\u00f6ret, toidu suhu panemisel. Tavap\u00e4raste s\u00f6\u00f6giriistadega kipub toit maha kukkuma enne lapse suhu j\u00f5udmist. Spetsiaalsed lusika ja kahvli otsikud sobivad v\u00e4ikelaste peopessa ja muudavad iseseisva s\u00f6\u00f6mise aja lihtsamaks ning mugavamaks.<\/span><\/p>\n<p><span style=\"font-family: georgia, palatino, serif; font-size: 12pt; color: #000000;\">Iminapaga s\u00f6\u00f6gilaua k\u00fclge kinnitatav kemikaalidevabast silikoonkummist taldrik annab lastevanematele v\u00e4ikelapse s\u00f6\u00f6mise ajal s\u00fcdamerahu, et taldrik on kindlalt oma kohal paigal. Taldriku p\u00f5hjas olev iminapp kinnitub turvaliselt s\u00f6\u00f6gilaua k\u00fclge ning laps ei saa taldrikut oma kohalt liigutada. Taldrik eemaldub lihtsalt vaakumist vastavast sildikesest t\u00f5mmates.<\/span><\/p>\n<p>&nbsp;<\/p>","protected":false},"featured_media":21999,"comment_status":"closed","ping_status":"closed","template":"","meta":[],"product_brand":[455],"product_cat":[285,422,396],"product_tag":[474,458],"class_list":{"0":"post-19955","1":"product","2":"type-product","3":"status-publish","4":"has-post-thumbnail","6":"product_brand-marcus-marcus","7":"product_cat-koik","8":"product_cat-laste-soogikomplektid","9":"product_cat-outlet","10":"product_tag-soomistarvikud","11":"product_tag-vaikelastele-1-3-a","13":"first","14":"instock","15":"shipping-taxable","16":"purchasable","17":"product-type-variable"},"yoast_head":"<!-- This site is optimized with the Yoast SEO plugin v26.9 - https:\/\/yoast.com\/product\/yoast-seo-wordpress\/ -->\n<title>Marcus &amp; Marcus v\u00e4ikelapse n\u00f5udekomplekt | Gegokids<\/title>\n<meta name=\"description\" content=\"N\u00f5udekomplekti kuuluvad v\u00e4ikelastele disainitud lusikas ja kahvel ning iminapaga s\u00f6\u00f6gilaua k\u00fclge kinnitatav kauss. Lusika ja kahvli komplekt on disainitud spetsiaalselt v\u00e4ikeste laste k\u00e4te peopesa j\u00e4rgi. L\u00fchendatud lusika ja kahvli hoidmise osa aitab lastel lihtsamini sooritada 90 kraadist p\u00f6\u00f6ret, toidu suhu panemisel. Tavap\u00e4raste s\u00f6\u00f6giriistadega kipub toit maha kukkuma enne lapse suhu j\u00f5udmist. Spetsiaalsed lusika ja kahvli otsikud sobivad v\u00e4ikelaste peopessa ja muudavad iseseisva s\u00f6\u00f6mise aja lihtsamaks ning mugavamaks.\" \/>\n<meta name=\"robots\" content=\"index, follow, max-snippet:-1, max-image-preview:large, max-video-preview:-1\" \/>\n<link rel=\"canonical\" href=\"https:\/\/gegokids.ee\/en\/product\/mm-vaikelapse-noudekomplekt\/\" \/>\n<meta property=\"og:locale\" content=\"en_US\" \/>\n<meta property=\"og:type\" content=\"article\" \/>\n<meta property=\"og:title\" content=\"Marcus &amp; Marcus v\u00e4ikelapse n\u00f5udekomplekt | Gegokids\" \/>\n<meta property=\"og:description\" content=\"N\u00f5udekomplekti kuuluvad v\u00e4ikelastele disainitud lusikas ja kahvel ning iminapaga s\u00f6\u00f6gilaua k\u00fclge kinnitatav kauss. Lusika ja kahvli komplekt on disainitud spetsiaalselt v\u00e4ikeste laste k\u00e4te peopesa j\u00e4rgi. L\u00fchendatud lusika ja kahvli hoidmise osa aitab lastel lihtsamini sooritada 90 kraadist p\u00f6\u00f6ret, toidu suhu panemisel. Tavap\u00e4raste s\u00f6\u00f6giriistadega kipub toit maha kukkuma enne lapse suhu j\u00f5udmist. Spetsiaalsed lusika ja kahvli otsikud sobivad v\u00e4ikelaste peopessa ja muudavad iseseisva s\u00f6\u00f6mise aja lihtsamaks ning mugavamaks.\" \/>\n<meta property=\"og:url\" content=\"https:\/\/gegokids.ee\/en\/product\/mm-vaikelapse-noudekomplekt\/\" \/>\n<meta property=\"og:site_name\" content=\"Gegokids\" \/>\n<meta property=\"article:publisher\" content=\"https:\/\/www.facebook.com\/GegoKids\" \/>\n<meta property=\"article:modified_time\" content=\"2026-03-06T14:47:41+00:00\" \/>\n<meta property=\"og:image\" content=\"https:\/\/gegokids.ee\/wp-content\/uploads\/2022\/06\/MM-Vaikelapse-Noudekomplekt-Lilla.png\" \/>\n\t<meta property=\"og:image:width\" content=\"800\" \/>\n\t<meta property=\"og:image:height\" content=\"533\" \/>\n\t<meta property=\"og:image:type\" content=\"image\/png\" \/>\n<meta name=\"twitter:card\" content=\"summary_large_image\" \/>\n<meta name=\"twitter:label1\" content=\"Est. reading time\" \/>\n\t<meta name=\"twitter:data1\" content=\"1 minute\" \/>\n<script type=\"application\/ld+json\" class=\"yoast-schema-graph\">{\"@context\":\"https:\/\/schema.org\",\"@graph\":[{\"@type\":\"WebPage\",\"@id\":\"https:\/\/gegokids.ee\/toode\/mm-vaikelapse-noudekomplekt\/\",\"url\":\"https:\/\/gegokids.ee\/toode\/mm-vaikelapse-noudekomplekt\/\",\"name\":\"Marcus &amp; Marcus v\u00e4ikelapse n\u00f5udekomplekt | Gegokids\",\"isPartOf\":{\"@id\":\"https:\/\/gegokids.ee\/#website\"},\"primaryImageOfPage\":{\"@id\":\"https:\/\/gegokids.ee\/toode\/mm-vaikelapse-noudekomplekt\/#primaryimage\"},\"image\":{\"@id\":\"https:\/\/gegokids.ee\/toode\/mm-vaikelapse-noudekomplekt\/#primaryimage\"},\"thumbnailUrl\":\"https:\/\/gegokids.ee\/wp-content\/uploads\/2022\/06\/MM-Vaikelapse-Noudekomplekt-Lilla.png\",\"datePublished\":\"2022-06-18T13:32:02+00:00\",\"dateModified\":\"2026-03-06T14:47:41+00:00\",\"description\":\"N\u00f5udekomplekti kuuluvad v\u00e4ikelastele disainitud lusikas ja kahvel ning iminapaga s\u00f6\u00f6gilaua k\u00fclge kinnitatav kauss. Lusika ja kahvli komplekt on disainitud spetsiaalselt v\u00e4ikeste laste k\u00e4te peopesa j\u00e4rgi. L\u00fchendatud lusika ja kahvli hoidmise osa aitab lastel lihtsamini sooritada 90 kraadist p\u00f6\u00f6ret, toidu suhu panemisel. Tavap\u00e4raste s\u00f6\u00f6giriistadega kipub toit maha kukkuma enne lapse suhu j\u00f5udmist. Spetsiaalsed lusika ja kahvli otsikud sobivad v\u00e4ikelaste peopessa ja muudavad iseseisva s\u00f6\u00f6mise aja lihtsamaks ning mugavamaks.\",\"breadcrumb\":{\"@id\":\"https:\/\/gegokids.ee\/toode\/mm-vaikelapse-noudekomplekt\/#breadcrumb\"},\"inLanguage\":\"en-US\",\"potentialAction\":[{\"@type\":\"ReadAction\",\"target\":[\"https:\/\/gegokids.ee\/toode\/mm-vaikelapse-noudekomplekt\/\"]}]},{\"@type\":\"ImageObject\",\"inLanguage\":\"en-US\",\"@id\":\"https:\/\/gegokids.ee\/toode\/mm-vaikelapse-noudekomplekt\/#primaryimage\",\"url\":\"https:\/\/gegokids.ee\/wp-content\/uploads\/2022\/06\/MM-Vaikelapse-Noudekomplekt-Lilla.png\",\"contentUrl\":\"https:\/\/gegokids.ee\/wp-content\/uploads\/2022\/06\/MM-Vaikelapse-Noudekomplekt-Lilla.png\",\"width\":800,\"height\":533},{\"@type\":\"BreadcrumbList\",\"@id\":\"https:\/\/gegokids.ee\/toode\/mm-vaikelapse-noudekomplekt\/#breadcrumb\",\"itemListElement\":[{\"@type\":\"ListItem\",\"position\":1,\"name\":\"Home\",\"item\":\"https:\/\/gegokids.ee\/en\/\"},{\"@type\":\"ListItem\",\"position\":2,\"name\":\"E-pood\",\"item\":\"https:\/\/gegokids.ee\/e-pood\/\"},{\"@type\":\"ListItem\",\"position\":3,\"name\":\"Marcus &amp; Marcus v\u00e4ikelapse n\u00f5udekomplekt\"}]},{\"@type\":\"WebSite\",\"@id\":\"https:\/\/gegokids.ee\/#website\",\"url\":\"https:\/\/gegokids.ee\/\",\"name\":\"Gegokids\",\"description\":\"Kvaliteetsed ja turvalised laste m\u00e4nguasjad.\",\"publisher\":{\"@id\":\"https:\/\/gegokids.ee\/#organization\"},\"potentialAction\":[{\"@type\":\"SearchAction\",\"target\":{\"@type\":\"EntryPoint\",\"urlTemplate\":\"https:\/\/gegokids.ee\/?s={search_term_string}\"},\"query-input\":{\"@type\":\"PropertyValueSpecification\",\"valueRequired\":true,\"valueName\":\"search_term_string\"}}],\"inLanguage\":\"en-US\"},{\"@type\":\"Organization\",\"@id\":\"https:\/\/gegokids.ee\/#organization\",\"name\":\"Gegokids\",\"url\":\"https:\/\/gegokids.ee\/\",\"logo\":{\"@type\":\"ImageObject\",\"inLanguage\":\"en-US\",\"@id\":\"https:\/\/gegokids.ee\/#\/schema\/logo\/image\/\",\"url\":\"https:\/\/gegokids.ee\/wp-content\/uploads\/2022\/06\/logo2.png\",\"contentUrl\":\"https:\/\/gegokids.ee\/wp-content\/uploads\/2022\/06\/logo2.png\",\"width\":358,\"height\":104,\"caption\":\"Gegokids\"},\"image\":{\"@id\":\"https:\/\/gegokids.ee\/#\/schema\/logo\/image\/\"},\"sameAs\":[\"https:\/\/www.facebook.com\/GegoKids\",\"https:\/\/www.instagram.com\/gegokids.ee\/\"]}]}<\/script>\n<!-- \/ Yoast SEO plugin. -->","yoast_head_json":{"title":"Marcus &amp; Marcus v\u00e4ikelapse n\u00f5udekomplekt | Gegokids","description":"N\u00f5udekomplekti kuuluvad v\u00e4ikelastele disainitud lusikas ja kahvel ning iminapaga s\u00f6\u00f6gilaua k\u00fclge kinnitatav kauss. Lusika ja kahvli komplekt on disainitud spetsiaalselt v\u00e4ikeste laste k\u00e4te peopesa j\u00e4rgi. L\u00fchendatud lusika ja kahvli hoidmise osa aitab lastel lihtsamini sooritada 90 kraadist p\u00f6\u00f6ret, toidu suhu panemisel. Tavap\u00e4raste s\u00f6\u00f6giriistadega kipub toit maha kukkuma enne lapse suhu j\u00f5udmist. Spetsiaalsed lusika ja kahvli otsikud sobivad v\u00e4ikelaste peopessa ja muudavad iseseisva s\u00f6\u00f6mise aja lihtsamaks ning mugavamaks.","robots":{"index":"index","follow":"follow","max-snippet":"max-snippet:-1","max-image-preview":"max-image-preview:large","max-video-preview":"max-video-preview:-1"},"canonical":"https:\/\/gegokids.ee\/en\/product\/mm-vaikelapse-noudekomplekt\/","og_locale":"en_US","og_type":"article","og_title":"Marcus &amp; Marcus v\u00e4ikelapse n\u00f5udekomplekt | Gegokids","og_description":"N\u00f5udekomplekti kuuluvad v\u00e4ikelastele disainitud lusikas ja kahvel ning iminapaga s\u00f6\u00f6gilaua k\u00fclge kinnitatav kauss. Lusika ja kahvli komplekt on disainitud spetsiaalselt v\u00e4ikeste laste k\u00e4te peopesa j\u00e4rgi. L\u00fchendatud lusika ja kahvli hoidmise osa aitab lastel lihtsamini sooritada 90 kraadist p\u00f6\u00f6ret, toidu suhu panemisel. Tavap\u00e4raste s\u00f6\u00f6giriistadega kipub toit maha kukkuma enne lapse suhu j\u00f5udmist. Spetsiaalsed lusika ja kahvli otsikud sobivad v\u00e4ikelaste peopessa ja muudavad iseseisva s\u00f6\u00f6mise aja lihtsamaks ning mugavamaks.","og_url":"https:\/\/gegokids.ee\/en\/product\/mm-vaikelapse-noudekomplekt\/","og_site_name":"Gegokids","article_publisher":"https:\/\/www.facebook.com\/GegoKids","article_modified_time":"2026-03-06T14:47:41+00:00","og_image":[{"width":800,"height":533,"url":"https:\/\/gegokids.ee\/wp-content\/uploads\/2022\/06\/MM-Vaikelapse-Noudekomplekt-Lilla.png","type":"image\/png"}],"twitter_card":"summary_large_image","twitter_misc":{"Est. reading time":"1 minute"},"schema":{"@context":"https:\/\/schema.org","@graph":[{"@type":"WebPage","@id":"https:\/\/gegokids.ee\/toode\/mm-vaikelapse-noudekomplekt\/","url":"https:\/\/gegokids.ee\/toode\/mm-vaikelapse-noudekomplekt\/","name":"Marcus &amp; Marcus v\u00e4ikelapse n\u00f5udekomplekt | Gegokids","isPartOf":{"@id":"https:\/\/gegokids.ee\/#website"},"primaryImageOfPage":{"@id":"https:\/\/gegokids.ee\/toode\/mm-vaikelapse-noudekomplekt\/#primaryimage"},"image":{"@id":"https:\/\/gegokids.ee\/toode\/mm-vaikelapse-noudekomplekt\/#primaryimage"},"thumbnailUrl":"https:\/\/gegokids.ee\/wp-content\/uploads\/2022\/06\/MM-Vaikelapse-Noudekomplekt-Lilla.png","datePublished":"2022-06-18T13:32:02+00:00","dateModified":"2026-03-06T14:47:41+00:00","description":"N\u00f5udekomplekti kuuluvad v\u00e4ikelastele disainitud lusikas ja kahvel ning iminapaga s\u00f6\u00f6gilaua k\u00fclge kinnitatav kauss. Lusika ja kahvli komplekt on disainitud spetsiaalselt v\u00e4ikeste laste k\u00e4te peopesa j\u00e4rgi. L\u00fchendatud lusika ja kahvli hoidmise osa aitab lastel lihtsamini sooritada 90 kraadist p\u00f6\u00f6ret, toidu suhu panemisel. Tavap\u00e4raste s\u00f6\u00f6giriistadega kipub toit maha kukkuma enne lapse suhu j\u00f5udmist. Spetsiaalsed lusika ja kahvli otsikud sobivad v\u00e4ikelaste peopessa ja muudavad iseseisva s\u00f6\u00f6mise aja lihtsamaks ning mugavamaks.","breadcrumb":{"@id":"https:\/\/gegokids.ee\/toode\/mm-vaikelapse-noudekomplekt\/#breadcrumb"},"inLanguage":"en-US","potentialAction":[{"@type":"ReadAction","target":["https:\/\/gegokids.ee\/toode\/mm-vaikelapse-noudekomplekt\/"]}]},{"@type":"ImageObject","inLanguage":"en-US","@id":"https:\/\/gegokids.ee\/toode\/mm-vaikelapse-noudekomplekt\/#primaryimage","url":"https:\/\/gegokids.ee\/wp-content\/uploads\/2022\/06\/MM-Vaikelapse-Noudekomplekt-Lilla.png","contentUrl":"https:\/\/gegokids.ee\/wp-content\/uploads\/2022\/06\/MM-Vaikelapse-Noudekomplekt-Lilla.png","width":800,"height":533},{"@type":"BreadcrumbList","@id":"https:\/\/gegokids.ee\/toode\/mm-vaikelapse-noudekomplekt\/#breadcrumb","itemListElement":[{"@type":"ListItem","position":1,"name":"Home","item":"https:\/\/gegokids.ee\/en\/"},{"@type":"ListItem","position":2,"name":"E-pood","item":"https:\/\/gegokids.ee\/e-pood\/"},{"@type":"ListItem","position":3,"name":"Marcus &amp; Marcus v\u00e4ikelapse n\u00f5udekomplekt"}]},{"@type":"WebSite","@id":"https:\/\/gegokids.ee\/#website","url":"https:\/\/gegokids.ee\/","name":"Gegokids","description":"Kvaliteetsed ja turvalised laste m\u00e4nguasjad.","publisher":{"@id":"https:\/\/gegokids.ee\/#organization"},"potentialAction":[{"@type":"SearchAction","target":{"@type":"EntryPoint","urlTemplate":"https:\/\/gegokids.ee\/?s={search_term_string}"},"query-input":{"@type":"PropertyValueSpecification","valueRequired":true,"valueName":"search_term_string"}}],"inLanguage":"en-US"},{"@type":"Organization","@id":"https:\/\/gegokids.ee\/#organization","name":"Gegokids","url":"https:\/\/gegokids.ee\/","logo":{"@type":"ImageObject","inLanguage":"en-US","@id":"https:\/\/gegokids.ee\/#\/schema\/logo\/image\/","url":"https:\/\/gegokids.ee\/wp-content\/uploads\/2022\/06\/logo2.png","contentUrl":"https:\/\/gegokids.ee\/wp-content\/uploads\/2022\/06\/logo2.png","width":358,"height":104,"caption":"Gegokids"},"image":{"@id":"https:\/\/gegokids.ee\/#\/schema\/logo\/image\/"},"sameAs":["https:\/\/www.facebook.com\/GegoKids","https:\/\/www.instagram.com\/gegokids.ee\/"]}]}},"_links":{"self":[{"href":"https:\/\/gegokids.ee\/en\/wp-json\/wp\/v2\/product\/19955","targetHints":{"allow":["GET"]}}],"collection":[{"href":"https:\/\/gegokids.ee\/en\/wp-json\/wp\/v2\/product"}],"about":[{"href":"https:\/\/gegokids.ee\/en\/wp-json\/wp\/v2\/types\/product"}],"replies":[{"embeddable":true,"href":"https:\/\/gegokids.ee\/en\/wp-json\/wp\/v2\/comments?post=19955"}],"version-history":[{"count":5,"href":"https:\/\/gegokids.ee\/en\/wp-json\/wp\/v2\/product\/19955\/revisions"}],"predecessor-version":[{"id":29204,"href":"https:\/\/gegokids.ee\/en\/wp-json\/wp\/v2\/product\/19955\/revisions\/29204"}],"wp:featuredmedia":[{"embeddable":true,"href":"https:\/\/gegokids.ee\/en\/wp-json\/wp\/v2\/media\/21999"}],"wp:attachment":[{"href":"https:\/\/gegokids.ee\/en\/wp-json\/wp\/v2\/media?parent=19955"}],"wp:term":[{"taxonomy":"product_brand","embeddable":true,"href":"https:\/\/gegokids.ee\/en\/wp-json\/wp\/v2\/product_brand?post=19955"},{"taxonomy":"product_cat","embeddable":true,"href":"https:\/\/gegokids.ee\/en\/wp-json\/wp\/v2\/product_cat?post=19955"},{"taxonomy":"product_tag","embeddable":true,"href":"https:\/\/gegokids.ee\/en\/wp-json\/wp\/v2\/product_tag?post=19955"}],"curies":[{"name":"wp","href":"https:\/\/api.w.org\/{rel}","templated":true}]}}