{"id":19952,"date":"2022-06-18T13:32:02","date_gmt":"2022-06-18T13:32:02","guid":{"rendered":"https:\/\/gegokids.ee\/?post_type=product&#038;p=19952"},"modified":"2026-02-09T01:02:48","modified_gmt":"2026-02-08T22:02:48","slug":"mm-taidetav-lusikas","status":"publish","type":"product","link":"https:\/\/gegokids.ee\/en\/product\/mm-taidetav-lusikas\/","title":{"rendered":"Marcus &amp; Marcus t\u00e4idetav lusikas"},"content":{"rendered":"<p><span style=\"font-family: georgia, palatino, serif; color: #000000;\"><strong><span style=\"font-size: 12pt;\">Omadused ja hooldus:<\/span><\/strong><\/span><\/p>\n<p><span style=\"font-family: georgia, palatino, serif; font-size: 12pt; color: #000000;\">Toode on BPA\/ftalaatide vaba. Pehme lusika otsik on \u00f5rn lapse igemetele. Lapse toitmine v\u00f5ib olla n\u00fc\u00fcd segaduse vaba ja \u00fche k\u00e4ega teostatav. P\u00fcstine asetus hoiab s\u00f6\u00f6misala puhtana. Lusikas on korgiga suletav. Pealmine osa on n\u00f5udepesumasinas pestav ja aurutamisega steriliseerimise kindel. Vastupidav temperatuuridele -20\u00b0C kuni 120\u00b0C. Sobib kasutamiseks alates 6. elukuust.<\/span><\/p>\n<p><span style=\"font-size: 12pt; font-family: georgia, palatino, serif; color: #000000;\"><strong>Suurus:<\/strong><br \/>\n17.2 x 6.4 x 6.4cm<br \/>\n(Mahutavus\uff1a90ml )<\/span><\/p>\n<p><span style=\"font-family: georgia, palatino, serif; color: #000000;\"><strong><span style=\"font-size: 12pt;\">Materjal:<\/span><\/strong><\/span><\/p>\n<p><span style=\"font-family: georgia, palatino, serif; font-size: 12pt; color: #000000;\">Kemikaalide vaba toidusilikoon<\/span><\/p>","protected":false},"excerpt":{"rendered":"<p><span style=\"font-family: Times, serif; font-size: 12pt; color: #000000;\"><span style=\"font-family: Verdana, serif;\"><span style=\"font-family: georgia, palatino, serif;\">Lapse toitmine ei ole alati lihtne \u00fclesanne. Selle t\u00f5ttu on Marcus &amp; Marcus toiduga t\u00e4idetav lusikas disainitud selle jaoks, et muuta v\u00e4ikelapse toitmise aeg lihtsamaks ja l\u00f5busamaks. T\u00e4itke lusika k\u00fcljes olev s\u00fcstik p\u00fcreega ning ainult kerge pigistusega t\u00e4itub lusikas suut\u00e4iega. Raketi kujuga lusikas k\u00f6idab lapse t\u00e4helepanu ning s\u00f6\u00f6misest v\u00f5ib saada l\u00f5bus aeg nii teile kui lapsele. Lusika alumina osa on disainitud nii, et lusikat on v\u00f5imalik lauale asetada p\u00fcstiselt, see hoiab s\u00f6\u00f6misala puhtana. Kui soovite toitu kaasa v\u00f5tta on v\u00f5imalik lusikas sulgeda kaasasoleva korgi abil.<\/span><\/span><\/span><\/p>\n<p><span style=\"font-family: Times, serif; font-size: 12pt;\"><span style=\"font-family: Verdana, serif;\"><br \/>\n<span style=\"font-family: georgia, palatino, serif; font-size: 12pt; color: #000000;\"><strong>Tarne 3-8 t\u00f6\u00f6p\u00e4eva!<\/strong><\/span><br \/>\n<\/span><\/span><\/p>","protected":false},"featured_media":22025,"comment_status":"closed","ping_status":"closed","template":"","meta":[],"product_brand":[455],"product_cat":[426,285,422],"product_tag":[474,457],"class_list":{"0":"post-19952","1":"product","2":"type-product","3":"status-publish","4":"has-post-thumbnail","6":"product_brand-marcus-marcus","7":"product_cat-kingiideed","8":"product_cat-koik","9":"product_cat-laste-soogikomplektid","10":"product_tag-soomistarvikud","11":"product_tag-beebidele-0-1-a","13":"first","14":"instock","15":"shipping-taxable","16":"purchasable","17":"product-type-variable"},"yoast_head":"<!-- This site is optimized with the Yoast SEO plugin v26.9 - https:\/\/yoast.com\/product\/yoast-seo-wordpress\/ -->\n<title>Marcus &amp; Marcus t\u00e4idetav lusikas | Gegokids<\/title>\n<meta name=\"description\" content=\"Toidulusika dosaator beebidele, mis v\u00f5imaldab \u00fche k\u00e4ega toitmist ja v\u00e4hendab segadust. Marcus &amp; Marcus lusikas sobib alates 6 kuust.\" \/>\n<meta name=\"robots\" content=\"index, follow, max-snippet:-1, max-image-preview:large, max-video-preview:-1\" \/>\n<link rel=\"canonical\" href=\"https:\/\/gegokids.ee\/en\/product\/mm-taidetav-lusikas\/\" \/>\n<meta property=\"og:locale\" content=\"en_US\" \/>\n<meta property=\"og:type\" content=\"article\" \/>\n<meta property=\"og:title\" content=\"Marcus &amp; Marcus t\u00e4idetav lusikas | Gegokids\" \/>\n<meta property=\"og:description\" content=\"Toidulusika dosaator beebidele, mis v\u00f5imaldab \u00fche k\u00e4ega toitmist ja v\u00e4hendab segadust. Marcus &amp; Marcus lusikas sobib alates 6 kuust.\" \/>\n<meta property=\"og:url\" content=\"https:\/\/gegokids.ee\/en\/product\/mm-taidetav-lusikas\/\" \/>\n<meta property=\"og:site_name\" content=\"Gegokids\" \/>\n<meta property=\"article:publisher\" content=\"https:\/\/www.facebook.com\/GegoKids\" \/>\n<meta property=\"article:modified_time\" content=\"2026-02-08T22:02:48+00:00\" \/>\n<meta property=\"og:image\" content=\"https:\/\/gegokids.ee\/wp-content\/uploads\/2022\/06\/MM-Taidetav-Lusikas-Photo.png\" \/>\n\t<meta property=\"og:image:width\" content=\"800\" \/>\n\t<meta property=\"og:image:height\" content=\"533\" \/>\n\t<meta property=\"og:image:type\" content=\"image\/png\" \/>\n<meta name=\"twitter:card\" content=\"summary_large_image\" \/>\n<meta name=\"twitter:label1\" content=\"Est. reading time\" \/>\n\t<meta name=\"twitter:data1\" content=\"1 minute\" \/>\n<script type=\"application\/ld+json\" class=\"yoast-schema-graph\">{\"@context\":\"https:\/\/schema.org\",\"@graph\":[{\"@type\":\"WebPage\",\"@id\":\"https:\/\/gegokids.ee\/toode\/mm-taidetav-lusikas\/\",\"url\":\"https:\/\/gegokids.ee\/toode\/mm-taidetav-lusikas\/\",\"name\":\"Marcus &amp; Marcus t\u00e4idetav lusikas | Gegokids\",\"isPartOf\":{\"@id\":\"https:\/\/gegokids.ee\/#website\"},\"primaryImageOfPage\":{\"@id\":\"https:\/\/gegokids.ee\/toode\/mm-taidetav-lusikas\/#primaryimage\"},\"image\":{\"@id\":\"https:\/\/gegokids.ee\/toode\/mm-taidetav-lusikas\/#primaryimage\"},\"thumbnailUrl\":\"https:\/\/gegokids.ee\/wp-content\/uploads\/2022\/06\/MM-Taidetav-Lusikas-Sinine.png\",\"datePublished\":\"2022-06-18T13:32:02+00:00\",\"dateModified\":\"2026-02-08T22:02:48+00:00\",\"description\":\"Toidulusika dosaator beebidele, mis v\u00f5imaldab \u00fche k\u00e4ega toitmist ja v\u00e4hendab segadust. Marcus & Marcus lusikas sobib alates 6 kuust.\",\"breadcrumb\":{\"@id\":\"https:\/\/gegokids.ee\/toode\/mm-taidetav-lusikas\/#breadcrumb\"},\"inLanguage\":\"en-US\",\"potentialAction\":[{\"@type\":\"ReadAction\",\"target\":[\"https:\/\/gegokids.ee\/toode\/mm-taidetav-lusikas\/\"]}]},{\"@type\":\"ImageObject\",\"inLanguage\":\"en-US\",\"@id\":\"https:\/\/gegokids.ee\/toode\/mm-taidetav-lusikas\/#primaryimage\",\"url\":\"https:\/\/gegokids.ee\/wp-content\/uploads\/2022\/06\/MM-Taidetav-Lusikas-Sinine.png\",\"contentUrl\":\"https:\/\/gegokids.ee\/wp-content\/uploads\/2022\/06\/MM-Taidetav-Lusikas-Sinine.png\",\"width\":800,\"height\":533},{\"@type\":\"BreadcrumbList\",\"@id\":\"https:\/\/gegokids.ee\/toode\/mm-taidetav-lusikas\/#breadcrumb\",\"itemListElement\":[{\"@type\":\"ListItem\",\"position\":1,\"name\":\"Home\",\"item\":\"https:\/\/gegokids.ee\/en\/\"},{\"@type\":\"ListItem\",\"position\":2,\"name\":\"E-pood\",\"item\":\"https:\/\/gegokids.ee\/e-pood\/\"},{\"@type\":\"ListItem\",\"position\":3,\"name\":\"Marcus &amp; Marcus t\u00e4idetav lusikas\"}]},{\"@type\":\"WebSite\",\"@id\":\"https:\/\/gegokids.ee\/#website\",\"url\":\"https:\/\/gegokids.ee\/\",\"name\":\"Gegokids\",\"description\":\"Kvaliteetsed ja turvalised laste m\u00e4nguasjad.\",\"publisher\":{\"@id\":\"https:\/\/gegokids.ee\/#organization\"},\"potentialAction\":[{\"@type\":\"SearchAction\",\"target\":{\"@type\":\"EntryPoint\",\"urlTemplate\":\"https:\/\/gegokids.ee\/?s={search_term_string}\"},\"query-input\":{\"@type\":\"PropertyValueSpecification\",\"valueRequired\":true,\"valueName\":\"search_term_string\"}}],\"inLanguage\":\"en-US\"},{\"@type\":\"Organization\",\"@id\":\"https:\/\/gegokids.ee\/#organization\",\"name\":\"Gegokids\",\"url\":\"https:\/\/gegokids.ee\/\",\"logo\":{\"@type\":\"ImageObject\",\"inLanguage\":\"en-US\",\"@id\":\"https:\/\/gegokids.ee\/#\/schema\/logo\/image\/\",\"url\":\"https:\/\/gegokids.ee\/wp-content\/uploads\/2022\/06\/logo2.png\",\"contentUrl\":\"https:\/\/gegokids.ee\/wp-content\/uploads\/2022\/06\/logo2.png\",\"width\":358,\"height\":104,\"caption\":\"Gegokids\"},\"image\":{\"@id\":\"https:\/\/gegokids.ee\/#\/schema\/logo\/image\/\"},\"sameAs\":[\"https:\/\/www.facebook.com\/GegoKids\",\"https:\/\/www.instagram.com\/gegokids.ee\/\"]}]}<\/script>\n<!-- \/ Yoast SEO plugin. -->","yoast_head_json":{"title":"Marcus &amp; Marcus t\u00e4idetav lusikas | Gegokids","description":"Toidulusika dosaator beebidele, mis v\u00f5imaldab \u00fche k\u00e4ega toitmist ja v\u00e4hendab segadust. Marcus & Marcus lusikas sobib alates 6 kuust.","robots":{"index":"index","follow":"follow","max-snippet":"max-snippet:-1","max-image-preview":"max-image-preview:large","max-video-preview":"max-video-preview:-1"},"canonical":"https:\/\/gegokids.ee\/en\/product\/mm-taidetav-lusikas\/","og_locale":"en_US","og_type":"article","og_title":"Marcus &amp; Marcus t\u00e4idetav lusikas | Gegokids","og_description":"Toidulusika dosaator beebidele, mis v\u00f5imaldab \u00fche k\u00e4ega toitmist ja v\u00e4hendab segadust. Marcus & Marcus lusikas sobib alates 6 kuust.","og_url":"https:\/\/gegokids.ee\/en\/product\/mm-taidetav-lusikas\/","og_site_name":"Gegokids","article_publisher":"https:\/\/www.facebook.com\/GegoKids","article_modified_time":"2026-02-08T22:02:48+00:00","og_image":[{"width":800,"height":533,"url":"https:\/\/gegokids.ee\/wp-content\/uploads\/2022\/06\/MM-Taidetav-Lusikas-Photo.png","type":"image\/png"}],"twitter_card":"summary_large_image","twitter_misc":{"Est. reading time":"1 minute"},"schema":{"@context":"https:\/\/schema.org","@graph":[{"@type":"WebPage","@id":"https:\/\/gegokids.ee\/toode\/mm-taidetav-lusikas\/","url":"https:\/\/gegokids.ee\/toode\/mm-taidetav-lusikas\/","name":"Marcus &amp; Marcus t\u00e4idetav lusikas | Gegokids","isPartOf":{"@id":"https:\/\/gegokids.ee\/#website"},"primaryImageOfPage":{"@id":"https:\/\/gegokids.ee\/toode\/mm-taidetav-lusikas\/#primaryimage"},"image":{"@id":"https:\/\/gegokids.ee\/toode\/mm-taidetav-lusikas\/#primaryimage"},"thumbnailUrl":"https:\/\/gegokids.ee\/wp-content\/uploads\/2022\/06\/MM-Taidetav-Lusikas-Sinine.png","datePublished":"2022-06-18T13:32:02+00:00","dateModified":"2026-02-08T22:02:48+00:00","description":"Toidulusika dosaator beebidele, mis v\u00f5imaldab \u00fche k\u00e4ega toitmist ja v\u00e4hendab segadust. Marcus & Marcus lusikas sobib alates 6 kuust.","breadcrumb":{"@id":"https:\/\/gegokids.ee\/toode\/mm-taidetav-lusikas\/#breadcrumb"},"inLanguage":"en-US","potentialAction":[{"@type":"ReadAction","target":["https:\/\/gegokids.ee\/toode\/mm-taidetav-lusikas\/"]}]},{"@type":"ImageObject","inLanguage":"en-US","@id":"https:\/\/gegokids.ee\/toode\/mm-taidetav-lusikas\/#primaryimage","url":"https:\/\/gegokids.ee\/wp-content\/uploads\/2022\/06\/MM-Taidetav-Lusikas-Sinine.png","contentUrl":"https:\/\/gegokids.ee\/wp-content\/uploads\/2022\/06\/MM-Taidetav-Lusikas-Sinine.png","width":800,"height":533},{"@type":"BreadcrumbList","@id":"https:\/\/gegokids.ee\/toode\/mm-taidetav-lusikas\/#breadcrumb","itemListElement":[{"@type":"ListItem","position":1,"name":"Home","item":"https:\/\/gegokids.ee\/en\/"},{"@type":"ListItem","position":2,"name":"E-pood","item":"https:\/\/gegokids.ee\/e-pood\/"},{"@type":"ListItem","position":3,"name":"Marcus &amp; Marcus t\u00e4idetav lusikas"}]},{"@type":"WebSite","@id":"https:\/\/gegokids.ee\/#website","url":"https:\/\/gegokids.ee\/","name":"Gegokids","description":"Kvaliteetsed ja turvalised laste m\u00e4nguasjad.","publisher":{"@id":"https:\/\/gegokids.ee\/#organization"},"potentialAction":[{"@type":"SearchAction","target":{"@type":"EntryPoint","urlTemplate":"https:\/\/gegokids.ee\/?s={search_term_string}"},"query-input":{"@type":"PropertyValueSpecification","valueRequired":true,"valueName":"search_term_string"}}],"inLanguage":"en-US"},{"@type":"Organization","@id":"https:\/\/gegokids.ee\/#organization","name":"Gegokids","url":"https:\/\/gegokids.ee\/","logo":{"@type":"ImageObject","inLanguage":"en-US","@id":"https:\/\/gegokids.ee\/#\/schema\/logo\/image\/","url":"https:\/\/gegokids.ee\/wp-content\/uploads\/2022\/06\/logo2.png","contentUrl":"https:\/\/gegokids.ee\/wp-content\/uploads\/2022\/06\/logo2.png","width":358,"height":104,"caption":"Gegokids"},"image":{"@id":"https:\/\/gegokids.ee\/#\/schema\/logo\/image\/"},"sameAs":["https:\/\/www.facebook.com\/GegoKids","https:\/\/www.instagram.com\/gegokids.ee\/"]}]}},"_links":{"self":[{"href":"https:\/\/gegokids.ee\/en\/wp-json\/wp\/v2\/product\/19952","targetHints":{"allow":["GET"]}}],"collection":[{"href":"https:\/\/gegokids.ee\/en\/wp-json\/wp\/v2\/product"}],"about":[{"href":"https:\/\/gegokids.ee\/en\/wp-json\/wp\/v2\/types\/product"}],"replies":[{"embeddable":true,"href":"https:\/\/gegokids.ee\/en\/wp-json\/wp\/v2\/comments?post=19952"}],"version-history":[{"count":5,"href":"https:\/\/gegokids.ee\/en\/wp-json\/wp\/v2\/product\/19952\/revisions"}],"predecessor-version":[{"id":29070,"href":"https:\/\/gegokids.ee\/en\/wp-json\/wp\/v2\/product\/19952\/revisions\/29070"}],"wp:featuredmedia":[{"embeddable":true,"href":"https:\/\/gegokids.ee\/en\/wp-json\/wp\/v2\/media\/22025"}],"wp:attachment":[{"href":"https:\/\/gegokids.ee\/en\/wp-json\/wp\/v2\/media?parent=19952"}],"wp:term":[{"taxonomy":"product_brand","embeddable":true,"href":"https:\/\/gegokids.ee\/en\/wp-json\/wp\/v2\/product_brand?post=19952"},{"taxonomy":"product_cat","embeddable":true,"href":"https:\/\/gegokids.ee\/en\/wp-json\/wp\/v2\/product_cat?post=19952"},{"taxonomy":"product_tag","embeddable":true,"href":"https:\/\/gegokids.ee\/en\/wp-json\/wp\/v2\/product_tag?post=19952"}],"curies":[{"name":"wp","href":"https:\/\/api.w.org\/{rel}","templated":true}]}}