{"id":19946,"date":"2022-06-18T13:32:02","date_gmt":"2022-06-18T13:32:02","guid":{"rendered":"https:\/\/gegokids.ee\/?post_type=product&#038;p=19946"},"modified":"2026-02-12T11:13:19","modified_gmt":"2026-02-12T08:13:19","slug":"mm-beebi-soogitarvikute-komplekt","status":"publish","type":"product","link":"https:\/\/gegokids.ee\/en\/product\/mm-beebi-soogitarvikute-komplekt\/","title":{"rendered":"Marcus &#038; Marcus beebi s\u00f6\u00f6gitarvikute komplekt"},"content":{"rendered":"<p><span style=\"font-size: 12pt; font-family: georgia, palatino, serif;\"><strong>P\u00f5lle omadused:<\/strong><\/span><\/p>\n<ul>\n<li><span style=\"font-size: 12pt; font-family: georgia, palatino, serif;\">BPA\/ftalaatide vaba<\/span><\/li>\n<li><span style=\"font-size: 12pt; font-family: georgia, palatino, serif;\">Ekstra suur kogumistasku<\/span><\/li>\n<li><span style=\"font-size: 12pt; font-family: georgia, palatino, serif;\">Pehme silikoon on hell lapse kaela vastu<\/span><\/li>\n<li><span style=\"font-size: 12pt; font-family: georgia, palatino, serif;\">Kaks reguleeritavat astet<\/span><\/li>\n<\/ul>\n<p><span style=\"font-size: 12pt;\"><strong>Lusika omadused:<\/strong><\/span><\/p>\n<ul>\n<li><span style=\"font-size: 12pt;\">BPA\/ftalaatide vaba<\/span><\/li>\n<li><span style=\"font-size: 12pt;\">Lihtsasti haaratav k\u00e4epide<\/span><\/li>\n<li><span style=\"font-size: 12pt;\">Baktereid h\u00fclgav materjal<\/span><\/li>\n<li><span style=\"font-size: 12pt;\">Pehme silikoonist tipp hoiab igemeid<\/span><\/li>\n<li><span style=\"font-size: 12pt;\">Laua peale asetades ei kuku \u00fcmber<\/span><\/li>\n<\/ul>\n<p><span style=\"font-size: 12pt;\"><strong>Puhastamine ja hooldus:<\/strong><\/span><\/p>\n<ul>\n<li><span style=\"font-size: 12pt;\">Pestav n\u00f5udepesumasinas AINULT \u00fclemisel riiulil<\/span><\/li>\n<li><span style=\"font-size: 12pt;\">Aurusterilisaatoris kasutatav<\/span><\/li>\n<li><span style=\"font-size: 12pt;\">Plekid on eemaldatavad sooja seebiveega<\/span><\/li>\n<li><span style=\"font-size: 12pt;\">\u00c4rge asetage mikrolaineahju<\/span><\/li>\n<\/ul>\n<p><span style=\"font-size: 12pt; font-family: georgia, palatino, serif;\"><strong>M\u00f5\u00f5dud:<\/strong><\/span><br \/>\n<span style=\"font-size: 12pt; font-family: georgia, palatino, serif;\">275 x 30 x 210 mm<\/span><\/p>\n<p><span style=\"font-size: 12pt; font-family: georgia, palatino, serif;\"><strong>Materjal:<\/strong><\/span><br \/>\n<span style=\"font-size: 12pt; font-family: georgia, palatino, serif;\">Toidusilikoon<\/span><\/p>\n<p><span style=\"font-size: 12pt; font-family: georgia, palatino, serif;\"><strong>Vastupidavus temperatuurid:<\/strong><\/span><br \/>\n<span style=\"font-size: 12pt; font-family: georgia, palatino, serif;\">-20\u00b0C kuni 120\u00b0C<\/span><\/p>\n<p><span style=\"font-size: 12pt; font-family: georgia, palatino, serif;\"><strong>Vanus:<\/strong><\/span><br \/>\n<span style=\"font-size: 12pt; font-family: georgia, palatino, serif;\">6 kuud+<\/span><\/p>","protected":false},"excerpt":{"rendered":"<p><span style=\"font-family: georgia, palatino, serif; font-size: 12pt;\">Marcus &amp; Marcus beebi s\u00f6\u00f6gitarvikute komplekti kuuluvad j\u00e4rgmised tooted:<\/span><\/p>\n<ul>\n<li><span style=\"font-family: georgia, palatino, serif; font-size: 12pt;\">Ekstra suure kogumistaskuga imepehmest silikoonist p\u00f5ll, mille kaelus on reguleeritav. P\u00f5ll on v\u00e4ga mugav ning pealispind vetth\u00fclgavast materjalist, mist\u00f5ttu ei ole p\u00f5lle k\u00fclge kuivanud mustus raskesti eemaldatav. P\u00f5ll on kiiresti kuivav!<\/span><\/li>\n<li><span style=\"font-family: georgia, palatino, serif; font-size: 12pt;\">Pehme tipuline lusikas, mis on eriti \u00f5rn beebi igemete vastu, laua peale asetades ei kuku \u00fcmber ning on n\u00e4rimiskindla otsikuga.<\/span><\/li>\n<li><span style=\"font-family: georgia, palatino, serif; font-size: 12pt;\">Silikoonist kauss (ei ole laua k\u00fclge kinnitatav)<\/span><\/li>\n<\/ul>\n<p><span style=\"font-family: georgia, palatino, serif; font-size: 12pt;\">Beebile m\u00f5eldud komplekt on ideaalne lisatoiduga alustamise jaoks.<\/span><\/p>\n<p><span style=\"font-family: georgia, palatino, serif; font-size: 12pt;\"><br \/>\n<strong>Tarne 3-8 t\u00f6\u00f6p\u00e4eva!<\/strong><\/span><\/p>","protected":false},"featured_media":22014,"comment_status":"closed","ping_status":"closed","template":"","meta":[],"product_brand":[455],"product_cat":[285,422],"product_tag":[453,474,457],"class_list":{"0":"post-19946","1":"product","2":"type-product","3":"status-publish","4":"has-post-thumbnail","6":"product_brand-marcus-marcus","7":"product_cat-koik","8":"product_cat-laste-soogikomplektid","9":"product_tag-soogipolled-taskuga","10":"product_tag-soomistarvikud","11":"product_tag-beebidele-0-1-a","13":"first","14":"onbackorder","15":"shipping-taxable","16":"purchasable","17":"product-type-variable"},"yoast_head":"<!-- This site is optimized with the Yoast SEO plugin v26.9 - https:\/\/yoast.com\/product\/yoast-seo-wordpress\/ -->\n<title>Marcus &amp; Marcus beebi s\u00f6\u00f6gitarvikute komplekt | Gegokids<\/title>\n<meta name=\"description\" content=\"Marcus &amp; Marcus beebi s\u00f6\u00f6tmiskomplekt aitab lapsel alustada tahke toiduga. Komplekt sisaldab kaussi, pehme otsaga lusikat ja silikoonp\u00f5lle. Sobib alates 12.kuust.\" \/>\n<meta name=\"robots\" content=\"index, follow, max-snippet:-1, max-image-preview:large, max-video-preview:-1\" \/>\n<link rel=\"canonical\" href=\"https:\/\/gegokids.ee\/en\/product\/mm-beebi-soogitarvikute-komplekt\/\" \/>\n<meta property=\"og:locale\" content=\"en_US\" \/>\n<meta property=\"og:type\" content=\"article\" \/>\n<meta property=\"og:title\" content=\"Marcus &amp; Marcus beebi s\u00f6\u00f6gitarvikute komplekt | Gegokids\" \/>\n<meta property=\"og:description\" content=\"Marcus &amp; Marcus beebi s\u00f6\u00f6tmiskomplekt aitab lapsel alustada tahke toiduga. Komplekt sisaldab kaussi, pehme otsaga lusikat ja silikoonp\u00f5lle. Sobib alates 12.kuust.\" \/>\n<meta property=\"og:url\" content=\"https:\/\/gegokids.ee\/en\/product\/mm-beebi-soogitarvikute-komplekt\/\" \/>\n<meta property=\"og:site_name\" content=\"Gegokids\" \/>\n<meta property=\"article:publisher\" content=\"https:\/\/www.facebook.com\/GegoKids\" \/>\n<meta property=\"article:modified_time\" content=\"2026-02-12T08:13:19+00:00\" \/>\n<meta property=\"og:image\" content=\"https:\/\/gegokids.ee\/wp-content\/uploads\/2022\/06\/MM-Beebi-Soogitarvikute-Komplekt-Sinine.png\" \/>\n\t<meta property=\"og:image:width\" content=\"800\" \/>\n\t<meta property=\"og:image:height\" content=\"533\" \/>\n\t<meta property=\"og:image:type\" content=\"image\/png\" \/>\n<meta name=\"twitter:card\" content=\"summary_large_image\" \/>\n<meta name=\"twitter:label1\" content=\"Est. reading time\" \/>\n\t<meta name=\"twitter:data1\" content=\"1 minute\" \/>\n<script type=\"application\/ld+json\" class=\"yoast-schema-graph\">{\"@context\":\"https:\/\/schema.org\",\"@graph\":[{\"@type\":\"WebPage\",\"@id\":\"https:\/\/gegokids.ee\/toode\/mm-beebi-soogitarvikute-komplekt\/\",\"url\":\"https:\/\/gegokids.ee\/toode\/mm-beebi-soogitarvikute-komplekt\/\",\"name\":\"Marcus & Marcus beebi s\u00f6\u00f6gitarvikute komplekt | Gegokids\",\"isPartOf\":{\"@id\":\"https:\/\/gegokids.ee\/#website\"},\"primaryImageOfPage\":{\"@id\":\"https:\/\/gegokids.ee\/toode\/mm-beebi-soogitarvikute-komplekt\/#primaryimage\"},\"image\":{\"@id\":\"https:\/\/gegokids.ee\/toode\/mm-beebi-soogitarvikute-komplekt\/#primaryimage\"},\"thumbnailUrl\":\"https:\/\/gegokids.ee\/wp-content\/uploads\/2022\/06\/MM-Beebi-Soogitarvikute-Komplekt-Sinine.png\",\"datePublished\":\"2022-06-18T13:32:02+00:00\",\"dateModified\":\"2026-02-12T08:13:19+00:00\",\"description\":\"Marcus & Marcus beebi s\u00f6\u00f6tmiskomplekt aitab lapsel alustada tahke toiduga. Komplekt sisaldab kaussi, pehme otsaga lusikat ja silikoonp\u00f5lle. Sobib alates 12.kuust.\",\"breadcrumb\":{\"@id\":\"https:\/\/gegokids.ee\/toode\/mm-beebi-soogitarvikute-komplekt\/#breadcrumb\"},\"inLanguage\":\"en-US\",\"potentialAction\":[{\"@type\":\"ReadAction\",\"target\":[\"https:\/\/gegokids.ee\/toode\/mm-beebi-soogitarvikute-komplekt\/\"]}]},{\"@type\":\"ImageObject\",\"inLanguage\":\"en-US\",\"@id\":\"https:\/\/gegokids.ee\/toode\/mm-beebi-soogitarvikute-komplekt\/#primaryimage\",\"url\":\"https:\/\/gegokids.ee\/wp-content\/uploads\/2022\/06\/MM-Beebi-Soogitarvikute-Komplekt-Sinine.png\",\"contentUrl\":\"https:\/\/gegokids.ee\/wp-content\/uploads\/2022\/06\/MM-Beebi-Soogitarvikute-Komplekt-Sinine.png\",\"width\":800,\"height\":533},{\"@type\":\"BreadcrumbList\",\"@id\":\"https:\/\/gegokids.ee\/toode\/mm-beebi-soogitarvikute-komplekt\/#breadcrumb\",\"itemListElement\":[{\"@type\":\"ListItem\",\"position\":1,\"name\":\"Home\",\"item\":\"https:\/\/gegokids.ee\/en\/\"},{\"@type\":\"ListItem\",\"position\":2,\"name\":\"E-pood\",\"item\":\"https:\/\/gegokids.ee\/e-pood\/\"},{\"@type\":\"ListItem\",\"position\":3,\"name\":\"Marcus &#038; Marcus beebi s\u00f6\u00f6gitarvikute komplekt\"}]},{\"@type\":\"WebSite\",\"@id\":\"https:\/\/gegokids.ee\/#website\",\"url\":\"https:\/\/gegokids.ee\/\",\"name\":\"Gegokids\",\"description\":\"Kvaliteetsed ja turvalised laste m\u00e4nguasjad.\",\"publisher\":{\"@id\":\"https:\/\/gegokids.ee\/#organization\"},\"potentialAction\":[{\"@type\":\"SearchAction\",\"target\":{\"@type\":\"EntryPoint\",\"urlTemplate\":\"https:\/\/gegokids.ee\/?s={search_term_string}\"},\"query-input\":{\"@type\":\"PropertyValueSpecification\",\"valueRequired\":true,\"valueName\":\"search_term_string\"}}],\"inLanguage\":\"en-US\"},{\"@type\":\"Organization\",\"@id\":\"https:\/\/gegokids.ee\/#organization\",\"name\":\"Gegokids\",\"url\":\"https:\/\/gegokids.ee\/\",\"logo\":{\"@type\":\"ImageObject\",\"inLanguage\":\"en-US\",\"@id\":\"https:\/\/gegokids.ee\/#\/schema\/logo\/image\/\",\"url\":\"https:\/\/gegokids.ee\/wp-content\/uploads\/2022\/06\/logo2.png\",\"contentUrl\":\"https:\/\/gegokids.ee\/wp-content\/uploads\/2022\/06\/logo2.png\",\"width\":358,\"height\":104,\"caption\":\"Gegokids\"},\"image\":{\"@id\":\"https:\/\/gegokids.ee\/#\/schema\/logo\/image\/\"},\"sameAs\":[\"https:\/\/www.facebook.com\/GegoKids\",\"https:\/\/www.instagram.com\/gegokids.ee\/\"]}]}<\/script>\n<!-- \/ Yoast SEO plugin. -->","yoast_head_json":{"title":"Marcus & Marcus beebi s\u00f6\u00f6gitarvikute komplekt | Gegokids","description":"Marcus & Marcus beebi s\u00f6\u00f6tmiskomplekt aitab lapsel alustada tahke toiduga. Komplekt sisaldab kaussi, pehme otsaga lusikat ja silikoonp\u00f5lle. Sobib alates 12.kuust.","robots":{"index":"index","follow":"follow","max-snippet":"max-snippet:-1","max-image-preview":"max-image-preview:large","max-video-preview":"max-video-preview:-1"},"canonical":"https:\/\/gegokids.ee\/en\/product\/mm-beebi-soogitarvikute-komplekt\/","og_locale":"en_US","og_type":"article","og_title":"Marcus & Marcus beebi s\u00f6\u00f6gitarvikute komplekt | Gegokids","og_description":"Marcus & Marcus beebi s\u00f6\u00f6tmiskomplekt aitab lapsel alustada tahke toiduga. Komplekt sisaldab kaussi, pehme otsaga lusikat ja silikoonp\u00f5lle. Sobib alates 12.kuust.","og_url":"https:\/\/gegokids.ee\/en\/product\/mm-beebi-soogitarvikute-komplekt\/","og_site_name":"Gegokids","article_publisher":"https:\/\/www.facebook.com\/GegoKids","article_modified_time":"2026-02-12T08:13:19+00:00","og_image":[{"width":800,"height":533,"url":"https:\/\/gegokids.ee\/wp-content\/uploads\/2022\/06\/MM-Beebi-Soogitarvikute-Komplekt-Sinine.png","type":"image\/png"}],"twitter_card":"summary_large_image","twitter_misc":{"Est. reading time":"1 minute"},"schema":{"@context":"https:\/\/schema.org","@graph":[{"@type":"WebPage","@id":"https:\/\/gegokids.ee\/toode\/mm-beebi-soogitarvikute-komplekt\/","url":"https:\/\/gegokids.ee\/toode\/mm-beebi-soogitarvikute-komplekt\/","name":"Marcus & Marcus beebi s\u00f6\u00f6gitarvikute komplekt | Gegokids","isPartOf":{"@id":"https:\/\/gegokids.ee\/#website"},"primaryImageOfPage":{"@id":"https:\/\/gegokids.ee\/toode\/mm-beebi-soogitarvikute-komplekt\/#primaryimage"},"image":{"@id":"https:\/\/gegokids.ee\/toode\/mm-beebi-soogitarvikute-komplekt\/#primaryimage"},"thumbnailUrl":"https:\/\/gegokids.ee\/wp-content\/uploads\/2022\/06\/MM-Beebi-Soogitarvikute-Komplekt-Sinine.png","datePublished":"2022-06-18T13:32:02+00:00","dateModified":"2026-02-12T08:13:19+00:00","description":"Marcus & Marcus beebi s\u00f6\u00f6tmiskomplekt aitab lapsel alustada tahke toiduga. Komplekt sisaldab kaussi, pehme otsaga lusikat ja silikoonp\u00f5lle. Sobib alates 12.kuust.","breadcrumb":{"@id":"https:\/\/gegokids.ee\/toode\/mm-beebi-soogitarvikute-komplekt\/#breadcrumb"},"inLanguage":"en-US","potentialAction":[{"@type":"ReadAction","target":["https:\/\/gegokids.ee\/toode\/mm-beebi-soogitarvikute-komplekt\/"]}]},{"@type":"ImageObject","inLanguage":"en-US","@id":"https:\/\/gegokids.ee\/toode\/mm-beebi-soogitarvikute-komplekt\/#primaryimage","url":"https:\/\/gegokids.ee\/wp-content\/uploads\/2022\/06\/MM-Beebi-Soogitarvikute-Komplekt-Sinine.png","contentUrl":"https:\/\/gegokids.ee\/wp-content\/uploads\/2022\/06\/MM-Beebi-Soogitarvikute-Komplekt-Sinine.png","width":800,"height":533},{"@type":"BreadcrumbList","@id":"https:\/\/gegokids.ee\/toode\/mm-beebi-soogitarvikute-komplekt\/#breadcrumb","itemListElement":[{"@type":"ListItem","position":1,"name":"Home","item":"https:\/\/gegokids.ee\/en\/"},{"@type":"ListItem","position":2,"name":"E-pood","item":"https:\/\/gegokids.ee\/e-pood\/"},{"@type":"ListItem","position":3,"name":"Marcus &#038; Marcus beebi s\u00f6\u00f6gitarvikute komplekt"}]},{"@type":"WebSite","@id":"https:\/\/gegokids.ee\/#website","url":"https:\/\/gegokids.ee\/","name":"Gegokids","description":"Kvaliteetsed ja turvalised laste m\u00e4nguasjad.","publisher":{"@id":"https:\/\/gegokids.ee\/#organization"},"potentialAction":[{"@type":"SearchAction","target":{"@type":"EntryPoint","urlTemplate":"https:\/\/gegokids.ee\/?s={search_term_string}"},"query-input":{"@type":"PropertyValueSpecification","valueRequired":true,"valueName":"search_term_string"}}],"inLanguage":"en-US"},{"@type":"Organization","@id":"https:\/\/gegokids.ee\/#organization","name":"Gegokids","url":"https:\/\/gegokids.ee\/","logo":{"@type":"ImageObject","inLanguage":"en-US","@id":"https:\/\/gegokids.ee\/#\/schema\/logo\/image\/","url":"https:\/\/gegokids.ee\/wp-content\/uploads\/2022\/06\/logo2.png","contentUrl":"https:\/\/gegokids.ee\/wp-content\/uploads\/2022\/06\/logo2.png","width":358,"height":104,"caption":"Gegokids"},"image":{"@id":"https:\/\/gegokids.ee\/#\/schema\/logo\/image\/"},"sameAs":["https:\/\/www.facebook.com\/GegoKids","https:\/\/www.instagram.com\/gegokids.ee\/"]}]}},"_links":{"self":[{"href":"https:\/\/gegokids.ee\/en\/wp-json\/wp\/v2\/product\/19946","targetHints":{"allow":["GET"]}}],"collection":[{"href":"https:\/\/gegokids.ee\/en\/wp-json\/wp\/v2\/product"}],"about":[{"href":"https:\/\/gegokids.ee\/en\/wp-json\/wp\/v2\/types\/product"}],"replies":[{"embeddable":true,"href":"https:\/\/gegokids.ee\/en\/wp-json\/wp\/v2\/comments?post=19946"}],"version-history":[{"count":3,"href":"https:\/\/gegokids.ee\/en\/wp-json\/wp\/v2\/product\/19946\/revisions"}],"predecessor-version":[{"id":29093,"href":"https:\/\/gegokids.ee\/en\/wp-json\/wp\/v2\/product\/19946\/revisions\/29093"}],"wp:featuredmedia":[{"embeddable":true,"href":"https:\/\/gegokids.ee\/en\/wp-json\/wp\/v2\/media\/22014"}],"wp:attachment":[{"href":"https:\/\/gegokids.ee\/en\/wp-json\/wp\/v2\/media?parent=19946"}],"wp:term":[{"taxonomy":"product_brand","embeddable":true,"href":"https:\/\/gegokids.ee\/en\/wp-json\/wp\/v2\/product_brand?post=19946"},{"taxonomy":"product_cat","embeddable":true,"href":"https:\/\/gegokids.ee\/en\/wp-json\/wp\/v2\/product_cat?post=19946"},{"taxonomy":"product_tag","embeddable":true,"href":"https:\/\/gegokids.ee\/en\/wp-json\/wp\/v2\/product_tag?post=19946"}],"curies":[{"name":"wp","href":"https:\/\/api.w.org\/{rel}","templated":true}]}}