{"id":19939,"date":"2022-06-18T13:32:02","date_gmt":"2022-06-18T13:32:02","guid":{"rendered":"https:\/\/gegokids.ee\/?post_type=product&#038;p=19939"},"modified":"2026-02-09T00:49:56","modified_gmt":"2026-02-08T21:49:56","slug":"mm-lauamatt","status":"publish","type":"product","link":"https:\/\/gegokids.ee\/en\/product\/mm-lauamatt\/","title":{"rendered":"Marcus &amp; Marcus lauamatt"},"content":{"rendered":"<p><span style=\"font-family: georgia, palatino, serif; color: #000000;\"><strong><span style=\"font-size: 12pt;\">Omadused ja hooldus:<\/span><\/strong><\/span><\/p>\n<ul>\n<li><span style=\"font-size: 12pt; font-family: georgia, palatino, serif; color: #000000;\">BPA\/ftalaatide vaba<\/span><\/li>\n<li><span style=\"font-size: 12pt; font-family: georgia, palatino, serif; color: #000000;\">teravate \u00e4\u00e4rteta<\/span><\/li>\n<li><span style=\"font-size: 12pt; font-family: georgia, palatino, serif; color: #000000;\">libisemiskindel pealispind<\/span><\/li>\n<li><span style=\"font-size: 12pt; font-family: georgia, palatino, serif; color: #000000;\">rulli keeratav ja mugav hoiustada<\/span><\/li>\n<li><span style=\"font-size: 12pt; font-family: georgia, palatino, serif; color: #000000;\">n\u00f5udepesumasinas pestav AINULT \u00fclemisel riiulil <\/span><\/li>\n<li><span style=\"font-size: 12pt; font-family: georgia, palatino, serif; color: #000000;\">vastupidav temperatuuridele -20\u00b0C kuni 220\u00b0C. <\/span><\/li>\n<\/ul>\n<p><span style=\"font-family: georgia, palatino, serif; color: #000000;\"><strong><span style=\"font-size: 12pt;\">M\u00f5\u00f5dud:lauam<\/span><\/strong><\/span><\/p>\n<p><span style=\"font-family: georgia, palatino, serif; font-size: 12pt; color: #000000;\">35 x 40 cm<\/span><\/p>\n<p><span style=\"font-family: georgia, palatino, serif; color: #000000;\"><strong><span style=\"font-size: 12pt;\">Materjal:<\/span><\/strong><\/span><\/p>\n<p><span style=\"font-family: georgia, palatino, serif; font-size: 12pt; color: #000000;\">Kemikaalide vabast toidusilikoonist<\/span><\/p>","protected":false},"excerpt":{"rendered":"<p><span style=\"font-family: georgia, palatino, serif; font-size: 12pt; color: #000000;\">Marcus &amp; Marcus lauamatt on valmistatud elastsest silikoonist, mis muudab selle transportimise lihtsaks. Kuna toode on vetth\u00fclgav siis on ka selle puhastamine v\u00e4ga lihtne ning ka kauem matil seisnud mustus ei kuiva sinna kinni. Lauamatt p\u00fcsib kindlalt laua peal ja selle pealispind on libisemiskindel. Lauamatil ei ole teravaid \u00e4\u00e4ri ja erksad v\u00e4rvid muudavad selle l\u00f5busalt lapselikuks.\u00a0<\/span><\/p>\n<p><span style=\"font-family: georgia, palatino, serif; font-size: 12pt; color: #000000;\"><span style=\"font-size: 12pt;\"><strong>Tarne 3-8 t\u00f6\u00f6p\u00e4eva!<\/strong><\/span><\/span><\/p>","protected":false},"featured_media":29062,"comment_status":"closed","ping_status":"closed","template":"","meta":[],"product_brand":[455],"product_cat":[285,422],"product_tag":[474,457,458],"class_list":{"0":"post-19939","1":"product","2":"type-product","3":"status-publish","4":"has-post-thumbnail","6":"product_brand-marcus-marcus","7":"product_cat-koik","8":"product_cat-laste-soogikomplektid","9":"product_tag-soomistarvikud","10":"product_tag-beebidele-0-1-a","11":"product_tag-vaikelastele-1-3-a","13":"first","14":"instock","15":"shipping-taxable","16":"purchasable","17":"product-type-variable"},"yoast_head":"<!-- This site is optimized with the Yoast SEO plugin v26.9 - https:\/\/yoast.com\/product\/yoast-seo-wordpress\/ -->\n<title>Marcus &amp; Marcus lauamatt | Gegokids<\/title>\n<meta name=\"description\" content=\"Marcus &amp; Marcus silikoonist s\u00f6\u00f6gialus teeb s\u00f6\u00f6gij\u00e4rgse koristamise lihtsaks. Libisemiskindel pind, rullitav disain ja erksad v\u00e4rvid. Ideaalne nii kodus kui ka reisil.\" \/>\n<meta name=\"robots\" content=\"index, follow, max-snippet:-1, max-image-preview:large, max-video-preview:-1\" \/>\n<link rel=\"canonical\" href=\"https:\/\/gegokids.ee\/en\/product\/mm-lauamatt\/\" \/>\n<meta property=\"og:locale\" content=\"en_US\" \/>\n<meta property=\"og:type\" content=\"article\" \/>\n<meta property=\"og:title\" content=\"Marcus &amp; Marcus lauamatt | Gegokids\" \/>\n<meta property=\"og:description\" content=\"Marcus &amp; Marcus silikoonist s\u00f6\u00f6gialus teeb s\u00f6\u00f6gij\u00e4rgse koristamise lihtsaks. Libisemiskindel pind, rullitav disain ja erksad v\u00e4rvid. Ideaalne nii kodus kui ka reisil.\" \/>\n<meta property=\"og:url\" content=\"https:\/\/gegokids.ee\/en\/product\/mm-lauamatt\/\" \/>\n<meta property=\"og:site_name\" content=\"Gegokids\" \/>\n<meta property=\"article:publisher\" content=\"https:\/\/www.facebook.com\/GegoKids\" \/>\n<meta property=\"article:modified_time\" content=\"2026-02-08T21:49:56+00:00\" \/>\n<meta property=\"og:image\" content=\"https:\/\/gegokids.ee\/wp-content\/uploads\/2022\/06\/MM-Lauamatt-Shoot.png\" \/>\n\t<meta property=\"og:image:width\" content=\"800\" \/>\n\t<meta property=\"og:image:height\" content=\"533\" \/>\n\t<meta property=\"og:image:type\" content=\"image\/png\" \/>\n<meta name=\"twitter:card\" content=\"summary_large_image\" \/>\n<meta name=\"twitter:label1\" content=\"Est. reading time\" \/>\n\t<meta name=\"twitter:data1\" content=\"1 minute\" \/>\n<script type=\"application\/ld+json\" class=\"yoast-schema-graph\">{\"@context\":\"https:\/\/schema.org\",\"@graph\":[{\"@type\":\"WebPage\",\"@id\":\"https:\/\/gegokids.ee\/toode\/mm-lauamatt\/\",\"url\":\"https:\/\/gegokids.ee\/toode\/mm-lauamatt\/\",\"name\":\"Marcus &amp; Marcus lauamatt | Gegokids\",\"isPartOf\":{\"@id\":\"https:\/\/gegokids.ee\/#website\"},\"primaryImageOfPage\":{\"@id\":\"https:\/\/gegokids.ee\/toode\/mm-lauamatt\/#primaryimage\"},\"image\":{\"@id\":\"https:\/\/gegokids.ee\/toode\/mm-lauamatt\/#primaryimage\"},\"thumbnailUrl\":\"https:\/\/gegokids.ee\/wp-content\/uploads\/2026\/02\/Gegokids-12.png\",\"datePublished\":\"2022-06-18T13:32:02+00:00\",\"dateModified\":\"2026-02-08T21:49:56+00:00\",\"description\":\"Marcus & Marcus silikoonist s\u00f6\u00f6gialus teeb s\u00f6\u00f6gij\u00e4rgse koristamise lihtsaks. Libisemiskindel pind, rullitav disain ja erksad v\u00e4rvid. Ideaalne nii kodus kui ka reisil.\",\"breadcrumb\":{\"@id\":\"https:\/\/gegokids.ee\/toode\/mm-lauamatt\/#breadcrumb\"},\"inLanguage\":\"en-US\",\"potentialAction\":[{\"@type\":\"ReadAction\",\"target\":[\"https:\/\/gegokids.ee\/toode\/mm-lauamatt\/\"]}]},{\"@type\":\"ImageObject\",\"inLanguage\":\"en-US\",\"@id\":\"https:\/\/gegokids.ee\/toode\/mm-lauamatt\/#primaryimage\",\"url\":\"https:\/\/gegokids.ee\/wp-content\/uploads\/2026\/02\/Gegokids-12.png\",\"contentUrl\":\"https:\/\/gegokids.ee\/wp-content\/uploads\/2026\/02\/Gegokids-12.png\",\"width\":600,\"height\":400},{\"@type\":\"BreadcrumbList\",\"@id\":\"https:\/\/gegokids.ee\/toode\/mm-lauamatt\/#breadcrumb\",\"itemListElement\":[{\"@type\":\"ListItem\",\"position\":1,\"name\":\"Home\",\"item\":\"https:\/\/gegokids.ee\/en\/\"},{\"@type\":\"ListItem\",\"position\":2,\"name\":\"E-pood\",\"item\":\"https:\/\/gegokids.ee\/e-pood\/\"},{\"@type\":\"ListItem\",\"position\":3,\"name\":\"Marcus &amp; Marcus lauamatt\"}]},{\"@type\":\"WebSite\",\"@id\":\"https:\/\/gegokids.ee\/#website\",\"url\":\"https:\/\/gegokids.ee\/\",\"name\":\"Gegokids\",\"description\":\"Kvaliteetsed ja turvalised laste m\u00e4nguasjad.\",\"publisher\":{\"@id\":\"https:\/\/gegokids.ee\/#organization\"},\"potentialAction\":[{\"@type\":\"SearchAction\",\"target\":{\"@type\":\"EntryPoint\",\"urlTemplate\":\"https:\/\/gegokids.ee\/?s={search_term_string}\"},\"query-input\":{\"@type\":\"PropertyValueSpecification\",\"valueRequired\":true,\"valueName\":\"search_term_string\"}}],\"inLanguage\":\"en-US\"},{\"@type\":\"Organization\",\"@id\":\"https:\/\/gegokids.ee\/#organization\",\"name\":\"Gegokids\",\"url\":\"https:\/\/gegokids.ee\/\",\"logo\":{\"@type\":\"ImageObject\",\"inLanguage\":\"en-US\",\"@id\":\"https:\/\/gegokids.ee\/#\/schema\/logo\/image\/\",\"url\":\"https:\/\/gegokids.ee\/wp-content\/uploads\/2022\/06\/logo2.png\",\"contentUrl\":\"https:\/\/gegokids.ee\/wp-content\/uploads\/2022\/06\/logo2.png\",\"width\":358,\"height\":104,\"caption\":\"Gegokids\"},\"image\":{\"@id\":\"https:\/\/gegokids.ee\/#\/schema\/logo\/image\/\"},\"sameAs\":[\"https:\/\/www.facebook.com\/GegoKids\",\"https:\/\/www.instagram.com\/gegokids.ee\/\"]}]}<\/script>\n<!-- \/ Yoast SEO plugin. -->","yoast_head_json":{"title":"Marcus &amp; Marcus lauamatt | Gegokids","description":"Marcus & Marcus silikoonist s\u00f6\u00f6gialus teeb s\u00f6\u00f6gij\u00e4rgse koristamise lihtsaks. Libisemiskindel pind, rullitav disain ja erksad v\u00e4rvid. Ideaalne nii kodus kui ka reisil.","robots":{"index":"index","follow":"follow","max-snippet":"max-snippet:-1","max-image-preview":"max-image-preview:large","max-video-preview":"max-video-preview:-1"},"canonical":"https:\/\/gegokids.ee\/en\/product\/mm-lauamatt\/","og_locale":"en_US","og_type":"article","og_title":"Marcus &amp; Marcus lauamatt | Gegokids","og_description":"Marcus & Marcus silikoonist s\u00f6\u00f6gialus teeb s\u00f6\u00f6gij\u00e4rgse koristamise lihtsaks. Libisemiskindel pind, rullitav disain ja erksad v\u00e4rvid. Ideaalne nii kodus kui ka reisil.","og_url":"https:\/\/gegokids.ee\/en\/product\/mm-lauamatt\/","og_site_name":"Gegokids","article_publisher":"https:\/\/www.facebook.com\/GegoKids","article_modified_time":"2026-02-08T21:49:56+00:00","og_image":[{"width":800,"height":533,"url":"https:\/\/gegokids.ee\/wp-content\/uploads\/2022\/06\/MM-Lauamatt-Shoot.png","type":"image\/png"}],"twitter_card":"summary_large_image","twitter_misc":{"Est. reading time":"1 minute"},"schema":{"@context":"https:\/\/schema.org","@graph":[{"@type":"WebPage","@id":"https:\/\/gegokids.ee\/toode\/mm-lauamatt\/","url":"https:\/\/gegokids.ee\/toode\/mm-lauamatt\/","name":"Marcus &amp; Marcus lauamatt | Gegokids","isPartOf":{"@id":"https:\/\/gegokids.ee\/#website"},"primaryImageOfPage":{"@id":"https:\/\/gegokids.ee\/toode\/mm-lauamatt\/#primaryimage"},"image":{"@id":"https:\/\/gegokids.ee\/toode\/mm-lauamatt\/#primaryimage"},"thumbnailUrl":"https:\/\/gegokids.ee\/wp-content\/uploads\/2026\/02\/Gegokids-12.png","datePublished":"2022-06-18T13:32:02+00:00","dateModified":"2026-02-08T21:49:56+00:00","description":"Marcus & Marcus silikoonist s\u00f6\u00f6gialus teeb s\u00f6\u00f6gij\u00e4rgse koristamise lihtsaks. Libisemiskindel pind, rullitav disain ja erksad v\u00e4rvid. Ideaalne nii kodus kui ka reisil.","breadcrumb":{"@id":"https:\/\/gegokids.ee\/toode\/mm-lauamatt\/#breadcrumb"},"inLanguage":"en-US","potentialAction":[{"@type":"ReadAction","target":["https:\/\/gegokids.ee\/toode\/mm-lauamatt\/"]}]},{"@type":"ImageObject","inLanguage":"en-US","@id":"https:\/\/gegokids.ee\/toode\/mm-lauamatt\/#primaryimage","url":"https:\/\/gegokids.ee\/wp-content\/uploads\/2026\/02\/Gegokids-12.png","contentUrl":"https:\/\/gegokids.ee\/wp-content\/uploads\/2026\/02\/Gegokids-12.png","width":600,"height":400},{"@type":"BreadcrumbList","@id":"https:\/\/gegokids.ee\/toode\/mm-lauamatt\/#breadcrumb","itemListElement":[{"@type":"ListItem","position":1,"name":"Home","item":"https:\/\/gegokids.ee\/en\/"},{"@type":"ListItem","position":2,"name":"E-pood","item":"https:\/\/gegokids.ee\/e-pood\/"},{"@type":"ListItem","position":3,"name":"Marcus &amp; Marcus lauamatt"}]},{"@type":"WebSite","@id":"https:\/\/gegokids.ee\/#website","url":"https:\/\/gegokids.ee\/","name":"Gegokids","description":"Kvaliteetsed ja turvalised laste m\u00e4nguasjad.","publisher":{"@id":"https:\/\/gegokids.ee\/#organization"},"potentialAction":[{"@type":"SearchAction","target":{"@type":"EntryPoint","urlTemplate":"https:\/\/gegokids.ee\/?s={search_term_string}"},"query-input":{"@type":"PropertyValueSpecification","valueRequired":true,"valueName":"search_term_string"}}],"inLanguage":"en-US"},{"@type":"Organization","@id":"https:\/\/gegokids.ee\/#organization","name":"Gegokids","url":"https:\/\/gegokids.ee\/","logo":{"@type":"ImageObject","inLanguage":"en-US","@id":"https:\/\/gegokids.ee\/#\/schema\/logo\/image\/","url":"https:\/\/gegokids.ee\/wp-content\/uploads\/2022\/06\/logo2.png","contentUrl":"https:\/\/gegokids.ee\/wp-content\/uploads\/2022\/06\/logo2.png","width":358,"height":104,"caption":"Gegokids"},"image":{"@id":"https:\/\/gegokids.ee\/#\/schema\/logo\/image\/"},"sameAs":["https:\/\/www.facebook.com\/GegoKids","https:\/\/www.instagram.com\/gegokids.ee\/"]}]}},"_links":{"self":[{"href":"https:\/\/gegokids.ee\/en\/wp-json\/wp\/v2\/product\/19939","targetHints":{"allow":["GET"]}}],"collection":[{"href":"https:\/\/gegokids.ee\/en\/wp-json\/wp\/v2\/product"}],"about":[{"href":"https:\/\/gegokids.ee\/en\/wp-json\/wp\/v2\/types\/product"}],"replies":[{"embeddable":true,"href":"https:\/\/gegokids.ee\/en\/wp-json\/wp\/v2\/comments?post=19939"}],"version-history":[{"count":5,"href":"https:\/\/gegokids.ee\/en\/wp-json\/wp\/v2\/product\/19939\/revisions"}],"predecessor-version":[{"id":29064,"href":"https:\/\/gegokids.ee\/en\/wp-json\/wp\/v2\/product\/19939\/revisions\/29064"}],"wp:featuredmedia":[{"embeddable":true,"href":"https:\/\/gegokids.ee\/en\/wp-json\/wp\/v2\/media\/29062"}],"wp:attachment":[{"href":"https:\/\/gegokids.ee\/en\/wp-json\/wp\/v2\/media?parent=19939"}],"wp:term":[{"taxonomy":"product_brand","embeddable":true,"href":"https:\/\/gegokids.ee\/en\/wp-json\/wp\/v2\/product_brand?post=19939"},{"taxonomy":"product_cat","embeddable":true,"href":"https:\/\/gegokids.ee\/en\/wp-json\/wp\/v2\/product_cat?post=19939"},{"taxonomy":"product_tag","embeddable":true,"href":"https:\/\/gegokids.ee\/en\/wp-json\/wp\/v2\/product_tag?post=19939"}],"curies":[{"name":"wp","href":"https:\/\/api.w.org\/{rel}","templated":true}]}}