{"id":18,"date":"2023-06-15T12:33:43","date_gmt":"2023-06-15T12:33:43","guid":{"rendered":"https:\/\/dummy.xtemos.com\/woodmart2\/kids-elementor\/?page_id=18"},"modified":"2026-01-12T00:37:45","modified_gmt":"2026-01-11T21:37:45","slug":"kontakt","status":"publish","type":"page","link":"https:\/\/gegokids.ee\/en\/kontakt\/","title":{"rendered":"Kontakt"},"content":{"rendered":"<div data-elementor-type=\"wp-page\" data-elementor-id=\"18\" class=\"elementor elementor-18\">\n\t\t\t\t<div class=\"wd-negative-gap elementor-element elementor-element-913b2d1 e-flex e-con-boxed e-con e-parent\" data-id=\"913b2d1\" data-element_type=\"container\" data-e-type=\"container\">\n\t\t\t\t\t<div class=\"e-con-inner\">\n\t\t<div class=\"elementor-element elementor-element-e65207c e-con-full e-flex e-con e-child\" data-id=\"e65207c\" data-element_type=\"container\" data-e-type=\"container\">\n\t\t\t\t<div class=\"elementor-element elementor-element-662aec2 wd-width-100 elementor-widget elementor-widget-wd_title\" data-id=\"662aec2\" data-element_type=\"widget\" data-e-type=\"widget\" data-widget_type=\"wd_title.default\">\n\t\t\t\t<div class=\"elementor-widget-container\">\n\t\t\t\t\t\t\t<div class=\"title-wrapper wd-set-mb reset-last-child wd-title-color-default wd-title-style-default wd-title-size-medium text-left\">\n\n\t\t\t\n\t\t\t<div class=\"liner-continer\">\n\t\t\t\t<h4 class=\"woodmart-title-container title wd-fontsize-xl\">V\u00f5ta meiega julgelt \u00fchendust!<\/h4> \n\t\t\t\t\t\t\t<\/div>\n\n\t\t\t\t\t<\/div>\n\t\t\t\t\t\t<\/div>\n\t\t\t\t<\/div>\n\t\t\t\t<div class=\"elementor-element elementor-element-594bc8e elementor-widget elementor-widget-wd_list\" data-id=\"594bc8e\" data-element_type=\"widget\" data-e-type=\"widget\" data-widget_type=\"wd_list.default\">\n\t\t\t\t<div class=\"elementor-widget-container\">\n\t\t\t\t\t\t\t<ul class=\"wd-list color-scheme-custom wd-fontsize-s wd-type-without wd-style- text-left\">\n\t\t\t\t\t\t\t\t\t\t\t<li class=\"elementor-repeater-item-26954a6\">\n\t\t\t\t\t\n\t\t\t\t\t<span class=\"wd-list-content list-content\">\n\t\t\t\t\t\tHelista: <u>(+372) 53073697<\/u>\t\t\t\t\t<\/span>\n\n\t\t\t\t\t\t\t\t\t<\/li>\n\t\t\t\t\t\t\t\t\t\t\t<li class=\"elementor-repeater-item-fa08ca4\">\n\t\t\t\t\t\n\t\t\t\t\t<span class=\"wd-list-content list-content\">\n\t\t\t\t\t\tSaada e-mail: <u><a href=\"mailto:info@gegokids.eu\">info@gegokids.eu<\/a><\/u>\t\t\t\t\t<\/span>\n\n\t\t\t\t\t\t\t\t\t<\/li>\n\t\t\t\t\t\t\t\t\t\t\t<li class=\"elementor-repeater-item-4742e33\">\n\t\t\t\t\t\n\t\t\t\t\t<span class=\"wd-list-content list-content\">\n\t\t\t\t\t\tVastame argip\u00e4eviti 10:00 - 16:00\t\t\t\t\t<\/span>\n\n\t\t\t\t\t\t\t\t\t<\/li>\n\t\t\t\t\t<\/ul>\n\n\t\t\t\t\t\t<\/div>\n\t\t\t\t<\/div>\n\t\t\t\t<div class=\"elementor-element elementor-element-b6fec14 elementor-widget elementor-widget-wd_social_buttons\" data-id=\"b6fec14\" data-element_type=\"widget\" data-e-type=\"widget\" data-widget_type=\"wd_social_buttons.default\">\n\t\t\t\t<div class=\"elementor-widget-container\">\n\t\t\t\t\t\t\t\t<div id=\"\" class=\"wd-social-icons wd-style-simple wd-size-small social-follow wd-shape-circle color-scheme-dark text-left\">\n\t\t\t\t\n\t\t\t\t\n\t\t\t\t\t\t\t\t\t<a rel=\"noopener noreferrer nofollow\" href=\"https:\/\/www.facebook.com\/GegoKids\/\" target=\"_blank\" class=\"wd-social-icon social-facebook\" aria-label=\"Facebook social link\">\n\t\t\t\t\t\t<span class=\"wd-icon\"><\/span>\n\t\t\t\t\t\t\t\t\t\t\t<\/a>\n\t\t\t\t\n\t\t\t\t\n\t\t\t\t\n\t\t\t\t\n\t\t\t\t\t\t\t\t\t<a rel=\"noopener noreferrer nofollow\" href=\"https:\/\/www.instagram.com\/gegokids.ee\/\" target=\"_blank\" class=\"wd-social-icon social-instagram\" aria-label=\"Instagram social link\">\n\t\t\t\t\t\t<span class=\"wd-icon\"><\/span>\n\t\t\t\t\t\t\t\t\t\t\t<\/a>\n\t\t\t\t\n\t\t\t\t\n\t\t\t\t\n\t\t\t\t\n\t\t\t\t\n\t\t\t\t\n\t\t\t\t\n\t\t\t\t\n\t\t\t\t\n\t\t\t\t\n\t\t\t\t\n\t\t\t\t\n\t\t\t\t\n\t\t\t\t\n\t\t\t\t\n\t\t\t\t\n\t\t\t\t\n\t\t\t\t\n\t\t\t\t\n\t\t\t\t\n\t\t\t\t\n\t\t\t\t\n\t\t\t\t\n\t\t\t<\/div>\n\n\t\t\t\t\t\t<\/div>\n\t\t\t\t<\/div>\n\t\t\t\t<\/div>\n\t\t<div class=\"elementor-element elementor-element-6a3ec10 e-con-full e-flex e-con e-child\" data-id=\"6a3ec10\" data-element_type=\"container\" data-e-type=\"container\">\n\t\t\t\t<div class=\"elementor-element elementor-element-e403e07 wd-width-100 elementor-widget elementor-widget-wd_title\" data-id=\"e403e07\" data-element_type=\"widget\" data-e-type=\"widget\" data-widget_type=\"wd_title.default\">\n\t\t\t\t<div class=\"elementor-widget-container\">\n\t\t\t\t\t\t\t<div class=\"title-wrapper wd-set-mb reset-last-child wd-title-color-default wd-title-style-default wd-title-size-medium text-left\">\n\n\t\t\t\n\t\t\t<div class=\"liner-continer\">\n\t\t\t\t<h4 class=\"woodmart-title-container title wd-fontsize-xl\">V\u00f5ta julgelt \u00fchendust<\/h4> \n\t\t\t\t\t\t\t<\/div>\n\n\t\t\t\t\t<\/div>\n\t\t\t\t\t\t<\/div>\n\t\t\t\t<\/div>\n\t\t\t\t<div class=\"elementor-element elementor-element-891b3c0 wd-cf7 elementor-widget elementor-widget-wd_contact_form_7\" data-id=\"891b3c0\" data-element_type=\"widget\" data-e-type=\"widget\" data-widget_type=\"wd_contact_form_7.default\">\n\t\t\t\t<div class=\"elementor-widget-container\">\n\t\t\t\t\t\n<div class=\"wpcf7 no-js\" id=\"wpcf7-f11-o1\" lang=\"en-US\" dir=\"ltr\" data-wpcf7-id=\"11\">\n<div class=\"screen-reader-response\"><p role=\"status\" aria-live=\"polite\" aria-atomic=\"true\"><\/p> <ul><\/ul><\/div>\n<form action=\"\/en\/wp-json\/wp\/v2\/pages\/18#wpcf7-f11-o1\" method=\"post\" class=\"wpcf7-form init\" aria-label=\"Contact form\" novalidate=\"novalidate\" data-status=\"init\" data-trp-original-action=\"\/en\/wp-json\/wp\/v2\/pages\/18#wpcf7-f11-o1\">\n<fieldset class=\"hidden-fields-container\"><input type=\"hidden\" name=\"_wpcf7\" value=\"11\" \/><input type=\"hidden\" name=\"_wpcf7_version\" value=\"6.1.5\" \/><input type=\"hidden\" name=\"_wpcf7_locale\" value=\"en_US\" \/><input type=\"hidden\" name=\"_wpcf7_unit_tag\" value=\"wpcf7-f11-o1\" \/><input type=\"hidden\" name=\"_wpcf7_container_post\" value=\"0\" \/><input type=\"hidden\" name=\"_wpcf7_posted_data_hash\" value=\"\" \/><input type=\"hidden\" name=\"_wpcf7_recaptcha_response\" value=\"\" \/>\n<\/fieldset>\n<div class=\"wd-grid-g\">\n\t<div class=\"wd-grid-f-stretch\">\n\t\t<p class=\"wd-col\"><span class=\"wpcf7-form-control-wrap\" data-name=\"First\"><input size=\"40\" maxlength=\"400\" class=\"wpcf7-form-control wpcf7-text wpcf7-validates-as-required\" aria-required=\"true\" aria-invalid=\"false\" placeholder=\"Eesnimi\" value=\"\" type=\"text\" name=\"First\" \/><\/span>\n\t\t<\/p>\n\t\t<p class=\"wd-col\"><span class=\"wpcf7-form-control-wrap\" data-name=\"Last\"><input size=\"40\" maxlength=\"400\" class=\"wpcf7-form-control wpcf7-text\" aria-invalid=\"false\" placeholder=\"Perekonnanimi\" value=\"\" type=\"text\" name=\"Last\" \/><\/span>\n\t\t<\/p>\n\t<\/div>\n\t<p class=\"wd-col\"><span class=\"wpcf7-form-control-wrap\" data-name=\"email\"><input size=\"40\" maxlength=\"400\" class=\"wpcf7-form-control wpcf7-text wpcf7-validates-as-required\" aria-required=\"true\" aria-invalid=\"false\" value=\"E-mail\" type=\"text\" name=\"email\" \/><\/span>\n\t<\/p>\n\t<p class=\"wd-col\"><span class=\"wpcf7-form-control-wrap\" data-name=\"your-message\"><textarea cols=\"40\" rows=\"10\" maxlength=\"2000\" class=\"wpcf7-form-control wpcf7-textarea\" aria-invalid=\"false\" placeholder=\"Sinu s\u00f5numi sisu\" name=\"your-message\"><\/textarea><\/span>\n\t<\/p>\n\t<p class=\"wd-col\"><input class=\"wpcf7-form-control wpcf7-submit has-spinner btn btn-color-primary\" type=\"submit\" value=\"Saada s\u00f5num\" \/>\n\t<\/p>\n<\/div><div class=\"wpcf7-response-output\" aria-hidden=\"true\"><\/div>\n<input type=\"hidden\" name=\"trp-form-language\" value=\"en\"\/><\/form>\n<\/div>\n\t\t\t\t<\/div>\n\t\t\t\t<\/div>\n\t\t\t\t<\/div>\n\t\t\t\t\t<\/div>\n\t\t\t\t<\/div>\n\t\t<div class=\"wd-negative-gap elementor-element elementor-element-f7b0ed3 wd-section-stretch-content e-flex e-con-boxed e-con e-parent\" data-id=\"f7b0ed3\" data-element_type=\"container\" data-e-type=\"container\">\n\t\t\t\t\t<div class=\"e-con-inner\">\n\t\t\t\t<div class=\"elementor-element elementor-element-82c9229 wd-width-100 elementor-widget elementor-widget-wd_images_gallery\" data-id=\"82c9229\" data-element_type=\"widget\" data-e-type=\"widget\" data-widget_type=\"wd_images_gallery.default\">\n\t\t\t\t<div class=\"elementor-widget-container\">\n\t\t\t\t\t\t\t<div class=\"wd-images-gallery photoswipe-images wd-carousel-container\" style=\"--wd-align-items:center; --wd-justify-content:center;\">\n\t\t\t\t\t\t\t<div class=\"wd-carousel-inner\">\n\t\t\t\t\t\t<div class=\"wd-carousel wd-grid\" data-speed=\"25000\" data-wrap=\"yes\" data-autoplay=\"yes\" style=\"--wd-col-lg:5;--wd-col-md:4;--wd-col-sm:2;--wd-gap-lg:30px;--wd-gap-sm:10px;\">\n\t\t\t\t\t\t\t\t\t<div class=\"wd-carousel-wrap\">\n\t\t\t\t\t\t\t\t\t\t\t\t\t\t\t\t\t\t\t\t\t\t\t\t\t\t\t\t\t\t\t\t\t\t\t\t\t\t\t\t\t\t\t\t<\/div>\n\t\t\t\t\t\t\t\t<\/div>\n\t\t\t\t\t\t\t\t\t\t\t\t\t\t<div class=\"wd-nav-arrows wd-pos-sep wd-hover-1 wd-icon-1\">\n\t\t\t<div class=\"wd-btn-arrow wd-prev wd-disabled\">\n\t\t\t\t<div class=\"wd-arrow-inner\"><\/div>\n\t\t\t<\/div>\n\t\t\t<div class=\"wd-btn-arrow wd-next\">\n\t\t\t\t<div class=\"wd-arrow-inner\"><\/div>\n\t\t\t<\/div>\n\t\t<\/div>\n\t\t\t\t\t\t\n\t\t\t\t<\/div>\n\n\t\t\t\t\t\t\t\t\t\t\t\t\t<\/div>\n\t\t\t\t\t\t<\/div>\n\t\t\t\t<\/div>\n\t\t\t\t\t<\/div>\n\t\t\t\t<\/div>\n\t\t\t\t<\/div>","protected":false},"excerpt":{"rendered":"<p>V\u00f5ta meiega julgelt \u00fchendust! Helista: (+372) 53073697 Saada e-mail: info@gegokids.eu Vastame argip\u00e4eviti 10:00 &#8211; 16:00 V\u00f5ta julgelt \u00fchendust<\/p>","protected":false},"author":5,"featured_media":0,"parent":0,"menu_order":0,"comment_status":"closed","ping_status":"closed","template":"","meta":{"footnotes":""},"class_list":["post-18","page","type-page","status-publish","hentry"],"yoast_head":"<!-- This site is optimized with the Yoast SEO plugin v26.9 - https:\/\/yoast.com\/product\/yoast-seo-wordpress\/ -->\n<title>Kontakt | Gegokids<\/title>\n<meta name=\"robots\" content=\"index, follow, max-snippet:-1, max-image-preview:large, max-video-preview:-1\" \/>\n<link rel=\"canonical\" href=\"https:\/\/gegokids.ee\/en\/kontakt\/\" \/>\n<meta property=\"og:locale\" content=\"en_US\" \/>\n<meta property=\"og:type\" content=\"article\" \/>\n<meta property=\"og:title\" content=\"Kontakt | Gegokids\" \/>\n<meta property=\"og:description\" content=\"V\u00f5ta meiega julgelt \u00fchendust! Helista: (+372) 53073697 Saada e-mail: info@gegokids.eu Vastame argip\u00e4eviti 10:00 &#8211; 16:00 V\u00f5ta julgelt \u00fchendust\" \/>\n<meta property=\"og:url\" content=\"https:\/\/gegokids.ee\/en\/kontakt\/\" \/>\n<meta property=\"og:site_name\" content=\"Gegokids\" \/>\n<meta property=\"article:publisher\" content=\"https:\/\/www.facebook.com\/GegoKids\" \/>\n<meta property=\"article:modified_time\" content=\"2026-01-11T21:37:45+00:00\" \/>\n<meta property=\"og:image\" content=\"https:\/\/gegokids.ee\/wp-content\/uploads\/2026\/02\/gegokids-6.png\" \/>\n\t<meta property=\"og:image:width\" content=\"1200\" \/>\n\t<meta property=\"og:image:height\" content=\"675\" \/>\n\t<meta property=\"og:image:type\" content=\"image\/png\" \/>\n<meta name=\"twitter:card\" content=\"summary_large_image\" \/>\n<script type=\"application\/ld+json\" class=\"yoast-schema-graph\">{\"@context\":\"https:\/\/schema.org\",\"@graph\":[{\"@type\":\"WebPage\",\"@id\":\"https:\/\/gegokids.ee\/kontakt\/\",\"url\":\"https:\/\/gegokids.ee\/kontakt\/\",\"name\":\"Kontakt | Gegokids\",\"isPartOf\":{\"@id\":\"https:\/\/gegokids.ee\/#website\"},\"datePublished\":\"2023-06-15T12:33:43+00:00\",\"dateModified\":\"2026-01-11T21:37:45+00:00\",\"breadcrumb\":{\"@id\":\"https:\/\/gegokids.ee\/kontakt\/#breadcrumb\"},\"inLanguage\":\"en-US\",\"potentialAction\":[{\"@type\":\"ReadAction\",\"target\":[\"https:\/\/gegokids.ee\/kontakt\/\"]}]},{\"@type\":\"BreadcrumbList\",\"@id\":\"https:\/\/gegokids.ee\/kontakt\/#breadcrumb\",\"itemListElement\":[{\"@type\":\"ListItem\",\"position\":1,\"name\":\"Home\",\"item\":\"https:\/\/gegokids.ee\/en\/\"},{\"@type\":\"ListItem\",\"position\":2,\"name\":\"Kontakt\"}]},{\"@type\":\"WebSite\",\"@id\":\"https:\/\/gegokids.ee\/#website\",\"url\":\"https:\/\/gegokids.ee\/\",\"name\":\"Gegokids\",\"description\":\"Kvaliteetsed ja turvalised laste m\u00e4nguasjad.\",\"publisher\":{\"@id\":\"https:\/\/gegokids.ee\/#organization\"},\"potentialAction\":[{\"@type\":\"SearchAction\",\"target\":{\"@type\":\"EntryPoint\",\"urlTemplate\":\"https:\/\/gegokids.ee\/?s={search_term_string}\"},\"query-input\":{\"@type\":\"PropertyValueSpecification\",\"valueRequired\":true,\"valueName\":\"search_term_string\"}}],\"inLanguage\":\"en-US\"},{\"@type\":\"Organization\",\"@id\":\"https:\/\/gegokids.ee\/#organization\",\"name\":\"Gegokids\",\"url\":\"https:\/\/gegokids.ee\/\",\"logo\":{\"@type\":\"ImageObject\",\"inLanguage\":\"en-US\",\"@id\":\"https:\/\/gegokids.ee\/#\/schema\/logo\/image\/\",\"url\":\"https:\/\/gegokids.ee\/wp-content\/uploads\/2022\/06\/logo2.png\",\"contentUrl\":\"https:\/\/gegokids.ee\/wp-content\/uploads\/2022\/06\/logo2.png\",\"width\":358,\"height\":104,\"caption\":\"Gegokids\"},\"image\":{\"@id\":\"https:\/\/gegokids.ee\/#\/schema\/logo\/image\/\"},\"sameAs\":[\"https:\/\/www.facebook.com\/GegoKids\",\"https:\/\/www.instagram.com\/gegokids.ee\/\"]}]}<\/script>\n<!-- \/ Yoast SEO plugin. -->","yoast_head_json":{"title":"Kontakt | Gegokids","robots":{"index":"index","follow":"follow","max-snippet":"max-snippet:-1","max-image-preview":"max-image-preview:large","max-video-preview":"max-video-preview:-1"},"canonical":"https:\/\/gegokids.ee\/en\/kontakt\/","og_locale":"en_US","og_type":"article","og_title":"Kontakt | Gegokids","og_description":"V\u00f5ta meiega julgelt \u00fchendust! Helista: (+372) 53073697 Saada e-mail: info@gegokids.eu Vastame argip\u00e4eviti 10:00 &#8211; 16:00 V\u00f5ta julgelt \u00fchendust","og_url":"https:\/\/gegokids.ee\/en\/kontakt\/","og_site_name":"Gegokids","article_publisher":"https:\/\/www.facebook.com\/GegoKids","article_modified_time":"2026-01-11T21:37:45+00:00","og_image":[{"width":1200,"height":675,"url":"https:\/\/gegokids.ee\/wp-content\/uploads\/2026\/02\/gegokids-6.png","type":"image\/png"}],"twitter_card":"summary_large_image","schema":{"@context":"https:\/\/schema.org","@graph":[{"@type":"WebPage","@id":"https:\/\/gegokids.ee\/kontakt\/","url":"https:\/\/gegokids.ee\/kontakt\/","name":"Kontakt | Gegokids","isPartOf":{"@id":"https:\/\/gegokids.ee\/#website"},"datePublished":"2023-06-15T12:33:43+00:00","dateModified":"2026-01-11T21:37:45+00:00","breadcrumb":{"@id":"https:\/\/gegokids.ee\/kontakt\/#breadcrumb"},"inLanguage":"en-US","potentialAction":[{"@type":"ReadAction","target":["https:\/\/gegokids.ee\/kontakt\/"]}]},{"@type":"BreadcrumbList","@id":"https:\/\/gegokids.ee\/kontakt\/#breadcrumb","itemListElement":[{"@type":"ListItem","position":1,"name":"Home","item":"https:\/\/gegokids.ee\/en\/"},{"@type":"ListItem","position":2,"name":"Kontakt"}]},{"@type":"WebSite","@id":"https:\/\/gegokids.ee\/#website","url":"https:\/\/gegokids.ee\/","name":"Gegokids","description":"Kvaliteetsed ja turvalised laste m\u00e4nguasjad.","publisher":{"@id":"https:\/\/gegokids.ee\/#organization"},"potentialAction":[{"@type":"SearchAction","target":{"@type":"EntryPoint","urlTemplate":"https:\/\/gegokids.ee\/?s={search_term_string}"},"query-input":{"@type":"PropertyValueSpecification","valueRequired":true,"valueName":"search_term_string"}}],"inLanguage":"en-US"},{"@type":"Organization","@id":"https:\/\/gegokids.ee\/#organization","name":"Gegokids","url":"https:\/\/gegokids.ee\/","logo":{"@type":"ImageObject","inLanguage":"en-US","@id":"https:\/\/gegokids.ee\/#\/schema\/logo\/image\/","url":"https:\/\/gegokids.ee\/wp-content\/uploads\/2022\/06\/logo2.png","contentUrl":"https:\/\/gegokids.ee\/wp-content\/uploads\/2022\/06\/logo2.png","width":358,"height":104,"caption":"Gegokids"},"image":{"@id":"https:\/\/gegokids.ee\/#\/schema\/logo\/image\/"},"sameAs":["https:\/\/www.facebook.com\/GegoKids","https:\/\/www.instagram.com\/gegokids.ee\/"]}]}},"_links":{"self":[{"href":"https:\/\/gegokids.ee\/en\/wp-json\/wp\/v2\/pages\/18","targetHints":{"allow":["GET"]}}],"collection":[{"href":"https:\/\/gegokids.ee\/en\/wp-json\/wp\/v2\/pages"}],"about":[{"href":"https:\/\/gegokids.ee\/en\/wp-json\/wp\/v2\/types\/page"}],"author":[{"embeddable":true,"href":"https:\/\/gegokids.ee\/en\/wp-json\/wp\/v2\/users\/5"}],"replies":[{"embeddable":true,"href":"https:\/\/gegokids.ee\/en\/wp-json\/wp\/v2\/comments?post=18"}],"version-history":[{"count":5,"href":"https:\/\/gegokids.ee\/en\/wp-json\/wp\/v2\/pages\/18\/revisions"}],"predecessor-version":[{"id":28586,"href":"https:\/\/gegokids.ee\/en\/wp-json\/wp\/v2\/pages\/18\/revisions\/28586"}],"wp:attachment":[{"href":"https:\/\/gegokids.ee\/en\/wp-json\/wp\/v2\/media?parent=18"}],"curies":[{"name":"wp","href":"https:\/\/api.w.org\/{rel}","templated":true}]}}