{"id":16,"date":"2023-06-15T12:33:23","date_gmt":"2023-06-15T12:33:23","guid":{"rendered":"https:\/\/dummy.xtemos.com\/woodmart2\/kids-elementor\/?page_id=16"},"modified":"2026-01-05T16:21:21","modified_gmt":"2026-01-05T13:21:21","slug":"blogi","status":"publish","type":"page","link":"https:\/\/gegokids.ee\/en\/blogi\/","title":{"rendered":"Blogi"},"content":{"rendered":"<div data-elementor-type=\"wp-page\" data-elementor-id=\"16\" class=\"elementor elementor-16\">\n\t\t\t\t<div class=\"elementor-element elementor-element-7014be5 e-flex e-con-boxed e-con e-parent\" data-id=\"7014be5\" data-element_type=\"container\" data-e-type=\"container\">\n\t\t\t\t\t<div class=\"e-con-inner\">\n\t\t\t\t<div class=\"elementor-element elementor-element-c336b0f wd-width-100 elementor-widget elementor-widget-wd_blog\" data-id=\"c336b0f\" data-element_type=\"widget\" data-e-type=\"widget\" data-widget_type=\"wd_blog.default\">\n\t\t\t\t<div class=\"elementor-widget-container\">\n\t\t\t\t\t\t\t\t\t\t\t\t<div class=\"wd-blog-element\">\n\t\t\t\t\t<div class=\"wd-posts wd-blog-holder wd-grid-g\" id=\"69fb44d0370ec\" data-paged=\"1\" data-atts=\"{&quot;post_type&quot;:&quot;post&quot;,&quot;items_per_page&quot;:12,&quot;include&quot;:null,&quot;taxonomies&quot;:&quot;&quot;,&quot;offset&quot;:&quot;&quot;,&quot;orderby&quot;:&quot;&quot;,&quot;order&quot;:&quot;DESC&quot;,&quot;meta_key&quot;:null,&quot;exclude&quot;:&quot;&quot;,&quot;parts_media&quot;:true,&quot;parts_title&quot;:&quot;1&quot;,&quot;parts_meta&quot;:&quot;&quot;,&quot;parts_text&quot;:&quot;&quot;,&quot;parts_btn&quot;:&quot;1&quot;,&quot;parts_published_date&quot;:&quot;&quot;,&quot;img_size&quot;:&quot;medium_large&quot;,&quot;blog_design&quot;:&quot;default&quot;,&quot;blog_carousel_design&quot;:null,&quot;blog_columns&quot;:null,&quot;blog_columns_tablet&quot;:{&quot;size&quot;:&quot;&quot;},&quot;blog_columns_mobile&quot;:{&quot;size&quot;:&quot;&quot;},&quot;blog_spacing&quot;:null,&quot;blog_spacing_tablet&quot;:&quot;&quot;,&quot;blog_spacing_mobile&quot;:&quot;&quot;,&quot;pagination&quot;:&quot;&quot;,&quot;speed&quot;:null,&quot;slides_per_view&quot;:null,&quot;slides_per_view_tablet&quot;:{&quot;size&quot;:&quot;&quot;},&quot;slides_per_view_mobile&quot;:{&quot;size&quot;:&quot;&quot;},&quot;wrap&quot;:null,&quot;autoplay&quot;:null,&quot;hide_pagination_control&quot;:null,&quot;hide_prev_next_buttons&quot;:null,&quot;scroll_per_page&quot;:null,&quot;lazy_loading&quot;:&quot;no&quot;,&quot;scroll_carousel_init&quot;:null,&quot;ajax_page&quot;:&quot;&quot;,&quot;custom_sizes&quot;:false,&quot;elementor&quot;:true}\" data-source=\"shortcode\">\n\t\t\t\n\t\t\t\t\t\t\t\t\t\t\t\t\t\t\n<article id=\"post-28651\" class=\"wd-post blog-design-default blog-post-loop blog-style-bg wd-add-shadow wd-col post-28651 post type-post status-publish format-standard has-post-thumbnail hentry category-soogi-ja-joogiaeg\">\n\t<div class=\"article-inner\">\n\t\t<header class=\"entry-header\">\n\t\t\t\t\t\t\t<figure class=\"entry-thumbnail\">\n\t\t\t\t\t\t\t\t\t\t\t<div class=\"post-img-wrapp\">\n\t\t\t\t\t\t\t<a href=\"https:\/\/gegokids.ee\/en\/elementor-28651\/\">\n\t\t\t\t\t\t\t\t<img fetchpriority=\"high\" decoding=\"async\" width=\"768\" height=\"512\" src=\"https:\/\/gegokids.ee\/wp-content\/uploads\/2022\/06\/MM-Laiapinnaline-Soogipoll-pilt-768x512.png\" class=\"attachment-medium_large size-medium_large\" alt=\"\" srcset=\"https:\/\/gegokids.ee\/wp-content\/uploads\/2022\/06\/MM-Laiapinnaline-Soogipoll-pilt-768x512.png 768w, https:\/\/gegokids.ee\/wp-content\/uploads\/2022\/06\/MM-Laiapinnaline-Soogipoll-pilt-150x100.png 150w, https:\/\/gegokids.ee\/wp-content\/uploads\/2022\/06\/MM-Laiapinnaline-Soogipoll-pilt-300x200.png 300w, https:\/\/gegokids.ee\/wp-content\/uploads\/2022\/06\/MM-Laiapinnaline-Soogipoll-pilt-600x400.png 600w, https:\/\/gegokids.ee\/wp-content\/uploads\/2022\/06\/MM-Laiapinnaline-Soogipoll-pilt.png 800w\" sizes=\"(max-width: 768px) 100vw, 768px\" \/>\t\t\t\t\t\t\t<\/a>\n\t\t\t\t\t\t<\/div>\n\t\t\t\t\t\t<div class=\"post-image-mask\">\n\t\t\t\t\t\t\t<span><\/span>\n\t\t\t\t\t\t<\/div>\n\t\t\t\t\t\t\t\t\t<\/figure>\n\t\t\t\n\t\t\t\t\t<\/header>\n\n\t\t<div class=\"article-body-container\">\n\t\t\t\n\t\t\t\t\t\t\t<h3 class=\"wd-entities-title title post-title\">\n\t\t\t\t\t<a href=\"https:\/\/gegokids.ee\/en\/elementor-28651\/\" rel=\"bookmark\">&#8220;Mina ise!&#8221; \u2013 Kuidas toetada lapse iseseisvat s\u00f6\u00f6mist? \ud83e\udd44\ud83d\udc76<\/a>\n\t\t\t\t<\/h3>\n\t\t\t\n\t\t\t\n\t\t\t\t\t\t\t\n\t\t\t\t\t\t\t\t\t\t\t\t\t\t<p class=\"read-more-section\">\n\t\t\t\t\t\t<a class=\"btn-read-more more-link\" href=\"https:\/\/gegokids.ee\/en\/elementor-28651\/\">Continue reading<\/a>\t\t\t\t\t<\/p>\n\t\t\t\t\t\t\t\t\t\t\t\t\t<\/div>\n\t<\/div>\n<\/article>\n\n\t\t\t\t\t\t\t\t\t\t\t\t\t\t\n<article id=\"post-543\" class=\"wd-post blog-design-default blog-post-loop blog-style-bg wd-add-shadow wd-col post-543 post type-post status-publish format-standard has-post-thumbnail hentry category-hambapesuaeg\">\n\t<div class=\"article-inner\">\n\t\t<header class=\"entry-header\">\n\t\t\t\t\t\t\t<figure class=\"entry-thumbnail\">\n\t\t\t\t\t\t\t\t\t\t\t<div class=\"post-img-wrapp\">\n\t\t\t\t\t\t\t<a href=\"https:\/\/gegokids.ee\/en\/types-of-baby-rashes-and-how-to-effectively-treat-them\/\">\n\t\t\t\t\t\t\t\t<img decoding=\"async\" width=\"768\" height=\"512\" src=\"https:\/\/gegokids.ee\/wp-content\/uploads\/2022\/06\/MM-360\u00b0-Hambahari-oppimiseks-photopng-768x512.png\" class=\"attachment-medium_large size-medium_large\" alt=\"\" srcset=\"https:\/\/gegokids.ee\/wp-content\/uploads\/2022\/06\/MM-360\u00b0-Hambahari-oppimiseks-photopng-768x512.png 768w, https:\/\/gegokids.ee\/wp-content\/uploads\/2022\/06\/MM-360\u00b0-Hambahari-oppimiseks-photopng-150x100.png 150w, https:\/\/gegokids.ee\/wp-content\/uploads\/2022\/06\/MM-360\u00b0-Hambahari-oppimiseks-photopng-300x200.png 300w, https:\/\/gegokids.ee\/wp-content\/uploads\/2022\/06\/MM-360\u00b0-Hambahari-oppimiseks-photopng-18x12.png 18w, https:\/\/gegokids.ee\/wp-content\/uploads\/2022\/06\/MM-360\u00b0-Hambahari-oppimiseks-photopng-600x400.png 600w, https:\/\/gegokids.ee\/wp-content\/uploads\/2022\/06\/MM-360\u00b0-Hambahari-oppimiseks-photopng.png 800w\" sizes=\"(max-width: 768px) 100vw, 768px\" \/>\t\t\t\t\t\t\t<\/a>\n\t\t\t\t\t\t<\/div>\n\t\t\t\t\t\t<div class=\"post-image-mask\">\n\t\t\t\t\t\t\t<span><\/span>\n\t\t\t\t\t\t<\/div>\n\t\t\t\t\t\t\t\t\t<\/figure>\n\t\t\t\n\t\t\t\t\t<\/header>\n\n\t\t<div class=\"article-body-container\">\n\t\t\t\n\t\t\t\t\t\t\t<h3 class=\"wd-entities-title title post-title\">\n\t\t\t\t\t<a href=\"https:\/\/gegokids.ee\/en\/types-of-baby-rashes-and-how-to-effectively-treat-them\/\" rel=\"bookmark\">Hambaharjad alates s\u00fcnnist kuni 3+. Milline hari sobib minu lapsele?<\/a>\n\t\t\t\t<\/h3>\n\t\t\t\n\t\t\t\n\t\t\t\t\t\t\t\n\t\t\t\t\t\t\t\t\t\t\t\t\t\t<p class=\"read-more-section\">\n\t\t\t\t\t\t<a class=\"btn-read-more more-link\" href=\"https:\/\/gegokids.ee\/en\/types-of-baby-rashes-and-how-to-effectively-treat-them\/\">Continue reading<\/a>\t\t\t\t\t<\/p>\n\t\t\t\t\t\t\t\t\t\t\t\t\t<\/div>\n\t<\/div>\n<\/article>\n\n\t\t\t\t\t\t\t\t\t\t\t\t\t\t\n<article id=\"post-540\" class=\"wd-post blog-design-default blog-post-loop blog-style-bg wd-add-shadow wd-col post-540 post type-post status-publish format-standard has-post-thumbnail hentry category-manguaeg\">\n\t<div class=\"article-inner\">\n\t\t<header class=\"entry-header\">\n\t\t\t\t\t\t\t<figure class=\"entry-thumbnail\">\n\t\t\t\t\t\t\t\t\t\t\t<div class=\"post-img-wrapp\">\n\t\t\t\t\t\t\t<a href=\"https:\/\/gegokids.ee\/en\/how-to-choose-a-baby-growsuit-onesie\/\">\n\t\t\t\t\t\t\t\t<img decoding=\"async\" width=\"768\" height=\"512\" src=\"https:\/\/gegokids.ee\/wp-content\/uploads\/2022\/08\/0S8A3330-768x512.jpg\" class=\"attachment-medium_large size-medium_large\" alt=\"\" srcset=\"https:\/\/gegokids.ee\/wp-content\/uploads\/2022\/08\/0S8A3330-768x512.jpg 768w, https:\/\/gegokids.ee\/wp-content\/uploads\/2022\/08\/0S8A3330-150x100.jpg 150w, https:\/\/gegokids.ee\/wp-content\/uploads\/2022\/08\/0S8A3330-1200x800.jpg 1200w, https:\/\/gegokids.ee\/wp-content\/uploads\/2022\/08\/0S8A3330-300x200.jpg 300w, https:\/\/gegokids.ee\/wp-content\/uploads\/2022\/08\/0S8A3330-1024x683.jpg 1024w, https:\/\/gegokids.ee\/wp-content\/uploads\/2022\/08\/0S8A3330-1536x1024.jpg 1536w, https:\/\/gegokids.ee\/wp-content\/uploads\/2022\/08\/0S8A3330-2048x1365.jpg 2048w, https:\/\/gegokids.ee\/wp-content\/uploads\/2022\/08\/0S8A3330-18x12.jpg 18w, https:\/\/gegokids.ee\/wp-content\/uploads\/2022\/08\/0S8A3330-600x400.jpg 600w\" sizes=\"(max-width: 768px) 100vw, 768px\" \/>\t\t\t\t\t\t\t<\/a>\n\t\t\t\t\t\t<\/div>\n\t\t\t\t\t\t<div class=\"post-image-mask\">\n\t\t\t\t\t\t\t<span><\/span>\n\t\t\t\t\t\t<\/div>\n\t\t\t\t\t\t\t\t\t<\/figure>\n\t\t\t\n\t\t\t\t\t<\/header>\n\n\t\t<div class=\"article-body-container\">\n\t\t\t\n\t\t\t\t\t\t\t<h3 class=\"wd-entities-title title post-title\">\n\t\t\t\t\t<a href=\"https:\/\/gegokids.ee\/en\/how-to-choose-a-baby-growsuit-onesie\/\" rel=\"bookmark\">\ud83e\udde9 Motoorika arendamine beebieast iseseisva lapseni. Kuidas toetada iga etappi?<\/a>\n\t\t\t\t<\/h3>\n\t\t\t\n\t\t\t\n\t\t\t\t\t\t\t\n\t\t\t\t\t\t\t\t\t\t\t\t\t\t<p class=\"read-more-section\">\n\t\t\t\t\t\t<a class=\"btn-read-more more-link\" href=\"https:\/\/gegokids.ee\/en\/how-to-choose-a-baby-growsuit-onesie\/\">Continue reading<\/a>\t\t\t\t\t<\/p>\n\t\t\t\t\t\t\t\t\t\t\t\t\t<\/div>\n\t<\/div>\n<\/article>\n\n\t\t\t\t\t\t\t\t\t\t\t\t\t\t\n<article id=\"post-537\" class=\"wd-post blog-design-default blog-post-loop blog-style-bg wd-add-shadow wd-col post-537 post type-post status-publish format-standard has-post-thumbnail hentry category-soogi-ja-joogiaeg\">\n\t<div class=\"article-inner\">\n\t\t<header class=\"entry-header\">\n\t\t\t\t\t\t\t<figure class=\"entry-thumbnail\">\n\t\t\t\t\t\t\t\t\t\t\t<div class=\"post-img-wrapp\">\n\t\t\t\t\t\t\t<a href=\"https:\/\/gegokids.ee\/en\/how-to-choose-a-sleeping-bag-for-your-little-one\/\">\n\t\t\t\t\t\t\t\t<img loading=\"lazy\" decoding=\"async\" width=\"768\" height=\"432\" src=\"https:\/\/gegokids.ee\/wp-content\/uploads\/2023\/09\/slider-12-768x432.png\" class=\"attachment-medium_large size-medium_large\" alt=\"\" srcset=\"https:\/\/gegokids.ee\/wp-content\/uploads\/2023\/09\/slider-12-768x432.png 768w, https:\/\/gegokids.ee\/wp-content\/uploads\/2023\/09\/slider-12-150x84.png 150w, https:\/\/gegokids.ee\/wp-content\/uploads\/2023\/09\/slider-12-1200x675.png 1200w, https:\/\/gegokids.ee\/wp-content\/uploads\/2023\/09\/slider-12-300x169.png 300w, https:\/\/gegokids.ee\/wp-content\/uploads\/2023\/09\/slider-12-1024x576.png 1024w, https:\/\/gegokids.ee\/wp-content\/uploads\/2023\/09\/slider-12-1536x864.png 1536w, https:\/\/gegokids.ee\/wp-content\/uploads\/2023\/09\/slider-12-18x10.png 18w, https:\/\/gegokids.ee\/wp-content\/uploads\/2023\/09\/slider-12.png 1920w\" sizes=\"(max-width: 768px) 100vw, 768px\" \/>\t\t\t\t\t\t\t<\/a>\n\t\t\t\t\t\t<\/div>\n\t\t\t\t\t\t<div class=\"post-image-mask\">\n\t\t\t\t\t\t\t<span><\/span>\n\t\t\t\t\t\t<\/div>\n\t\t\t\t\t\t\t\t\t<\/figure>\n\t\t\t\n\t\t\t\t\t<\/header>\n\n\t\t<div class=\"article-body-container\">\n\t\t\t\n\t\t\t\t\t\t\t<h3 class=\"wd-entities-title title post-title\">\n\t\t\t\t\t<a href=\"https:\/\/gegokids.ee\/en\/how-to-choose-a-sleeping-bag-for-your-little-one\/\" rel=\"bookmark\">Esimene amps: kas toitmine on katastroof? Proovi neid nippe ja t\u00f6\u00f6riistu, mis p\u00e4\u00e4stavad p\u00e4eva! \ud83c\udf7d\ufe0f\ud83d\udc76<\/a>\n\t\t\t\t<\/h3>\n\t\t\t\n\t\t\t\n\t\t\t\t\t\t\t\n\t\t\t\t\t\t\t\t\t\t\t\t\t\t<p class=\"read-more-section\">\n\t\t\t\t\t\t<a class=\"btn-read-more more-link\" href=\"https:\/\/gegokids.ee\/en\/how-to-choose-a-sleeping-bag-for-your-little-one\/\">Continue reading<\/a>\t\t\t\t\t<\/p>\n\t\t\t\t\t\t\t\t\t\t\t\t\t<\/div>\n\t<\/div>\n<\/article>\n\n\t\t\t\t\t\t\t\t\t\t\t\t\t\t\n<article id=\"post-534\" class=\"wd-post blog-design-default blog-post-loop blog-style-bg wd-add-shadow wd-col post-534 post type-post status-publish format-standard has-post-thumbnail hentry category-soogi-ja-joogiaeg\">\n\t<div class=\"article-inner\">\n\t\t<header class=\"entry-header\">\n\t\t\t\t\t\t\t<figure class=\"entry-thumbnail\">\n\t\t\t\t\t\t\t\t\t\t\t<div class=\"post-img-wrapp\">\n\t\t\t\t\t\t\t<a href=\"https:\/\/gegokids.ee\/en\/safely-administering-pain-relief-to-your-little-one\/\">\n\t\t\t\t\t\t\t\t<img loading=\"lazy\" decoding=\"async\" width=\"768\" height=\"512\" src=\"https:\/\/gegokids.ee\/wp-content\/uploads\/2022\/06\/MM-2-Astmelise-Joogipudeli-Asenduskors-foto-768x512.png\" class=\"attachment-medium_large size-medium_large\" alt=\"\" srcset=\"https:\/\/gegokids.ee\/wp-content\/uploads\/2022\/06\/MM-2-Astmelise-Joogipudeli-Asenduskors-foto-768x512.png 768w, https:\/\/gegokids.ee\/wp-content\/uploads\/2022\/06\/MM-2-Astmelise-Joogipudeli-Asenduskors-foto-150x100.png 150w, https:\/\/gegokids.ee\/wp-content\/uploads\/2022\/06\/MM-2-Astmelise-Joogipudeli-Asenduskors-foto-300x200.png 300w, https:\/\/gegokids.ee\/wp-content\/uploads\/2022\/06\/MM-2-Astmelise-Joogipudeli-Asenduskors-foto-600x400.png 600w, https:\/\/gegokids.ee\/wp-content\/uploads\/2022\/06\/MM-2-Astmelise-Joogipudeli-Asenduskors-foto.png 800w\" sizes=\"(max-width: 768px) 100vw, 768px\" \/>\t\t\t\t\t\t\t<\/a>\n\t\t\t\t\t\t<\/div>\n\t\t\t\t\t\t<div class=\"post-image-mask\">\n\t\t\t\t\t\t\t<span><\/span>\n\t\t\t\t\t\t<\/div>\n\t\t\t\t\t\t\t\t\t<\/figure>\n\t\t\t\n\t\t\t\t\t<\/header>\n\n\t\t<div class=\"article-body-container\">\n\t\t\t\n\t\t\t\t\t\t\t<h3 class=\"wd-entities-title title post-title\">\n\t\t\t\t\t<a href=\"https:\/\/gegokids.ee\/en\/safely-administering-pain-relief-to-your-little-one\/\" rel=\"bookmark\">Parim joogitops igale lapsele: kuidas valida ja milliseid GegoKids.ee tooteid eelistada? \ud83c\udf79\ud83d\udc76<\/a>\n\t\t\t\t<\/h3>\n\t\t\t\n\t\t\t\n\t\t\t\t\t\t\t\n\t\t\t\t\t\t\t\t\t\t\t\t\t\t<p class=\"read-more-section\">\n\t\t\t\t\t\t<a class=\"btn-read-more more-link\" href=\"https:\/\/gegokids.ee\/en\/safely-administering-pain-relief-to-your-little-one\/\">Continue reading<\/a>\t\t\t\t\t<\/p>\n\t\t\t\t\t\t\t\t\t\t\t\t\t<\/div>\n\t<\/div>\n<\/article>\n\n\t\t\t\t\n\t\t\t\t\t\t\t\t<\/div>\n\t\t\t\n\t\t\t\t\t\t\t\t\t\t<\/div>\n\t\t\t\t\t\t\t\t\t\t<\/div>\n\t\t\t\t<\/div>\n\t\t\t\t\t<\/div>\n\t\t\t\t<\/div>\n\t\t\t\t<\/div>","protected":false},"excerpt":{"rendered":"<p>Hambaharjad alates s\u00fcnnist kuni 3+. Milline hari sobib minu lapsele? Continue reading \ud83e\udde9 Motoorika arendamine beebieast iseseisva lapseni. Kuidas toetada<\/p>","protected":false},"author":5,"featured_media":0,"parent":0,"menu_order":0,"comment_status":"closed","ping_status":"closed","template":"","meta":{"footnotes":""},"class_list":["post-16","page","type-page","status-publish","hentry"],"yoast_head":"<!-- This site is optimized with the Yoast SEO plugin v26.9 - https:\/\/yoast.com\/product\/yoast-seo-wordpress\/ -->\n<title>Blogi | Gegokids<\/title>\n<meta name=\"robots\" content=\"index, follow, max-snippet:-1, max-image-preview:large, max-video-preview:-1\" \/>\n<link rel=\"canonical\" href=\"https:\/\/gegokids.ee\/en\/blogi\/\" \/>\n<meta property=\"og:locale\" content=\"en_US\" \/>\n<meta property=\"og:type\" content=\"article\" \/>\n<meta property=\"og:title\" content=\"Blogi | Gegokids\" \/>\n<meta property=\"og:description\" content=\"Hambaharjad alates s\u00fcnnist kuni 3+. Milline hari sobib minu lapsele? Continue reading \ud83e\udde9 Motoorika arendamine beebieast iseseisva lapseni. Kuidas toetada\" \/>\n<meta property=\"og:url\" content=\"https:\/\/gegokids.ee\/en\/blogi\/\" \/>\n<meta property=\"og:site_name\" content=\"Gegokids\" \/>\n<meta property=\"article:publisher\" content=\"https:\/\/www.facebook.com\/GegoKids\" \/>\n<meta property=\"article:modified_time\" content=\"2026-01-05T13:21:21+00:00\" \/>\n<meta property=\"og:image\" content=\"https:\/\/gegokids.ee\/wp-content\/uploads\/2022\/08\/0S8A3330-768x512.jpg\" \/>\n<meta name=\"twitter:card\" content=\"summary_large_image\" \/>\n<script type=\"application\/ld+json\" class=\"yoast-schema-graph\">{\"@context\":\"https:\/\/schema.org\",\"@graph\":[{\"@type\":\"WebPage\",\"@id\":\"https:\/\/gegokids.ee\/blogi\/\",\"url\":\"https:\/\/gegokids.ee\/blogi\/\",\"name\":\"Blogi | Gegokids\",\"isPartOf\":{\"@id\":\"https:\/\/gegokids.ee\/#website\"},\"primaryImageOfPage\":{\"@id\":\"https:\/\/gegokids.ee\/blogi\/#primaryimage\"},\"image\":{\"@id\":\"https:\/\/gegokids.ee\/blogi\/#primaryimage\"},\"thumbnailUrl\":\"https:\/\/gegokids.ee\/wp-content\/uploads\/2022\/08\/0S8A3330-768x512.jpg\",\"datePublished\":\"2023-06-15T12:33:23+00:00\",\"dateModified\":\"2026-01-05T13:21:21+00:00\",\"breadcrumb\":{\"@id\":\"https:\/\/gegokids.ee\/blogi\/#breadcrumb\"},\"inLanguage\":\"en-US\",\"potentialAction\":[{\"@type\":\"ReadAction\",\"target\":[\"https:\/\/gegokids.ee\/blogi\/\"]}]},{\"@type\":\"ImageObject\",\"inLanguage\":\"en-US\",\"@id\":\"https:\/\/gegokids.ee\/blogi\/#primaryimage\",\"url\":\"https:\/\/gegokids.ee\/wp-content\/uploads\/2022\/08\/0S8A3330-768x512.jpg\",\"contentUrl\":\"https:\/\/gegokids.ee\/wp-content\/uploads\/2022\/08\/0S8A3330-768x512.jpg\"},{\"@type\":\"BreadcrumbList\",\"@id\":\"https:\/\/gegokids.ee\/blogi\/#breadcrumb\",\"itemListElement\":[{\"@type\":\"ListItem\",\"position\":1,\"name\":\"Home\",\"item\":\"https:\/\/gegokids.ee\/en\/\"},{\"@type\":\"ListItem\",\"position\":2,\"name\":\"Blogi\"}]},{\"@type\":\"WebSite\",\"@id\":\"https:\/\/gegokids.ee\/#website\",\"url\":\"https:\/\/gegokids.ee\/\",\"name\":\"Gegokids\",\"description\":\"Kvaliteetsed ja turvalised laste m\u00e4nguasjad.\",\"publisher\":{\"@id\":\"https:\/\/gegokids.ee\/#organization\"},\"potentialAction\":[{\"@type\":\"SearchAction\",\"target\":{\"@type\":\"EntryPoint\",\"urlTemplate\":\"https:\/\/gegokids.ee\/?s={search_term_string}\"},\"query-input\":{\"@type\":\"PropertyValueSpecification\",\"valueRequired\":true,\"valueName\":\"search_term_string\"}}],\"inLanguage\":\"en-US\"},{\"@type\":\"Organization\",\"@id\":\"https:\/\/gegokids.ee\/#organization\",\"name\":\"Gegokids\",\"url\":\"https:\/\/gegokids.ee\/\",\"logo\":{\"@type\":\"ImageObject\",\"inLanguage\":\"en-US\",\"@id\":\"https:\/\/gegokids.ee\/#\/schema\/logo\/image\/\",\"url\":\"https:\/\/gegokids.ee\/wp-content\/uploads\/2022\/06\/logo2.png\",\"contentUrl\":\"https:\/\/gegokids.ee\/wp-content\/uploads\/2022\/06\/logo2.png\",\"width\":358,\"height\":104,\"caption\":\"Gegokids\"},\"image\":{\"@id\":\"https:\/\/gegokids.ee\/#\/schema\/logo\/image\/\"},\"sameAs\":[\"https:\/\/www.facebook.com\/GegoKids\",\"https:\/\/www.instagram.com\/gegokids.ee\/\"]}]}<\/script>\n<!-- \/ Yoast SEO plugin. -->","yoast_head_json":{"title":"Blogi | Gegokids","robots":{"index":"index","follow":"follow","max-snippet":"max-snippet:-1","max-image-preview":"max-image-preview:large","max-video-preview":"max-video-preview:-1"},"canonical":"https:\/\/gegokids.ee\/en\/blogi\/","og_locale":"en_US","og_type":"article","og_title":"Blogi | Gegokids","og_description":"Hambaharjad alates s\u00fcnnist kuni 3+. Milline hari sobib minu lapsele? Continue reading \ud83e\udde9 Motoorika arendamine beebieast iseseisva lapseni. Kuidas toetada","og_url":"https:\/\/gegokids.ee\/en\/blogi\/","og_site_name":"Gegokids","article_publisher":"https:\/\/www.facebook.com\/GegoKids","article_modified_time":"2026-01-05T13:21:21+00:00","og_image":[{"url":"https:\/\/gegokids.ee\/wp-content\/uploads\/2022\/08\/0S8A3330-768x512.jpg","type":"","width":"","height":""}],"twitter_card":"summary_large_image","schema":{"@context":"https:\/\/schema.org","@graph":[{"@type":"WebPage","@id":"https:\/\/gegokids.ee\/blogi\/","url":"https:\/\/gegokids.ee\/blogi\/","name":"Blogi | Gegokids","isPartOf":{"@id":"https:\/\/gegokids.ee\/#website"},"primaryImageOfPage":{"@id":"https:\/\/gegokids.ee\/blogi\/#primaryimage"},"image":{"@id":"https:\/\/gegokids.ee\/blogi\/#primaryimage"},"thumbnailUrl":"https:\/\/gegokids.ee\/wp-content\/uploads\/2022\/08\/0S8A3330-768x512.jpg","datePublished":"2023-06-15T12:33:23+00:00","dateModified":"2026-01-05T13:21:21+00:00","breadcrumb":{"@id":"https:\/\/gegokids.ee\/blogi\/#breadcrumb"},"inLanguage":"en-US","potentialAction":[{"@type":"ReadAction","target":["https:\/\/gegokids.ee\/blogi\/"]}]},{"@type":"ImageObject","inLanguage":"en-US","@id":"https:\/\/gegokids.ee\/blogi\/#primaryimage","url":"https:\/\/gegokids.ee\/wp-content\/uploads\/2022\/08\/0S8A3330-768x512.jpg","contentUrl":"https:\/\/gegokids.ee\/wp-content\/uploads\/2022\/08\/0S8A3330-768x512.jpg"},{"@type":"BreadcrumbList","@id":"https:\/\/gegokids.ee\/blogi\/#breadcrumb","itemListElement":[{"@type":"ListItem","position":1,"name":"Home","item":"https:\/\/gegokids.ee\/en\/"},{"@type":"ListItem","position":2,"name":"Blogi"}]},{"@type":"WebSite","@id":"https:\/\/gegokids.ee\/#website","url":"https:\/\/gegokids.ee\/","name":"Gegokids","description":"Kvaliteetsed ja turvalised laste m\u00e4nguasjad.","publisher":{"@id":"https:\/\/gegokids.ee\/#organization"},"potentialAction":[{"@type":"SearchAction","target":{"@type":"EntryPoint","urlTemplate":"https:\/\/gegokids.ee\/?s={search_term_string}"},"query-input":{"@type":"PropertyValueSpecification","valueRequired":true,"valueName":"search_term_string"}}],"inLanguage":"en-US"},{"@type":"Organization","@id":"https:\/\/gegokids.ee\/#organization","name":"Gegokids","url":"https:\/\/gegokids.ee\/","logo":{"@type":"ImageObject","inLanguage":"en-US","@id":"https:\/\/gegokids.ee\/#\/schema\/logo\/image\/","url":"https:\/\/gegokids.ee\/wp-content\/uploads\/2022\/06\/logo2.png","contentUrl":"https:\/\/gegokids.ee\/wp-content\/uploads\/2022\/06\/logo2.png","width":358,"height":104,"caption":"Gegokids"},"image":{"@id":"https:\/\/gegokids.ee\/#\/schema\/logo\/image\/"},"sameAs":["https:\/\/www.facebook.com\/GegoKids","https:\/\/www.instagram.com\/gegokids.ee\/"]}]}},"_links":{"self":[{"href":"https:\/\/gegokids.ee\/en\/wp-json\/wp\/v2\/pages\/16","targetHints":{"allow":["GET"]}}],"collection":[{"href":"https:\/\/gegokids.ee\/en\/wp-json\/wp\/v2\/pages"}],"about":[{"href":"https:\/\/gegokids.ee\/en\/wp-json\/wp\/v2\/types\/page"}],"author":[{"embeddable":true,"href":"https:\/\/gegokids.ee\/en\/wp-json\/wp\/v2\/users\/5"}],"replies":[{"embeddable":true,"href":"https:\/\/gegokids.ee\/en\/wp-json\/wp\/v2\/comments?post=16"}],"version-history":[{"count":4,"href":"https:\/\/gegokids.ee\/en\/wp-json\/wp\/v2\/pages\/16\/revisions"}],"predecessor-version":[{"id":28561,"href":"https:\/\/gegokids.ee\/en\/wp-json\/wp\/v2\/pages\/16\/revisions\/28561"}],"wp:attachment":[{"href":"https:\/\/gegokids.ee\/en\/wp-json\/wp\/v2\/media?parent=16"}],"curies":[{"name":"wp","href":"https:\/\/api.w.org\/{rel}","templated":true}]}}